{"id":1621,"date":"2024-07-03T12:34:36","date_gmt":"2024-07-03T10:34:36","guid":{"rendered":"https:\/\/wp.pinturasrocor.com\/?post_type=product&#038;p=1621"},"modified":"2024-07-03T12:40:42","modified_gmt":"2024-07-03T10:40:42","slug":"sombreado-de-invernaderos","status":"publish","type":"product","link":"https:\/\/pinturasrocor.com\/fr\/produit\/serre-ombrelle\/","title":{"rendered":"Ombrage des serres"},"content":{"rendered":"<p>L'ombrage des serres r\u00e9duit le rayonnement et les temp\u00e9ratures internes, ce qui est particuli\u00e8rement efficace lorsque la ventilation est limit\u00e9e. La m\u00e9thode statique, comme le blanchiment au Blanco de Espa\u00f1a, r\u00e9gule l'ombrage en fonction de la densit\u00e9 appliqu\u00e9e. Elle n\u00e9cessite des retouches apr\u00e8s les pluies et s'enl\u00e8ve avec une solution d'eau de Javel et d'eau. Les avantages comprennent des temp\u00e9ratures plus fra\u00eeches et la pr\u00e9vention des maladies chez les tomates, mais peuvent affecter les rendements initiaux des cultures sensibles telles que les tomates. Id\u00e9al pour la laitue d'\u00e9t\u00e9, dont il augmente le rendement et la qualit\u00e9.<\/p>\n<p>&nbsp;<\/p>\n<p><a class=\"btn-download\" href=\"https:\/\/pinturasrocor.com\/wp-content\/uploads\/FTSOMBREAD.pdf\" target=\"_blank\" rel=\"noopener nofollow\">T\u00e9l\u00e9charger la fiche technique<\/a><\/p>","protected":false},"excerpt":{"rendered":"<p>El sombreado de invernaderos reduce la radiaci\u00f3n y las temperaturas internas, especialmente efectivo con ventilaci\u00f3n limitada. El m\u00e9todo est\u00e1tico, como el encalado con Blanco de Espa\u00f1a, regula el sombreado seg\u00fan la densidad aplicada. Requiere retoques tras lluvias y se elimina con soluci\u00f3n de agua y lavandina. Beneficios incluyen temperaturas m\u00e1s frescas y prevenci\u00f3n de enfermedades [&hellip;]<\/p>","protected":false},"featured_media":1623,"template":"","meta":[],"product_brand":[],"product_cat":[50],"product_tag":[],"class_list":{"0":"post-1621","1":"product","2":"type-product","3":"status-publish","4":"has-post-thumbnail","6":"product_cat-sombreado-de-invernaderos","8":"first","9":"instock","10":"virtual","11":"product-type-simple"},"yoast_head":"<!-- This site is optimized with the Yoast SEO plugin v27.3 - https:\/\/yoast.com\/product\/yoast-seo-wordpress\/ -->\n<title>Sombreado de Invernaderos - Pinturas Rocor<\/title>\n<meta name=\"description\" content=\"Los colorantes universales del Sistema Tintom\u00e9trico Decoraci\u00f3n son libres de VOC y APE, sin formaldeh\u00eddo ni sus donantes. Incorporan la tecnolog\u00eda SmartTint \u2122 para dispensaci\u00f3n precisa y sin obstrucciones.\" \/>\n<meta name=\"robots\" content=\"index, follow, max-snippet:-1, max-image-preview:large, max-video-preview:-1\" \/>\n<link rel=\"canonical\" href=\"https:\/\/pinturasrocor.com\/fr\/produit\/serre-ombrelle\/\" \/>\n<meta property=\"og:locale\" content=\"fr_FR\" \/>\n<meta property=\"og:type\" content=\"article\" \/>\n<meta property=\"og:title\" content=\"Sombreado de Invernaderos - Pinturas Rocor\" \/>\n<meta property=\"og:description\" content=\"Los colorantes universales del Sistema Tintom\u00e9trico Decoraci\u00f3n son libres de VOC y APE, sin formaldeh\u00eddo ni sus donantes. Incorporan la tecnolog\u00eda SmartTint \u2122 para dispensaci\u00f3n precisa y sin obstrucciones.\" \/>\n<meta property=\"og:url\" content=\"https:\/\/pinturasrocor.com\/fr\/produit\/serre-ombrelle\/\" \/>\n<meta property=\"og:site_name\" content=\"Pinturas Rocor\" \/>\n<meta property=\"article:modified_time\" content=\"2024-07-03T10:40:42+00:00\" \/>\n<meta property=\"og:image\" content=\"https:\/\/pinturasrocor.com\/wp-content\/uploads\/sombreado_invernaderos.png\" \/>\n\t<meta property=\"og:image:width\" content=\"800\" \/>\n\t<meta property=\"og:image:height\" content=\"800\" \/>\n\t<meta property=\"og:image:type\" content=\"image\/png\" \/>\n<meta name=\"twitter:card\" content=\"summary_large_image\" \/>\n<meta name=\"twitter:label1\" content=\"Dur\u00e9e de lecture estim\u00e9e\" \/>\n\t<meta name=\"twitter:data1\" content=\"1 minute\" \/>\n<script type=\"application\/ld+json\" class=\"yoast-schema-graph\">{\"@context\":\"https:\\\/\\\/schema.org\",\"@graph\":[{\"@type\":\"WebPage\",\"@id\":\"https:\\\/\\\/pinturasrocor.com\\\/producto\\\/sombreado-de-invernaderos\\\/\",\"url\":\"https:\\\/\\\/pinturasrocor.com\\\/producto\\\/sombreado-de-invernaderos\\\/\",\"name\":\"Sombreado de Invernaderos - Pinturas Rocor\",\"isPartOf\":{\"@id\":\"https:\\\/\\\/pinturasrocor.com\\\/#website\"},\"primaryImageOfPage\":{\"@id\":\"https:\\\/\\\/pinturasrocor.com\\\/producto\\\/sombreado-de-invernaderos\\\/#primaryimage\"},\"image\":{\"@id\":\"https:\\\/\\\/pinturasrocor.com\\\/producto\\\/sombreado-de-invernaderos\\\/#primaryimage\"},\"thumbnailUrl\":\"https:\\\/\\\/pinturasrocor.com\\\/wp-content\\\/uploads\\\/sombreado_invernaderos.png\",\"datePublished\":\"2024-07-03T10:34:36+00:00\",\"dateModified\":\"2024-07-03T10:40:42+00:00\",\"description\":\"Los colorantes universales del Sistema Tintom\u00e9trico Decoraci\u00f3n son libres de VOC y APE, sin formaldeh\u00eddo ni sus donantes. Incorporan la tecnolog\u00eda SmartTint \u2122 para dispensaci\u00f3n precisa y sin obstrucciones.\",\"breadcrumb\":{\"@id\":\"https:\\\/\\\/pinturasrocor.com\\\/producto\\\/sombreado-de-invernaderos\\\/#breadcrumb\"},\"inLanguage\":\"fr-FR\",\"potentialAction\":[{\"@type\":\"ReadAction\",\"target\":[\"https:\\\/\\\/pinturasrocor.com\\\/producto\\\/sombreado-de-invernaderos\\\/\"]}]},{\"@type\":\"ImageObject\",\"inLanguage\":\"fr-FR\",\"@id\":\"https:\\\/\\\/pinturasrocor.com\\\/producto\\\/sombreado-de-invernaderos\\\/#primaryimage\",\"url\":\"https:\\\/\\\/pinturasrocor.com\\\/wp-content\\\/uploads\\\/sombreado_invernaderos.png\",\"contentUrl\":\"https:\\\/\\\/pinturasrocor.com\\\/wp-content\\\/uploads\\\/sombreado_invernaderos.png\",\"width\":800,\"height\":800,\"caption\":\"sombreado invernaderos\"},{\"@type\":\"BreadcrumbList\",\"@id\":\"https:\\\/\\\/pinturasrocor.com\\\/producto\\\/sombreado-de-invernaderos\\\/#breadcrumb\",\"itemListElement\":[{\"@type\":\"ListItem\",\"position\":1,\"name\":\"Portada\",\"item\":\"https:\\\/\\\/pinturasrocor.com\\\/\"},{\"@type\":\"ListItem\",\"position\":2,\"name\":\"Tienda\",\"item\":\"https:\\\/\\\/pinturasrocor.com\\\/tienda\\\/\"},{\"@type\":\"ListItem\",\"position\":3,\"name\":\"Sombreado de Invernaderos\"}]},{\"@type\":\"WebSite\",\"@id\":\"https:\\\/\\\/pinturasrocor.com\\\/#website\",\"url\":\"https:\\\/\\\/pinturasrocor.com\\\/\",\"name\":\"Pinturas Rocor\",\"description\":\"Fabricaci\u00f3n de Pinturas, productos para pintores y mucho m\u00e1s\",\"potentialAction\":[{\"@type\":\"SearchAction\",\"target\":{\"@type\":\"EntryPoint\",\"urlTemplate\":\"https:\\\/\\\/pinturasrocor.com\\\/?s={search_term_string}\"},\"query-input\":{\"@type\":\"PropertyValueSpecification\",\"valueRequired\":true,\"valueName\":\"search_term_string\"}}],\"inLanguage\":\"fr-FR\"}]}<\/script>\n<!-- \/ Yoast SEO plugin. -->","yoast_head_json":{"title":"Sombreado de Invernaderos - Pinturas Rocor","description":"Los colorantes universales del Sistema Tintom\u00e9trico Decoraci\u00f3n son libres de VOC y APE, sin formaldeh\u00eddo ni sus donantes. Incorporan la tecnolog\u00eda SmartTint \u2122 para dispensaci\u00f3n precisa y sin obstrucciones.","robots":{"index":"index","follow":"follow","max-snippet":"max-snippet:-1","max-image-preview":"max-image-preview:large","max-video-preview":"max-video-preview:-1"},"canonical":"https:\/\/pinturasrocor.com\/fr\/produit\/serre-ombrelle\/","og_locale":"fr_FR","og_type":"article","og_title":"Sombreado de Invernaderos - Pinturas Rocor","og_description":"Los colorantes universales del Sistema Tintom\u00e9trico Decoraci\u00f3n son libres de VOC y APE, sin formaldeh\u00eddo ni sus donantes. Incorporan la tecnolog\u00eda SmartTint \u2122 para dispensaci\u00f3n precisa y sin obstrucciones.","og_url":"https:\/\/pinturasrocor.com\/fr\/produit\/serre-ombrelle\/","og_site_name":"Pinturas Rocor","article_modified_time":"2024-07-03T10:40:42+00:00","og_image":[{"width":800,"height":800,"url":"https:\/\/pinturasrocor.com\/wp-content\/uploads\/sombreado_invernaderos.png","type":"image\/png"}],"twitter_card":"summary_large_image","twitter_misc":{"Dur\u00e9e de lecture estim\u00e9e":"1 minute"},"schema":{"@context":"https:\/\/schema.org","@graph":[{"@type":"WebPage","@id":"https:\/\/pinturasrocor.com\/producto\/sombreado-de-invernaderos\/","url":"https:\/\/pinturasrocor.com\/producto\/sombreado-de-invernaderos\/","name":"Sombreado de Invernaderos - Pinturas Rocor","isPartOf":{"@id":"https:\/\/pinturasrocor.com\/#website"},"primaryImageOfPage":{"@id":"https:\/\/pinturasrocor.com\/producto\/sombreado-de-invernaderos\/#primaryimage"},"image":{"@id":"https:\/\/pinturasrocor.com\/producto\/sombreado-de-invernaderos\/#primaryimage"},"thumbnailUrl":"https:\/\/pinturasrocor.com\/wp-content\/uploads\/sombreado_invernaderos.png","datePublished":"2024-07-03T10:34:36+00:00","dateModified":"2024-07-03T10:40:42+00:00","description":"Los colorantes universales del Sistema Tintom\u00e9trico Decoraci\u00f3n son libres de VOC y APE, sin formaldeh\u00eddo ni sus donantes. Incorporan la tecnolog\u00eda SmartTint \u2122 para dispensaci\u00f3n precisa y sin obstrucciones.","breadcrumb":{"@id":"https:\/\/pinturasrocor.com\/producto\/sombreado-de-invernaderos\/#breadcrumb"},"inLanguage":"fr-FR","potentialAction":[{"@type":"ReadAction","target":["https:\/\/pinturasrocor.com\/producto\/sombreado-de-invernaderos\/"]}]},{"@type":"ImageObject","inLanguage":"fr-FR","@id":"https:\/\/pinturasrocor.com\/producto\/sombreado-de-invernaderos\/#primaryimage","url":"https:\/\/pinturasrocor.com\/wp-content\/uploads\/sombreado_invernaderos.png","contentUrl":"https:\/\/pinturasrocor.com\/wp-content\/uploads\/sombreado_invernaderos.png","width":800,"height":800,"caption":"sombreado invernaderos"},{"@type":"BreadcrumbList","@id":"https:\/\/pinturasrocor.com\/producto\/sombreado-de-invernaderos\/#breadcrumb","itemListElement":[{"@type":"ListItem","position":1,"name":"Portada","item":"https:\/\/pinturasrocor.com\/"},{"@type":"ListItem","position":2,"name":"Tienda","item":"https:\/\/pinturasrocor.com\/tienda\/"},{"@type":"ListItem","position":3,"name":"Sombreado de Invernaderos"}]},{"@type":"WebSite","@id":"https:\/\/pinturasrocor.com\/#website","url":"https:\/\/pinturasrocor.com\/","name":"Pinturas Rocor","description":"Fabricaci\u00f3n de Pinturas, productos para pintores y mucho m\u00e1s","potentialAction":[{"@type":"SearchAction","target":{"@type":"EntryPoint","urlTemplate":"https:\/\/pinturasrocor.com\/?s={search_term_string}"},"query-input":{"@type":"PropertyValueSpecification","valueRequired":true,"valueName":"search_term_string"}}],"inLanguage":"fr-FR"}]}},"_links":{"self":[{"href":"https:\/\/pinturasrocor.com\/fr\/wp-json\/wp\/v2\/product\/1621","targetHints":{"allow":["GET"]}}],"collection":[{"href":"https:\/\/pinturasrocor.com\/fr\/wp-json\/wp\/v2\/product"}],"about":[{"href":"https:\/\/pinturasrocor.com\/fr\/wp-json\/wp\/v2\/types\/product"}],"wp:featuredmedia":[{"embeddable":true,"href":"https:\/\/pinturasrocor.com\/fr\/wp-json\/wp\/v2\/media\/1623"}],"wp:attachment":[{"href":"https:\/\/pinturasrocor.com\/fr\/wp-json\/wp\/v2\/media?parent=1621"}],"wp:term":[{"taxonomy":"product_brand","embeddable":true,"href":"https:\/\/pinturasrocor.com\/fr\/wp-json\/wp\/v2\/product_brand?post=1621"},{"taxonomy":"product_cat","embeddable":true,"href":"https:\/\/pinturasrocor.com\/fr\/wp-json\/wp\/v2\/product_cat?post=1621"},{"taxonomy":"product_tag","embeddable":true,"href":"https:\/\/pinturasrocor.com\/fr\/wp-json\/wp\/v2\/product_tag?post=1621"}],"curies":[{"name":"wp","href":"https:\/\/api.w.org\/{rel}","templated":true}]}}