{"id":1619,"date":"2024-07-03T12:28:38","date_gmt":"2024-07-03T10:28:38","guid":{"rendered":"https:\/\/wp.pinturasrocor.com\/?post_type=product&#038;p=1619"},"modified":"2024-07-03T12:33:38","modified_gmt":"2024-07-03T10:33:38","slug":"tintes-sistema-tintometrico-universales","status":"publish","type":"product","link":"https:\/\/pinturasrocor.com\/fr\/produit\/tintes-sistema-tintometrico-universales\/","title":{"rendered":"Syst\u00e8me de teinture universel Teintures universelles"},"content":{"rendered":"<p>Les colorants Universal Tintometric Decorating System sont des colorants sans COV et sans \u00e9thoxylate d'alkylph\u00e9nol (APE) destin\u00e9s aux distributeurs volum\u00e9triques de couleurs dans les points de vente (POS) ainsi qu'\u00e0 la mise en \u0153uvre de teintures volum\u00e9triques. Associ\u00e9s \u00e0 la technologie SmartTint\u2122, ils constituent la derni\u00e8re innovation en mati\u00e8re de chimie des colorants.<\/p>\n<h2>Caract\u00e9ristiques<\/h2>\n<ul>\n<li>Faible odeur et absence de compos\u00e9s organiques volatils (COV)<\/li>\n<li>\u00c9thoxylate d'alkylph\u00e9nol (APE) sans<\/li>\n<li>Formald\u00e9hyde et formald\u00e9hyde donneur libre<\/li>\n<li>La technologie SmartTint\u2122 \u00e9limine le colmatage et l'\u00e9gouttement au niveau de la buse du distributeur.<\/li>\n<li>Rh\u00e9ologie exceptionnelle et incorporation facile dans les bases colorantes<\/li>\n<li>Excellente compatibilit\u00e9 avec l'eau et les solvants pour les peintures architecturales<\/li>\n<li>Id\u00e9al pour obtenir des formulations de rev\u00eatements sans COV ou \u00e0 faible COV<\/li>\n<li>Reproduction de la palette compl\u00e8te des couleurs<\/li>\n<\/ul>\n<p>&nbsp;<\/p>\n<p>&nbsp;<\/p>\n<p><a class=\"btn-download\" href=\"https:\/\/pinturasrocor.com\/wp-content\/uploads\/FICHA_TECNICA_COLORANTE_TINTOMETRICO.pdf\" target=\"_blank\" rel=\"noopener nofollow\">T\u00e9l\u00e9charger la fiche technique<\/a> <a class=\"btn-download\" href=\"https:\/\/pinturasrocor.com\/wp-content\/uploads\/FICHA_SEG._TINTES_UNIVERSALES-1.pdf\" target=\"_blank\" rel=\"noopener nofollow\">T\u00e9l\u00e9charger la fiche de donn\u00e9es de s\u00e9curit\u00e9<\/a><\/p>","protected":false},"excerpt":{"rendered":"<p>Colorantes universales Sistema Tintom\u00e9trico Decoraci\u00f3n, son cero VOC, alquilfenol etoxilado (APE) libre de colorantes destinado en la tienda punto de venta (POS) color volum\u00e9trico dispensaci\u00f3n unidades as\u00ed como implantaci\u00f3n volum\u00e9trica de te\u00f1ido. Junto con la tecnolog\u00eda SmartTint \u2122, es la \u00faltima innovaci\u00f3n en qu\u00edmica del colorante. Caracter\u00edsticas Bajo olor y compuestos org\u00e1nicos vol\u00e1tiles (COV) libres [&hellip;]<\/p>","protected":false},"featured_media":1614,"template":"","meta":[],"product_brand":[],"product_cat":[49],"product_tag":[],"class_list":{"0":"post-1619","1":"product","2":"type-product","3":"status-publish","4":"has-post-thumbnail","6":"product_cat-tintes","8":"first","9":"instock","10":"virtual","11":"product-type-simple"},"yoast_head":"<!-- This site is optimized with the Yoast SEO plugin v27.3 - https:\/\/yoast.com\/product\/yoast-seo-wordpress\/ -->\n<title>Tintes Sistema Tintom\u00e9trico Universales - Pinturas Rocor<\/title>\n<meta name=\"description\" content=\"Los colorantes universales del Sistema Tintom\u00e9trico Decoraci\u00f3n son libres de VOC y APE, sin formaldeh\u00eddo ni sus donantes. Incorporan la tecnolog\u00eda SmartTint \u2122 para dispensaci\u00f3n precisa y sin obstrucciones.\" \/>\n<meta name=\"robots\" content=\"index, follow, max-snippet:-1, max-image-preview:large, max-video-preview:-1\" \/>\n<link rel=\"canonical\" href=\"https:\/\/pinturasrocor.com\/fr\/produit\/tintes-sistema-tintometrico-universales\/\" \/>\n<meta property=\"og:locale\" content=\"fr_FR\" \/>\n<meta property=\"og:type\" content=\"article\" \/>\n<meta property=\"og:title\" content=\"Tintes Sistema Tintom\u00e9trico Universales - Pinturas Rocor\" \/>\n<meta property=\"og:description\" content=\"Los colorantes universales del Sistema Tintom\u00e9trico Decoraci\u00f3n son libres de VOC y APE, sin formaldeh\u00eddo ni sus donantes. Incorporan la tecnolog\u00eda SmartTint \u2122 para dispensaci\u00f3n precisa y sin obstrucciones.\" \/>\n<meta property=\"og:url\" content=\"https:\/\/pinturasrocor.com\/fr\/produit\/tintes-sistema-tintometrico-universales\/\" \/>\n<meta property=\"og:site_name\" content=\"Pinturas Rocor\" \/>\n<meta property=\"article:modified_time\" content=\"2024-07-03T10:33:38+00:00\" \/>\n<meta property=\"og:image\" content=\"https:\/\/pinturasrocor.com\/wp-content\/uploads\/tintess.png\" \/>\n\t<meta property=\"og:image:width\" content=\"800\" \/>\n\t<meta property=\"og:image:height\" content=\"800\" \/>\n\t<meta property=\"og:image:type\" content=\"image\/png\" \/>\n<meta name=\"twitter:card\" content=\"summary_large_image\" \/>\n<meta name=\"twitter:label1\" content=\"Dur\u00e9e de lecture estim\u00e9e\" \/>\n\t<meta name=\"twitter:data1\" content=\"1 minute\" \/>\n<script type=\"application\/ld+json\" class=\"yoast-schema-graph\">{\"@context\":\"https:\\\/\\\/schema.org\",\"@graph\":[{\"@type\":\"WebPage\",\"@id\":\"https:\\\/\\\/pinturasrocor.com\\\/producto\\\/tintes-sistema-tintometrico-universales\\\/\",\"url\":\"https:\\\/\\\/pinturasrocor.com\\\/producto\\\/tintes-sistema-tintometrico-universales\\\/\",\"name\":\"Tintes Sistema Tintom\u00e9trico Universales - Pinturas Rocor\",\"isPartOf\":{\"@id\":\"https:\\\/\\\/pinturasrocor.com\\\/#website\"},\"primaryImageOfPage\":{\"@id\":\"https:\\\/\\\/pinturasrocor.com\\\/producto\\\/tintes-sistema-tintometrico-universales\\\/#primaryimage\"},\"image\":{\"@id\":\"https:\\\/\\\/pinturasrocor.com\\\/producto\\\/tintes-sistema-tintometrico-universales\\\/#primaryimage\"},\"thumbnailUrl\":\"https:\\\/\\\/pinturasrocor.com\\\/wp-content\\\/uploads\\\/tintess.png\",\"datePublished\":\"2024-07-03T10:28:38+00:00\",\"dateModified\":\"2024-07-03T10:33:38+00:00\",\"description\":\"Los colorantes universales del Sistema Tintom\u00e9trico Decoraci\u00f3n son libres de VOC y APE, sin formaldeh\u00eddo ni sus donantes. Incorporan la tecnolog\u00eda SmartTint \u2122 para dispensaci\u00f3n precisa y sin obstrucciones.\",\"breadcrumb\":{\"@id\":\"https:\\\/\\\/pinturasrocor.com\\\/producto\\\/tintes-sistema-tintometrico-universales\\\/#breadcrumb\"},\"inLanguage\":\"fr-FR\",\"potentialAction\":[{\"@type\":\"ReadAction\",\"target\":[\"https:\\\/\\\/pinturasrocor.com\\\/producto\\\/tintes-sistema-tintometrico-universales\\\/\"]}]},{\"@type\":\"ImageObject\",\"inLanguage\":\"fr-FR\",\"@id\":\"https:\\\/\\\/pinturasrocor.com\\\/producto\\\/tintes-sistema-tintometrico-universales\\\/#primaryimage\",\"url\":\"https:\\\/\\\/pinturasrocor.com\\\/wp-content\\\/uploads\\\/tintess.png\",\"contentUrl\":\"https:\\\/\\\/pinturasrocor.com\\\/wp-content\\\/uploads\\\/tintess.png\",\"width\":800,\"height\":800,\"caption\":\"tintes\"},{\"@type\":\"BreadcrumbList\",\"@id\":\"https:\\\/\\\/pinturasrocor.com\\\/producto\\\/tintes-sistema-tintometrico-universales\\\/#breadcrumb\",\"itemListElement\":[{\"@type\":\"ListItem\",\"position\":1,\"name\":\"Portada\",\"item\":\"https:\\\/\\\/pinturasrocor.com\\\/\"},{\"@type\":\"ListItem\",\"position\":2,\"name\":\"Tienda\",\"item\":\"https:\\\/\\\/pinturasrocor.com\\\/tienda\\\/\"},{\"@type\":\"ListItem\",\"position\":3,\"name\":\"Tintes Sistema Tintom\u00e9trico Universales\"}]},{\"@type\":\"WebSite\",\"@id\":\"https:\\\/\\\/pinturasrocor.com\\\/#website\",\"url\":\"https:\\\/\\\/pinturasrocor.com\\\/\",\"name\":\"Pinturas Rocor\",\"description\":\"Fabricaci\u00f3n de Pinturas, productos para pintores y mucho m\u00e1s\",\"potentialAction\":[{\"@type\":\"SearchAction\",\"target\":{\"@type\":\"EntryPoint\",\"urlTemplate\":\"https:\\\/\\\/pinturasrocor.com\\\/?s={search_term_string}\"},\"query-input\":{\"@type\":\"PropertyValueSpecification\",\"valueRequired\":true,\"valueName\":\"search_term_string\"}}],\"inLanguage\":\"fr-FR\"}]}<\/script>\n<!-- \/ Yoast SEO plugin. -->","yoast_head_json":{"title":"Tintes Sistema Tintom\u00e9trico Universales - Pinturas Rocor","description":"Los colorantes universales del Sistema Tintom\u00e9trico Decoraci\u00f3n son libres de VOC y APE, sin formaldeh\u00eddo ni sus donantes. Incorporan la tecnolog\u00eda SmartTint \u2122 para dispensaci\u00f3n precisa y sin obstrucciones.","robots":{"index":"index","follow":"follow","max-snippet":"max-snippet:-1","max-image-preview":"max-image-preview:large","max-video-preview":"max-video-preview:-1"},"canonical":"https:\/\/pinturasrocor.com\/fr\/produit\/tintes-sistema-tintometrico-universales\/","og_locale":"fr_FR","og_type":"article","og_title":"Tintes Sistema Tintom\u00e9trico Universales - Pinturas Rocor","og_description":"Los colorantes universales del Sistema Tintom\u00e9trico Decoraci\u00f3n son libres de VOC y APE, sin formaldeh\u00eddo ni sus donantes. Incorporan la tecnolog\u00eda SmartTint \u2122 para dispensaci\u00f3n precisa y sin obstrucciones.","og_url":"https:\/\/pinturasrocor.com\/fr\/produit\/tintes-sistema-tintometrico-universales\/","og_site_name":"Pinturas Rocor","article_modified_time":"2024-07-03T10:33:38+00:00","og_image":[{"width":800,"height":800,"url":"https:\/\/pinturasrocor.com\/wp-content\/uploads\/tintess.png","type":"image\/png"}],"twitter_card":"summary_large_image","twitter_misc":{"Dur\u00e9e de lecture estim\u00e9e":"1 minute"},"schema":{"@context":"https:\/\/schema.org","@graph":[{"@type":"WebPage","@id":"https:\/\/pinturasrocor.com\/producto\/tintes-sistema-tintometrico-universales\/","url":"https:\/\/pinturasrocor.com\/producto\/tintes-sistema-tintometrico-universales\/","name":"Tintes Sistema Tintom\u00e9trico Universales - Pinturas Rocor","isPartOf":{"@id":"https:\/\/pinturasrocor.com\/#website"},"primaryImageOfPage":{"@id":"https:\/\/pinturasrocor.com\/producto\/tintes-sistema-tintometrico-universales\/#primaryimage"},"image":{"@id":"https:\/\/pinturasrocor.com\/producto\/tintes-sistema-tintometrico-universales\/#primaryimage"},"thumbnailUrl":"https:\/\/pinturasrocor.com\/wp-content\/uploads\/tintess.png","datePublished":"2024-07-03T10:28:38+00:00","dateModified":"2024-07-03T10:33:38+00:00","description":"Los colorantes universales del Sistema Tintom\u00e9trico Decoraci\u00f3n son libres de VOC y APE, sin formaldeh\u00eddo ni sus donantes. Incorporan la tecnolog\u00eda SmartTint \u2122 para dispensaci\u00f3n precisa y sin obstrucciones.","breadcrumb":{"@id":"https:\/\/pinturasrocor.com\/producto\/tintes-sistema-tintometrico-universales\/#breadcrumb"},"inLanguage":"fr-FR","potentialAction":[{"@type":"ReadAction","target":["https:\/\/pinturasrocor.com\/producto\/tintes-sistema-tintometrico-universales\/"]}]},{"@type":"ImageObject","inLanguage":"fr-FR","@id":"https:\/\/pinturasrocor.com\/producto\/tintes-sistema-tintometrico-universales\/#primaryimage","url":"https:\/\/pinturasrocor.com\/wp-content\/uploads\/tintess.png","contentUrl":"https:\/\/pinturasrocor.com\/wp-content\/uploads\/tintess.png","width":800,"height":800,"caption":"tintes"},{"@type":"BreadcrumbList","@id":"https:\/\/pinturasrocor.com\/producto\/tintes-sistema-tintometrico-universales\/#breadcrumb","itemListElement":[{"@type":"ListItem","position":1,"name":"Portada","item":"https:\/\/pinturasrocor.com\/"},{"@type":"ListItem","position":2,"name":"Tienda","item":"https:\/\/pinturasrocor.com\/tienda\/"},{"@type":"ListItem","position":3,"name":"Tintes Sistema Tintom\u00e9trico Universales"}]},{"@type":"WebSite","@id":"https:\/\/pinturasrocor.com\/#website","url":"https:\/\/pinturasrocor.com\/","name":"Pinturas Rocor","description":"Fabricaci\u00f3n de Pinturas, productos para pintores y mucho m\u00e1s","potentialAction":[{"@type":"SearchAction","target":{"@type":"EntryPoint","urlTemplate":"https:\/\/pinturasrocor.com\/?s={search_term_string}"},"query-input":{"@type":"PropertyValueSpecification","valueRequired":true,"valueName":"search_term_string"}}],"inLanguage":"fr-FR"}]}},"_links":{"self":[{"href":"https:\/\/pinturasrocor.com\/fr\/wp-json\/wp\/v2\/product\/1619","targetHints":{"allow":["GET"]}}],"collection":[{"href":"https:\/\/pinturasrocor.com\/fr\/wp-json\/wp\/v2\/product"}],"about":[{"href":"https:\/\/pinturasrocor.com\/fr\/wp-json\/wp\/v2\/types\/product"}],"wp:featuredmedia":[{"embeddable":true,"href":"https:\/\/pinturasrocor.com\/fr\/wp-json\/wp\/v2\/media\/1614"}],"wp:attachment":[{"href":"https:\/\/pinturasrocor.com\/fr\/wp-json\/wp\/v2\/media?parent=1619"}],"wp:term":[{"taxonomy":"product_brand","embeddable":true,"href":"https:\/\/pinturasrocor.com\/fr\/wp-json\/wp\/v2\/product_brand?post=1619"},{"taxonomy":"product_cat","embeddable":true,"href":"https:\/\/pinturasrocor.com\/fr\/wp-json\/wp\/v2\/product_cat?post=1619"},{"taxonomy":"product_tag","embeddable":true,"href":"https:\/\/pinturasrocor.com\/fr\/wp-json\/wp\/v2\/product_tag?post=1619"}],"curies":[{"name":"wp","href":"https:\/\/api.w.org\/{rel}","templated":true}]}}