{"id":1616,"date":"2024-07-03T12:25:50","date_gmt":"2024-07-03T10:25:50","guid":{"rendered":"https:\/\/wp.pinturasrocor.com\/?post_type=product&#038;p=1616"},"modified":"2024-07-03T12:28:17","modified_gmt":"2024-07-03T10:28:17","slug":"tintes-universales","status":"publish","type":"product","link":"https:\/\/pinturasrocor.com\/fr\/produit\/tintes-universales\/","title":{"rendered":"Colorants universels"},"content":{"rendered":"<p>Colorant de concentration maximale, pour teinter tous types de peintures, telles que les \u00e9maux, les peintures \u00e0 l'eau, les peintures synth\u00e9tiques, les \u00e9poxys \u00e0 l'eau, etc.<\/p>\n<h2>Mode d'emploi<\/h2>\n<ul>\n<li>Ajouter lentement \u00e0 la peinture non dilu\u00e9e le concentr\u00e9 dans un rapport ne d\u00e9passant pas 5% de colorant par rapport \u00e0 la peinture totale, en remuant \u00e0 l'aide d'une spatule ou m\u00e9caniquement, jusqu'\u00e0 l'obtention de la couleur souhait\u00e9e.<\/li>\n<li>Les peintures blanches ne peuvent \u00eatre color\u00e9es que dans des tons clairs ou pastels.<\/li>\n<li>Des quantit\u00e9s excessives de colorants alt\u00e8rent l'adh\u00e9rence, la r\u00e9sistance \u00e0 l'ext\u00e9rieur, les propri\u00e9t\u00e9s de lavage et de s\u00e9chage des peintures.<\/li>\n<li>Les couleurs ont tendance \u00e0 varier (s'intensifier) selon qu'elles sont observ\u00e9es dans une peinture liquide (fra\u00eeche) ou dans une peinture appliqu\u00e9e (s\u00e8che).<\/li>\n<\/ul>\n<h2>Avantages<\/h2>\n<ul>\n<li>Pouvoir colorant \u00e9lev\u00e9<\/li>\n<li>Facile \u00e0 m\u00e9langer.<\/li>\n<li>Les couleurs peuvent \u00eatre m\u00e9lang\u00e9es entre elles.<\/li>\n<\/ul>\n<p>&nbsp;<\/p>\n<p>&nbsp;<\/p>\n<p><a class=\"btn-download\" href=\"https:\/\/pinturasrocor.com\/wp-content\/uploads\/FICHA_TECNICA_TINTE_UNIVERSAL.pdf\" target=\"_blank\" rel=\"noopener nofollow\">T\u00e9l\u00e9charger la fiche technique<\/a> <a class=\"btn-download\" href=\"https:\/\/pinturasrocor.com\/wp-content\/uploads\/FICHA_SEG._TINTES_UNIVERSALES.pdf\" target=\"_blank\" rel=\"noopener nofollow\">T\u00e9l\u00e9charger la fiche de donn\u00e9es de s\u00e9curit\u00e9<\/a><\/p>","protected":false},"excerpt":{"rendered":"<p>Colorante de m\u00e1xima concentraci\u00f3n, para tintar todo tipo de pinturas, como esmaltes, pinturas al agua, sint\u00e9ticas, epoxis al agua, etc. Modo de Empleo A\u00f1adir lentamente a la pintura sin diluir, el concentrado en una proporci\u00f3n no mayor del 5% de tinte sobre el total de la pintura, agitando con esp\u00e1tula o mec\u00e1nicamente, hasta lograr el [&hellip;]<\/p>","protected":false},"featured_media":1614,"template":"","meta":[],"product_brand":[],"product_cat":[49],"product_tag":[],"class_list":{"0":"post-1616","1":"product","2":"type-product","3":"status-publish","4":"has-post-thumbnail","6":"product_cat-tintes","8":"first","9":"instock","10":"virtual","11":"product-type-simple"},"yoast_head":"<!-- This site is optimized with the Yoast SEO plugin v27.3 - https:\/\/yoast.com\/product\/yoast-seo-wordpress\/ -->\n<title>Tintes Universales - Pinturas Rocor<\/title>\n<meta name=\"description\" content=\"Colorante concentrado para pinturas. A\u00f1\u00e1delo lentamente para intensificar tonos en esmaltes, pinturas al agua, sint\u00e9ticas y epoxis al agua.\" \/>\n<meta name=\"robots\" content=\"index, follow, max-snippet:-1, max-image-preview:large, max-video-preview:-1\" \/>\n<link rel=\"canonical\" href=\"https:\/\/pinturasrocor.com\/fr\/produit\/tintes-universales\/\" \/>\n<meta property=\"og:locale\" content=\"fr_FR\" \/>\n<meta property=\"og:type\" content=\"article\" \/>\n<meta property=\"og:title\" content=\"Tintes Universales - Pinturas Rocor\" \/>\n<meta property=\"og:description\" content=\"Colorante concentrado para pinturas. A\u00f1\u00e1delo lentamente para intensificar tonos en esmaltes, pinturas al agua, sint\u00e9ticas y epoxis al agua.\" \/>\n<meta property=\"og:url\" content=\"https:\/\/pinturasrocor.com\/fr\/produit\/tintes-universales\/\" \/>\n<meta property=\"og:site_name\" content=\"Pinturas Rocor\" \/>\n<meta property=\"article:modified_time\" content=\"2024-07-03T10:28:17+00:00\" \/>\n<meta property=\"og:image\" content=\"https:\/\/pinturasrocor.com\/wp-content\/uploads\/tintess.png\" \/>\n\t<meta property=\"og:image:width\" content=\"800\" \/>\n\t<meta property=\"og:image:height\" content=\"800\" \/>\n\t<meta property=\"og:image:type\" content=\"image\/png\" \/>\n<meta name=\"twitter:card\" content=\"summary_large_image\" \/>\n<meta name=\"twitter:label1\" content=\"Dur\u00e9e de lecture estim\u00e9e\" \/>\n\t<meta name=\"twitter:data1\" content=\"1 minute\" \/>\n<script type=\"application\/ld+json\" class=\"yoast-schema-graph\">{\"@context\":\"https:\\\/\\\/schema.org\",\"@graph\":[{\"@type\":\"WebPage\",\"@id\":\"https:\\\/\\\/pinturasrocor.com\\\/producto\\\/tintes-universales\\\/\",\"url\":\"https:\\\/\\\/pinturasrocor.com\\\/producto\\\/tintes-universales\\\/\",\"name\":\"Tintes Universales - Pinturas Rocor\",\"isPartOf\":{\"@id\":\"https:\\\/\\\/pinturasrocor.com\\\/#website\"},\"primaryImageOfPage\":{\"@id\":\"https:\\\/\\\/pinturasrocor.com\\\/producto\\\/tintes-universales\\\/#primaryimage\"},\"image\":{\"@id\":\"https:\\\/\\\/pinturasrocor.com\\\/producto\\\/tintes-universales\\\/#primaryimage\"},\"thumbnailUrl\":\"https:\\\/\\\/pinturasrocor.com\\\/wp-content\\\/uploads\\\/tintess.png\",\"datePublished\":\"2024-07-03T10:25:50+00:00\",\"dateModified\":\"2024-07-03T10:28:17+00:00\",\"description\":\"Colorante concentrado para pinturas. A\u00f1\u00e1delo lentamente para intensificar tonos en esmaltes, pinturas al agua, sint\u00e9ticas y epoxis al agua.\",\"breadcrumb\":{\"@id\":\"https:\\\/\\\/pinturasrocor.com\\\/producto\\\/tintes-universales\\\/#breadcrumb\"},\"inLanguage\":\"fr-FR\",\"potentialAction\":[{\"@type\":\"ReadAction\",\"target\":[\"https:\\\/\\\/pinturasrocor.com\\\/producto\\\/tintes-universales\\\/\"]}]},{\"@type\":\"ImageObject\",\"inLanguage\":\"fr-FR\",\"@id\":\"https:\\\/\\\/pinturasrocor.com\\\/producto\\\/tintes-universales\\\/#primaryimage\",\"url\":\"https:\\\/\\\/pinturasrocor.com\\\/wp-content\\\/uploads\\\/tintess.png\",\"contentUrl\":\"https:\\\/\\\/pinturasrocor.com\\\/wp-content\\\/uploads\\\/tintess.png\",\"width\":800,\"height\":800,\"caption\":\"tintes\"},{\"@type\":\"BreadcrumbList\",\"@id\":\"https:\\\/\\\/pinturasrocor.com\\\/producto\\\/tintes-universales\\\/#breadcrumb\",\"itemListElement\":[{\"@type\":\"ListItem\",\"position\":1,\"name\":\"Portada\",\"item\":\"https:\\\/\\\/pinturasrocor.com\\\/\"},{\"@type\":\"ListItem\",\"position\":2,\"name\":\"Tienda\",\"item\":\"https:\\\/\\\/pinturasrocor.com\\\/tienda\\\/\"},{\"@type\":\"ListItem\",\"position\":3,\"name\":\"Tintes Universales\"}]},{\"@type\":\"WebSite\",\"@id\":\"https:\\\/\\\/pinturasrocor.com\\\/#website\",\"url\":\"https:\\\/\\\/pinturasrocor.com\\\/\",\"name\":\"Pinturas Rocor\",\"description\":\"Fabricaci\u00f3n de Pinturas, productos para pintores y mucho m\u00e1s\",\"potentialAction\":[{\"@type\":\"SearchAction\",\"target\":{\"@type\":\"EntryPoint\",\"urlTemplate\":\"https:\\\/\\\/pinturasrocor.com\\\/?s={search_term_string}\"},\"query-input\":{\"@type\":\"PropertyValueSpecification\",\"valueRequired\":true,\"valueName\":\"search_term_string\"}}],\"inLanguage\":\"fr-FR\"}]}<\/script>\n<!-- \/ Yoast SEO plugin. -->","yoast_head_json":{"title":"Tintes Universales - Pinturas Rocor","description":"Colorante concentrado para pinturas. A\u00f1\u00e1delo lentamente para intensificar tonos en esmaltes, pinturas al agua, sint\u00e9ticas y epoxis al agua.","robots":{"index":"index","follow":"follow","max-snippet":"max-snippet:-1","max-image-preview":"max-image-preview:large","max-video-preview":"max-video-preview:-1"},"canonical":"https:\/\/pinturasrocor.com\/fr\/produit\/tintes-universales\/","og_locale":"fr_FR","og_type":"article","og_title":"Tintes Universales - Pinturas Rocor","og_description":"Colorante concentrado para pinturas. A\u00f1\u00e1delo lentamente para intensificar tonos en esmaltes, pinturas al agua, sint\u00e9ticas y epoxis al agua.","og_url":"https:\/\/pinturasrocor.com\/fr\/produit\/tintes-universales\/","og_site_name":"Pinturas Rocor","article_modified_time":"2024-07-03T10:28:17+00:00","og_image":[{"width":800,"height":800,"url":"https:\/\/pinturasrocor.com\/wp-content\/uploads\/tintess.png","type":"image\/png"}],"twitter_card":"summary_large_image","twitter_misc":{"Dur\u00e9e de lecture estim\u00e9e":"1 minute"},"schema":{"@context":"https:\/\/schema.org","@graph":[{"@type":"WebPage","@id":"https:\/\/pinturasrocor.com\/producto\/tintes-universales\/","url":"https:\/\/pinturasrocor.com\/producto\/tintes-universales\/","name":"Tintes Universales - Pinturas Rocor","isPartOf":{"@id":"https:\/\/pinturasrocor.com\/#website"},"primaryImageOfPage":{"@id":"https:\/\/pinturasrocor.com\/producto\/tintes-universales\/#primaryimage"},"image":{"@id":"https:\/\/pinturasrocor.com\/producto\/tintes-universales\/#primaryimage"},"thumbnailUrl":"https:\/\/pinturasrocor.com\/wp-content\/uploads\/tintess.png","datePublished":"2024-07-03T10:25:50+00:00","dateModified":"2024-07-03T10:28:17+00:00","description":"Colorante concentrado para pinturas. A\u00f1\u00e1delo lentamente para intensificar tonos en esmaltes, pinturas al agua, sint\u00e9ticas y epoxis al agua.","breadcrumb":{"@id":"https:\/\/pinturasrocor.com\/producto\/tintes-universales\/#breadcrumb"},"inLanguage":"fr-FR","potentialAction":[{"@type":"ReadAction","target":["https:\/\/pinturasrocor.com\/producto\/tintes-universales\/"]}]},{"@type":"ImageObject","inLanguage":"fr-FR","@id":"https:\/\/pinturasrocor.com\/producto\/tintes-universales\/#primaryimage","url":"https:\/\/pinturasrocor.com\/wp-content\/uploads\/tintess.png","contentUrl":"https:\/\/pinturasrocor.com\/wp-content\/uploads\/tintess.png","width":800,"height":800,"caption":"tintes"},{"@type":"BreadcrumbList","@id":"https:\/\/pinturasrocor.com\/producto\/tintes-universales\/#breadcrumb","itemListElement":[{"@type":"ListItem","position":1,"name":"Portada","item":"https:\/\/pinturasrocor.com\/"},{"@type":"ListItem","position":2,"name":"Tienda","item":"https:\/\/pinturasrocor.com\/tienda\/"},{"@type":"ListItem","position":3,"name":"Tintes Universales"}]},{"@type":"WebSite","@id":"https:\/\/pinturasrocor.com\/#website","url":"https:\/\/pinturasrocor.com\/","name":"Pinturas Rocor","description":"Fabricaci\u00f3n de Pinturas, productos para pintores y mucho m\u00e1s","potentialAction":[{"@type":"SearchAction","target":{"@type":"EntryPoint","urlTemplate":"https:\/\/pinturasrocor.com\/?s={search_term_string}"},"query-input":{"@type":"PropertyValueSpecification","valueRequired":true,"valueName":"search_term_string"}}],"inLanguage":"fr-FR"}]}},"_links":{"self":[{"href":"https:\/\/pinturasrocor.com\/fr\/wp-json\/wp\/v2\/product\/1616","targetHints":{"allow":["GET"]}}],"collection":[{"href":"https:\/\/pinturasrocor.com\/fr\/wp-json\/wp\/v2\/product"}],"about":[{"href":"https:\/\/pinturasrocor.com\/fr\/wp-json\/wp\/v2\/types\/product"}],"wp:featuredmedia":[{"embeddable":true,"href":"https:\/\/pinturasrocor.com\/fr\/wp-json\/wp\/v2\/media\/1614"}],"wp:attachment":[{"href":"https:\/\/pinturasrocor.com\/fr\/wp-json\/wp\/v2\/media?parent=1616"}],"wp:term":[{"taxonomy":"product_brand","embeddable":true,"href":"https:\/\/pinturasrocor.com\/fr\/wp-json\/wp\/v2\/product_brand?post=1616"},{"taxonomy":"product_cat","embeddable":true,"href":"https:\/\/pinturasrocor.com\/fr\/wp-json\/wp\/v2\/product_cat?post=1616"},{"taxonomy":"product_tag","embeddable":true,"href":"https:\/\/pinturasrocor.com\/fr\/wp-json\/wp\/v2\/product_tag?post=1616"}],"curies":[{"name":"wp","href":"https:\/\/api.w.org\/{rel}","templated":true}]}}