{"id":1607,"date":"2024-07-03T12:19:35","date_gmt":"2024-07-03T10:19:35","guid":{"rendered":"https:\/\/wp.pinturasrocor.com\/?post_type=product&#038;p=1607"},"modified":"2024-07-03T12:25:28","modified_gmt":"2024-07-03T10:25:28","slug":"tintes-al-agua","status":"publish","type":"product","link":"https:\/\/pinturasrocor.com\/fr\/produit\/tintes-al-agua\/","title":{"rendered":"Colorants \u00e0 base d'eau"},"content":{"rendered":"<p>Produit colorant hautement concentr\u00e9, formul\u00e9 avec des pigments de haute qualit\u00e9, caract\u00e9ris\u00e9 par la beaut\u00e9 et l'intensit\u00e9 de ses nuances.<\/p>\n<h2>Mode d'emploi<\/h2>\n<ul>\n<li>\u00a0Ajouter lentement \u00e0 la peinture \u00e0 l'eau non dilu\u00e9e le concentr\u00e9 dans un rapport ne d\u00e9passant pas 5 % de colorant par litre de peinture, en remuant \u00e0 l'aide d'une spatule ou m\u00e9caniquement, jusqu'\u00e0 l'obtention de la couleur souhait\u00e9e.<\/li>\n<li>Les peintures blanches \u00e0 l'eau ne peuvent \u00eatre color\u00e9es que dans des tons clairs ou pastels.<\/li>\n<li>Des quantit\u00e9s excessives de colorants alt\u00e8rent l'adh\u00e9rence, la r\u00e9sistance \u00e0 l'ext\u00e9rieur, les propri\u00e9t\u00e9s de lavage et de s\u00e9chage des peintures.<\/li>\n<li>Les couleurs varient souvent (s'intensifient), que vous les voyiez dans de la peinture liquide (fra\u00eeche) ou dans de la peinture appliqu\u00e9e (s\u00e8che). Testez et voyez comment la couleur se pr\u00e9sente dans une peinture s\u00e8che et appliqu\u00e9e. Une couleur appliqu\u00e9e sur une grande surface donne l'impression d'une plus grande intensit\u00e9.<\/li>\n<li>Enfin, diluez la peinture en suivant les instructions qui l'accompagnent.<\/li>\n<\/ul>\n<h2>Avantages<\/h2>\n<ul>\n<li>Pouvoir colorant \u00e9lev\u00e9<\/li>\n<li>Facile \u00e0 m\u00e9langer.<\/li>\n<li>Les couleurs peuvent \u00eatre m\u00e9lang\u00e9es entre elles.<\/li>\n<\/ul>\n<p>&nbsp;<\/p>\n<p>&nbsp;<\/p>\n<p><a class=\"btn-download\" href=\"https:\/\/pinturasrocor.com\/wp-content\/uploads\/FICHA_TECNICA_TINTE_AL_AGUA.pdf\" target=\"_blank\" rel=\"noopener nofollow\">T\u00e9l\u00e9charger la fiche technique<\/a> <a class=\"btn-download\" href=\"https:\/\/pinturasrocor.com\/wp-content\/uploads\/FICHA_SEG._TINTES_AL_AGUA.pdf\" target=\"_blank\" rel=\"noopener nofollow\">T\u00e9l\u00e9charger la fiche de donn\u00e9es de s\u00e9curit\u00e9<\/a><\/p>","protected":false},"excerpt":{"rendered":"<p>Producto colorante altamente concentrado, formulado con pigmentos de alta calidad, caracterizado por la belleza e intensidad de sus tonos. Modo de Empleo \u00a0A\u00f1adir lentamente, a la pintura al agua sin diluir, el concentrado en una proporci\u00f3n no mayor de 5 % de tinte por cada litro de pintura, agitando con esp\u00e1tula o mec\u00e1nicamente, hasta lograr [&hellip;]<\/p>","protected":false},"featured_media":1614,"template":"","meta":[],"product_brand":[],"product_cat":[49],"product_tag":[],"class_list":{"0":"post-1607","1":"product","2":"type-product","3":"status-publish","4":"has-post-thumbnail","6":"product_cat-tintes","8":"first","9":"instock","10":"virtual","11":"product-type-simple"},"yoast_head":"<!-- This site is optimized with the Yoast SEO plugin v27.3 - https:\/\/yoast.com\/product\/yoast-seo-wordpress\/ -->\n<title>Tintes al Agua - Pinturas Rocor<\/title>\n<meta name=\"description\" content=\"Producto colorante altamente concentrado para pinturas al agua. A\u00f1\u00e1delo lentamente para lograr tonos intensos y pasteles. F\u00e1cil de mezclar y compatible con otros colores.\" \/>\n<meta name=\"robots\" content=\"index, follow, max-snippet:-1, max-image-preview:large, max-video-preview:-1\" \/>\n<link rel=\"canonical\" href=\"https:\/\/pinturasrocor.com\/fr\/produit\/tintes-al-agua\/\" \/>\n<meta property=\"og:locale\" content=\"fr_FR\" \/>\n<meta property=\"og:type\" content=\"article\" \/>\n<meta property=\"og:title\" content=\"Tintes al Agua - Pinturas Rocor\" \/>\n<meta property=\"og:description\" content=\"Producto colorante altamente concentrado para pinturas al agua. A\u00f1\u00e1delo lentamente para lograr tonos intensos y pasteles. F\u00e1cil de mezclar y compatible con otros colores.\" \/>\n<meta property=\"og:url\" content=\"https:\/\/pinturasrocor.com\/fr\/produit\/tintes-al-agua\/\" \/>\n<meta property=\"og:site_name\" content=\"Pinturas Rocor\" \/>\n<meta property=\"article:modified_time\" content=\"2024-07-03T10:25:28+00:00\" \/>\n<meta property=\"og:image\" content=\"https:\/\/pinturasrocor.com\/wp-content\/uploads\/tintess.png\" \/>\n\t<meta property=\"og:image:width\" content=\"800\" \/>\n\t<meta property=\"og:image:height\" content=\"800\" \/>\n\t<meta property=\"og:image:type\" content=\"image\/png\" \/>\n<meta name=\"twitter:card\" content=\"summary_large_image\" \/>\n<meta name=\"twitter:label1\" content=\"Dur\u00e9e de lecture estim\u00e9e\" \/>\n\t<meta name=\"twitter:data1\" content=\"1 minute\" \/>\n<script type=\"application\/ld+json\" class=\"yoast-schema-graph\">{\"@context\":\"https:\\\/\\\/schema.org\",\"@graph\":[{\"@type\":\"WebPage\",\"@id\":\"https:\\\/\\\/pinturasrocor.com\\\/producto\\\/tintes-al-agua\\\/\",\"url\":\"https:\\\/\\\/pinturasrocor.com\\\/producto\\\/tintes-al-agua\\\/\",\"name\":\"Tintes al Agua - Pinturas Rocor\",\"isPartOf\":{\"@id\":\"https:\\\/\\\/pinturasrocor.com\\\/#website\"},\"primaryImageOfPage\":{\"@id\":\"https:\\\/\\\/pinturasrocor.com\\\/producto\\\/tintes-al-agua\\\/#primaryimage\"},\"image\":{\"@id\":\"https:\\\/\\\/pinturasrocor.com\\\/producto\\\/tintes-al-agua\\\/#primaryimage\"},\"thumbnailUrl\":\"https:\\\/\\\/pinturasrocor.com\\\/wp-content\\\/uploads\\\/tintess.png\",\"datePublished\":\"2024-07-03T10:19:35+00:00\",\"dateModified\":\"2024-07-03T10:25:28+00:00\",\"description\":\"Producto colorante altamente concentrado para pinturas al agua. A\u00f1\u00e1delo lentamente para lograr tonos intensos y pasteles. F\u00e1cil de mezclar y compatible con otros colores.\",\"breadcrumb\":{\"@id\":\"https:\\\/\\\/pinturasrocor.com\\\/producto\\\/tintes-al-agua\\\/#breadcrumb\"},\"inLanguage\":\"fr-FR\",\"potentialAction\":[{\"@type\":\"ReadAction\",\"target\":[\"https:\\\/\\\/pinturasrocor.com\\\/producto\\\/tintes-al-agua\\\/\"]}]},{\"@type\":\"ImageObject\",\"inLanguage\":\"fr-FR\",\"@id\":\"https:\\\/\\\/pinturasrocor.com\\\/producto\\\/tintes-al-agua\\\/#primaryimage\",\"url\":\"https:\\\/\\\/pinturasrocor.com\\\/wp-content\\\/uploads\\\/tintess.png\",\"contentUrl\":\"https:\\\/\\\/pinturasrocor.com\\\/wp-content\\\/uploads\\\/tintess.png\",\"width\":800,\"height\":800,\"caption\":\"tintes\"},{\"@type\":\"BreadcrumbList\",\"@id\":\"https:\\\/\\\/pinturasrocor.com\\\/producto\\\/tintes-al-agua\\\/#breadcrumb\",\"itemListElement\":[{\"@type\":\"ListItem\",\"position\":1,\"name\":\"Portada\",\"item\":\"https:\\\/\\\/pinturasrocor.com\\\/\"},{\"@type\":\"ListItem\",\"position\":2,\"name\":\"Tienda\",\"item\":\"https:\\\/\\\/pinturasrocor.com\\\/tienda\\\/\"},{\"@type\":\"ListItem\",\"position\":3,\"name\":\"Tintes al Agua\"}]},{\"@type\":\"WebSite\",\"@id\":\"https:\\\/\\\/pinturasrocor.com\\\/#website\",\"url\":\"https:\\\/\\\/pinturasrocor.com\\\/\",\"name\":\"Pinturas Rocor\",\"description\":\"Fabricaci\u00f3n de Pinturas, productos para pintores y mucho m\u00e1s\",\"potentialAction\":[{\"@type\":\"SearchAction\",\"target\":{\"@type\":\"EntryPoint\",\"urlTemplate\":\"https:\\\/\\\/pinturasrocor.com\\\/?s={search_term_string}\"},\"query-input\":{\"@type\":\"PropertyValueSpecification\",\"valueRequired\":true,\"valueName\":\"search_term_string\"}}],\"inLanguage\":\"fr-FR\"}]}<\/script>\n<!-- \/ Yoast SEO plugin. -->","yoast_head_json":{"title":"Tintes al Agua - Pinturas Rocor","description":"Producto colorante altamente concentrado para pinturas al agua. A\u00f1\u00e1delo lentamente para lograr tonos intensos y pasteles. F\u00e1cil de mezclar y compatible con otros colores.","robots":{"index":"index","follow":"follow","max-snippet":"max-snippet:-1","max-image-preview":"max-image-preview:large","max-video-preview":"max-video-preview:-1"},"canonical":"https:\/\/pinturasrocor.com\/fr\/produit\/tintes-al-agua\/","og_locale":"fr_FR","og_type":"article","og_title":"Tintes al Agua - Pinturas Rocor","og_description":"Producto colorante altamente concentrado para pinturas al agua. A\u00f1\u00e1delo lentamente para lograr tonos intensos y pasteles. F\u00e1cil de mezclar y compatible con otros colores.","og_url":"https:\/\/pinturasrocor.com\/fr\/produit\/tintes-al-agua\/","og_site_name":"Pinturas Rocor","article_modified_time":"2024-07-03T10:25:28+00:00","og_image":[{"width":800,"height":800,"url":"https:\/\/pinturasrocor.com\/wp-content\/uploads\/tintess.png","type":"image\/png"}],"twitter_card":"summary_large_image","twitter_misc":{"Dur\u00e9e de lecture estim\u00e9e":"1 minute"},"schema":{"@context":"https:\/\/schema.org","@graph":[{"@type":"WebPage","@id":"https:\/\/pinturasrocor.com\/producto\/tintes-al-agua\/","url":"https:\/\/pinturasrocor.com\/producto\/tintes-al-agua\/","name":"Tintes al Agua - Pinturas Rocor","isPartOf":{"@id":"https:\/\/pinturasrocor.com\/#website"},"primaryImageOfPage":{"@id":"https:\/\/pinturasrocor.com\/producto\/tintes-al-agua\/#primaryimage"},"image":{"@id":"https:\/\/pinturasrocor.com\/producto\/tintes-al-agua\/#primaryimage"},"thumbnailUrl":"https:\/\/pinturasrocor.com\/wp-content\/uploads\/tintess.png","datePublished":"2024-07-03T10:19:35+00:00","dateModified":"2024-07-03T10:25:28+00:00","description":"Producto colorante altamente concentrado para pinturas al agua. A\u00f1\u00e1delo lentamente para lograr tonos intensos y pasteles. F\u00e1cil de mezclar y compatible con otros colores.","breadcrumb":{"@id":"https:\/\/pinturasrocor.com\/producto\/tintes-al-agua\/#breadcrumb"},"inLanguage":"fr-FR","potentialAction":[{"@type":"ReadAction","target":["https:\/\/pinturasrocor.com\/producto\/tintes-al-agua\/"]}]},{"@type":"ImageObject","inLanguage":"fr-FR","@id":"https:\/\/pinturasrocor.com\/producto\/tintes-al-agua\/#primaryimage","url":"https:\/\/pinturasrocor.com\/wp-content\/uploads\/tintess.png","contentUrl":"https:\/\/pinturasrocor.com\/wp-content\/uploads\/tintess.png","width":800,"height":800,"caption":"tintes"},{"@type":"BreadcrumbList","@id":"https:\/\/pinturasrocor.com\/producto\/tintes-al-agua\/#breadcrumb","itemListElement":[{"@type":"ListItem","position":1,"name":"Portada","item":"https:\/\/pinturasrocor.com\/"},{"@type":"ListItem","position":2,"name":"Tienda","item":"https:\/\/pinturasrocor.com\/tienda\/"},{"@type":"ListItem","position":3,"name":"Tintes al Agua"}]},{"@type":"WebSite","@id":"https:\/\/pinturasrocor.com\/#website","url":"https:\/\/pinturasrocor.com\/","name":"Pinturas Rocor","description":"Fabricaci\u00f3n de Pinturas, productos para pintores y mucho m\u00e1s","potentialAction":[{"@type":"SearchAction","target":{"@type":"EntryPoint","urlTemplate":"https:\/\/pinturasrocor.com\/?s={search_term_string}"},"query-input":{"@type":"PropertyValueSpecification","valueRequired":true,"valueName":"search_term_string"}}],"inLanguage":"fr-FR"}]}},"_links":{"self":[{"href":"https:\/\/pinturasrocor.com\/fr\/wp-json\/wp\/v2\/product\/1607","targetHints":{"allow":["GET"]}}],"collection":[{"href":"https:\/\/pinturasrocor.com\/fr\/wp-json\/wp\/v2\/product"}],"about":[{"href":"https:\/\/pinturasrocor.com\/fr\/wp-json\/wp\/v2\/types\/product"}],"wp:featuredmedia":[{"embeddable":true,"href":"https:\/\/pinturasrocor.com\/fr\/wp-json\/wp\/v2\/media\/1614"}],"wp:attachment":[{"href":"https:\/\/pinturasrocor.com\/fr\/wp-json\/wp\/v2\/media?parent=1607"}],"wp:term":[{"taxonomy":"product_brand","embeddable":true,"href":"https:\/\/pinturasrocor.com\/fr\/wp-json\/wp\/v2\/product_brand?post=1607"},{"taxonomy":"product_cat","embeddable":true,"href":"https:\/\/pinturasrocor.com\/fr\/wp-json\/wp\/v2\/product_cat?post=1607"},{"taxonomy":"product_tag","embeddable":true,"href":"https:\/\/pinturasrocor.com\/fr\/wp-json\/wp\/v2\/product_tag?post=1607"}],"curies":[{"name":"wp","href":"https:\/\/api.w.org\/{rel}","templated":true}]}}