{"id":1598,"date":"2024-07-03T11:59:36","date_gmt":"2024-07-03T09:59:36","guid":{"rendered":"https:\/\/wp.pinturasrocor.com\/?post_type=product&#038;p=1598"},"modified":"2024-07-03T12:06:21","modified_gmt":"2024-07-03T10:06:21","slug":"masilla-de-renovacion","status":"publish","type":"product","link":"https:\/\/pinturasrocor.com\/fr\/produit\/renovation-pate-a-modeler\/","title":{"rendered":"Mastic de renouvellement"},"content":{"rendered":"<p>P\u00e2te destin\u00e9e \u00e0 lisser ou \u00e0 restaurer les surfaces rugueuses ou pointill\u00e9es, avec ou sans finition plastique, dans les int\u00e9rieurs. Elle s'applique directement sur la surface sans d\u00e9capage ni pon\u00e7age, ou comme p\u00e2te de finition sur les surfaces trait\u00e9es avec un enduit de r\u00e9paration. Il n\u00e9cessite un temps de s\u00e9chage court entre les couches, ce qui permet de finir les surfaces trait\u00e9es rapidement et facilement. Le r\u00e9sultat final est une surface tr\u00e8s fine et tr\u00e8s facile \u00e0 poncer, ce qui permet de retravailler facilement les zones pr\u00e9sentant des d\u00e9fauts mineurs et d'obtenir ainsi une excellente finition blanche et lisse.<\/p>\n<h2>Pr\u00e9paration du support<\/h2>\n<p>Le support doit \u00eatre sain, bien adh\u00e9rent, sec et exempt de poussi\u00e8re, de graisse ou de cire. Si n\u00e9cessaire, d\u00e9poussi\u00e9rer et nettoyer la surface \u00e0 traiter. Dans le cas de supports tr\u00e8s absorbants, un appr\u00eat doit \u00eatre utilis\u00e9 au pr\u00e9alable pour r\u00e9guler l'absorption de la surface. Les parties m\u00e9talliques doivent \u00eatre prot\u00e9g\u00e9es par un appr\u00eat anticorrosion.<\/p>\n<h2>Avantages<\/h2>\n<p>- Enl\u00e8ve la peinture en pointill\u00e9s sans papier de verre ni d\u00e9capant.<br \/>\n- Haute adh\u00e9rence et pon\u00e7age facile.<br \/>\n- Il s'applique en fine couche et est si simple qu'il convient m\u00eame aux non-professionnels.<br \/>\n- Peut \u00eatre appliqu\u00e9 apr\u00e8s plusieurs jours de m\u00e9lange.<br \/>\n- Temps de s\u00e9chage entre les couches : 1 ou 2 heures. Gain de temps et de co\u00fbts de main d'\u0153uvre<\/p>\n<p>&nbsp;<\/p>\n<p>&nbsp;<\/p>\n<p><a class=\"btn-download\" href=\"https:\/\/pinturasrocor.com\/wp-content\/uploads\/FICHA_TECNICA_RENOVACION.pdf\" target=\"_blank\" rel=\"noopener nofollow\">T\u00e9l\u00e9charger la fiche technique<\/a> <a class=\"btn-download\" href=\"https:\/\/pinturasrocor.com\/wp-content\/uploads\/FICHA_SEG._RENOVACION.pdf\" target=\"_blank\" rel=\"noopener nofollow\">T\u00e9l\u00e9charger la fiche de donn\u00e9es de s\u00e9curit\u00e9<\/a><\/p>","protected":false},"excerpt":{"rendered":"<p>P\u00e2te destin\u00e9e \u00e0 lisser ou \u00e0 restaurer les surfaces rugueuses ou pointill\u00e9es, avec ou sans finition plastique, dans les int\u00e9rieurs. Elle s'applique directement sur le support sans d\u00e9capant ni pon\u00e7age pr\u00e9alable, ou comme p\u00e2te de finition sur les surfaces trait\u00e9es avec un enduit de r\u00e9paration. Il n\u00e9cessite un temps de s\u00e9chage court entre les couches, ce qui lui permet de [...]<\/p>","protected":false},"featured_media":1602,"template":"","meta":[],"product_brand":[],"product_cat":[48],"product_tag":[],"class_list":{"0":"post-1598","1":"product","2":"type-product","3":"status-publish","4":"has-post-thumbnail","6":"product_cat-masillas","8":"first","9":"instock","10":"virtual","11":"product-type-simple"},"yoast_head":"<!-- This site is optimized with the Yoast SEO plugin v27.3 - https:\/\/yoast.com\/product\/yoast-seo-wordpress\/ -->\n<title>Masilla de Renovaci\u00f3n - Pinturas Rocor<\/title>\n<meta name=\"description\" content=\"Pasta para alisar y rehabilitar superficies con gotel\u00e9 en interiores. Elimina el gotel\u00e9 sin lijar previamente. Ideal para acabados lisos y blancos\" \/>\n<meta name=\"robots\" content=\"index, follow, max-snippet:-1, max-image-preview:large, max-video-preview:-1\" \/>\n<link rel=\"canonical\" href=\"https:\/\/pinturasrocor.com\/fr\/produit\/renovation-pate-a-modeler\/\" \/>\n<meta property=\"og:locale\" content=\"fr_FR\" \/>\n<meta property=\"og:type\" content=\"article\" \/>\n<meta property=\"og:title\" content=\"Masilla de Renovaci\u00f3n - Pinturas Rocor\" \/>\n<meta property=\"og:description\" content=\"Pasta para alisar y rehabilitar superficies con gotel\u00e9 en interiores. Elimina el gotel\u00e9 sin lijar previamente. Ideal para acabados lisos y blancos\" \/>\n<meta property=\"og:url\" content=\"https:\/\/pinturasrocor.com\/fr\/produit\/renovation-pate-a-modeler\/\" \/>\n<meta property=\"og:site_name\" content=\"Pinturas Rocor\" \/>\n<meta property=\"article:modified_time\" content=\"2024-07-03T10:06:21+00:00\" \/>\n<meta property=\"og:image\" content=\"https:\/\/pinturasrocor.com\/wp-content\/uploads\/masillas.png\" \/>\n\t<meta property=\"og:image:width\" content=\"800\" \/>\n\t<meta property=\"og:image:height\" content=\"800\" \/>\n\t<meta property=\"og:image:type\" content=\"image\/png\" \/>\n<meta name=\"twitter:card\" content=\"summary_large_image\" \/>\n<meta name=\"twitter:label1\" content=\"Dur\u00e9e de lecture estim\u00e9e\" \/>\n\t<meta name=\"twitter:data1\" content=\"2 minutes\" \/>\n<script type=\"application\/ld+json\" class=\"yoast-schema-graph\">{\"@context\":\"https:\\\/\\\/schema.org\",\"@graph\":[{\"@type\":\"WebPage\",\"@id\":\"https:\\\/\\\/pinturasrocor.com\\\/producto\\\/masilla-de-renovacion\\\/\",\"url\":\"https:\\\/\\\/pinturasrocor.com\\\/producto\\\/masilla-de-renovacion\\\/\",\"name\":\"Masilla de Renovaci\u00f3n - Pinturas Rocor\",\"isPartOf\":{\"@id\":\"https:\\\/\\\/pinturasrocor.com\\\/#website\"},\"primaryImageOfPage\":{\"@id\":\"https:\\\/\\\/pinturasrocor.com\\\/producto\\\/masilla-de-renovacion\\\/#primaryimage\"},\"image\":{\"@id\":\"https:\\\/\\\/pinturasrocor.com\\\/producto\\\/masilla-de-renovacion\\\/#primaryimage\"},\"thumbnailUrl\":\"https:\\\/\\\/pinturasrocor.com\\\/wp-content\\\/uploads\\\/masillas.png\",\"datePublished\":\"2024-07-03T09:59:36+00:00\",\"dateModified\":\"2024-07-03T10:06:21+00:00\",\"description\":\"Pasta para alisar y rehabilitar superficies con gotel\u00e9 en interiores. Elimina el gotel\u00e9 sin lijar previamente. Ideal para acabados lisos y blancos\",\"breadcrumb\":{\"@id\":\"https:\\\/\\\/pinturasrocor.com\\\/producto\\\/masilla-de-renovacion\\\/#breadcrumb\"},\"inLanguage\":\"fr-FR\",\"potentialAction\":[{\"@type\":\"ReadAction\",\"target\":[\"https:\\\/\\\/pinturasrocor.com\\\/producto\\\/masilla-de-renovacion\\\/\"]}]},{\"@type\":\"ImageObject\",\"inLanguage\":\"fr-FR\",\"@id\":\"https:\\\/\\\/pinturasrocor.com\\\/producto\\\/masilla-de-renovacion\\\/#primaryimage\",\"url\":\"https:\\\/\\\/pinturasrocor.com\\\/wp-content\\\/uploads\\\/masillas.png\",\"contentUrl\":\"https:\\\/\\\/pinturasrocor.com\\\/wp-content\\\/uploads\\\/masillas.png\",\"width\":800,\"height\":800,\"caption\":\"masillas\"},{\"@type\":\"BreadcrumbList\",\"@id\":\"https:\\\/\\\/pinturasrocor.com\\\/producto\\\/masilla-de-renovacion\\\/#breadcrumb\",\"itemListElement\":[{\"@type\":\"ListItem\",\"position\":1,\"name\":\"Portada\",\"item\":\"https:\\\/\\\/pinturasrocor.com\\\/\"},{\"@type\":\"ListItem\",\"position\":2,\"name\":\"Tienda\",\"item\":\"https:\\\/\\\/pinturasrocor.com\\\/tienda\\\/\"},{\"@type\":\"ListItem\",\"position\":3,\"name\":\"Masilla de Renovaci\u00f3n\"}]},{\"@type\":\"WebSite\",\"@id\":\"https:\\\/\\\/pinturasrocor.com\\\/#website\",\"url\":\"https:\\\/\\\/pinturasrocor.com\\\/\",\"name\":\"Pinturas Rocor\",\"description\":\"Fabricaci\u00f3n de Pinturas, productos para pintores y mucho m\u00e1s\",\"potentialAction\":[{\"@type\":\"SearchAction\",\"target\":{\"@type\":\"EntryPoint\",\"urlTemplate\":\"https:\\\/\\\/pinturasrocor.com\\\/?s={search_term_string}\"},\"query-input\":{\"@type\":\"PropertyValueSpecification\",\"valueRequired\":true,\"valueName\":\"search_term_string\"}}],\"inLanguage\":\"fr-FR\"}]}<\/script>\n<!-- \/ Yoast SEO plugin. -->","yoast_head_json":{"title":"Masilla de Renovaci\u00f3n - Pinturas Rocor","description":"Pasta para alisar y rehabilitar superficies con gotel\u00e9 en interiores. Elimina el gotel\u00e9 sin lijar previamente. Ideal para acabados lisos y blancos","robots":{"index":"index","follow":"follow","max-snippet":"max-snippet:-1","max-image-preview":"max-image-preview:large","max-video-preview":"max-video-preview:-1"},"canonical":"https:\/\/pinturasrocor.com\/fr\/produit\/renovation-pate-a-modeler\/","og_locale":"fr_FR","og_type":"article","og_title":"Masilla de Renovaci\u00f3n - Pinturas Rocor","og_description":"Pasta para alisar y rehabilitar superficies con gotel\u00e9 en interiores. Elimina el gotel\u00e9 sin lijar previamente. Ideal para acabados lisos y blancos","og_url":"https:\/\/pinturasrocor.com\/fr\/produit\/renovation-pate-a-modeler\/","og_site_name":"Pinturas Rocor","article_modified_time":"2024-07-03T10:06:21+00:00","og_image":[{"width":800,"height":800,"url":"https:\/\/pinturasrocor.com\/wp-content\/uploads\/masillas.png","type":"image\/png"}],"twitter_card":"summary_large_image","twitter_misc":{"Dur\u00e9e de lecture estim\u00e9e":"2 minutes"},"schema":{"@context":"https:\/\/schema.org","@graph":[{"@type":"WebPage","@id":"https:\/\/pinturasrocor.com\/producto\/masilla-de-renovacion\/","url":"https:\/\/pinturasrocor.com\/producto\/masilla-de-renovacion\/","name":"Masilla de Renovaci\u00f3n - Pinturas Rocor","isPartOf":{"@id":"https:\/\/pinturasrocor.com\/#website"},"primaryImageOfPage":{"@id":"https:\/\/pinturasrocor.com\/producto\/masilla-de-renovacion\/#primaryimage"},"image":{"@id":"https:\/\/pinturasrocor.com\/producto\/masilla-de-renovacion\/#primaryimage"},"thumbnailUrl":"https:\/\/pinturasrocor.com\/wp-content\/uploads\/masillas.png","datePublished":"2024-07-03T09:59:36+00:00","dateModified":"2024-07-03T10:06:21+00:00","description":"Pasta para alisar y rehabilitar superficies con gotel\u00e9 en interiores. Elimina el gotel\u00e9 sin lijar previamente. Ideal para acabados lisos y blancos","breadcrumb":{"@id":"https:\/\/pinturasrocor.com\/producto\/masilla-de-renovacion\/#breadcrumb"},"inLanguage":"fr-FR","potentialAction":[{"@type":"ReadAction","target":["https:\/\/pinturasrocor.com\/producto\/masilla-de-renovacion\/"]}]},{"@type":"ImageObject","inLanguage":"fr-FR","@id":"https:\/\/pinturasrocor.com\/producto\/masilla-de-renovacion\/#primaryimage","url":"https:\/\/pinturasrocor.com\/wp-content\/uploads\/masillas.png","contentUrl":"https:\/\/pinturasrocor.com\/wp-content\/uploads\/masillas.png","width":800,"height":800,"caption":"masillas"},{"@type":"BreadcrumbList","@id":"https:\/\/pinturasrocor.com\/producto\/masilla-de-renovacion\/#breadcrumb","itemListElement":[{"@type":"ListItem","position":1,"name":"Portada","item":"https:\/\/pinturasrocor.com\/"},{"@type":"ListItem","position":2,"name":"Tienda","item":"https:\/\/pinturasrocor.com\/tienda\/"},{"@type":"ListItem","position":3,"name":"Masilla de Renovaci\u00f3n"}]},{"@type":"WebSite","@id":"https:\/\/pinturasrocor.com\/#website","url":"https:\/\/pinturasrocor.com\/","name":"Pinturas Rocor","description":"Fabricaci\u00f3n de Pinturas, productos para pintores y mucho m\u00e1s","potentialAction":[{"@type":"SearchAction","target":{"@type":"EntryPoint","urlTemplate":"https:\/\/pinturasrocor.com\/?s={search_term_string}"},"query-input":{"@type":"PropertyValueSpecification","valueRequired":true,"valueName":"search_term_string"}}],"inLanguage":"fr-FR"}]}},"_links":{"self":[{"href":"https:\/\/pinturasrocor.com\/fr\/wp-json\/wp\/v2\/product\/1598","targetHints":{"allow":["GET"]}}],"collection":[{"href":"https:\/\/pinturasrocor.com\/fr\/wp-json\/wp\/v2\/product"}],"about":[{"href":"https:\/\/pinturasrocor.com\/fr\/wp-json\/wp\/v2\/types\/product"}],"wp:featuredmedia":[{"embeddable":true,"href":"https:\/\/pinturasrocor.com\/fr\/wp-json\/wp\/v2\/media\/1602"}],"wp:attachment":[{"href":"https:\/\/pinturasrocor.com\/fr\/wp-json\/wp\/v2\/media?parent=1598"}],"wp:term":[{"taxonomy":"product_brand","embeddable":true,"href":"https:\/\/pinturasrocor.com\/fr\/wp-json\/wp\/v2\/product_brand?post=1598"},{"taxonomy":"product_cat","embeddable":true,"href":"https:\/\/pinturasrocor.com\/fr\/wp-json\/wp\/v2\/product_cat?post=1598"},{"taxonomy":"product_tag","embeddable":true,"href":"https:\/\/pinturasrocor.com\/fr\/wp-json\/wp\/v2\/product_tag?post=1598"}],"curies":[{"name":"wp","href":"https:\/\/api.w.org\/{rel}","templated":true}]}}