{"id":1586,"date":"2024-07-03T10:58:28","date_gmt":"2024-07-03T08:58:28","guid":{"rendered":"https:\/\/wp.pinturasrocor.com\/?post_type=product&#038;p=1586"},"modified":"2024-07-03T11:05:59","modified_gmt":"2024-07-03T09:05:59","slug":"fijador-de-cal","status":"publish","type":"product","link":"https:\/\/pinturasrocor.com\/fr\/produit\/anticalcaire\/","title":{"rendered":"Fixateur de chaux"},"content":{"rendered":"<p>Particuli\u00e8rement indiqu\u00e9 comme scellant pour les surfaces poreuses, le bois, le b\u00e9ton, le pl\u00e2tre, les murs \u00e0 la chaux, etc. et comme couche de renforcement dans les peintures plastiques, les briques de parement, le stuc, etc. Il permet d'obtenir une finition d\u00e9corative et brillante et d'augmenter la r\u00e9sistance \u00e0 l'eau de ces surfaces.<\/p>\n<h2>Pr\u00e9paration du support<\/h2>\n<p>Nettoyer la surface \u00e0 peindre pour la d\u00e9barrasser de la poussi\u00e8re, de la graisse et de la peinture en mauvais \u00e9tat ou non fix\u00e9e au mur.<\/p>\n<h2>Pr\u00e9paration des produits<\/h2>\n<p>3 litres d'eau sont recommand\u00e9s pour chaque litre de produit (ajouter moins d'eau n'am\u00e9liore pas le r\u00e9sultat).<\/p>\n<h2>Composition du produit<\/h2>\n<p>R\u00e9sine acrylique pure avec une granulom\u00e9trie tr\u00e8s fine pour faciliter la p\u00e9n\u00e9tration dans les supports \u00e0 peindre.<\/p>\n<p>&nbsp;<\/p>\n<p><a class=\"btn-download\" href=\"https:\/\/pinturasrocor.com\/wp-content\/uploads\/FIJADOR_F.TECNICA.pdf\" target=\"_blank\" rel=\"noopener nofollow\">T\u00e9l\u00e9charger la fiche technique<\/a> <a class=\"btn-download\" href=\"https:\/\/pinturasrocor.com\/wp-content\/uploads\/FIJADOR_F.SEGURIDAD.pdf\" target=\"_blank\" rel=\"noopener nofollow\">T\u00e9l\u00e9charger la fiche de donn\u00e9es de s\u00e9curit\u00e9<\/a><\/p>","protected":false},"excerpt":{"rendered":"<p>Particuli\u00e8rement indiqu\u00e9 comme scellant pour les surfaces poreuses, le bois, le b\u00e9ton, le pl\u00e2tre, les murs \u00e0 la chaux, etc. et comme couche de renforcement dans les peintures plastiques, les briques de parement, le stuc, etc. Il permet d'obtenir une finition d\u00e9corative et brillante et d'augmenter la r\u00e9sistance \u00e0 l'eau de ces surfaces. Pr\u00e9paration de la surface Nettoyer la surface \u00e0 peindre pour la d\u00e9barrasser de la poussi\u00e8re, des graisses, etc... [...].<\/p>","protected":false},"featured_media":1591,"template":"","meta":[],"product_brand":[],"product_cat":[47],"product_tag":[],"class_list":{"0":"post-1586","1":"product","2":"type-product","3":"status-publish","4":"has-post-thumbnail","6":"product_cat-fijadores","8":"first","9":"instock","10":"virtual","11":"product-type-simple"},"yoast_head":"<!-- This site is optimized with the Yoast SEO plugin v27.3 - https:\/\/yoast.com\/product\/yoast-seo-wordpress\/ -->\n<title>Fijador de Cal - Pinturas Rocor<\/title>\n<meta name=\"description\" content=\"Sellador acr\u00edlico para superficies porosas, madera y hormig\u00f3n. Refuerza pinturas pl\u00e1sticas y ladrillos, ofrece acabado brillante y resistencia al agua\" \/>\n<meta name=\"robots\" content=\"index, follow, max-snippet:-1, max-image-preview:large, max-video-preview:-1\" \/>\n<link rel=\"canonical\" href=\"https:\/\/pinturasrocor.com\/fr\/produit\/anticalcaire\/\" \/>\n<meta property=\"og:locale\" content=\"fr_FR\" \/>\n<meta property=\"og:type\" content=\"article\" \/>\n<meta property=\"og:title\" content=\"Fijador de Cal - Pinturas Rocor\" \/>\n<meta property=\"og:description\" content=\"Sellador acr\u00edlico para superficies porosas, madera y hormig\u00f3n. Refuerza pinturas pl\u00e1sticas y ladrillos, ofrece acabado brillante y resistencia al agua\" \/>\n<meta property=\"og:url\" content=\"https:\/\/pinturasrocor.com\/fr\/produit\/anticalcaire\/\" \/>\n<meta property=\"og:site_name\" content=\"Pinturas Rocor\" \/>\n<meta property=\"article:modified_time\" content=\"2024-07-03T09:05:59+00:00\" \/>\n<meta property=\"og:image\" content=\"https:\/\/pinturasrocor.com\/wp-content\/uploads\/fijador5.png\" \/>\n\t<meta property=\"og:image:width\" content=\"800\" \/>\n\t<meta property=\"og:image:height\" content=\"800\" \/>\n\t<meta property=\"og:image:type\" content=\"image\/png\" \/>\n<meta name=\"twitter:card\" content=\"summary_large_image\" \/>\n<meta name=\"twitter:label1\" content=\"Dur\u00e9e de lecture estim\u00e9e\" \/>\n\t<meta name=\"twitter:data1\" content=\"1 minute\" \/>\n<script type=\"application\/ld+json\" class=\"yoast-schema-graph\">{\"@context\":\"https:\\\/\\\/schema.org\",\"@graph\":[{\"@type\":\"WebPage\",\"@id\":\"https:\\\/\\\/pinturasrocor.com\\\/producto\\\/fijador-de-cal\\\/\",\"url\":\"https:\\\/\\\/pinturasrocor.com\\\/producto\\\/fijador-de-cal\\\/\",\"name\":\"Fijador de Cal - Pinturas Rocor\",\"isPartOf\":{\"@id\":\"https:\\\/\\\/pinturasrocor.com\\\/#website\"},\"primaryImageOfPage\":{\"@id\":\"https:\\\/\\\/pinturasrocor.com\\\/producto\\\/fijador-de-cal\\\/#primaryimage\"},\"image\":{\"@id\":\"https:\\\/\\\/pinturasrocor.com\\\/producto\\\/fijador-de-cal\\\/#primaryimage\"},\"thumbnailUrl\":\"https:\\\/\\\/pinturasrocor.com\\\/wp-content\\\/uploads\\\/fijador5.png\",\"datePublished\":\"2024-07-03T08:58:28+00:00\",\"dateModified\":\"2024-07-03T09:05:59+00:00\",\"description\":\"Sellador acr\u00edlico para superficies porosas, madera y hormig\u00f3n. Refuerza pinturas pl\u00e1sticas y ladrillos, ofrece acabado brillante y resistencia al agua\",\"breadcrumb\":{\"@id\":\"https:\\\/\\\/pinturasrocor.com\\\/producto\\\/fijador-de-cal\\\/#breadcrumb\"},\"inLanguage\":\"fr-FR\",\"potentialAction\":[{\"@type\":\"ReadAction\",\"target\":[\"https:\\\/\\\/pinturasrocor.com\\\/producto\\\/fijador-de-cal\\\/\"]}]},{\"@type\":\"ImageObject\",\"inLanguage\":\"fr-FR\",\"@id\":\"https:\\\/\\\/pinturasrocor.com\\\/producto\\\/fijador-de-cal\\\/#primaryimage\",\"url\":\"https:\\\/\\\/pinturasrocor.com\\\/wp-content\\\/uploads\\\/fijador5.png\",\"contentUrl\":\"https:\\\/\\\/pinturasrocor.com\\\/wp-content\\\/uploads\\\/fijador5.png\",\"width\":800,\"height\":800,\"caption\":\"fijador5\"},{\"@type\":\"BreadcrumbList\",\"@id\":\"https:\\\/\\\/pinturasrocor.com\\\/producto\\\/fijador-de-cal\\\/#breadcrumb\",\"itemListElement\":[{\"@type\":\"ListItem\",\"position\":1,\"name\":\"Portada\",\"item\":\"https:\\\/\\\/pinturasrocor.com\\\/\"},{\"@type\":\"ListItem\",\"position\":2,\"name\":\"Tienda\",\"item\":\"https:\\\/\\\/pinturasrocor.com\\\/tienda\\\/\"},{\"@type\":\"ListItem\",\"position\":3,\"name\":\"Fijador de Cal\"}]},{\"@type\":\"WebSite\",\"@id\":\"https:\\\/\\\/pinturasrocor.com\\\/#website\",\"url\":\"https:\\\/\\\/pinturasrocor.com\\\/\",\"name\":\"Pinturas Rocor\",\"description\":\"Fabricaci\u00f3n de Pinturas, productos para pintores y mucho m\u00e1s\",\"potentialAction\":[{\"@type\":\"SearchAction\",\"target\":{\"@type\":\"EntryPoint\",\"urlTemplate\":\"https:\\\/\\\/pinturasrocor.com\\\/?s={search_term_string}\"},\"query-input\":{\"@type\":\"PropertyValueSpecification\",\"valueRequired\":true,\"valueName\":\"search_term_string\"}}],\"inLanguage\":\"fr-FR\"}]}<\/script>\n<!-- \/ Yoast SEO plugin. -->","yoast_head_json":{"title":"Fijador de Cal - Pinturas Rocor","description":"Sellador acr\u00edlico para superficies porosas, madera y hormig\u00f3n. Refuerza pinturas pl\u00e1sticas y ladrillos, ofrece acabado brillante y resistencia al agua","robots":{"index":"index","follow":"follow","max-snippet":"max-snippet:-1","max-image-preview":"max-image-preview:large","max-video-preview":"max-video-preview:-1"},"canonical":"https:\/\/pinturasrocor.com\/fr\/produit\/anticalcaire\/","og_locale":"fr_FR","og_type":"article","og_title":"Fijador de Cal - Pinturas Rocor","og_description":"Sellador acr\u00edlico para superficies porosas, madera y hormig\u00f3n. Refuerza pinturas pl\u00e1sticas y ladrillos, ofrece acabado brillante y resistencia al agua","og_url":"https:\/\/pinturasrocor.com\/fr\/produit\/anticalcaire\/","og_site_name":"Pinturas Rocor","article_modified_time":"2024-07-03T09:05:59+00:00","og_image":[{"width":800,"height":800,"url":"https:\/\/pinturasrocor.com\/wp-content\/uploads\/fijador5.png","type":"image\/png"}],"twitter_card":"summary_large_image","twitter_misc":{"Dur\u00e9e de lecture estim\u00e9e":"1 minute"},"schema":{"@context":"https:\/\/schema.org","@graph":[{"@type":"WebPage","@id":"https:\/\/pinturasrocor.com\/producto\/fijador-de-cal\/","url":"https:\/\/pinturasrocor.com\/producto\/fijador-de-cal\/","name":"Fijador de Cal - Pinturas Rocor","isPartOf":{"@id":"https:\/\/pinturasrocor.com\/#website"},"primaryImageOfPage":{"@id":"https:\/\/pinturasrocor.com\/producto\/fijador-de-cal\/#primaryimage"},"image":{"@id":"https:\/\/pinturasrocor.com\/producto\/fijador-de-cal\/#primaryimage"},"thumbnailUrl":"https:\/\/pinturasrocor.com\/wp-content\/uploads\/fijador5.png","datePublished":"2024-07-03T08:58:28+00:00","dateModified":"2024-07-03T09:05:59+00:00","description":"Sellador acr\u00edlico para superficies porosas, madera y hormig\u00f3n. Refuerza pinturas pl\u00e1sticas y ladrillos, ofrece acabado brillante y resistencia al agua","breadcrumb":{"@id":"https:\/\/pinturasrocor.com\/producto\/fijador-de-cal\/#breadcrumb"},"inLanguage":"fr-FR","potentialAction":[{"@type":"ReadAction","target":["https:\/\/pinturasrocor.com\/producto\/fijador-de-cal\/"]}]},{"@type":"ImageObject","inLanguage":"fr-FR","@id":"https:\/\/pinturasrocor.com\/producto\/fijador-de-cal\/#primaryimage","url":"https:\/\/pinturasrocor.com\/wp-content\/uploads\/fijador5.png","contentUrl":"https:\/\/pinturasrocor.com\/wp-content\/uploads\/fijador5.png","width":800,"height":800,"caption":"fijador5"},{"@type":"BreadcrumbList","@id":"https:\/\/pinturasrocor.com\/producto\/fijador-de-cal\/#breadcrumb","itemListElement":[{"@type":"ListItem","position":1,"name":"Portada","item":"https:\/\/pinturasrocor.com\/"},{"@type":"ListItem","position":2,"name":"Tienda","item":"https:\/\/pinturasrocor.com\/tienda\/"},{"@type":"ListItem","position":3,"name":"Fijador de Cal"}]},{"@type":"WebSite","@id":"https:\/\/pinturasrocor.com\/#website","url":"https:\/\/pinturasrocor.com\/","name":"Pinturas Rocor","description":"Fabricaci\u00f3n de Pinturas, productos para pintores y mucho m\u00e1s","potentialAction":[{"@type":"SearchAction","target":{"@type":"EntryPoint","urlTemplate":"https:\/\/pinturasrocor.com\/?s={search_term_string}"},"query-input":{"@type":"PropertyValueSpecification","valueRequired":true,"valueName":"search_term_string"}}],"inLanguage":"fr-FR"}]}},"_links":{"self":[{"href":"https:\/\/pinturasrocor.com\/fr\/wp-json\/wp\/v2\/product\/1586","targetHints":{"allow":["GET"]}}],"collection":[{"href":"https:\/\/pinturasrocor.com\/fr\/wp-json\/wp\/v2\/product"}],"about":[{"href":"https:\/\/pinturasrocor.com\/fr\/wp-json\/wp\/v2\/types\/product"}],"wp:featuredmedia":[{"embeddable":true,"href":"https:\/\/pinturasrocor.com\/fr\/wp-json\/wp\/v2\/media\/1591"}],"wp:attachment":[{"href":"https:\/\/pinturasrocor.com\/fr\/wp-json\/wp\/v2\/media?parent=1586"}],"wp:term":[{"taxonomy":"product_brand","embeddable":true,"href":"https:\/\/pinturasrocor.com\/fr\/wp-json\/wp\/v2\/product_brand?post=1586"},{"taxonomy":"product_cat","embeddable":true,"href":"https:\/\/pinturasrocor.com\/fr\/wp-json\/wp\/v2\/product_cat?post=1586"},{"taxonomy":"product_tag","embeddable":true,"href":"https:\/\/pinturasrocor.com\/fr\/wp-json\/wp\/v2\/product_tag?post=1586"}],"curies":[{"name":"wp","href":"https:\/\/api.w.org\/{rel}","templated":true}]}}