{"id":1579,"date":"2024-07-03T10:32:21","date_gmt":"2024-07-03T08:32:21","guid":{"rendered":"https:\/\/wp.pinturasrocor.com\/?post_type=product&#038;p=1579"},"modified":"2024-07-03T10:39:59","modified_gmt":"2024-07-03T08:39:59","slug":"deportenis","status":"publish","type":"product","link":"https:\/\/pinturasrocor.com\/fr\/produit\/deportenis\/","title":{"rendered":"Deportenis"},"content":{"rendered":"<p>Peinture \u00e0 base d'eau sp\u00e9cialement con\u00e7ue pour les installations sportives, formul\u00e9e avec des r\u00e9sines styr\u00e9niques, des pigments, des carbonates et des produits de haute qualit\u00e9 pour un r\u00e9sultat optimal.<\/p>\n<h2>Application<\/h2>\n<p>Produit sp\u00e9cialement fabriqu\u00e9 pour les sols en ciment, b\u00e9ton, etc. Il agit en donnant de la coh\u00e9sion et en renfor\u00e7ant la r\u00e9sistance du rev\u00eatement. Il est r\u00e9sistant aux frottements, aux alcalis et aux chocs. Imperm\u00e9able \u00e0 l'eau. Ce produit est sp\u00e9cialement destin\u00e9 aux installations sportives, les couleurs sont claires et r\u00e9sistantes aux intemp\u00e9ries.<\/p>\n<h2>Mode d'emploi<\/h2>\n<p>Pour les surfaces neuves, laisser s\u00e9cher l'appr\u00eat pendant 25 \u00e0 30 jours avant de peindre. Il doit s'agir de surfaces poreuses pour un meilleur ancrage de la peinture. Les nettoyer de la poussi\u00e8re, de la graisse, de la peinture ancienne ou mal adh\u00e9r\u00e9e. Pour la premi\u00e8re couche diluer le produit entre 20 ou 25 % d'eau et pour la deuxi\u00e8me couche entre 5 ou 10%.<\/p>\n<p>Peut \u00eatre peint au pinceau, au rouleau ou au pistolet \u00e0 air comprim\u00e9, etc.<\/p>\n<p>&nbsp;<\/p>\n<p><a class=\"btn-download\" href=\"https:\/\/pinturasrocor.com\/wp-content\/uploads\/FICHA_TECNICA_DEPORTENIS.pdf\" target=\"_blank\" rel=\"noopener nofollow\">T\u00e9l\u00e9charger la fiche technique<\/a> <a class=\"btn-download\" href=\"https:\/\/pinturasrocor.com\/wp-content\/uploads\/FICHA_SEG._DEPORTENIS.pdf\" target=\"_blank\" rel=\"noopener nofollow\">T\u00e9l\u00e9charger la fiche de donn\u00e9es de s\u00e9curit\u00e9<\/a><\/p>","protected":false},"excerpt":{"rendered":"<p>Peinture \u00e0 base d'eau sp\u00e9cialement d\u00e9velopp\u00e9e pour les installations sportives, formul\u00e9e avec des r\u00e9sines styr\u00e9niques, des pigments, des carbonates et des produits de haute qualit\u00e9 afin que le r\u00e9sultat soit le plus favorable possible. Application Produit sp\u00e9cialement fabriqu\u00e9 pour les sols en ciment, b\u00e9ton, etc. Il agit en donnant de la coh\u00e9sion et en renfor\u00e7ant la r\u00e9sistance du rev\u00eatement. Il est r\u00e9sistant aux frottements, aux alcalis et [...]<\/p>","protected":false},"featured_media":1581,"template":"","meta":[],"product_brand":[],"product_cat":[46],"product_tag":[],"class_list":{"0":"post-1579","1":"product","2":"type-product","3":"status-publish","4":"has-post-thumbnail","6":"product_cat-linea-deportiva","8":"first","9":"instock","10":"virtual","11":"product-type-simple"},"yoast_head":"<!-- This site is optimized with the Yoast SEO plugin v27.4 - https:\/\/yoast.com\/product\/yoast-seo-wordpress\/ -->\n<title>Deportenis - Pinturas Rocor<\/title>\n<meta name=\"description\" content=\"Pintura acuosa para instalaciones deportivas, resistente al frote y choques. Ideal para suelos de cemento y hormig\u00f3n. F\u00e1cil aplicaci\u00f3n.\" \/>\n<meta name=\"robots\" content=\"index, follow, max-snippet:-1, max-image-preview:large, max-video-preview:-1\" \/>\n<link rel=\"canonical\" href=\"https:\/\/pinturasrocor.com\/fr\/produit\/deportenis\/\" \/>\n<meta property=\"og:locale\" content=\"fr_FR\" \/>\n<meta property=\"og:type\" content=\"article\" \/>\n<meta property=\"og:title\" content=\"Deportenis - Pinturas Rocor\" \/>\n<meta property=\"og:description\" content=\"Pintura acuosa para instalaciones deportivas, resistente al frote y choques. Ideal para suelos de cemento y hormig\u00f3n. F\u00e1cil aplicaci\u00f3n.\" \/>\n<meta property=\"og:url\" content=\"https:\/\/pinturasrocor.com\/fr\/produit\/deportenis\/\" \/>\n<meta property=\"og:site_name\" content=\"Pinturas Rocor\" \/>\n<meta property=\"article:modified_time\" content=\"2024-07-03T08:39:59+00:00\" \/>\n<meta property=\"og:image\" content=\"https:\/\/pinturasrocor.com\/wp-content\/uploads\/deportenis.png\" \/>\n\t<meta property=\"og:image:width\" content=\"800\" \/>\n\t<meta property=\"og:image:height\" content=\"800\" \/>\n\t<meta property=\"og:image:type\" content=\"image\/png\" \/>\n<meta name=\"twitter:card\" content=\"summary_large_image\" \/>\n<meta name=\"twitter:label1\" content=\"Dur\u00e9e de lecture estim\u00e9e\" \/>\n\t<meta name=\"twitter:data1\" content=\"1 minute\" \/>\n<script type=\"application\/ld+json\" class=\"yoast-schema-graph\">{\"@context\":\"https:\\\/\\\/schema.org\",\"@graph\":[{\"@type\":\"WebPage\",\"@id\":\"https:\\\/\\\/pinturasrocor.com\\\/producto\\\/deportenis\\\/\",\"url\":\"https:\\\/\\\/pinturasrocor.com\\\/producto\\\/deportenis\\\/\",\"name\":\"Deportenis - Pinturas Rocor\",\"isPartOf\":{\"@id\":\"https:\\\/\\\/pinturasrocor.com\\\/#website\"},\"primaryImageOfPage\":{\"@id\":\"https:\\\/\\\/pinturasrocor.com\\\/producto\\\/deportenis\\\/#primaryimage\"},\"image\":{\"@id\":\"https:\\\/\\\/pinturasrocor.com\\\/producto\\\/deportenis\\\/#primaryimage\"},\"thumbnailUrl\":\"https:\\\/\\\/pinturasrocor.com\\\/wp-content\\\/uploads\\\/deportenis.png\",\"datePublished\":\"2024-07-03T08:32:21+00:00\",\"dateModified\":\"2024-07-03T08:39:59+00:00\",\"description\":\"Pintura acuosa para instalaciones deportivas, resistente al frote y choques. Ideal para suelos de cemento y hormig\u00f3n. F\u00e1cil aplicaci\u00f3n.\",\"breadcrumb\":{\"@id\":\"https:\\\/\\\/pinturasrocor.com\\\/producto\\\/deportenis\\\/#breadcrumb\"},\"inLanguage\":\"fr-FR\",\"potentialAction\":[{\"@type\":\"ReadAction\",\"target\":[\"https:\\\/\\\/pinturasrocor.com\\\/producto\\\/deportenis\\\/\"]}]},{\"@type\":\"ImageObject\",\"inLanguage\":\"fr-FR\",\"@id\":\"https:\\\/\\\/pinturasrocor.com\\\/producto\\\/deportenis\\\/#primaryimage\",\"url\":\"https:\\\/\\\/pinturasrocor.com\\\/wp-content\\\/uploads\\\/deportenis.png\",\"contentUrl\":\"https:\\\/\\\/pinturasrocor.com\\\/wp-content\\\/uploads\\\/deportenis.png\",\"width\":800,\"height\":800,\"caption\":\"deportenis\"},{\"@type\":\"BreadcrumbList\",\"@id\":\"https:\\\/\\\/pinturasrocor.com\\\/producto\\\/deportenis\\\/#breadcrumb\",\"itemListElement\":[{\"@type\":\"ListItem\",\"position\":1,\"name\":\"Portada\",\"item\":\"https:\\\/\\\/pinturasrocor.com\\\/\"},{\"@type\":\"ListItem\",\"position\":2,\"name\":\"Tienda\",\"item\":\"https:\\\/\\\/pinturasrocor.com\\\/tienda\\\/\"},{\"@type\":\"ListItem\",\"position\":3,\"name\":\"Deportenis\"}]},{\"@type\":\"WebSite\",\"@id\":\"https:\\\/\\\/pinturasrocor.com\\\/#website\",\"url\":\"https:\\\/\\\/pinturasrocor.com\\\/\",\"name\":\"Pinturas Rocor\",\"description\":\"Fabricaci\u00f3n de Pinturas, productos para pintores y mucho m\u00e1s\",\"potentialAction\":[{\"@type\":\"SearchAction\",\"target\":{\"@type\":\"EntryPoint\",\"urlTemplate\":\"https:\\\/\\\/pinturasrocor.com\\\/?s={search_term_string}\"},\"query-input\":{\"@type\":\"PropertyValueSpecification\",\"valueRequired\":true,\"valueName\":\"search_term_string\"}}],\"inLanguage\":\"fr-FR\"}]}<\/script>\n<!-- \/ Yoast SEO plugin. -->","yoast_head_json":{"title":"Deportenis - Pinturas Rocor","description":"Pintura acuosa para instalaciones deportivas, resistente al frote y choques. Ideal para suelos de cemento y hormig\u00f3n. F\u00e1cil aplicaci\u00f3n.","robots":{"index":"index","follow":"follow","max-snippet":"max-snippet:-1","max-image-preview":"max-image-preview:large","max-video-preview":"max-video-preview:-1"},"canonical":"https:\/\/pinturasrocor.com\/fr\/produit\/deportenis\/","og_locale":"fr_FR","og_type":"article","og_title":"Deportenis - Pinturas Rocor","og_description":"Pintura acuosa para instalaciones deportivas, resistente al frote y choques. Ideal para suelos de cemento y hormig\u00f3n. F\u00e1cil aplicaci\u00f3n.","og_url":"https:\/\/pinturasrocor.com\/fr\/produit\/deportenis\/","og_site_name":"Pinturas Rocor","article_modified_time":"2024-07-03T08:39:59+00:00","og_image":[{"width":800,"height":800,"url":"https:\/\/pinturasrocor.com\/wp-content\/uploads\/deportenis.png","type":"image\/png"}],"twitter_card":"summary_large_image","twitter_misc":{"Dur\u00e9e de lecture estim\u00e9e":"1 minute"},"schema":{"@context":"https:\/\/schema.org","@graph":[{"@type":"WebPage","@id":"https:\/\/pinturasrocor.com\/producto\/deportenis\/","url":"https:\/\/pinturasrocor.com\/producto\/deportenis\/","name":"Deportenis - Pinturas Rocor","isPartOf":{"@id":"https:\/\/pinturasrocor.com\/#website"},"primaryImageOfPage":{"@id":"https:\/\/pinturasrocor.com\/producto\/deportenis\/#primaryimage"},"image":{"@id":"https:\/\/pinturasrocor.com\/producto\/deportenis\/#primaryimage"},"thumbnailUrl":"https:\/\/pinturasrocor.com\/wp-content\/uploads\/deportenis.png","datePublished":"2024-07-03T08:32:21+00:00","dateModified":"2024-07-03T08:39:59+00:00","description":"Pintura acuosa para instalaciones deportivas, resistente al frote y choques. Ideal para suelos de cemento y hormig\u00f3n. F\u00e1cil aplicaci\u00f3n.","breadcrumb":{"@id":"https:\/\/pinturasrocor.com\/producto\/deportenis\/#breadcrumb"},"inLanguage":"fr-FR","potentialAction":[{"@type":"ReadAction","target":["https:\/\/pinturasrocor.com\/producto\/deportenis\/"]}]},{"@type":"ImageObject","inLanguage":"fr-FR","@id":"https:\/\/pinturasrocor.com\/producto\/deportenis\/#primaryimage","url":"https:\/\/pinturasrocor.com\/wp-content\/uploads\/deportenis.png","contentUrl":"https:\/\/pinturasrocor.com\/wp-content\/uploads\/deportenis.png","width":800,"height":800,"caption":"deportenis"},{"@type":"BreadcrumbList","@id":"https:\/\/pinturasrocor.com\/producto\/deportenis\/#breadcrumb","itemListElement":[{"@type":"ListItem","position":1,"name":"Portada","item":"https:\/\/pinturasrocor.com\/"},{"@type":"ListItem","position":2,"name":"Tienda","item":"https:\/\/pinturasrocor.com\/tienda\/"},{"@type":"ListItem","position":3,"name":"Deportenis"}]},{"@type":"WebSite","@id":"https:\/\/pinturasrocor.com\/#website","url":"https:\/\/pinturasrocor.com\/","name":"Pinturas Rocor","description":"Fabricaci\u00f3n de Pinturas, productos para pintores y mucho m\u00e1s","potentialAction":[{"@type":"SearchAction","target":{"@type":"EntryPoint","urlTemplate":"https:\/\/pinturasrocor.com\/?s={search_term_string}"},"query-input":{"@type":"PropertyValueSpecification","valueRequired":true,"valueName":"search_term_string"}}],"inLanguage":"fr-FR"}]}},"_links":{"self":[{"href":"https:\/\/pinturasrocor.com\/fr\/wp-json\/wp\/v2\/product\/1579","targetHints":{"allow":["GET"]}}],"collection":[{"href":"https:\/\/pinturasrocor.com\/fr\/wp-json\/wp\/v2\/product"}],"about":[{"href":"https:\/\/pinturasrocor.com\/fr\/wp-json\/wp\/v2\/types\/product"}],"wp:featuredmedia":[{"embeddable":true,"href":"https:\/\/pinturasrocor.com\/fr\/wp-json\/wp\/v2\/media\/1581"}],"wp:attachment":[{"href":"https:\/\/pinturasrocor.com\/fr\/wp-json\/wp\/v2\/media?parent=1579"}],"wp:term":[{"taxonomy":"product_brand","embeddable":true,"href":"https:\/\/pinturasrocor.com\/fr\/wp-json\/wp\/v2\/product_brand?post=1579"},{"taxonomy":"product_cat","embeddable":true,"href":"https:\/\/pinturasrocor.com\/fr\/wp-json\/wp\/v2\/product_cat?post=1579"},{"taxonomy":"product_tag","embeddable":true,"href":"https:\/\/pinturasrocor.com\/fr\/wp-json\/wp\/v2\/product_tag?post=1579"}],"curies":[{"name":"wp","href":"https:\/\/api.w.org\/{rel}","templated":true}]}}