{"id":1572,"date":"2024-07-03T10:02:14","date_gmt":"2024-07-03T08:02:14","guid":{"rendered":"https:\/\/wp.pinturasrocor.com\/?post_type=product&#038;p=1572"},"modified":"2024-07-03T10:29:15","modified_gmt":"2024-07-03T08:29:15","slug":"monocapa","status":"publish","type":"product","link":"https:\/\/pinturasrocor.com\/fr\/produit\/monocouche\/","title":{"rendered":"Monocouche"},"content":{"rendered":"<p>Il s'agit d'une peinture \u00e0 base d'eau dont le pouvoir couvrant et la palette de couleurs conviennent \u00e0 la d\u00e9coration int\u00e9rieure. Les produits utilis\u00e9s pour sa fabrication sont : des r\u00e9sines acryliques pures et des pigments de haute qualit\u00e9.<\/p>\n<h2>Application<\/h2>\n<p>Cette peinture peut \u00eatre utilis\u00e9e pour la d\u00e9coration int\u00e9rieure comme pour l'ext\u00e9rieur. Haute r\u00e9sistance au frottement humide.<\/p>\n<h2>Propri\u00e9t\u00e9s<\/h2>\n<p>Il convient \u00e0 la d\u00e9coration int\u00e9rieure et laisse une finition agr\u00e9able. Gr\u00e2ce \u00e0 ses produits, MATE MONOCAPA r\u00e9siste au frottement humide.<\/p>\n<h2>Mode d'emploi<\/h2>\n<p>Application au pistolet, au rouleau, au pinceau, etc. Il est conseill\u00e9 de pr\u00e9parer la surface \u00e0 peindre, elle doit \u00eatre bien nettoy\u00e9e et si elle pr\u00e9sente des restes de peinture en mauvais \u00e9tat, il est conseill\u00e9 de la gratter et de la nettoyer avec de l'eau caustique ou d'appliquer une couche de fixateur de chaux en cas de vieille peinture ou de peinture en mauvais \u00e9tat. S'il s'agit de travaux neufs, diluer la peinture en ajoutant 60% d'eau +\/- et pour la deuxi\u00e8me couche entre 25 ou 30% pour assurer son ancrage et sa durabilit\u00e9.<\/p>\n<p>&nbsp;<\/p>\n<p><a class=\"btn-download\" href=\"https:\/\/pinturasrocor.com\/wp-content\/uploads\/FICHA_TECNICA_MONOCAPA.pdf\" target=\"_blank\" rel=\"noopener nofollow\">T\u00e9l\u00e9charger la fiche technique<\/a><\/p>","protected":false},"excerpt":{"rendered":"<p>Es una pintura de base acuosa con una cubrici\u00f3n y conjunto de colores apropiados para decoraci\u00f3n de interiores. Los productos utilizados para su elaboraci\u00f3n son: resinas acr\u00edlicas puras y pigmentos de gran calidad. Aplicaci\u00f3n Esta pintura puede utilizarse tanto para un interior de decoraci\u00f3n, como para un exterior. Gran resistencia contra el frote h\u00famedo. Propiedades [&hellip;]<\/p>","protected":false},"featured_media":1574,"template":"","meta":[],"product_brand":[],"product_cat":[45],"product_tag":[],"class_list":{"0":"post-1572","1":"product","2":"type-product","3":"status-publish","4":"has-post-thumbnail","6":"product_cat-linea-decoracion","8":"first","9":"instock","10":"virtual","11":"product-type-simple"},"yoast_head":"<!-- This site is optimized with the Yoast SEO plugin v27.3 - https:\/\/yoast.com\/product\/yoast-seo-wordpress\/ -->\n<title>Monocapa - Pinturas Rocor<\/title>\n<meta name=\"description\" content=\"Pintura base acuosa, cubrici\u00f3n y colores para interiores. Resinas acr\u00edlicas puras y pigmentos de calidad. Apta para interior y exterior.\" \/>\n<meta name=\"robots\" content=\"index, follow, max-snippet:-1, max-image-preview:large, max-video-preview:-1\" \/>\n<link rel=\"canonical\" href=\"https:\/\/pinturasrocor.com\/fr\/produit\/monocouche\/\" \/>\n<meta property=\"og:locale\" content=\"fr_FR\" \/>\n<meta property=\"og:type\" content=\"article\" \/>\n<meta property=\"og:title\" content=\"Monocapa - Pinturas Rocor\" \/>\n<meta property=\"og:description\" content=\"Pintura base acuosa, cubrici\u00f3n y colores para interiores. Resinas acr\u00edlicas puras y pigmentos de calidad. Apta para interior y exterior.\" \/>\n<meta property=\"og:url\" content=\"https:\/\/pinturasrocor.com\/fr\/produit\/monocouche\/\" \/>\n<meta property=\"og:site_name\" content=\"Pinturas Rocor\" \/>\n<meta property=\"article:modified_time\" content=\"2024-07-03T08:29:15+00:00\" \/>\n<meta property=\"og:image\" content=\"https:\/\/pinturasrocor.com\/wp-content\/uploads\/monocapa.png\" \/>\n\t<meta property=\"og:image:width\" content=\"800\" \/>\n\t<meta property=\"og:image:height\" content=\"800\" \/>\n\t<meta property=\"og:image:type\" content=\"image\/png\" \/>\n<meta name=\"twitter:card\" content=\"summary_large_image\" \/>\n<meta name=\"twitter:label1\" content=\"Dur\u00e9e de lecture estim\u00e9e\" \/>\n\t<meta name=\"twitter:data1\" content=\"1 minute\" \/>\n<script type=\"application\/ld+json\" class=\"yoast-schema-graph\">{\"@context\":\"https:\\\/\\\/schema.org\",\"@graph\":[{\"@type\":\"WebPage\",\"@id\":\"https:\\\/\\\/pinturasrocor.com\\\/producto\\\/monocapa\\\/\",\"url\":\"https:\\\/\\\/pinturasrocor.com\\\/producto\\\/monocapa\\\/\",\"name\":\"Monocapa - Pinturas Rocor\",\"isPartOf\":{\"@id\":\"https:\\\/\\\/pinturasrocor.com\\\/#website\"},\"primaryImageOfPage\":{\"@id\":\"https:\\\/\\\/pinturasrocor.com\\\/producto\\\/monocapa\\\/#primaryimage\"},\"image\":{\"@id\":\"https:\\\/\\\/pinturasrocor.com\\\/producto\\\/monocapa\\\/#primaryimage\"},\"thumbnailUrl\":\"https:\\\/\\\/pinturasrocor.com\\\/wp-content\\\/uploads\\\/monocapa.png\",\"datePublished\":\"2024-07-03T08:02:14+00:00\",\"dateModified\":\"2024-07-03T08:29:15+00:00\",\"description\":\"Pintura base acuosa, cubrici\u00f3n y colores para interiores. Resinas acr\u00edlicas puras y pigmentos de calidad. Apta para interior y exterior.\",\"breadcrumb\":{\"@id\":\"https:\\\/\\\/pinturasrocor.com\\\/producto\\\/monocapa\\\/#breadcrumb\"},\"inLanguage\":\"fr-FR\",\"potentialAction\":[{\"@type\":\"ReadAction\",\"target\":[\"https:\\\/\\\/pinturasrocor.com\\\/producto\\\/monocapa\\\/\"]}]},{\"@type\":\"ImageObject\",\"inLanguage\":\"fr-FR\",\"@id\":\"https:\\\/\\\/pinturasrocor.com\\\/producto\\\/monocapa\\\/#primaryimage\",\"url\":\"https:\\\/\\\/pinturasrocor.com\\\/wp-content\\\/uploads\\\/monocapa.png\",\"contentUrl\":\"https:\\\/\\\/pinturasrocor.com\\\/wp-content\\\/uploads\\\/monocapa.png\",\"width\":800,\"height\":800,\"caption\":\"monocapa\"},{\"@type\":\"BreadcrumbList\",\"@id\":\"https:\\\/\\\/pinturasrocor.com\\\/producto\\\/monocapa\\\/#breadcrumb\",\"itemListElement\":[{\"@type\":\"ListItem\",\"position\":1,\"name\":\"Portada\",\"item\":\"https:\\\/\\\/pinturasrocor.com\\\/\"},{\"@type\":\"ListItem\",\"position\":2,\"name\":\"Tienda\",\"item\":\"https:\\\/\\\/pinturasrocor.com\\\/tienda\\\/\"},{\"@type\":\"ListItem\",\"position\":3,\"name\":\"Monocapa\"}]},{\"@type\":\"WebSite\",\"@id\":\"https:\\\/\\\/pinturasrocor.com\\\/#website\",\"url\":\"https:\\\/\\\/pinturasrocor.com\\\/\",\"name\":\"Pinturas Rocor\",\"description\":\"Fabricaci\u00f3n de Pinturas, productos para pintores y mucho m\u00e1s\",\"potentialAction\":[{\"@type\":\"SearchAction\",\"target\":{\"@type\":\"EntryPoint\",\"urlTemplate\":\"https:\\\/\\\/pinturasrocor.com\\\/?s={search_term_string}\"},\"query-input\":{\"@type\":\"PropertyValueSpecification\",\"valueRequired\":true,\"valueName\":\"search_term_string\"}}],\"inLanguage\":\"fr-FR\"}]}<\/script>\n<!-- \/ Yoast SEO plugin. -->","yoast_head_json":{"title":"Monocapa - Pinturas Rocor","description":"Pintura base acuosa, cubrici\u00f3n y colores para interiores. Resinas acr\u00edlicas puras y pigmentos de calidad. Apta para interior y exterior.","robots":{"index":"index","follow":"follow","max-snippet":"max-snippet:-1","max-image-preview":"max-image-preview:large","max-video-preview":"max-video-preview:-1"},"canonical":"https:\/\/pinturasrocor.com\/fr\/produit\/monocouche\/","og_locale":"fr_FR","og_type":"article","og_title":"Monocapa - Pinturas Rocor","og_description":"Pintura base acuosa, cubrici\u00f3n y colores para interiores. Resinas acr\u00edlicas puras y pigmentos de calidad. Apta para interior y exterior.","og_url":"https:\/\/pinturasrocor.com\/fr\/produit\/monocouche\/","og_site_name":"Pinturas Rocor","article_modified_time":"2024-07-03T08:29:15+00:00","og_image":[{"width":800,"height":800,"url":"https:\/\/pinturasrocor.com\/wp-content\/uploads\/monocapa.png","type":"image\/png"}],"twitter_card":"summary_large_image","twitter_misc":{"Dur\u00e9e de lecture estim\u00e9e":"1 minute"},"schema":{"@context":"https:\/\/schema.org","@graph":[{"@type":"WebPage","@id":"https:\/\/pinturasrocor.com\/producto\/monocapa\/","url":"https:\/\/pinturasrocor.com\/producto\/monocapa\/","name":"Monocapa - Pinturas Rocor","isPartOf":{"@id":"https:\/\/pinturasrocor.com\/#website"},"primaryImageOfPage":{"@id":"https:\/\/pinturasrocor.com\/producto\/monocapa\/#primaryimage"},"image":{"@id":"https:\/\/pinturasrocor.com\/producto\/monocapa\/#primaryimage"},"thumbnailUrl":"https:\/\/pinturasrocor.com\/wp-content\/uploads\/monocapa.png","datePublished":"2024-07-03T08:02:14+00:00","dateModified":"2024-07-03T08:29:15+00:00","description":"Pintura base acuosa, cubrici\u00f3n y colores para interiores. Resinas acr\u00edlicas puras y pigmentos de calidad. Apta para interior y exterior.","breadcrumb":{"@id":"https:\/\/pinturasrocor.com\/producto\/monocapa\/#breadcrumb"},"inLanguage":"fr-FR","potentialAction":[{"@type":"ReadAction","target":["https:\/\/pinturasrocor.com\/producto\/monocapa\/"]}]},{"@type":"ImageObject","inLanguage":"fr-FR","@id":"https:\/\/pinturasrocor.com\/producto\/monocapa\/#primaryimage","url":"https:\/\/pinturasrocor.com\/wp-content\/uploads\/monocapa.png","contentUrl":"https:\/\/pinturasrocor.com\/wp-content\/uploads\/monocapa.png","width":800,"height":800,"caption":"monocapa"},{"@type":"BreadcrumbList","@id":"https:\/\/pinturasrocor.com\/producto\/monocapa\/#breadcrumb","itemListElement":[{"@type":"ListItem","position":1,"name":"Portada","item":"https:\/\/pinturasrocor.com\/"},{"@type":"ListItem","position":2,"name":"Tienda","item":"https:\/\/pinturasrocor.com\/tienda\/"},{"@type":"ListItem","position":3,"name":"Monocapa"}]},{"@type":"WebSite","@id":"https:\/\/pinturasrocor.com\/#website","url":"https:\/\/pinturasrocor.com\/","name":"Pinturas Rocor","description":"Fabricaci\u00f3n de Pinturas, productos para pintores y mucho m\u00e1s","potentialAction":[{"@type":"SearchAction","target":{"@type":"EntryPoint","urlTemplate":"https:\/\/pinturasrocor.com\/?s={search_term_string}"},"query-input":{"@type":"PropertyValueSpecification","valueRequired":true,"valueName":"search_term_string"}}],"inLanguage":"fr-FR"}]}},"_links":{"self":[{"href":"https:\/\/pinturasrocor.com\/fr\/wp-json\/wp\/v2\/product\/1572","targetHints":{"allow":["GET"]}}],"collection":[{"href":"https:\/\/pinturasrocor.com\/fr\/wp-json\/wp\/v2\/product"}],"about":[{"href":"https:\/\/pinturasrocor.com\/fr\/wp-json\/wp\/v2\/types\/product"}],"wp:featuredmedia":[{"embeddable":true,"href":"https:\/\/pinturasrocor.com\/fr\/wp-json\/wp\/v2\/media\/1574"}],"wp:attachment":[{"href":"https:\/\/pinturasrocor.com\/fr\/wp-json\/wp\/v2\/media?parent=1572"}],"wp:term":[{"taxonomy":"product_brand","embeddable":true,"href":"https:\/\/pinturasrocor.com\/fr\/wp-json\/wp\/v2\/product_brand?post=1572"},{"taxonomy":"product_cat","embeddable":true,"href":"https:\/\/pinturasrocor.com\/fr\/wp-json\/wp\/v2\/product_cat?post=1572"},{"taxonomy":"product_tag","embeddable":true,"href":"https:\/\/pinturasrocor.com\/fr\/wp-json\/wp\/v2\/product_tag?post=1572"}],"curies":[{"name":"wp","href":"https:\/\/api.w.org\/{rel}","templated":true}]}}