{"id":1563,"date":"2024-07-03T09:31:19","date_gmt":"2024-07-03T07:31:19","guid":{"rendered":"https:\/\/wp.pinturasrocor.com\/?post_type=product&#038;p=1563"},"modified":"2024-07-03T09:35:54","modified_gmt":"2024-07-03T07:35:54","slug":"fibro-flex","status":"publish","type":"product","link":"https:\/\/pinturasrocor.com\/fr\/produit\/fibro-flex\/","title":{"rendered":"Fibro Flex"},"content":{"rendered":"<p>Il s'agit d'un produit d'imperm\u00e9abilisation flexible. Compos\u00e9 de fibres \u00e0 base d'eau et de mat\u00e9riaux de haute qualit\u00e9.<\/p>\n<h2>Utilisation<\/h2>\n<p>FIBRO FLEX est utilis\u00e9 comme \u00e9tanch\u00e9it\u00e9 renforc\u00e9e pour les toits, les murs, les terrasses, les goutti\u00e8res, etc.<\/p>\n<p>Ainsi que des rev\u00eatements de protection sur les fondations, les murs de sout\u00e8nement et les structures.<\/p>\n<h2>Avantages<\/h2>\n<p>Gr\u00e2ce \u00e0 sa haute teneur en fibres, aucune membrane de renforcement n'est n\u00e9cessaire pour l'installation. Pr\u00eat \u00e0 l'emploi, il n'a pas besoin d'\u00eatre dilu\u00e9. Lors de son application, il adh\u00e8re \u00e0 toute surface s\u00e8che, exempte de poussi\u00e8re, de graisse et de peinture en mauvais \u00e9tat. Nettoyage des ustensiles \u00e0 l'eau<\/p>\n<h2>Application<\/h2>\n<p>Nettoyer le support \u00e0 peindre : poussi\u00e8re, graisse, peinture ancienne ou endommag\u00e9e, etc.<\/p>\n<p>Appliquer la premi\u00e8re couche bien \u00e9tal\u00e9e au rouleau ou au pinceau, et attendre 24 heures, en fonction de la temp\u00e9rature. Appliquer ensuite une autre couche, si possible dans le sens inverse de la pr\u00e9c\u00e9dente.<\/p>\n<p>&nbsp;<\/p>\n<p><a class=\"btn-download\" href=\"https:\/\/pinturasrocor.com\/wp-content\/uploads\/FICHA_TECNICA_FIBROFLEX.pdf\" target=\"_blank\" rel=\"noopener nofollow\">T\u00e9l\u00e9charger la fiche technique<\/a> <a class=\"btn-download\" href=\"https:\/\/pinturasrocor.com\/wp-content\/uploads\/FICHA_SEG_FIBROFLEX.pdf\" target=\"_blank\" rel=\"noopener nofollow\">T\u00e9l\u00e9charger la fiche de donn\u00e9es de s\u00e9curit\u00e9<\/a><\/p>","protected":false},"excerpt":{"rendered":"<p>Il s'agit d'un produit d'imperm\u00e9abilisation flexible. Compos\u00e9 de fibres \u00e0 base d'eau et de mat\u00e9riaux de haute qualit\u00e9. Application FIBRO FLEX est utilis\u00e9 comme \u00e9tanch\u00e9it\u00e9 renforc\u00e9e pour les toits, les murs, les terrasses, les goutti\u00e8res, etc. Il est \u00e9galement utilis\u00e9 comme rev\u00eatement de protection pour les fondations, les murs de sout\u00e8nement et les structures. Avantages Gr\u00e2ce \u00e0 sa haute teneur en fibres, il ne [...]<\/p>","protected":false},"featured_media":1564,"template":"","meta":[],"product_brand":[],"product_cat":[44],"product_tag":[],"class_list":{"0":"post-1563","1":"product","2":"type-product","3":"status-publish","4":"has-post-thumbnail","6":"product_cat-impermeabilizantes","8":"first","9":"instock","10":"virtual","11":"product-type-simple"},"yoast_head":"<!-- This site is optimized with the Yoast SEO plugin v27.4 - https:\/\/yoast.com\/product\/yoast-seo-wordpress\/ -->\n<title>Fibro Flex - Pinturas Rocor<\/title>\n<meta name=\"description\" content=\"FIBRO FLEX es un impermeabilizante flexible con fibra, ideal para techos, paredes y estructuras. Alta adherencia y aplicaci\u00f3n sencilla.\" \/>\n<meta name=\"robots\" content=\"index, follow, max-snippet:-1, max-image-preview:large, max-video-preview:-1\" \/>\n<link rel=\"canonical\" href=\"https:\/\/pinturasrocor.com\/fr\/produit\/fibro-flex\/\" \/>\n<meta property=\"og:locale\" content=\"fr_FR\" \/>\n<meta property=\"og:type\" content=\"article\" \/>\n<meta property=\"og:title\" content=\"Fibro Flex - Pinturas Rocor\" \/>\n<meta property=\"og:description\" content=\"FIBRO FLEX es un impermeabilizante flexible con fibra, ideal para techos, paredes y estructuras. Alta adherencia y aplicaci\u00f3n sencilla.\" \/>\n<meta property=\"og:url\" content=\"https:\/\/pinturasrocor.com\/fr\/produit\/fibro-flex\/\" \/>\n<meta property=\"og:site_name\" content=\"Pinturas Rocor\" \/>\n<meta property=\"article:modified_time\" content=\"2024-07-03T07:35:54+00:00\" \/>\n<meta property=\"og:image\" content=\"https:\/\/pinturasrocor.com\/wp-content\/uploads\/flex.png\" \/>\n\t<meta property=\"og:image:width\" content=\"800\" \/>\n\t<meta property=\"og:image:height\" content=\"800\" \/>\n\t<meta property=\"og:image:type\" content=\"image\/png\" \/>\n<meta name=\"twitter:card\" content=\"summary_large_image\" \/>\n<meta name=\"twitter:label1\" content=\"Dur\u00e9e de lecture estim\u00e9e\" \/>\n\t<meta name=\"twitter:data1\" content=\"1 minute\" \/>\n<script type=\"application\/ld+json\" class=\"yoast-schema-graph\">{\"@context\":\"https:\\\/\\\/schema.org\",\"@graph\":[{\"@type\":\"WebPage\",\"@id\":\"https:\\\/\\\/pinturasrocor.com\\\/producto\\\/fibro-flex\\\/\",\"url\":\"https:\\\/\\\/pinturasrocor.com\\\/producto\\\/fibro-flex\\\/\",\"name\":\"Fibro Flex - Pinturas Rocor\",\"isPartOf\":{\"@id\":\"https:\\\/\\\/pinturasrocor.com\\\/#website\"},\"primaryImageOfPage\":{\"@id\":\"https:\\\/\\\/pinturasrocor.com\\\/producto\\\/fibro-flex\\\/#primaryimage\"},\"image\":{\"@id\":\"https:\\\/\\\/pinturasrocor.com\\\/producto\\\/fibro-flex\\\/#primaryimage\"},\"thumbnailUrl\":\"https:\\\/\\\/pinturasrocor.com\\\/wp-content\\\/uploads\\\/flex.png\",\"datePublished\":\"2024-07-03T07:31:19+00:00\",\"dateModified\":\"2024-07-03T07:35:54+00:00\",\"description\":\"FIBRO FLEX es un impermeabilizante flexible con fibra, ideal para techos, paredes y estructuras. Alta adherencia y aplicaci\u00f3n sencilla.\",\"breadcrumb\":{\"@id\":\"https:\\\/\\\/pinturasrocor.com\\\/producto\\\/fibro-flex\\\/#breadcrumb\"},\"inLanguage\":\"fr-FR\",\"potentialAction\":[{\"@type\":\"ReadAction\",\"target\":[\"https:\\\/\\\/pinturasrocor.com\\\/producto\\\/fibro-flex\\\/\"]}]},{\"@type\":\"ImageObject\",\"inLanguage\":\"fr-FR\",\"@id\":\"https:\\\/\\\/pinturasrocor.com\\\/producto\\\/fibro-flex\\\/#primaryimage\",\"url\":\"https:\\\/\\\/pinturasrocor.com\\\/wp-content\\\/uploads\\\/flex.png\",\"contentUrl\":\"https:\\\/\\\/pinturasrocor.com\\\/wp-content\\\/uploads\\\/flex.png\",\"width\":800,\"height\":800,\"caption\":\"flex\"},{\"@type\":\"BreadcrumbList\",\"@id\":\"https:\\\/\\\/pinturasrocor.com\\\/producto\\\/fibro-flex\\\/#breadcrumb\",\"itemListElement\":[{\"@type\":\"ListItem\",\"position\":1,\"name\":\"Portada\",\"item\":\"https:\\\/\\\/pinturasrocor.com\\\/\"},{\"@type\":\"ListItem\",\"position\":2,\"name\":\"Tienda\",\"item\":\"https:\\\/\\\/pinturasrocor.com\\\/tienda\\\/\"},{\"@type\":\"ListItem\",\"position\":3,\"name\":\"Fibro Flex\"}]},{\"@type\":\"WebSite\",\"@id\":\"https:\\\/\\\/pinturasrocor.com\\\/#website\",\"url\":\"https:\\\/\\\/pinturasrocor.com\\\/\",\"name\":\"Pinturas Rocor\",\"description\":\"Fabricaci\u00f3n de Pinturas, productos para pintores y mucho m\u00e1s\",\"potentialAction\":[{\"@type\":\"SearchAction\",\"target\":{\"@type\":\"EntryPoint\",\"urlTemplate\":\"https:\\\/\\\/pinturasrocor.com\\\/?s={search_term_string}\"},\"query-input\":{\"@type\":\"PropertyValueSpecification\",\"valueRequired\":true,\"valueName\":\"search_term_string\"}}],\"inLanguage\":\"fr-FR\"}]}<\/script>\n<!-- \/ Yoast SEO plugin. -->","yoast_head_json":{"title":"Fibro Flex - Pinturas Rocor","description":"FIBRO FLEX es un impermeabilizante flexible con fibra, ideal para techos, paredes y estructuras. Alta adherencia y aplicaci\u00f3n sencilla.","robots":{"index":"index","follow":"follow","max-snippet":"max-snippet:-1","max-image-preview":"max-image-preview:large","max-video-preview":"max-video-preview:-1"},"canonical":"https:\/\/pinturasrocor.com\/fr\/produit\/fibro-flex\/","og_locale":"fr_FR","og_type":"article","og_title":"Fibro Flex - Pinturas Rocor","og_description":"FIBRO FLEX es un impermeabilizante flexible con fibra, ideal para techos, paredes y estructuras. Alta adherencia y aplicaci\u00f3n sencilla.","og_url":"https:\/\/pinturasrocor.com\/fr\/produit\/fibro-flex\/","og_site_name":"Pinturas Rocor","article_modified_time":"2024-07-03T07:35:54+00:00","og_image":[{"width":800,"height":800,"url":"https:\/\/pinturasrocor.com\/wp-content\/uploads\/flex.png","type":"image\/png"}],"twitter_card":"summary_large_image","twitter_misc":{"Dur\u00e9e de lecture estim\u00e9e":"1 minute"},"schema":{"@context":"https:\/\/schema.org","@graph":[{"@type":"WebPage","@id":"https:\/\/pinturasrocor.com\/producto\/fibro-flex\/","url":"https:\/\/pinturasrocor.com\/producto\/fibro-flex\/","name":"Fibro Flex - Pinturas Rocor","isPartOf":{"@id":"https:\/\/pinturasrocor.com\/#website"},"primaryImageOfPage":{"@id":"https:\/\/pinturasrocor.com\/producto\/fibro-flex\/#primaryimage"},"image":{"@id":"https:\/\/pinturasrocor.com\/producto\/fibro-flex\/#primaryimage"},"thumbnailUrl":"https:\/\/pinturasrocor.com\/wp-content\/uploads\/flex.png","datePublished":"2024-07-03T07:31:19+00:00","dateModified":"2024-07-03T07:35:54+00:00","description":"FIBRO FLEX es un impermeabilizante flexible con fibra, ideal para techos, paredes y estructuras. Alta adherencia y aplicaci\u00f3n sencilla.","breadcrumb":{"@id":"https:\/\/pinturasrocor.com\/producto\/fibro-flex\/#breadcrumb"},"inLanguage":"fr-FR","potentialAction":[{"@type":"ReadAction","target":["https:\/\/pinturasrocor.com\/producto\/fibro-flex\/"]}]},{"@type":"ImageObject","inLanguage":"fr-FR","@id":"https:\/\/pinturasrocor.com\/producto\/fibro-flex\/#primaryimage","url":"https:\/\/pinturasrocor.com\/wp-content\/uploads\/flex.png","contentUrl":"https:\/\/pinturasrocor.com\/wp-content\/uploads\/flex.png","width":800,"height":800,"caption":"flex"},{"@type":"BreadcrumbList","@id":"https:\/\/pinturasrocor.com\/producto\/fibro-flex\/#breadcrumb","itemListElement":[{"@type":"ListItem","position":1,"name":"Portada","item":"https:\/\/pinturasrocor.com\/"},{"@type":"ListItem","position":2,"name":"Tienda","item":"https:\/\/pinturasrocor.com\/tienda\/"},{"@type":"ListItem","position":3,"name":"Fibro Flex"}]},{"@type":"WebSite","@id":"https:\/\/pinturasrocor.com\/#website","url":"https:\/\/pinturasrocor.com\/","name":"Pinturas Rocor","description":"Fabricaci\u00f3n de Pinturas, productos para pintores y mucho m\u00e1s","potentialAction":[{"@type":"SearchAction","target":{"@type":"EntryPoint","urlTemplate":"https:\/\/pinturasrocor.com\/?s={search_term_string}"},"query-input":{"@type":"PropertyValueSpecification","valueRequired":true,"valueName":"search_term_string"}}],"inLanguage":"fr-FR"}]}},"_links":{"self":[{"href":"https:\/\/pinturasrocor.com\/fr\/wp-json\/wp\/v2\/product\/1563","targetHints":{"allow":["GET"]}}],"collection":[{"href":"https:\/\/pinturasrocor.com\/fr\/wp-json\/wp\/v2\/product"}],"about":[{"href":"https:\/\/pinturasrocor.com\/fr\/wp-json\/wp\/v2\/types\/product"}],"wp:featuredmedia":[{"embeddable":true,"href":"https:\/\/pinturasrocor.com\/fr\/wp-json\/wp\/v2\/media\/1564"}],"wp:attachment":[{"href":"https:\/\/pinturasrocor.com\/fr\/wp-json\/wp\/v2\/media?parent=1563"}],"wp:term":[{"taxonomy":"product_brand","embeddable":true,"href":"https:\/\/pinturasrocor.com\/fr\/wp-json\/wp\/v2\/product_brand?post=1563"},{"taxonomy":"product_cat","embeddable":true,"href":"https:\/\/pinturasrocor.com\/fr\/wp-json\/wp\/v2\/product_cat?post=1563"},{"taxonomy":"product_tag","embeddable":true,"href":"https:\/\/pinturasrocor.com\/fr\/wp-json\/wp\/v2\/product_tag?post=1563"}],"curies":[{"name":"wp","href":"https:\/\/api.w.org\/{rel}","templated":true}]}}