{"id":1539,"date":"2024-07-02T18:54:31","date_gmt":"2024-07-02T16:54:31","guid":{"rendered":"https:\/\/wp.pinturasrocor.com\/?post_type=product&#038;p=1539"},"modified":"2024-07-02T18:59:44","modified_gmt":"2024-07-02T16:59:44","slug":"pintura-silicato","status":"publish","type":"product","link":"https:\/\/pinturasrocor.com\/fr\/produit\/pintura-silicato\/","title":{"rendered":"Peinture au silicate"},"content":{"rendered":"<p>L'application de peintures au silicate dans la r\u00e9novation des fa\u00e7ades, en particulier sur les enduits, est utilis\u00e9e comme la protection la plus appropri\u00e9e. La d\u00e9gradation des enduits ext\u00e9rieurs est principalement due \u00e0 l'effet destructeur des sels solubles. Les gaz de combustion et les \u00e9missions industrielles se combinent \u00e0 l'eau de pluie et forment des acides. Ces acides r\u00e9agissent avec les liants min\u00e9raux de l'enduit.<br \/>\nmat\u00e9riaux de construction en formant des sels solubles. Ceux-ci, lorsqu'ils sont cristallis\u00e9s et<br \/>\ns'hydratent, augmentent consid\u00e9rablement leur volume et exercent une pression qui les d\u00e9truit.<br \/>\nmat\u00e9riaux de construction. Lors d'une exposition continue \u00e0 l'ext\u00e9rieur, l'enduit perd son liant min\u00e9ral, les peintures au silicate sont r\u00e9sistantes aux acides et leur duret\u00e9 cristalline est similaire \u00e0 celle du cristal de roche, le traitement a un effet hydrofuge qui emp\u00eache le passage de l'eau de pluie. Le traitement a un effet hydrofuge qui emp\u00eache le passage de l'eau de pluie. D'autres avantages sont que son comportement de dilatation thermique est le m\u00eame que celui du substrat min\u00e9ral, ce qui \u00e9vite les fissures et les \u00e9paufrures.<\/p>\n<h2>Application<\/h2>\n<p>Au pinceau ou au rouleau. Pour les pistolets sans air, ajuster la viscosit\u00e9.<\/p>\n<h2>Performance<\/h2>\n<p>A titre indicatif, on calcule un rendement de 8 \u00e0 10 m2\/Kg. Bien m\u00e9langer le contenu du r\u00e9cipient avant utilisation.<\/p>\n<p>&nbsp;<\/p>\n<p><a class=\"btn-download\" href=\"https:\/\/pinturasrocor.com\/wp-content\/uploads\/FICHA_TECNICA_REVESTIMIENTO_SILICATO.pdf\" target=\"_blank\" rel=\"noopener nofollow\">T\u00e9l\u00e9charger la fiche technique<\/a> <a class=\"btn-download\" href=\"https:\/\/pinturasrocor.com\/wp-content\/uploads\/FICHA_SEG_REVESTIMIENTOS_SILICATO.pdf\" target=\"_blank\" rel=\"noopener nofollow\">T\u00e9l\u00e9charger la fiche de donn\u00e9es de s\u00e9curit\u00e9<\/a><\/p>","protected":false},"excerpt":{"rendered":"<p>La aplicaci\u00f3n de pinturas al silicato en la rehabilitaci\u00f3n de fachadas, especialmente sobre revoques, se utiliza como protecci\u00f3n m\u00e1s adecuada. La degradaci\u00f3n de los revoques en exterior es principalmente debido al efecto destructor que ejercen las sales solubles. Los gases de combusti\u00f3n y las emisiones industriales se combinan con el agua de lluvia y forman [&hellip;]<\/p>","protected":false},"featured_media":1540,"template":"","meta":[],"product_brand":[],"product_cat":[42],"product_tag":[],"class_list":{"0":"post-1539","1":"product","2":"type-product","3":"status-publish","4":"has-post-thumbnail","6":"product_cat-revestimientos-de-fachada","8":"first","9":"instock","10":"virtual","11":"product-type-simple"},"yoast_head":"<!-- This site is optimized with the Yoast SEO plugin v27.3 - https:\/\/yoast.com\/product\/yoast-seo-wordpress\/ -->\n<title>Pintura Silicato - Pinturas Rocor<\/title>\n<meta name=\"description\" content=\"Pintura al silicato para fachadas, resistente a sales y \u00e1cidos. Evita grietas y desconchados. Aplicaci\u00f3n f\u00e1cil y gran durabilidad.\" \/>\n<meta name=\"robots\" content=\"index, follow, max-snippet:-1, max-image-preview:large, max-video-preview:-1\" \/>\n<link rel=\"canonical\" href=\"https:\/\/pinturasrocor.com\/fr\/produit\/pintura-silicato\/\" \/>\n<meta property=\"og:locale\" content=\"fr_FR\" \/>\n<meta property=\"og:type\" content=\"article\" \/>\n<meta property=\"og:title\" content=\"Pintura Silicato - Pinturas Rocor\" \/>\n<meta property=\"og:description\" content=\"Pintura al silicato para fachadas, resistente a sales y \u00e1cidos. Evita grietas y desconchados. Aplicaci\u00f3n f\u00e1cil y gran durabilidad.\" \/>\n<meta property=\"og:url\" content=\"https:\/\/pinturasrocor.com\/fr\/produit\/pintura-silicato\/\" \/>\n<meta property=\"og:site_name\" content=\"Pinturas Rocor\" \/>\n<meta property=\"article:modified_time\" content=\"2024-07-02T16:59:44+00:00\" \/>\n<meta property=\"og:image\" content=\"https:\/\/pinturasrocor.com\/wp-content\/uploads\/silicato.png\" \/>\n\t<meta property=\"og:image:width\" content=\"800\" \/>\n\t<meta property=\"og:image:height\" content=\"800\" \/>\n\t<meta property=\"og:image:type\" content=\"image\/png\" \/>\n<meta name=\"twitter:card\" content=\"summary_large_image\" \/>\n<meta name=\"twitter:label1\" content=\"Dur\u00e9e de lecture estim\u00e9e\" \/>\n\t<meta name=\"twitter:data1\" content=\"1 minute\" \/>\n<script type=\"application\/ld+json\" class=\"yoast-schema-graph\">{\"@context\":\"https:\\\/\\\/schema.org\",\"@graph\":[{\"@type\":\"WebPage\",\"@id\":\"https:\\\/\\\/pinturasrocor.com\\\/producto\\\/pintura-silicato\\\/\",\"url\":\"https:\\\/\\\/pinturasrocor.com\\\/producto\\\/pintura-silicato\\\/\",\"name\":\"Pintura Silicato - Pinturas Rocor\",\"isPartOf\":{\"@id\":\"https:\\\/\\\/pinturasrocor.com\\\/#website\"},\"primaryImageOfPage\":{\"@id\":\"https:\\\/\\\/pinturasrocor.com\\\/producto\\\/pintura-silicato\\\/#primaryimage\"},\"image\":{\"@id\":\"https:\\\/\\\/pinturasrocor.com\\\/producto\\\/pintura-silicato\\\/#primaryimage\"},\"thumbnailUrl\":\"https:\\\/\\\/pinturasrocor.com\\\/wp-content\\\/uploads\\\/silicato.png\",\"datePublished\":\"2024-07-02T16:54:31+00:00\",\"dateModified\":\"2024-07-02T16:59:44+00:00\",\"description\":\"Pintura al silicato para fachadas, resistente a sales y \u00e1cidos. Evita grietas y desconchados. Aplicaci\u00f3n f\u00e1cil y gran durabilidad.\",\"breadcrumb\":{\"@id\":\"https:\\\/\\\/pinturasrocor.com\\\/producto\\\/pintura-silicato\\\/#breadcrumb\"},\"inLanguage\":\"fr-FR\",\"potentialAction\":[{\"@type\":\"ReadAction\",\"target\":[\"https:\\\/\\\/pinturasrocor.com\\\/producto\\\/pintura-silicato\\\/\"]}]},{\"@type\":\"ImageObject\",\"inLanguage\":\"fr-FR\",\"@id\":\"https:\\\/\\\/pinturasrocor.com\\\/producto\\\/pintura-silicato\\\/#primaryimage\",\"url\":\"https:\\\/\\\/pinturasrocor.com\\\/wp-content\\\/uploads\\\/silicato.png\",\"contentUrl\":\"https:\\\/\\\/pinturasrocor.com\\\/wp-content\\\/uploads\\\/silicato.png\",\"width\":800,\"height\":800,\"caption\":\"silicato\"},{\"@type\":\"BreadcrumbList\",\"@id\":\"https:\\\/\\\/pinturasrocor.com\\\/producto\\\/pintura-silicato\\\/#breadcrumb\",\"itemListElement\":[{\"@type\":\"ListItem\",\"position\":1,\"name\":\"Portada\",\"item\":\"https:\\\/\\\/pinturasrocor.com\\\/\"},{\"@type\":\"ListItem\",\"position\":2,\"name\":\"Tienda\",\"item\":\"https:\\\/\\\/pinturasrocor.com\\\/tienda\\\/\"},{\"@type\":\"ListItem\",\"position\":3,\"name\":\"Pintura Silicato\"}]},{\"@type\":\"WebSite\",\"@id\":\"https:\\\/\\\/pinturasrocor.com\\\/#website\",\"url\":\"https:\\\/\\\/pinturasrocor.com\\\/\",\"name\":\"Pinturas Rocor\",\"description\":\"Fabricaci\u00f3n de Pinturas, productos para pintores y mucho m\u00e1s\",\"potentialAction\":[{\"@type\":\"SearchAction\",\"target\":{\"@type\":\"EntryPoint\",\"urlTemplate\":\"https:\\\/\\\/pinturasrocor.com\\\/?s={search_term_string}\"},\"query-input\":{\"@type\":\"PropertyValueSpecification\",\"valueRequired\":true,\"valueName\":\"search_term_string\"}}],\"inLanguage\":\"fr-FR\"}]}<\/script>\n<!-- \/ Yoast SEO plugin. -->","yoast_head_json":{"title":"Pintura Silicato - Pinturas Rocor","description":"Pintura al silicato para fachadas, resistente a sales y \u00e1cidos. Evita grietas y desconchados. Aplicaci\u00f3n f\u00e1cil y gran durabilidad.","robots":{"index":"index","follow":"follow","max-snippet":"max-snippet:-1","max-image-preview":"max-image-preview:large","max-video-preview":"max-video-preview:-1"},"canonical":"https:\/\/pinturasrocor.com\/fr\/produit\/pintura-silicato\/","og_locale":"fr_FR","og_type":"article","og_title":"Pintura Silicato - Pinturas Rocor","og_description":"Pintura al silicato para fachadas, resistente a sales y \u00e1cidos. Evita grietas y desconchados. Aplicaci\u00f3n f\u00e1cil y gran durabilidad.","og_url":"https:\/\/pinturasrocor.com\/fr\/produit\/pintura-silicato\/","og_site_name":"Pinturas Rocor","article_modified_time":"2024-07-02T16:59:44+00:00","og_image":[{"width":800,"height":800,"url":"https:\/\/pinturasrocor.com\/wp-content\/uploads\/silicato.png","type":"image\/png"}],"twitter_card":"summary_large_image","twitter_misc":{"Dur\u00e9e de lecture estim\u00e9e":"1 minute"},"schema":{"@context":"https:\/\/schema.org","@graph":[{"@type":"WebPage","@id":"https:\/\/pinturasrocor.com\/producto\/pintura-silicato\/","url":"https:\/\/pinturasrocor.com\/producto\/pintura-silicato\/","name":"Pintura Silicato - Pinturas Rocor","isPartOf":{"@id":"https:\/\/pinturasrocor.com\/#website"},"primaryImageOfPage":{"@id":"https:\/\/pinturasrocor.com\/producto\/pintura-silicato\/#primaryimage"},"image":{"@id":"https:\/\/pinturasrocor.com\/producto\/pintura-silicato\/#primaryimage"},"thumbnailUrl":"https:\/\/pinturasrocor.com\/wp-content\/uploads\/silicato.png","datePublished":"2024-07-02T16:54:31+00:00","dateModified":"2024-07-02T16:59:44+00:00","description":"Pintura al silicato para fachadas, resistente a sales y \u00e1cidos. Evita grietas y desconchados. Aplicaci\u00f3n f\u00e1cil y gran durabilidad.","breadcrumb":{"@id":"https:\/\/pinturasrocor.com\/producto\/pintura-silicato\/#breadcrumb"},"inLanguage":"fr-FR","potentialAction":[{"@type":"ReadAction","target":["https:\/\/pinturasrocor.com\/producto\/pintura-silicato\/"]}]},{"@type":"ImageObject","inLanguage":"fr-FR","@id":"https:\/\/pinturasrocor.com\/producto\/pintura-silicato\/#primaryimage","url":"https:\/\/pinturasrocor.com\/wp-content\/uploads\/silicato.png","contentUrl":"https:\/\/pinturasrocor.com\/wp-content\/uploads\/silicato.png","width":800,"height":800,"caption":"silicato"},{"@type":"BreadcrumbList","@id":"https:\/\/pinturasrocor.com\/producto\/pintura-silicato\/#breadcrumb","itemListElement":[{"@type":"ListItem","position":1,"name":"Portada","item":"https:\/\/pinturasrocor.com\/"},{"@type":"ListItem","position":2,"name":"Tienda","item":"https:\/\/pinturasrocor.com\/tienda\/"},{"@type":"ListItem","position":3,"name":"Pintura Silicato"}]},{"@type":"WebSite","@id":"https:\/\/pinturasrocor.com\/#website","url":"https:\/\/pinturasrocor.com\/","name":"Pinturas Rocor","description":"Fabricaci\u00f3n de Pinturas, productos para pintores y mucho m\u00e1s","potentialAction":[{"@type":"SearchAction","target":{"@type":"EntryPoint","urlTemplate":"https:\/\/pinturasrocor.com\/?s={search_term_string}"},"query-input":{"@type":"PropertyValueSpecification","valueRequired":true,"valueName":"search_term_string"}}],"inLanguage":"fr-FR"}]}},"_links":{"self":[{"href":"https:\/\/pinturasrocor.com\/fr\/wp-json\/wp\/v2\/product\/1539","targetHints":{"allow":["GET"]}}],"collection":[{"href":"https:\/\/pinturasrocor.com\/fr\/wp-json\/wp\/v2\/product"}],"about":[{"href":"https:\/\/pinturasrocor.com\/fr\/wp-json\/wp\/v2\/types\/product"}],"wp:featuredmedia":[{"embeddable":true,"href":"https:\/\/pinturasrocor.com\/fr\/wp-json\/wp\/v2\/media\/1540"}],"wp:attachment":[{"href":"https:\/\/pinturasrocor.com\/fr\/wp-json\/wp\/v2\/media?parent=1539"}],"wp:term":[{"taxonomy":"product_brand","embeddable":true,"href":"https:\/\/pinturasrocor.com\/fr\/wp-json\/wp\/v2\/product_brand?post=1539"},{"taxonomy":"product_cat","embeddable":true,"href":"https:\/\/pinturasrocor.com\/fr\/wp-json\/wp\/v2\/product_cat?post=1539"},{"taxonomy":"product_tag","embeddable":true,"href":"https:\/\/pinturasrocor.com\/fr\/wp-json\/wp\/v2\/product_tag?post=1539"}],"curies":[{"name":"wp","href":"https:\/\/api.w.org\/{rel}","templated":true}]}}