{"id":1536,"date":"2024-07-02T18:49:39","date_gmt":"2024-07-02T16:49:39","guid":{"rendered":"https:\/\/wp.pinturasrocor.com\/?post_type=product&#038;p=1536"},"modified":"2024-07-02T18:53:57","modified_gmt":"2024-07-02T16:53:57","slug":"rocotex-rugoso","status":"publish","type":"product","link":"https:\/\/pinturasrocor.com\/fr\/produit\/rocotex-rugoso\/","title":{"rendered":"Rocotex Rough"},"content":{"rendered":"<p>ROCOTEX ROUGH est une dispersion acrylique \u00e0 base d'eau, exempte de plastifiants et de solvants, qui, associ\u00e9e \u00e0 des pigments et des charges de haute qualit\u00e9, apporte blancheur et couverture, rendant la surface peinte, une fois s\u00e8che, totalement imperm\u00e9able, tout en permettant \u00e0 l'\u0153uvre de respirer.<\/p>\n<h2>Application<\/h2>\n<p>Sp\u00e9cialement con\u00e7u pour les fa\u00e7ades ext\u00e9rieures avec une duret\u00e9 \u00e9lev\u00e9e pour r\u00e9sister aux rayons ultraviolets et aux changements brusques de temp\u00e9rature.<\/p>\n<h2>Mode d'emploi<\/h2>\n<p>ROCOTEX RUGOSO peut \u00eatre appliqu\u00e9 au pinceau, au rouleau, au pistolet sp\u00e9cial rugueux ou \u00e0 la truelle. Pour une utilisation en ext\u00e9rieur, il est conseill\u00e9 que la surface \u00e0 peindre soit s\u00e8che, exempte de poussi\u00e8re, de graisse, de salp\u00eatre, etc.<\/p>\n<p>Une fois la surface nettoy\u00e9e, il est conseill\u00e9 d'appliquer une couche de fixateur p\u00e9n\u00e9trant acrylique pour un meilleur ancrage. Sur les surfaces en mauvais \u00e9tat, il convient d'enlever les anciennes peintures.<\/p>\n<p>&nbsp;<\/p>\n<p><a class=\"btn-download\" href=\"https:\/\/pinturasrocor.com\/wp-content\/uploads\/FICHA_TECNICA_ROCOTEX_RUGOSO.pdf\" target=\"_blank\" rel=\"noopener nofollow\">T\u00e9l\u00e9charger la fiche technique<\/a> <a class=\"btn-download\" href=\"https:\/\/pinturasrocor.com\/wp-content\/uploads\/FICHA_SEG_REVESTIMIENTOS_ROCOTEX_RUGOSO.pdf\" target=\"_blank\" rel=\"noopener nofollow\">T\u00e9l\u00e9charger la fiche de donn\u00e9es de s\u00e9curit\u00e9<\/a><\/p>","protected":false},"excerpt":{"rendered":"<p>El ROCOTEX RUGOSO es una dispersi\u00f3n acr\u00edlico estirenada en base acuosa libre de plastificantes y disolventes, que acompa\u00f1ada de pigmentos y cargas de gran calidad, dejan una blancura y cubrici\u00f3n obteniendo la superficie pintada, una vez seca, totalmente impermeable permitiendo al mismo tiempo la transpiraci\u00f3n de la obra. Aplicaci\u00f3n Especial para fachadas a la intemperie [&hellip;]<\/p>","protected":false},"featured_media":1537,"template":"","meta":[],"product_brand":[],"product_cat":[42],"product_tag":[],"class_list":{"0":"post-1536","1":"product","2":"type-product","3":"status-publish","4":"has-post-thumbnail","6":"product_cat-revestimientos-de-fachada","8":"first","9":"instock","10":"virtual","11":"product-type-simple"},"yoast_head":"<!-- This site is optimized with the Yoast SEO plugin v27.3 - https:\/\/yoast.com\/product\/yoast-seo-wordpress\/ -->\n<title>Rocotex Rugoso - Pinturas Rocor<\/title>\n<meta name=\"description\" content=\"Pintura ROCOTEX RUGOSO, base acuosa sin plastificantes ni disolventes. Alta blancura y cubrici\u00f3n, impermeable y transpirable, ideal para fachadas exteriores, resistente a rayos UV y cambios de temperatura.\" \/>\n<meta name=\"robots\" content=\"index, follow, max-snippet:-1, max-image-preview:large, max-video-preview:-1\" \/>\n<link rel=\"canonical\" href=\"https:\/\/pinturasrocor.com\/fr\/produit\/rocotex-rugoso\/\" \/>\n<meta property=\"og:locale\" content=\"fr_FR\" \/>\n<meta property=\"og:type\" content=\"article\" \/>\n<meta property=\"og:title\" content=\"Rocotex Rugoso - Pinturas Rocor\" \/>\n<meta property=\"og:description\" content=\"Pintura ROCOTEX RUGOSO, base acuosa sin plastificantes ni disolventes. Alta blancura y cubrici\u00f3n, impermeable y transpirable, ideal para fachadas exteriores, resistente a rayos UV y cambios de temperatura.\" \/>\n<meta property=\"og:url\" content=\"https:\/\/pinturasrocor.com\/fr\/produit\/rocotex-rugoso\/\" \/>\n<meta property=\"og:site_name\" content=\"Pinturas Rocor\" \/>\n<meta property=\"article:modified_time\" content=\"2024-07-02T16:53:57+00:00\" \/>\n<meta property=\"og:image\" content=\"https:\/\/pinturasrocor.com\/wp-content\/uploads\/rugoso.png\" \/>\n\t<meta property=\"og:image:width\" content=\"800\" \/>\n\t<meta property=\"og:image:height\" content=\"800\" \/>\n\t<meta property=\"og:image:type\" content=\"image\/png\" \/>\n<meta name=\"twitter:card\" content=\"summary_large_image\" \/>\n<meta name=\"twitter:label1\" content=\"Dur\u00e9e de lecture estim\u00e9e\" \/>\n\t<meta name=\"twitter:data1\" content=\"1 minute\" \/>\n<script type=\"application\/ld+json\" class=\"yoast-schema-graph\">{\"@context\":\"https:\\\/\\\/schema.org\",\"@graph\":[{\"@type\":\"WebPage\",\"@id\":\"https:\\\/\\\/pinturasrocor.com\\\/producto\\\/rocotex-rugoso\\\/\",\"url\":\"https:\\\/\\\/pinturasrocor.com\\\/producto\\\/rocotex-rugoso\\\/\",\"name\":\"Rocotex Rugoso - Pinturas Rocor\",\"isPartOf\":{\"@id\":\"https:\\\/\\\/pinturasrocor.com\\\/#website\"},\"primaryImageOfPage\":{\"@id\":\"https:\\\/\\\/pinturasrocor.com\\\/producto\\\/rocotex-rugoso\\\/#primaryimage\"},\"image\":{\"@id\":\"https:\\\/\\\/pinturasrocor.com\\\/producto\\\/rocotex-rugoso\\\/#primaryimage\"},\"thumbnailUrl\":\"https:\\\/\\\/pinturasrocor.com\\\/wp-content\\\/uploads\\\/rugoso.png\",\"datePublished\":\"2024-07-02T16:49:39+00:00\",\"dateModified\":\"2024-07-02T16:53:57+00:00\",\"description\":\"Pintura ROCOTEX RUGOSO, base acuosa sin plastificantes ni disolventes. Alta blancura y cubrici\u00f3n, impermeable y transpirable, ideal para fachadas exteriores, resistente a rayos UV y cambios de temperatura.\",\"breadcrumb\":{\"@id\":\"https:\\\/\\\/pinturasrocor.com\\\/producto\\\/rocotex-rugoso\\\/#breadcrumb\"},\"inLanguage\":\"fr-FR\",\"potentialAction\":[{\"@type\":\"ReadAction\",\"target\":[\"https:\\\/\\\/pinturasrocor.com\\\/producto\\\/rocotex-rugoso\\\/\"]}]},{\"@type\":\"ImageObject\",\"inLanguage\":\"fr-FR\",\"@id\":\"https:\\\/\\\/pinturasrocor.com\\\/producto\\\/rocotex-rugoso\\\/#primaryimage\",\"url\":\"https:\\\/\\\/pinturasrocor.com\\\/wp-content\\\/uploads\\\/rugoso.png\",\"contentUrl\":\"https:\\\/\\\/pinturasrocor.com\\\/wp-content\\\/uploads\\\/rugoso.png\",\"width\":800,\"height\":800,\"caption\":\"rugoso\"},{\"@type\":\"BreadcrumbList\",\"@id\":\"https:\\\/\\\/pinturasrocor.com\\\/producto\\\/rocotex-rugoso\\\/#breadcrumb\",\"itemListElement\":[{\"@type\":\"ListItem\",\"position\":1,\"name\":\"Portada\",\"item\":\"https:\\\/\\\/pinturasrocor.com\\\/\"},{\"@type\":\"ListItem\",\"position\":2,\"name\":\"Tienda\",\"item\":\"https:\\\/\\\/pinturasrocor.com\\\/tienda\\\/\"},{\"@type\":\"ListItem\",\"position\":3,\"name\":\"Rocotex Rugoso\"}]},{\"@type\":\"WebSite\",\"@id\":\"https:\\\/\\\/pinturasrocor.com\\\/#website\",\"url\":\"https:\\\/\\\/pinturasrocor.com\\\/\",\"name\":\"Pinturas Rocor\",\"description\":\"Fabricaci\u00f3n de Pinturas, productos para pintores y mucho m\u00e1s\",\"potentialAction\":[{\"@type\":\"SearchAction\",\"target\":{\"@type\":\"EntryPoint\",\"urlTemplate\":\"https:\\\/\\\/pinturasrocor.com\\\/?s={search_term_string}\"},\"query-input\":{\"@type\":\"PropertyValueSpecification\",\"valueRequired\":true,\"valueName\":\"search_term_string\"}}],\"inLanguage\":\"fr-FR\"}]}<\/script>\n<!-- \/ Yoast SEO plugin. -->","yoast_head_json":{"title":"Rocotex Rugoso - Pinturas Rocor","description":"Pintura ROCOTEX RUGOSO, base acuosa sin plastificantes ni disolventes. Alta blancura y cubrici\u00f3n, impermeable y transpirable, ideal para fachadas exteriores, resistente a rayos UV y cambios de temperatura.","robots":{"index":"index","follow":"follow","max-snippet":"max-snippet:-1","max-image-preview":"max-image-preview:large","max-video-preview":"max-video-preview:-1"},"canonical":"https:\/\/pinturasrocor.com\/fr\/produit\/rocotex-rugoso\/","og_locale":"fr_FR","og_type":"article","og_title":"Rocotex Rugoso - Pinturas Rocor","og_description":"Pintura ROCOTEX RUGOSO, base acuosa sin plastificantes ni disolventes. Alta blancura y cubrici\u00f3n, impermeable y transpirable, ideal para fachadas exteriores, resistente a rayos UV y cambios de temperatura.","og_url":"https:\/\/pinturasrocor.com\/fr\/produit\/rocotex-rugoso\/","og_site_name":"Pinturas Rocor","article_modified_time":"2024-07-02T16:53:57+00:00","og_image":[{"width":800,"height":800,"url":"https:\/\/pinturasrocor.com\/wp-content\/uploads\/rugoso.png","type":"image\/png"}],"twitter_card":"summary_large_image","twitter_misc":{"Dur\u00e9e de lecture estim\u00e9e":"1 minute"},"schema":{"@context":"https:\/\/schema.org","@graph":[{"@type":"WebPage","@id":"https:\/\/pinturasrocor.com\/producto\/rocotex-rugoso\/","url":"https:\/\/pinturasrocor.com\/producto\/rocotex-rugoso\/","name":"Rocotex Rugoso - Pinturas Rocor","isPartOf":{"@id":"https:\/\/pinturasrocor.com\/#website"},"primaryImageOfPage":{"@id":"https:\/\/pinturasrocor.com\/producto\/rocotex-rugoso\/#primaryimage"},"image":{"@id":"https:\/\/pinturasrocor.com\/producto\/rocotex-rugoso\/#primaryimage"},"thumbnailUrl":"https:\/\/pinturasrocor.com\/wp-content\/uploads\/rugoso.png","datePublished":"2024-07-02T16:49:39+00:00","dateModified":"2024-07-02T16:53:57+00:00","description":"Pintura ROCOTEX RUGOSO, base acuosa sin plastificantes ni disolventes. Alta blancura y cubrici\u00f3n, impermeable y transpirable, ideal para fachadas exteriores, resistente a rayos UV y cambios de temperatura.","breadcrumb":{"@id":"https:\/\/pinturasrocor.com\/producto\/rocotex-rugoso\/#breadcrumb"},"inLanguage":"fr-FR","potentialAction":[{"@type":"ReadAction","target":["https:\/\/pinturasrocor.com\/producto\/rocotex-rugoso\/"]}]},{"@type":"ImageObject","inLanguage":"fr-FR","@id":"https:\/\/pinturasrocor.com\/producto\/rocotex-rugoso\/#primaryimage","url":"https:\/\/pinturasrocor.com\/wp-content\/uploads\/rugoso.png","contentUrl":"https:\/\/pinturasrocor.com\/wp-content\/uploads\/rugoso.png","width":800,"height":800,"caption":"rugoso"},{"@type":"BreadcrumbList","@id":"https:\/\/pinturasrocor.com\/producto\/rocotex-rugoso\/#breadcrumb","itemListElement":[{"@type":"ListItem","position":1,"name":"Portada","item":"https:\/\/pinturasrocor.com\/"},{"@type":"ListItem","position":2,"name":"Tienda","item":"https:\/\/pinturasrocor.com\/tienda\/"},{"@type":"ListItem","position":3,"name":"Rocotex Rugoso"}]},{"@type":"WebSite","@id":"https:\/\/pinturasrocor.com\/#website","url":"https:\/\/pinturasrocor.com\/","name":"Pinturas Rocor","description":"Fabricaci\u00f3n de Pinturas, productos para pintores y mucho m\u00e1s","potentialAction":[{"@type":"SearchAction","target":{"@type":"EntryPoint","urlTemplate":"https:\/\/pinturasrocor.com\/?s={search_term_string}"},"query-input":{"@type":"PropertyValueSpecification","valueRequired":true,"valueName":"search_term_string"}}],"inLanguage":"fr-FR"}]}},"_links":{"self":[{"href":"https:\/\/pinturasrocor.com\/fr\/wp-json\/wp\/v2\/product\/1536","targetHints":{"allow":["GET"]}}],"collection":[{"href":"https:\/\/pinturasrocor.com\/fr\/wp-json\/wp\/v2\/product"}],"about":[{"href":"https:\/\/pinturasrocor.com\/fr\/wp-json\/wp\/v2\/types\/product"}],"wp:featuredmedia":[{"embeddable":true,"href":"https:\/\/pinturasrocor.com\/fr\/wp-json\/wp\/v2\/media\/1537"}],"wp:attachment":[{"href":"https:\/\/pinturasrocor.com\/fr\/wp-json\/wp\/v2\/media?parent=1536"}],"wp:term":[{"taxonomy":"product_brand","embeddable":true,"href":"https:\/\/pinturasrocor.com\/fr\/wp-json\/wp\/v2\/product_brand?post=1536"},{"taxonomy":"product_cat","embeddable":true,"href":"https:\/\/pinturasrocor.com\/fr\/wp-json\/wp\/v2\/product_cat?post=1536"},{"taxonomy":"product_tag","embeddable":true,"href":"https:\/\/pinturasrocor.com\/fr\/wp-json\/wp\/v2\/product_tag?post=1536"}],"curies":[{"name":"wp","href":"https:\/\/api.w.org\/{rel}","templated":true}]}}