{"id":1531,"date":"2024-07-02T18:19:57","date_gmt":"2024-07-02T16:19:57","guid":{"rendered":"https:\/\/wp.pinturasrocor.com\/?post_type=product&#038;p=1531"},"modified":"2024-07-02T18:33:53","modified_gmt":"2024-07-02T16:33:53","slug":"revestimiento-elastico-elastomero","status":"publish","type":"product","link":"https:\/\/pinturasrocor.com\/fr\/produit\/revestimiento-elastico-elastomero\/","title":{"rendered":"Rev\u00eatement \u00e9lastique (\u00e9lastom\u00e8re)"},"content":{"rendered":"<h2>Propri\u00e9t\u00e9s<\/h2>\n<p>Imperm\u00e9abilit\u00e9 \u00e0 l'eau de pluie. Elastique, ne se fissure pas et ne se fendille pas en fonction des conditions et des dilatations du support dues aux changements de temp\u00e9rature, aux fissures et aux l\u00e9zardes. Bonne adh\u00e9rence aux mat\u00e9riaux de construction les plus courants. R\u00e9sistant aux effets des intemp\u00e9ries. Produit respirant et anti-verdissement.<\/p>\n<h2>Utilitaires<\/h2>\n<p>Il est indiqu\u00e9 pour l'imperm\u00e9abilisation et la protection de surfaces telles que les fa\u00e7ades, les murs mitoyens et les \"couteaux\", et toutes les couches de mortier o\u00f9 apparaissent de fines fissures, avec de faibles mouvements de contraction ou de dilatation en fonction des changements climatiques.<\/p>\n<h2>Application<\/h2>\n<p>- Homog\u00e9n\u00e9iser le contenu du r\u00e9cipient.<br \/>\n- Application au pinceau, au rouleau ou par pulv\u00e9risation.<br \/>\n- Les surfaces \u00e0 peindre doivent \u00eatre propres, s\u00e8ches et exemptes de poussi\u00e8re et de graisse.<br \/>\n- Appliquer une premi\u00e8re couche sur l'eau 30%, comme pont d'ancrage.<br \/>\n- Ensuite, deux couches dilu\u00e9es avec 15% d'eau sont appliqu\u00e9es.<br \/>\n- Ne pas peindre par temps de pluie et par des temp\u00e9ratures inf\u00e9rieures \u00e0 5\u00ba ou sup\u00e9rieures \u00e0 40\u00ba.<\/p>\n<p>&nbsp;<\/p>\n<p><a class=\"btn-download\" href=\"https:\/\/pinturasrocor.com\/wp-content\/uploads\/FICHA_TECNICA-REVEST._ELASTICO.pdf\" target=\"_blank\" rel=\"noopener nofollow\">T\u00e9l\u00e9charger la fiche technique<\/a> <a class=\"btn-download\" href=\"https:\/\/pinturasrocor.com\/wp-content\/uploads\/FICHA_SEG_SEMIELASTICO.pdf\" target=\"_blank\" rel=\"noopener nofollow\">T\u00e9l\u00e9charger la fiche de donn\u00e9es de s\u00e9curit\u00e9<\/a><\/p>","protected":false},"excerpt":{"rendered":"<p>Propiedades Impermeabilidad al agua de lluvia. El\u00e1stico no cuartea ni agrieta con las condiciones y dilataciones del soporte por los cambios de temperatura, puent\u00e9o de grietas y fisuras . Buena adherencia sobre los materiales de construcci\u00f3n m\u00e1s habituales. Resistente a los efectos de la intemperie .Producto transpirable y anti-verdin. Utilidades Est\u00e1 indicada para la impermeabilizaci\u00f3n [&hellip;]<\/p>","protected":false},"featured_media":1534,"template":"","meta":[],"product_brand":[],"product_cat":[42],"product_tag":[],"class_list":{"0":"post-1531","1":"product","2":"type-product","3":"status-publish","4":"has-post-thumbnail","6":"product_cat-revestimientos-de-fachada","8":"first","9":"instock","10":"virtual","11":"product-type-simple"},"yoast_head":"<!-- This site is optimized with the Yoast SEO plugin v27.3 - https:\/\/yoast.com\/product\/yoast-seo-wordpress\/ -->\n<title>Revestimiento El\u00e1stico (Elast\u00f3mero) - Pinturas Rocor<\/title>\n<meta name=\"description\" content=\"Pintura Los Molinos, ideal para exteriores, con excelente cubrici\u00f3n y blancura. Resistente a la intemperie, impermeable y el\u00e1stica. Transpirable y anti-verdin.\" \/>\n<meta name=\"robots\" content=\"index, follow, max-snippet:-1, max-image-preview:large, max-video-preview:-1\" \/>\n<link rel=\"canonical\" href=\"https:\/\/pinturasrocor.com\/fr\/produit\/revestimiento-elastico-elastomero\/\" \/>\n<meta property=\"og:locale\" content=\"fr_FR\" \/>\n<meta property=\"og:type\" content=\"article\" \/>\n<meta property=\"og:title\" content=\"Revestimiento El\u00e1stico (Elast\u00f3mero) - Pinturas Rocor\" \/>\n<meta property=\"og:description\" content=\"Pintura Los Molinos, ideal para exteriores, con excelente cubrici\u00f3n y blancura. Resistente a la intemperie, impermeable y el\u00e1stica. Transpirable y anti-verdin.\" \/>\n<meta property=\"og:url\" content=\"https:\/\/pinturasrocor.com\/fr\/produit\/revestimiento-elastico-elastomero\/\" \/>\n<meta property=\"og:site_name\" content=\"Pinturas Rocor\" \/>\n<meta property=\"article:modified_time\" content=\"2024-07-02T16:33:53+00:00\" \/>\n<meta property=\"og:image\" content=\"https:\/\/pinturasrocor.com\/wp-content\/uploads\/elastico.png\" \/>\n\t<meta property=\"og:image:width\" content=\"800\" \/>\n\t<meta property=\"og:image:height\" content=\"800\" \/>\n\t<meta property=\"og:image:type\" content=\"image\/png\" \/>\n<meta name=\"twitter:card\" content=\"summary_large_image\" \/>\n<meta name=\"twitter:label1\" content=\"Dur\u00e9e de lecture estim\u00e9e\" \/>\n\t<meta name=\"twitter:data1\" content=\"1 minute\" \/>\n<script type=\"application\/ld+json\" class=\"yoast-schema-graph\">{\"@context\":\"https:\\\/\\\/schema.org\",\"@graph\":[{\"@type\":\"WebPage\",\"@id\":\"https:\\\/\\\/pinturasrocor.com\\\/producto\\\/revestimiento-elastico-elastomero\\\/\",\"url\":\"https:\\\/\\\/pinturasrocor.com\\\/producto\\\/revestimiento-elastico-elastomero\\\/\",\"name\":\"Revestimiento El\u00e1stico (Elast\u00f3mero) - Pinturas Rocor\",\"isPartOf\":{\"@id\":\"https:\\\/\\\/pinturasrocor.com\\\/#website\"},\"primaryImageOfPage\":{\"@id\":\"https:\\\/\\\/pinturasrocor.com\\\/producto\\\/revestimiento-elastico-elastomero\\\/#primaryimage\"},\"image\":{\"@id\":\"https:\\\/\\\/pinturasrocor.com\\\/producto\\\/revestimiento-elastico-elastomero\\\/#primaryimage\"},\"thumbnailUrl\":\"https:\\\/\\\/pinturasrocor.com\\\/wp-content\\\/uploads\\\/elastico.png\",\"datePublished\":\"2024-07-02T16:19:57+00:00\",\"dateModified\":\"2024-07-02T16:33:53+00:00\",\"description\":\"Pintura Los Molinos, ideal para exteriores, con excelente cubrici\u00f3n y blancura. Resistente a la intemperie, impermeable y el\u00e1stica. Transpirable y anti-verdin.\",\"breadcrumb\":{\"@id\":\"https:\\\/\\\/pinturasrocor.com\\\/producto\\\/revestimiento-elastico-elastomero\\\/#breadcrumb\"},\"inLanguage\":\"fr-FR\",\"potentialAction\":[{\"@type\":\"ReadAction\",\"target\":[\"https:\\\/\\\/pinturasrocor.com\\\/producto\\\/revestimiento-elastico-elastomero\\\/\"]}]},{\"@type\":\"ImageObject\",\"inLanguage\":\"fr-FR\",\"@id\":\"https:\\\/\\\/pinturasrocor.com\\\/producto\\\/revestimiento-elastico-elastomero\\\/#primaryimage\",\"url\":\"https:\\\/\\\/pinturasrocor.com\\\/wp-content\\\/uploads\\\/elastico.png\",\"contentUrl\":\"https:\\\/\\\/pinturasrocor.com\\\/wp-content\\\/uploads\\\/elastico.png\",\"width\":800,\"height\":800,\"caption\":\"elastico\"},{\"@type\":\"BreadcrumbList\",\"@id\":\"https:\\\/\\\/pinturasrocor.com\\\/producto\\\/revestimiento-elastico-elastomero\\\/#breadcrumb\",\"itemListElement\":[{\"@type\":\"ListItem\",\"position\":1,\"name\":\"Portada\",\"item\":\"https:\\\/\\\/pinturasrocor.com\\\/\"},{\"@type\":\"ListItem\",\"position\":2,\"name\":\"Tienda\",\"item\":\"https:\\\/\\\/pinturasrocor.com\\\/tienda\\\/\"},{\"@type\":\"ListItem\",\"position\":3,\"name\":\"Revestimiento El\u00e1stico (Elast\u00f3mero)\"}]},{\"@type\":\"WebSite\",\"@id\":\"https:\\\/\\\/pinturasrocor.com\\\/#website\",\"url\":\"https:\\\/\\\/pinturasrocor.com\\\/\",\"name\":\"Pinturas Rocor\",\"description\":\"Fabricaci\u00f3n de Pinturas, productos para pintores y mucho m\u00e1s\",\"potentialAction\":[{\"@type\":\"SearchAction\",\"target\":{\"@type\":\"EntryPoint\",\"urlTemplate\":\"https:\\\/\\\/pinturasrocor.com\\\/?s={search_term_string}\"},\"query-input\":{\"@type\":\"PropertyValueSpecification\",\"valueRequired\":true,\"valueName\":\"search_term_string\"}}],\"inLanguage\":\"fr-FR\"}]}<\/script>\n<!-- \/ Yoast SEO plugin. -->","yoast_head_json":{"title":"Revestimiento El\u00e1stico (Elast\u00f3mero) - Pinturas Rocor","description":"Pintura Los Molinos, ideal para exteriores, con excelente cubrici\u00f3n y blancura. Resistente a la intemperie, impermeable y el\u00e1stica. Transpirable y anti-verdin.","robots":{"index":"index","follow":"follow","max-snippet":"max-snippet:-1","max-image-preview":"max-image-preview:large","max-video-preview":"max-video-preview:-1"},"canonical":"https:\/\/pinturasrocor.com\/fr\/produit\/revestimiento-elastico-elastomero\/","og_locale":"fr_FR","og_type":"article","og_title":"Revestimiento El\u00e1stico (Elast\u00f3mero) - Pinturas Rocor","og_description":"Pintura Los Molinos, ideal para exteriores, con excelente cubrici\u00f3n y blancura. Resistente a la intemperie, impermeable y el\u00e1stica. Transpirable y anti-verdin.","og_url":"https:\/\/pinturasrocor.com\/fr\/produit\/revestimiento-elastico-elastomero\/","og_site_name":"Pinturas Rocor","article_modified_time":"2024-07-02T16:33:53+00:00","og_image":[{"width":800,"height":800,"url":"https:\/\/pinturasrocor.com\/wp-content\/uploads\/elastico.png","type":"image\/png"}],"twitter_card":"summary_large_image","twitter_misc":{"Dur\u00e9e de lecture estim\u00e9e":"1 minute"},"schema":{"@context":"https:\/\/schema.org","@graph":[{"@type":"WebPage","@id":"https:\/\/pinturasrocor.com\/producto\/revestimiento-elastico-elastomero\/","url":"https:\/\/pinturasrocor.com\/producto\/revestimiento-elastico-elastomero\/","name":"Revestimiento El\u00e1stico (Elast\u00f3mero) - Pinturas Rocor","isPartOf":{"@id":"https:\/\/pinturasrocor.com\/#website"},"primaryImageOfPage":{"@id":"https:\/\/pinturasrocor.com\/producto\/revestimiento-elastico-elastomero\/#primaryimage"},"image":{"@id":"https:\/\/pinturasrocor.com\/producto\/revestimiento-elastico-elastomero\/#primaryimage"},"thumbnailUrl":"https:\/\/pinturasrocor.com\/wp-content\/uploads\/elastico.png","datePublished":"2024-07-02T16:19:57+00:00","dateModified":"2024-07-02T16:33:53+00:00","description":"Pintura Los Molinos, ideal para exteriores, con excelente cubrici\u00f3n y blancura. Resistente a la intemperie, impermeable y el\u00e1stica. Transpirable y anti-verdin.","breadcrumb":{"@id":"https:\/\/pinturasrocor.com\/producto\/revestimiento-elastico-elastomero\/#breadcrumb"},"inLanguage":"fr-FR","potentialAction":[{"@type":"ReadAction","target":["https:\/\/pinturasrocor.com\/producto\/revestimiento-elastico-elastomero\/"]}]},{"@type":"ImageObject","inLanguage":"fr-FR","@id":"https:\/\/pinturasrocor.com\/producto\/revestimiento-elastico-elastomero\/#primaryimage","url":"https:\/\/pinturasrocor.com\/wp-content\/uploads\/elastico.png","contentUrl":"https:\/\/pinturasrocor.com\/wp-content\/uploads\/elastico.png","width":800,"height":800,"caption":"elastico"},{"@type":"BreadcrumbList","@id":"https:\/\/pinturasrocor.com\/producto\/revestimiento-elastico-elastomero\/#breadcrumb","itemListElement":[{"@type":"ListItem","position":1,"name":"Portada","item":"https:\/\/pinturasrocor.com\/"},{"@type":"ListItem","position":2,"name":"Tienda","item":"https:\/\/pinturasrocor.com\/tienda\/"},{"@type":"ListItem","position":3,"name":"Revestimiento El\u00e1stico (Elast\u00f3mero)"}]},{"@type":"WebSite","@id":"https:\/\/pinturasrocor.com\/#website","url":"https:\/\/pinturasrocor.com\/","name":"Pinturas Rocor","description":"Fabricaci\u00f3n de Pinturas, productos para pintores y mucho m\u00e1s","potentialAction":[{"@type":"SearchAction","target":{"@type":"EntryPoint","urlTemplate":"https:\/\/pinturasrocor.com\/?s={search_term_string}"},"query-input":{"@type":"PropertyValueSpecification","valueRequired":true,"valueName":"search_term_string"}}],"inLanguage":"fr-FR"}]}},"_links":{"self":[{"href":"https:\/\/pinturasrocor.com\/fr\/wp-json\/wp\/v2\/product\/1531","targetHints":{"allow":["GET"]}}],"collection":[{"href":"https:\/\/pinturasrocor.com\/fr\/wp-json\/wp\/v2\/product"}],"about":[{"href":"https:\/\/pinturasrocor.com\/fr\/wp-json\/wp\/v2\/types\/product"}],"wp:featuredmedia":[{"embeddable":true,"href":"https:\/\/pinturasrocor.com\/fr\/wp-json\/wp\/v2\/media\/1534"}],"wp:attachment":[{"href":"https:\/\/pinturasrocor.com\/fr\/wp-json\/wp\/v2\/media?parent=1531"}],"wp:term":[{"taxonomy":"product_brand","embeddable":true,"href":"https:\/\/pinturasrocor.com\/fr\/wp-json\/wp\/v2\/product_brand?post=1531"},{"taxonomy":"product_cat","embeddable":true,"href":"https:\/\/pinturasrocor.com\/fr\/wp-json\/wp\/v2\/product_cat?post=1531"},{"taxonomy":"product_tag","embeddable":true,"href":"https:\/\/pinturasrocor.com\/fr\/wp-json\/wp\/v2\/product_tag?post=1531"}],"curies":[{"name":"wp","href":"https:\/\/api.w.org\/{rel}","templated":true}]}}