{"id":1527,"date":"2024-07-02T18:09:38","date_gmt":"2024-07-02T16:09:38","guid":{"rendered":"https:\/\/wp.pinturasrocor.com\/?post_type=product&#038;p=1527"},"modified":"2024-07-02T18:18:45","modified_gmt":"2024-07-02T16:18:45","slug":"rocotex-los-molinos","status":"publish","type":"product","link":"https:\/\/pinturasrocor.com\/fr\/produit\/rocotex-los-molinos\/","title":{"rendered":"Rocotex Los Molinos"},"content":{"rendered":"<p>Il s'agit d'une peinture \u00e0 base d'eau avec un tr\u00e8s bon pouvoir couvrant et une tr\u00e8s bonne blancheur. Elle est compos\u00e9e de dispersions acryliques styr\u00e9niques exemptes de plastifiants et de solvants.<\/p>\n<h2>Application<\/h2>\n<p>Le rev\u00eatement lisse Los Molinos est adapt\u00e9 \u00e0 l'application sur les ext\u00e9rieurs, les patios, les fa\u00e7ades, avec une excellente imperm\u00e9abilit\u00e9 et blancheur.<\/p>\n<h2>Mode d'emploi<\/h2>\n<p>Au pistolet, au rouleau, au pinceau, etc. En cas de projection \u00e0 l'ext\u00e9rieur, il est conseill\u00e9 d'\u00e9liminer les restes de vieille peinture ou de peinture en mauvais \u00e9tat, tels que : poussi\u00e8re, salp\u00eatre, graisse, etc. Il est \u00e9galement recommand\u00e9 d'appliquer un fixateur acrylique pour assurer la fixation des \u00e9ventuels restes mentionn\u00e9s ci-dessus. Sur le pl\u00e2tre, l'enduit, le ciment ou le bois, il est pr\u00e9f\u00e9rable d'appliquer une couche de scellant synth\u00e9tique ou de fixateur.<\/p>\n<p>&nbsp;<\/p>\n<p><a class=\"btn-download\" href=\"https:\/\/pinturasrocor.com\/wp-content\/uploads\/MOLINOS_F.TECNICA.pdf\" target=\"_blank\" rel=\"noopener nofollow\">T\u00e9l\u00e9charger la fiche technique<\/a><\/p>","protected":false},"excerpt":{"rendered":"<p>Il s'agit d'une peinture \u00e0 base d'eau avec un tr\u00e8s bon pouvoir couvrant et une tr\u00e8s bonne blancheur. Elle est compos\u00e9e de dispersions acryliques styr\u00e9niques exemptes de plastifiants et de solvants. Application L'enduit lisse Los Molinos est adapt\u00e9 \u00e0 l'application sur les ext\u00e9rieurs, les terrasses, les fa\u00e7ades, tout en conservant une excellente imperm\u00e9abilit\u00e9 et blancheur. Mode d'emploi Au pistolet, au rouleau, [...]<\/p>","protected":false},"featured_media":1529,"template":"","meta":[],"product_brand":[],"product_cat":[42],"product_tag":[],"class_list":{"0":"post-1527","1":"product","2":"type-product","3":"status-publish","4":"has-post-thumbnail","6":"product_cat-revestimientos-de-fachada","8":"first","9":"instock","10":"virtual","11":"product-type-simple"},"yoast_head":"<!-- This site is optimized with the Yoast SEO plugin v27.3 - https:\/\/yoast.com\/product\/yoast-seo-wordpress\/ -->\n<title>Rocotex Los Molinos - Pinturas Rocor<\/title>\n<meta name=\"description\" content=\"Pintura acuosa Rocotex Sancho, ideal para exteriores, patios y fachadas. Ofrece excelente cubrici\u00f3n, blancura e impermeabilidad. Sin plastificantes ni disolventes.Pintura acuosa Los Molinos con excelente cubrici\u00f3n y blancura. Ideal para exteriores, patios y fachadas, ofrece gran impermeabilidad. Sin plastificantes ni disolventes.\" \/>\n<meta name=\"robots\" content=\"index, follow, max-snippet:-1, max-image-preview:large, max-video-preview:-1\" \/>\n<link rel=\"canonical\" href=\"https:\/\/pinturasrocor.com\/fr\/produit\/rocotex-los-molinos\/\" \/>\n<meta property=\"og:locale\" content=\"fr_FR\" \/>\n<meta property=\"og:type\" content=\"article\" \/>\n<meta property=\"og:title\" content=\"Rocotex Los Molinos - Pinturas Rocor\" \/>\n<meta property=\"og:description\" content=\"Pintura acuosa Rocotex Sancho, ideal para exteriores, patios y fachadas. Ofrece excelente cubrici\u00f3n, blancura e impermeabilidad. Sin plastificantes ni disolventes.Pintura acuosa Los Molinos con excelente cubrici\u00f3n y blancura. Ideal para exteriores, patios y fachadas, ofrece gran impermeabilidad. Sin plastificantes ni disolventes.\" \/>\n<meta property=\"og:url\" content=\"https:\/\/pinturasrocor.com\/fr\/produit\/rocotex-los-molinos\/\" \/>\n<meta property=\"og:site_name\" content=\"Pinturas Rocor\" \/>\n<meta property=\"article:modified_time\" content=\"2024-07-02T16:18:45+00:00\" \/>\n<meta property=\"og:image\" content=\"https:\/\/pinturasrocor.com\/wp-content\/uploads\/molinos.png\" \/>\n\t<meta property=\"og:image:width\" content=\"800\" \/>\n\t<meta property=\"og:image:height\" content=\"800\" \/>\n\t<meta property=\"og:image:type\" content=\"image\/png\" \/>\n<meta name=\"twitter:card\" content=\"summary_large_image\" \/>\n<meta name=\"twitter:label1\" content=\"Dur\u00e9e de lecture estim\u00e9e\" \/>\n\t<meta name=\"twitter:data1\" content=\"1 minute\" \/>\n<script type=\"application\/ld+json\" class=\"yoast-schema-graph\">{\"@context\":\"https:\\\/\\\/schema.org\",\"@graph\":[{\"@type\":\"WebPage\",\"@id\":\"https:\\\/\\\/pinturasrocor.com\\\/producto\\\/rocotex-los-molinos\\\/\",\"url\":\"https:\\\/\\\/pinturasrocor.com\\\/producto\\\/rocotex-los-molinos\\\/\",\"name\":\"Rocotex Los Molinos - Pinturas Rocor\",\"isPartOf\":{\"@id\":\"https:\\\/\\\/pinturasrocor.com\\\/#website\"},\"primaryImageOfPage\":{\"@id\":\"https:\\\/\\\/pinturasrocor.com\\\/producto\\\/rocotex-los-molinos\\\/#primaryimage\"},\"image\":{\"@id\":\"https:\\\/\\\/pinturasrocor.com\\\/producto\\\/rocotex-los-molinos\\\/#primaryimage\"},\"thumbnailUrl\":\"https:\\\/\\\/pinturasrocor.com\\\/wp-content\\\/uploads\\\/molinos.png\",\"datePublished\":\"2024-07-02T16:09:38+00:00\",\"dateModified\":\"2024-07-02T16:18:45+00:00\",\"description\":\"Pintura acuosa Rocotex Sancho, ideal para exteriores, patios y fachadas. Ofrece excelente cubrici\u00f3n, blancura e impermeabilidad. Sin plastificantes ni disolventes.Pintura acuosa Los Molinos con excelente cubrici\u00f3n y blancura. Ideal para exteriores, patios y fachadas, ofrece gran impermeabilidad. Sin plastificantes ni disolventes.\",\"breadcrumb\":{\"@id\":\"https:\\\/\\\/pinturasrocor.com\\\/producto\\\/rocotex-los-molinos\\\/#breadcrumb\"},\"inLanguage\":\"fr-FR\",\"potentialAction\":[{\"@type\":\"ReadAction\",\"target\":[\"https:\\\/\\\/pinturasrocor.com\\\/producto\\\/rocotex-los-molinos\\\/\"]}]},{\"@type\":\"ImageObject\",\"inLanguage\":\"fr-FR\",\"@id\":\"https:\\\/\\\/pinturasrocor.com\\\/producto\\\/rocotex-los-molinos\\\/#primaryimage\",\"url\":\"https:\\\/\\\/pinturasrocor.com\\\/wp-content\\\/uploads\\\/molinos.png\",\"contentUrl\":\"https:\\\/\\\/pinturasrocor.com\\\/wp-content\\\/uploads\\\/molinos.png\",\"width\":800,\"height\":800,\"caption\":\"molinos\"},{\"@type\":\"BreadcrumbList\",\"@id\":\"https:\\\/\\\/pinturasrocor.com\\\/producto\\\/rocotex-los-molinos\\\/#breadcrumb\",\"itemListElement\":[{\"@type\":\"ListItem\",\"position\":1,\"name\":\"Portada\",\"item\":\"https:\\\/\\\/pinturasrocor.com\\\/\"},{\"@type\":\"ListItem\",\"position\":2,\"name\":\"Tienda\",\"item\":\"https:\\\/\\\/pinturasrocor.com\\\/tienda\\\/\"},{\"@type\":\"ListItem\",\"position\":3,\"name\":\"Rocotex Los Molinos\"}]},{\"@type\":\"WebSite\",\"@id\":\"https:\\\/\\\/pinturasrocor.com\\\/#website\",\"url\":\"https:\\\/\\\/pinturasrocor.com\\\/\",\"name\":\"Pinturas Rocor\",\"description\":\"Fabricaci\u00f3n de Pinturas, productos para pintores y mucho m\u00e1s\",\"potentialAction\":[{\"@type\":\"SearchAction\",\"target\":{\"@type\":\"EntryPoint\",\"urlTemplate\":\"https:\\\/\\\/pinturasrocor.com\\\/?s={search_term_string}\"},\"query-input\":{\"@type\":\"PropertyValueSpecification\",\"valueRequired\":true,\"valueName\":\"search_term_string\"}}],\"inLanguage\":\"fr-FR\"}]}<\/script>\n<!-- \/ Yoast SEO plugin. -->","yoast_head_json":{"title":"Rocotex Los Molinos - Pinturas Rocor","description":"Pintura acuosa Rocotex Sancho, ideal para exteriores, patios y fachadas. Ofrece excelente cubrici\u00f3n, blancura e impermeabilidad. Sin plastificantes ni disolventes.Pintura acuosa Los Molinos con excelente cubrici\u00f3n y blancura. Ideal para exteriores, patios y fachadas, ofrece gran impermeabilidad. Sin plastificantes ni disolventes.","robots":{"index":"index","follow":"follow","max-snippet":"max-snippet:-1","max-image-preview":"max-image-preview:large","max-video-preview":"max-video-preview:-1"},"canonical":"https:\/\/pinturasrocor.com\/fr\/produit\/rocotex-los-molinos\/","og_locale":"fr_FR","og_type":"article","og_title":"Rocotex Los Molinos - Pinturas Rocor","og_description":"Pintura acuosa Rocotex Sancho, ideal para exteriores, patios y fachadas. Ofrece excelente cubrici\u00f3n, blancura e impermeabilidad. Sin plastificantes ni disolventes.Pintura acuosa Los Molinos con excelente cubrici\u00f3n y blancura. Ideal para exteriores, patios y fachadas, ofrece gran impermeabilidad. Sin plastificantes ni disolventes.","og_url":"https:\/\/pinturasrocor.com\/fr\/produit\/rocotex-los-molinos\/","og_site_name":"Pinturas Rocor","article_modified_time":"2024-07-02T16:18:45+00:00","og_image":[{"width":800,"height":800,"url":"https:\/\/pinturasrocor.com\/wp-content\/uploads\/molinos.png","type":"image\/png"}],"twitter_card":"summary_large_image","twitter_misc":{"Dur\u00e9e de lecture estim\u00e9e":"1 minute"},"schema":{"@context":"https:\/\/schema.org","@graph":[{"@type":"WebPage","@id":"https:\/\/pinturasrocor.com\/producto\/rocotex-los-molinos\/","url":"https:\/\/pinturasrocor.com\/producto\/rocotex-los-molinos\/","name":"Rocotex Los Molinos - Pinturas Rocor","isPartOf":{"@id":"https:\/\/pinturasrocor.com\/#website"},"primaryImageOfPage":{"@id":"https:\/\/pinturasrocor.com\/producto\/rocotex-los-molinos\/#primaryimage"},"image":{"@id":"https:\/\/pinturasrocor.com\/producto\/rocotex-los-molinos\/#primaryimage"},"thumbnailUrl":"https:\/\/pinturasrocor.com\/wp-content\/uploads\/molinos.png","datePublished":"2024-07-02T16:09:38+00:00","dateModified":"2024-07-02T16:18:45+00:00","description":"Pintura acuosa Rocotex Sancho, ideal para exteriores, patios y fachadas. Ofrece excelente cubrici\u00f3n, blancura e impermeabilidad. Sin plastificantes ni disolventes.Pintura acuosa Los Molinos con excelente cubrici\u00f3n y blancura. Ideal para exteriores, patios y fachadas, ofrece gran impermeabilidad. Sin plastificantes ni disolventes.","breadcrumb":{"@id":"https:\/\/pinturasrocor.com\/producto\/rocotex-los-molinos\/#breadcrumb"},"inLanguage":"fr-FR","potentialAction":[{"@type":"ReadAction","target":["https:\/\/pinturasrocor.com\/producto\/rocotex-los-molinos\/"]}]},{"@type":"ImageObject","inLanguage":"fr-FR","@id":"https:\/\/pinturasrocor.com\/producto\/rocotex-los-molinos\/#primaryimage","url":"https:\/\/pinturasrocor.com\/wp-content\/uploads\/molinos.png","contentUrl":"https:\/\/pinturasrocor.com\/wp-content\/uploads\/molinos.png","width":800,"height":800,"caption":"molinos"},{"@type":"BreadcrumbList","@id":"https:\/\/pinturasrocor.com\/producto\/rocotex-los-molinos\/#breadcrumb","itemListElement":[{"@type":"ListItem","position":1,"name":"Portada","item":"https:\/\/pinturasrocor.com\/"},{"@type":"ListItem","position":2,"name":"Tienda","item":"https:\/\/pinturasrocor.com\/tienda\/"},{"@type":"ListItem","position":3,"name":"Rocotex Los Molinos"}]},{"@type":"WebSite","@id":"https:\/\/pinturasrocor.com\/#website","url":"https:\/\/pinturasrocor.com\/","name":"Pinturas Rocor","description":"Fabricaci\u00f3n de Pinturas, productos para pintores y mucho m\u00e1s","potentialAction":[{"@type":"SearchAction","target":{"@type":"EntryPoint","urlTemplate":"https:\/\/pinturasrocor.com\/?s={search_term_string}"},"query-input":{"@type":"PropertyValueSpecification","valueRequired":true,"valueName":"search_term_string"}}],"inLanguage":"fr-FR"}]}},"_links":{"self":[{"href":"https:\/\/pinturasrocor.com\/fr\/wp-json\/wp\/v2\/product\/1527","targetHints":{"allow":["GET"]}}],"collection":[{"href":"https:\/\/pinturasrocor.com\/fr\/wp-json\/wp\/v2\/product"}],"about":[{"href":"https:\/\/pinturasrocor.com\/fr\/wp-json\/wp\/v2\/types\/product"}],"wp:featuredmedia":[{"embeddable":true,"href":"https:\/\/pinturasrocor.com\/fr\/wp-json\/wp\/v2\/media\/1529"}],"wp:attachment":[{"href":"https:\/\/pinturasrocor.com\/fr\/wp-json\/wp\/v2\/media?parent=1527"}],"wp:term":[{"taxonomy":"product_brand","embeddable":true,"href":"https:\/\/pinturasrocor.com\/fr\/wp-json\/wp\/v2\/product_brand?post=1527"},{"taxonomy":"product_cat","embeddable":true,"href":"https:\/\/pinturasrocor.com\/fr\/wp-json\/wp\/v2\/product_cat?post=1527"},{"taxonomy":"product_tag","embeddable":true,"href":"https:\/\/pinturasrocor.com\/fr\/wp-json\/wp\/v2\/product_tag?post=1527"}],"curies":[{"name":"wp","href":"https:\/\/api.w.org\/{rel}","templated":true}]}}