{"id":1521,"date":"2024-07-02T17:47:45","date_gmt":"2024-07-02T15:47:45","guid":{"rendered":"https:\/\/wp.pinturasrocor.com\/?post_type=product&#038;p=1521"},"modified":"2024-07-02T18:00:53","modified_gmt":"2024-07-02T16:00:53","slug":"rocotex-don-quijote","status":"publish","type":"product","link":"https:\/\/pinturasrocor.com\/fr\/produit\/rocotex-don-quijote\/","title":{"rendered":"Rocotex Don Quichotte"},"content":{"rendered":"<p>Il s'agit d'une peinture \u00e0 base d'eau avec un tr\u00e8s bon pouvoir couvrant et une tr\u00e8s bonne blancheur. Elle est compos\u00e9e de dispersions acryliques styr\u00e9niques exemptes de plastifiants et de solvants.<\/p>\n<h2>Application<\/h2>\n<p>Revestimiento Don Quijote est adapt\u00e9 \u00e0 l'application sur les ext\u00e9rieurs, les terrasses et les fa\u00e7ades, offrant une excellente imperm\u00e9abilisation et une grande blancheur. Gr\u00e2ce \u00e0 sa formulation, il permet \u00e0 l'humidit\u00e9 int\u00e9rieure de s'\u00e9chapper, mais l'humidit\u00e9 ext\u00e9rieure ne p\u00e9n\u00e8tre pas (produit respirant).<\/p>\n<h2>Mode d'emploi<\/h2>\n<p>Application au pistolet, au rouleau, au pinceau, etc. S'il est projet\u00e9 \u00e0 l'ext\u00e9rieur, il est conseill\u00e9 d'enlever les restes de vieille peinture en mauvais \u00e9tat, ainsi que la poussi\u00e8re, le salp\u00eatre, la graisse, etc. Il est \u00e9galement recommand\u00e9 d'appliquer un fixateur acrylique pour assurer la fixation des \u00e9ventuels restes mentionn\u00e9s ci-dessus. Sur le pl\u00e2tre, l'enduit ou le bois, il est pr\u00e9f\u00e9rable d'appliquer une couche de scellant synth\u00e9tique.<\/p>\n<p>&nbsp;<\/p>\n<p><a class=\"btn-download\" href=\"https:\/\/pinturasrocor.com\/wp-content\/uploads\/FICHA_TECNICA_QUIJOTE.pdf\" target=\"_blank\" rel=\"noopener nofollow\">T\u00e9l\u00e9charger la fiche technique<\/a> <a class=\"btn-download\" href=\"https:\/\/pinturasrocor.com\/wp-content\/uploads\/QUIJOTE_FICHA_SEG.pdf\" target=\"_blank\" rel=\"noopener nofollow\">T\u00e9l\u00e9charger la fiche de donn\u00e9es de s\u00e9curit\u00e9<\/a><\/p>","protected":false},"excerpt":{"rendered":"<p>Es una pintura de base acuosa de cubrici\u00f3n y blancura muy buena. Su elaboraci\u00f3n est\u00e1 formada por dispersiones acr\u00edlico estirenadas libres de plastificantes y disolventes. Aplicaci\u00f3n El Revestimiento Don Quijote es el apropiado para aplicarse en exteriores, patios, fachadas, quedando una impermeabilidad y blancura excelente. Por su formulaci\u00f3n permite que la humedad interior salga para [&hellip;]<\/p>","protected":false},"featured_media":1522,"template":"","meta":[],"product_brand":[],"product_cat":[42],"product_tag":[],"class_list":{"0":"post-1521","1":"product","2":"type-product","3":"status-publish","4":"has-post-thumbnail","6":"product_cat-revestimientos-de-fachada","8":"first","9":"instock","10":"virtual","11":"product-type-simple"},"yoast_head":"<!-- This site is optimized with the Yoast SEO plugin v27.4 - https:\/\/yoast.com\/product\/yoast-seo-wordpress\/ -->\n<title>Rocotex Don Quijote - Pinturas Rocor<\/title>\n<meta name=\"description\" content=\"Pintura acuosa con excelente cubrici\u00f3n y blancura, formulada sin plastificantes ni disolventes. Ideal para exteriores, patios y fachadas.\" \/>\n<meta name=\"robots\" content=\"index, follow, max-snippet:-1, max-image-preview:large, max-video-preview:-1\" \/>\n<link rel=\"canonical\" href=\"https:\/\/pinturasrocor.com\/fr\/produit\/rocotex-don-quijote\/\" \/>\n<meta property=\"og:locale\" content=\"fr_FR\" \/>\n<meta property=\"og:type\" content=\"article\" \/>\n<meta property=\"og:title\" content=\"Rocotex Don Quijote - Pinturas Rocor\" \/>\n<meta property=\"og:description\" content=\"Pintura acuosa con excelente cubrici\u00f3n y blancura, formulada sin plastificantes ni disolventes. Ideal para exteriores, patios y fachadas.\" \/>\n<meta property=\"og:url\" content=\"https:\/\/pinturasrocor.com\/fr\/produit\/rocotex-don-quijote\/\" \/>\n<meta property=\"og:site_name\" content=\"Pinturas Rocor\" \/>\n<meta property=\"article:modified_time\" content=\"2024-07-02T16:00:53+00:00\" \/>\n<meta property=\"og:image\" content=\"https:\/\/pinturasrocor.com\/wp-content\/uploads\/quijote.png\" \/>\n\t<meta property=\"og:image:width\" content=\"800\" \/>\n\t<meta property=\"og:image:height\" content=\"800\" \/>\n\t<meta property=\"og:image:type\" content=\"image\/png\" \/>\n<meta name=\"twitter:card\" content=\"summary_large_image\" \/>\n<meta name=\"twitter:label1\" content=\"Dur\u00e9e de lecture estim\u00e9e\" \/>\n\t<meta name=\"twitter:data1\" content=\"1 minute\" \/>\n<script type=\"application\/ld+json\" class=\"yoast-schema-graph\">{\"@context\":\"https:\\\/\\\/schema.org\",\"@graph\":[{\"@type\":\"WebPage\",\"@id\":\"https:\\\/\\\/pinturasrocor.com\\\/producto\\\/rocotex-don-quijote\\\/\",\"url\":\"https:\\\/\\\/pinturasrocor.com\\\/producto\\\/rocotex-don-quijote\\\/\",\"name\":\"Rocotex Don Quijote - Pinturas Rocor\",\"isPartOf\":{\"@id\":\"https:\\\/\\\/pinturasrocor.com\\\/#website\"},\"primaryImageOfPage\":{\"@id\":\"https:\\\/\\\/pinturasrocor.com\\\/producto\\\/rocotex-don-quijote\\\/#primaryimage\"},\"image\":{\"@id\":\"https:\\\/\\\/pinturasrocor.com\\\/producto\\\/rocotex-don-quijote\\\/#primaryimage\"},\"thumbnailUrl\":\"https:\\\/\\\/pinturasrocor.com\\\/wp-content\\\/uploads\\\/quijote.png\",\"datePublished\":\"2024-07-02T15:47:45+00:00\",\"dateModified\":\"2024-07-02T16:00:53+00:00\",\"description\":\"Pintura acuosa con excelente cubrici\u00f3n y blancura, formulada sin plastificantes ni disolventes. Ideal para exteriores, patios y fachadas.\",\"breadcrumb\":{\"@id\":\"https:\\\/\\\/pinturasrocor.com\\\/producto\\\/rocotex-don-quijote\\\/#breadcrumb\"},\"inLanguage\":\"fr-FR\",\"potentialAction\":[{\"@type\":\"ReadAction\",\"target\":[\"https:\\\/\\\/pinturasrocor.com\\\/producto\\\/rocotex-don-quijote\\\/\"]}]},{\"@type\":\"ImageObject\",\"inLanguage\":\"fr-FR\",\"@id\":\"https:\\\/\\\/pinturasrocor.com\\\/producto\\\/rocotex-don-quijote\\\/#primaryimage\",\"url\":\"https:\\\/\\\/pinturasrocor.com\\\/wp-content\\\/uploads\\\/quijote.png\",\"contentUrl\":\"https:\\\/\\\/pinturasrocor.com\\\/wp-content\\\/uploads\\\/quijote.png\",\"width\":800,\"height\":800,\"caption\":\"quijote\"},{\"@type\":\"BreadcrumbList\",\"@id\":\"https:\\\/\\\/pinturasrocor.com\\\/producto\\\/rocotex-don-quijote\\\/#breadcrumb\",\"itemListElement\":[{\"@type\":\"ListItem\",\"position\":1,\"name\":\"Portada\",\"item\":\"https:\\\/\\\/pinturasrocor.com\\\/\"},{\"@type\":\"ListItem\",\"position\":2,\"name\":\"Tienda\",\"item\":\"https:\\\/\\\/pinturasrocor.com\\\/tienda\\\/\"},{\"@type\":\"ListItem\",\"position\":3,\"name\":\"Rocotex Don Quijote\"}]},{\"@type\":\"WebSite\",\"@id\":\"https:\\\/\\\/pinturasrocor.com\\\/#website\",\"url\":\"https:\\\/\\\/pinturasrocor.com\\\/\",\"name\":\"Pinturas Rocor\",\"description\":\"Fabricaci\u00f3n de Pinturas, productos para pintores y mucho m\u00e1s\",\"potentialAction\":[{\"@type\":\"SearchAction\",\"target\":{\"@type\":\"EntryPoint\",\"urlTemplate\":\"https:\\\/\\\/pinturasrocor.com\\\/?s={search_term_string}\"},\"query-input\":{\"@type\":\"PropertyValueSpecification\",\"valueRequired\":true,\"valueName\":\"search_term_string\"}}],\"inLanguage\":\"fr-FR\"}]}<\/script>\n<!-- \/ Yoast SEO plugin. -->","yoast_head_json":{"title":"Rocotex Don Quijote - Pinturas Rocor","description":"Pintura acuosa con excelente cubrici\u00f3n y blancura, formulada sin plastificantes ni disolventes. Ideal para exteriores, patios y fachadas.","robots":{"index":"index","follow":"follow","max-snippet":"max-snippet:-1","max-image-preview":"max-image-preview:large","max-video-preview":"max-video-preview:-1"},"canonical":"https:\/\/pinturasrocor.com\/fr\/produit\/rocotex-don-quijote\/","og_locale":"fr_FR","og_type":"article","og_title":"Rocotex Don Quijote - Pinturas Rocor","og_description":"Pintura acuosa con excelente cubrici\u00f3n y blancura, formulada sin plastificantes ni disolventes. Ideal para exteriores, patios y fachadas.","og_url":"https:\/\/pinturasrocor.com\/fr\/produit\/rocotex-don-quijote\/","og_site_name":"Pinturas Rocor","article_modified_time":"2024-07-02T16:00:53+00:00","og_image":[{"width":800,"height":800,"url":"https:\/\/pinturasrocor.com\/wp-content\/uploads\/quijote.png","type":"image\/png"}],"twitter_card":"summary_large_image","twitter_misc":{"Dur\u00e9e de lecture estim\u00e9e":"1 minute"},"schema":{"@context":"https:\/\/schema.org","@graph":[{"@type":"WebPage","@id":"https:\/\/pinturasrocor.com\/producto\/rocotex-don-quijote\/","url":"https:\/\/pinturasrocor.com\/producto\/rocotex-don-quijote\/","name":"Rocotex Don Quijote - Pinturas Rocor","isPartOf":{"@id":"https:\/\/pinturasrocor.com\/#website"},"primaryImageOfPage":{"@id":"https:\/\/pinturasrocor.com\/producto\/rocotex-don-quijote\/#primaryimage"},"image":{"@id":"https:\/\/pinturasrocor.com\/producto\/rocotex-don-quijote\/#primaryimage"},"thumbnailUrl":"https:\/\/pinturasrocor.com\/wp-content\/uploads\/quijote.png","datePublished":"2024-07-02T15:47:45+00:00","dateModified":"2024-07-02T16:00:53+00:00","description":"Pintura acuosa con excelente cubrici\u00f3n y blancura, formulada sin plastificantes ni disolventes. Ideal para exteriores, patios y fachadas.","breadcrumb":{"@id":"https:\/\/pinturasrocor.com\/producto\/rocotex-don-quijote\/#breadcrumb"},"inLanguage":"fr-FR","potentialAction":[{"@type":"ReadAction","target":["https:\/\/pinturasrocor.com\/producto\/rocotex-don-quijote\/"]}]},{"@type":"ImageObject","inLanguage":"fr-FR","@id":"https:\/\/pinturasrocor.com\/producto\/rocotex-don-quijote\/#primaryimage","url":"https:\/\/pinturasrocor.com\/wp-content\/uploads\/quijote.png","contentUrl":"https:\/\/pinturasrocor.com\/wp-content\/uploads\/quijote.png","width":800,"height":800,"caption":"quijote"},{"@type":"BreadcrumbList","@id":"https:\/\/pinturasrocor.com\/producto\/rocotex-don-quijote\/#breadcrumb","itemListElement":[{"@type":"ListItem","position":1,"name":"Portada","item":"https:\/\/pinturasrocor.com\/"},{"@type":"ListItem","position":2,"name":"Tienda","item":"https:\/\/pinturasrocor.com\/tienda\/"},{"@type":"ListItem","position":3,"name":"Rocotex Don Quijote"}]},{"@type":"WebSite","@id":"https:\/\/pinturasrocor.com\/#website","url":"https:\/\/pinturasrocor.com\/","name":"Pinturas Rocor","description":"Fabricaci\u00f3n de Pinturas, productos para pintores y mucho m\u00e1s","potentialAction":[{"@type":"SearchAction","target":{"@type":"EntryPoint","urlTemplate":"https:\/\/pinturasrocor.com\/?s={search_term_string}"},"query-input":{"@type":"PropertyValueSpecification","valueRequired":true,"valueName":"search_term_string"}}],"inLanguage":"fr-FR"}]}},"_links":{"self":[{"href":"https:\/\/pinturasrocor.com\/fr\/wp-json\/wp\/v2\/product\/1521","targetHints":{"allow":["GET"]}}],"collection":[{"href":"https:\/\/pinturasrocor.com\/fr\/wp-json\/wp\/v2\/product"}],"about":[{"href":"https:\/\/pinturasrocor.com\/fr\/wp-json\/wp\/v2\/types\/product"}],"wp:featuredmedia":[{"embeddable":true,"href":"https:\/\/pinturasrocor.com\/fr\/wp-json\/wp\/v2\/media\/1522"}],"wp:attachment":[{"href":"https:\/\/pinturasrocor.com\/fr\/wp-json\/wp\/v2\/media?parent=1521"}],"wp:term":[{"taxonomy":"product_brand","embeddable":true,"href":"https:\/\/pinturasrocor.com\/fr\/wp-json\/wp\/v2\/product_brand?post=1521"},{"taxonomy":"product_cat","embeddable":true,"href":"https:\/\/pinturasrocor.com\/fr\/wp-json\/wp\/v2\/product_cat?post=1521"},{"taxonomy":"product_tag","embeddable":true,"href":"https:\/\/pinturasrocor.com\/fr\/wp-json\/wp\/v2\/product_tag?post=1521"}],"curies":[{"name":"wp","href":"https:\/\/api.w.org\/{rel}","templated":true}]}}