{"id":1502,"date":"2024-07-02T13:44:57","date_gmt":"2024-07-02T11:44:57","guid":{"rendered":"https:\/\/wp.pinturasrocor.com\/?post_type=product&#038;p=1502"},"modified":"2024-07-02T13:48:15","modified_gmt":"2024-07-02T11:48:15","slug":"satinado-intenso","status":"publish","type":"product","link":"https:\/\/pinturasrocor.com\/fr\/produit\/satine-intense\/","title":{"rendered":"Satin intense"},"content":{"rendered":"<p>Il s'agit d'une peinture \u00e0 base d'eau avec une tr\u00e8s bonne lavabilit\u00e9 et une excellente brillance, compos\u00e9e de copolym\u00e8res d'ac\u00e9tate de vinyle et de dispersatate de vinyle, ainsi que de pigments et de coalescents de haute qualit\u00e9.<\/p>\n<h2>Application<\/h2>\n<p>Cette peinture convient \u00e0 la d\u00e9coration int\u00e9rieure, en donnant un aspect brillant. Elle peut \u00e9galement \u00eatre utilis\u00e9e pour l'imperm\u00e9abilisation et la d\u00e9coration des fa\u00e7ades.<\/p>\n<h2>Propri\u00e9t\u00e9s<\/h2>\n<p>INTENSE SATIN est particuli\u00e8rement adapt\u00e9 \u00e0 la d\u00e9coration int\u00e9rieure et peut m\u00eame \u00eatre lav\u00e9 avec des d\u00e9tergents.<\/p>\n<h2>Mode d'emploi<\/h2>\n<p>Application au pistolet, \u00e0 la brosse, au rouleau, etc. Les surfaces \u00e0 peindre doivent \u00eatre exemptes de poussi\u00e8re, de graisse et de peinture en mauvais \u00e9tat.<\/p>\n<p>&nbsp;<\/p>\n<p><a class=\"btn-download\" href=\"https:\/\/pinturasrocor.com\/wp-content\/uploads\/FICHA_TECNICA_SATINADO_INTENSO.pdf\" target=\"_blank\" rel=\"noopener nofollow\">T\u00e9l\u00e9charger la fiche technique<\/a> <a class=\"btn-download\" href=\"https:\/\/pinturasrocor.com\/wp-content\/uploads\/FICHA_SEG_SATINADO_INTENSO.pdf\" target=\"_blank\" rel=\"noopener nofollow\">T\u00e9l\u00e9charger la fiche de donn\u00e9es de s\u00e9curit\u00e9<\/a><\/p>","protected":false},"excerpt":{"rendered":"<p>Il s'agit d'une peinture \u00e0 base d'eau avec une tr\u00e8s bonne lavabilit\u00e9 et un excellent brillant, compos\u00e9e de copolym\u00e8res d'ac\u00e9tate de vinyle et de dispersatate de vinyle, accompagn\u00e9s de pigments et de coalescents de haute qualit\u00e9. Application Cette peinture convient \u00e0 la d\u00e9coration int\u00e9rieure, en donnant un aspect brillant. Elle peut \u00e9galement \u00eatre utilis\u00e9e pour l'imperm\u00e9abilisation et la d\u00e9coration des fa\u00e7ades. [...]<\/p>","protected":false},"featured_media":1503,"template":"","meta":[],"product_brand":[],"product_cat":[39,41],"product_tag":[],"class_list":{"0":"post-1502","1":"product","2":"type-product","3":"status-publish","4":"has-post-thumbnail","6":"product_cat-pinturas-plastica-satinada","7":"product_cat-pinturas-plasticas","9":"first","10":"instock","11":"virtual","12":"product-type-simple"},"yoast_head":"<!-- This site is optimized with the Yoast SEO plugin v27.4 - https:\/\/yoast.com\/product\/yoast-seo-wordpress\/ -->\n<title>Satinado Intenso - Pinturas Rocor<\/title>\n<meta name=\"description\" content=\"Pintura acuosa de excelente lavabilidad y brillo intenso, formulada con copol\u00edmeros de acetato de vinilo y vinil-versatato, acompa\u00f1ados de pigmentos y coalescentes de alta calidad. Es ideal para decoraci\u00f3n interior y tambi\u00e9n puede usarse en impermeabilizaci\u00f3n y fachadas.\" \/>\n<meta name=\"robots\" content=\"index, follow, max-snippet:-1, max-image-preview:large, max-video-preview:-1\" \/>\n<link rel=\"canonical\" href=\"https:\/\/pinturasrocor.com\/fr\/produit\/satine-intense\/\" \/>\n<meta property=\"og:locale\" content=\"fr_FR\" \/>\n<meta property=\"og:type\" content=\"article\" \/>\n<meta property=\"og:title\" content=\"Satinado Intenso - Pinturas Rocor\" \/>\n<meta property=\"og:description\" content=\"Pintura acuosa de excelente lavabilidad y brillo intenso, formulada con copol\u00edmeros de acetato de vinilo y vinil-versatato, acompa\u00f1ados de pigmentos y coalescentes de alta calidad. Es ideal para decoraci\u00f3n interior y tambi\u00e9n puede usarse en impermeabilizaci\u00f3n y fachadas.\" \/>\n<meta property=\"og:url\" content=\"https:\/\/pinturasrocor.com\/fr\/produit\/satine-intense\/\" \/>\n<meta property=\"og:site_name\" content=\"Pinturas Rocor\" \/>\n<meta property=\"article:modified_time\" content=\"2024-07-02T11:48:15+00:00\" \/>\n<meta property=\"og:image\" content=\"https:\/\/pinturasrocor.com\/wp-content\/uploads\/intenso.png\" \/>\n\t<meta property=\"og:image:width\" content=\"800\" \/>\n\t<meta property=\"og:image:height\" content=\"800\" \/>\n\t<meta property=\"og:image:type\" content=\"image\/png\" \/>\n<meta name=\"twitter:card\" content=\"summary_large_image\" \/>\n<meta name=\"twitter:label1\" content=\"Dur\u00e9e de lecture estim\u00e9e\" \/>\n\t<meta name=\"twitter:data1\" content=\"1 minute\" \/>\n<script type=\"application\/ld+json\" class=\"yoast-schema-graph\">{\"@context\":\"https:\\\/\\\/schema.org\",\"@graph\":[{\"@type\":\"WebPage\",\"@id\":\"https:\\\/\\\/pinturasrocor.com\\\/producto\\\/satinado-intenso\\\/\",\"url\":\"https:\\\/\\\/pinturasrocor.com\\\/producto\\\/satinado-intenso\\\/\",\"name\":\"Satinado Intenso - Pinturas Rocor\",\"isPartOf\":{\"@id\":\"https:\\\/\\\/pinturasrocor.com\\\/#website\"},\"primaryImageOfPage\":{\"@id\":\"https:\\\/\\\/pinturasrocor.com\\\/producto\\\/satinado-intenso\\\/#primaryimage\"},\"image\":{\"@id\":\"https:\\\/\\\/pinturasrocor.com\\\/producto\\\/satinado-intenso\\\/#primaryimage\"},\"thumbnailUrl\":\"https:\\\/\\\/pinturasrocor.com\\\/wp-content\\\/uploads\\\/intenso.png\",\"datePublished\":\"2024-07-02T11:44:57+00:00\",\"dateModified\":\"2024-07-02T11:48:15+00:00\",\"description\":\"Pintura acuosa de excelente lavabilidad y brillo intenso, formulada con copol\u00edmeros de acetato de vinilo y vinil-versatato, acompa\u00f1ados de pigmentos y coalescentes de alta calidad. Es ideal para decoraci\u00f3n interior y tambi\u00e9n puede usarse en impermeabilizaci\u00f3n y fachadas.\",\"breadcrumb\":{\"@id\":\"https:\\\/\\\/pinturasrocor.com\\\/producto\\\/satinado-intenso\\\/#breadcrumb\"},\"inLanguage\":\"fr-FR\",\"potentialAction\":[{\"@type\":\"ReadAction\",\"target\":[\"https:\\\/\\\/pinturasrocor.com\\\/producto\\\/satinado-intenso\\\/\"]}]},{\"@type\":\"ImageObject\",\"inLanguage\":\"fr-FR\",\"@id\":\"https:\\\/\\\/pinturasrocor.com\\\/producto\\\/satinado-intenso\\\/#primaryimage\",\"url\":\"https:\\\/\\\/pinturasrocor.com\\\/wp-content\\\/uploads\\\/intenso.png\",\"contentUrl\":\"https:\\\/\\\/pinturasrocor.com\\\/wp-content\\\/uploads\\\/intenso.png\",\"width\":800,\"height\":800,\"caption\":\"intenso\"},{\"@type\":\"BreadcrumbList\",\"@id\":\"https:\\\/\\\/pinturasrocor.com\\\/producto\\\/satinado-intenso\\\/#breadcrumb\",\"itemListElement\":[{\"@type\":\"ListItem\",\"position\":1,\"name\":\"Portada\",\"item\":\"https:\\\/\\\/pinturasrocor.com\\\/\"},{\"@type\":\"ListItem\",\"position\":2,\"name\":\"Tienda\",\"item\":\"https:\\\/\\\/pinturasrocor.com\\\/tienda\\\/\"},{\"@type\":\"ListItem\",\"position\":3,\"name\":\"Satinado Intenso\"}]},{\"@type\":\"WebSite\",\"@id\":\"https:\\\/\\\/pinturasrocor.com\\\/#website\",\"url\":\"https:\\\/\\\/pinturasrocor.com\\\/\",\"name\":\"Pinturas Rocor\",\"description\":\"Fabricaci\u00f3n de Pinturas, productos para pintores y mucho m\u00e1s\",\"potentialAction\":[{\"@type\":\"SearchAction\",\"target\":{\"@type\":\"EntryPoint\",\"urlTemplate\":\"https:\\\/\\\/pinturasrocor.com\\\/?s={search_term_string}\"},\"query-input\":{\"@type\":\"PropertyValueSpecification\",\"valueRequired\":true,\"valueName\":\"search_term_string\"}}],\"inLanguage\":\"fr-FR\"}]}<\/script>\n<!-- \/ Yoast SEO plugin. -->","yoast_head_json":{"title":"Satinado Intenso - Pinturas Rocor","description":"Pintura acuosa de excelente lavabilidad y brillo intenso, formulada con copol\u00edmeros de acetato de vinilo y vinil-versatato, acompa\u00f1ados de pigmentos y coalescentes de alta calidad. Es ideal para decoraci\u00f3n interior y tambi\u00e9n puede usarse en impermeabilizaci\u00f3n y fachadas.","robots":{"index":"index","follow":"follow","max-snippet":"max-snippet:-1","max-image-preview":"max-image-preview:large","max-video-preview":"max-video-preview:-1"},"canonical":"https:\/\/pinturasrocor.com\/fr\/produit\/satine-intense\/","og_locale":"fr_FR","og_type":"article","og_title":"Satinado Intenso - Pinturas Rocor","og_description":"Pintura acuosa de excelente lavabilidad y brillo intenso, formulada con copol\u00edmeros de acetato de vinilo y vinil-versatato, acompa\u00f1ados de pigmentos y coalescentes de alta calidad. Es ideal para decoraci\u00f3n interior y tambi\u00e9n puede usarse en impermeabilizaci\u00f3n y fachadas.","og_url":"https:\/\/pinturasrocor.com\/fr\/produit\/satine-intense\/","og_site_name":"Pinturas Rocor","article_modified_time":"2024-07-02T11:48:15+00:00","og_image":[{"width":800,"height":800,"url":"https:\/\/pinturasrocor.com\/wp-content\/uploads\/intenso.png","type":"image\/png"}],"twitter_card":"summary_large_image","twitter_misc":{"Dur\u00e9e de lecture estim\u00e9e":"1 minute"},"schema":{"@context":"https:\/\/schema.org","@graph":[{"@type":"WebPage","@id":"https:\/\/pinturasrocor.com\/producto\/satinado-intenso\/","url":"https:\/\/pinturasrocor.com\/producto\/satinado-intenso\/","name":"Satinado Intenso - Pinturas Rocor","isPartOf":{"@id":"https:\/\/pinturasrocor.com\/#website"},"primaryImageOfPage":{"@id":"https:\/\/pinturasrocor.com\/producto\/satinado-intenso\/#primaryimage"},"image":{"@id":"https:\/\/pinturasrocor.com\/producto\/satinado-intenso\/#primaryimage"},"thumbnailUrl":"https:\/\/pinturasrocor.com\/wp-content\/uploads\/intenso.png","datePublished":"2024-07-02T11:44:57+00:00","dateModified":"2024-07-02T11:48:15+00:00","description":"Pintura acuosa de excelente lavabilidad y brillo intenso, formulada con copol\u00edmeros de acetato de vinilo y vinil-versatato, acompa\u00f1ados de pigmentos y coalescentes de alta calidad. Es ideal para decoraci\u00f3n interior y tambi\u00e9n puede usarse en impermeabilizaci\u00f3n y fachadas.","breadcrumb":{"@id":"https:\/\/pinturasrocor.com\/producto\/satinado-intenso\/#breadcrumb"},"inLanguage":"fr-FR","potentialAction":[{"@type":"ReadAction","target":["https:\/\/pinturasrocor.com\/producto\/satinado-intenso\/"]}]},{"@type":"ImageObject","inLanguage":"fr-FR","@id":"https:\/\/pinturasrocor.com\/producto\/satinado-intenso\/#primaryimage","url":"https:\/\/pinturasrocor.com\/wp-content\/uploads\/intenso.png","contentUrl":"https:\/\/pinturasrocor.com\/wp-content\/uploads\/intenso.png","width":800,"height":800,"caption":"intenso"},{"@type":"BreadcrumbList","@id":"https:\/\/pinturasrocor.com\/producto\/satinado-intenso\/#breadcrumb","itemListElement":[{"@type":"ListItem","position":1,"name":"Portada","item":"https:\/\/pinturasrocor.com\/"},{"@type":"ListItem","position":2,"name":"Tienda","item":"https:\/\/pinturasrocor.com\/tienda\/"},{"@type":"ListItem","position":3,"name":"Satinado Intenso"}]},{"@type":"WebSite","@id":"https:\/\/pinturasrocor.com\/#website","url":"https:\/\/pinturasrocor.com\/","name":"Pinturas Rocor","description":"Fabricaci\u00f3n de Pinturas, productos para pintores y mucho m\u00e1s","potentialAction":[{"@type":"SearchAction","target":{"@type":"EntryPoint","urlTemplate":"https:\/\/pinturasrocor.com\/?s={search_term_string}"},"query-input":{"@type":"PropertyValueSpecification","valueRequired":true,"valueName":"search_term_string"}}],"inLanguage":"fr-FR"}]}},"_links":{"self":[{"href":"https:\/\/pinturasrocor.com\/fr\/wp-json\/wp\/v2\/product\/1502","targetHints":{"allow":["GET"]}}],"collection":[{"href":"https:\/\/pinturasrocor.com\/fr\/wp-json\/wp\/v2\/product"}],"about":[{"href":"https:\/\/pinturasrocor.com\/fr\/wp-json\/wp\/v2\/types\/product"}],"wp:featuredmedia":[{"embeddable":true,"href":"https:\/\/pinturasrocor.com\/fr\/wp-json\/wp\/v2\/media\/1503"}],"wp:attachment":[{"href":"https:\/\/pinturasrocor.com\/fr\/wp-json\/wp\/v2\/media?parent=1502"}],"wp:term":[{"taxonomy":"product_brand","embeddable":true,"href":"https:\/\/pinturasrocor.com\/fr\/wp-json\/wp\/v2\/product_brand?post=1502"},{"taxonomy":"product_cat","embeddable":true,"href":"https:\/\/pinturasrocor.com\/fr\/wp-json\/wp\/v2\/product_cat?post=1502"},{"taxonomy":"product_tag","embeddable":true,"href":"https:\/\/pinturasrocor.com\/fr\/wp-json\/wp\/v2\/product_tag?post=1502"}],"curies":[{"name":"wp","href":"https:\/\/api.w.org\/{rel}","templated":true}]}}