{"id":1490,"date":"2024-07-02T13:15:18","date_gmt":"2024-07-02T11:15:18","guid":{"rendered":"https:\/\/wp.pinturasrocor.com\/?post_type=product&#038;p=1490"},"modified":"2024-07-02T13:20:02","modified_gmt":"2024-07-02T11:20:02","slug":"decor-hogar","status":"publish","type":"product","link":"https:\/\/pinturasrocor.com\/fr\/produit\/decor-maison\/","title":{"rendered":"D\u00e9coration int\u00e9rieure"},"content":{"rendered":"<p>Peinture sp\u00e9ciale pour l'int\u00e9rieur. Il n'est pas recommand\u00e9 de peindre \u00e0 l'ext\u00e9rieur, o\u00f9 la peinture peut entrer en contact avec la pluie et d'autres endroits o\u00f9 elle peut \u00eatre mouill\u00e9e.<\/p>\n<h2>Propri\u00e9t\u00e9s<\/h2>\n<p>Ce produit pr\u00e9sente une finition mate d'une grande blancheur et un tr\u00e8s bon pouvoir couvrant, ce qui donne un excellent r\u00e9sultat pour la d\u00e9coration des int\u00e9rieurs, des murs et des plafonds.<\/p>\n<h2>Mode d'emploi<\/h2>\n<p>Il peut \u00eatre utilis\u00e9 au rouleau, au pinceau ou au pistolet sur des surfaces propres et s\u00e8ches, sans r\u00e9sidus de graisse. Il est conseill\u00e9 de pr\u00e9parer la surface \u00e0 peindre, elle doit \u00eatre bien nettoy\u00e9e et si elle pr\u00e9sente des restes de peinture en mauvais \u00e9tat, il est conseill\u00e9 de la gratter et de la nettoyer avec de l'eau caustique, afin que son adh\u00e9rence soit optimale.<\/p>\n<p>&nbsp;<\/p>\n<p><a class=\"btn-download\" href=\"https:\/\/pinturasrocor.com\/wp-content\/uploads\/FICHA_TECNICA_MATE_HOGAR.pdf\" target=\"_blank\" rel=\"noopener nofollow\">T\u00e9l\u00e9charger la fiche technique<\/a> <a class=\"btn-download\" href=\"https:\/\/pinturasrocor.com\/wp-content\/uploads\/FICHA_SEG_DECORHOGAR_MATE.pdf\" target=\"_blank\" rel=\"noopener nofollow\">T\u00e9l\u00e9charger la fiche de donn\u00e9es de s\u00e9curit\u00e9<\/a><\/p>","protected":false},"excerpt":{"rendered":"<p>Peinture sp\u00e9ciale pour l'int\u00e9rieur. Il n'est pas recommand\u00e9 de peindre \u00e0 l'ext\u00e9rieur o\u00f9 elle peut \u00eatre en contact avec la pluie et les endroits o\u00f9 elle peut \u00eatre mouill\u00e9e. Propri\u00e9t\u00e9s Ce produit a une finition mate d'une grande blancheur et un tr\u00e8s bon pouvoir couvrant, ce qui donne un excellent r\u00e9sultat pour la d\u00e9coration d'int\u00e9rieurs, de murs et de plafonds. Mode d'emploi Il peut \u00eatre appliqu\u00e9 en [...]<\/p>","protected":false},"featured_media":1492,"template":"","meta":[],"product_brand":[],"product_cat":[41,40],"product_tag":[],"class_list":{"0":"post-1490","1":"product","2":"type-product","3":"status-publish","4":"has-post-thumbnail","6":"product_cat-pinturas-plasticas","7":"product_cat-pinturas-plasticas-mate-interior","9":"first","10":"instock","11":"virtual","12":"product-type-simple"},"yoast_head":"<!-- This site is optimized with the Yoast SEO plugin v27.3 - https:\/\/yoast.com\/product\/yoast-seo-wordpress\/ -->\n<title>Decor Hogar - Pinturas Rocor<\/title>\n<meta name=\"description\" content=\"Pintura especial para interiores con acabado mate y alta blancura. Ideal para decoraci\u00f3n de paredes y techos, pero no apta para exteriores expuestos a la lluvia.\" \/>\n<meta name=\"robots\" content=\"index, follow, max-snippet:-1, max-image-preview:large, max-video-preview:-1\" \/>\n<link rel=\"canonical\" href=\"https:\/\/pinturasrocor.com\/fr\/produit\/decor-maison\/\" \/>\n<meta property=\"og:locale\" content=\"fr_FR\" \/>\n<meta property=\"og:type\" content=\"article\" \/>\n<meta property=\"og:title\" content=\"Decor Hogar - Pinturas Rocor\" \/>\n<meta property=\"og:description\" content=\"Pintura especial para interiores con acabado mate y alta blancura. Ideal para decoraci\u00f3n de paredes y techos, pero no apta para exteriores expuestos a la lluvia.\" \/>\n<meta property=\"og:url\" content=\"https:\/\/pinturasrocor.com\/fr\/produit\/decor-maison\/\" \/>\n<meta property=\"og:site_name\" content=\"Pinturas Rocor\" \/>\n<meta property=\"article:modified_time\" content=\"2024-07-02T11:20:02+00:00\" \/>\n<meta property=\"og:image\" content=\"https:\/\/pinturasrocor.com\/wp-content\/uploads\/decor-hogar.png\" \/>\n\t<meta property=\"og:image:width\" content=\"800\" \/>\n\t<meta property=\"og:image:height\" content=\"800\" \/>\n\t<meta property=\"og:image:type\" content=\"image\/png\" \/>\n<meta name=\"twitter:card\" content=\"summary_large_image\" \/>\n<meta name=\"twitter:label1\" content=\"Dur\u00e9e de lecture estim\u00e9e\" \/>\n\t<meta name=\"twitter:data1\" content=\"1 minute\" \/>\n<script type=\"application\/ld+json\" class=\"yoast-schema-graph\">{\"@context\":\"https:\\\/\\\/schema.org\",\"@graph\":[{\"@type\":\"WebPage\",\"@id\":\"https:\\\/\\\/pinturasrocor.com\\\/producto\\\/decor-hogar\\\/\",\"url\":\"https:\\\/\\\/pinturasrocor.com\\\/producto\\\/decor-hogar\\\/\",\"name\":\"Decor Hogar - Pinturas Rocor\",\"isPartOf\":{\"@id\":\"https:\\\/\\\/pinturasrocor.com\\\/#website\"},\"primaryImageOfPage\":{\"@id\":\"https:\\\/\\\/pinturasrocor.com\\\/producto\\\/decor-hogar\\\/#primaryimage\"},\"image\":{\"@id\":\"https:\\\/\\\/pinturasrocor.com\\\/producto\\\/decor-hogar\\\/#primaryimage\"},\"thumbnailUrl\":\"https:\\\/\\\/pinturasrocor.com\\\/wp-content\\\/uploads\\\/decor-hogar.png\",\"datePublished\":\"2024-07-02T11:15:18+00:00\",\"dateModified\":\"2024-07-02T11:20:02+00:00\",\"description\":\"Pintura especial para interiores con acabado mate y alta blancura. Ideal para decoraci\u00f3n de paredes y techos, pero no apta para exteriores expuestos a la lluvia.\",\"breadcrumb\":{\"@id\":\"https:\\\/\\\/pinturasrocor.com\\\/producto\\\/decor-hogar\\\/#breadcrumb\"},\"inLanguage\":\"fr-FR\",\"potentialAction\":[{\"@type\":\"ReadAction\",\"target\":[\"https:\\\/\\\/pinturasrocor.com\\\/producto\\\/decor-hogar\\\/\"]}]},{\"@type\":\"ImageObject\",\"inLanguage\":\"fr-FR\",\"@id\":\"https:\\\/\\\/pinturasrocor.com\\\/producto\\\/decor-hogar\\\/#primaryimage\",\"url\":\"https:\\\/\\\/pinturasrocor.com\\\/wp-content\\\/uploads\\\/decor-hogar.png\",\"contentUrl\":\"https:\\\/\\\/pinturasrocor.com\\\/wp-content\\\/uploads\\\/decor-hogar.png\",\"width\":800,\"height\":800,\"caption\":\"decor hogar\"},{\"@type\":\"BreadcrumbList\",\"@id\":\"https:\\\/\\\/pinturasrocor.com\\\/producto\\\/decor-hogar\\\/#breadcrumb\",\"itemListElement\":[{\"@type\":\"ListItem\",\"position\":1,\"name\":\"Portada\",\"item\":\"https:\\\/\\\/pinturasrocor.com\\\/\"},{\"@type\":\"ListItem\",\"position\":2,\"name\":\"Tienda\",\"item\":\"https:\\\/\\\/pinturasrocor.com\\\/tienda\\\/\"},{\"@type\":\"ListItem\",\"position\":3,\"name\":\"Decor Hogar\"}]},{\"@type\":\"WebSite\",\"@id\":\"https:\\\/\\\/pinturasrocor.com\\\/#website\",\"url\":\"https:\\\/\\\/pinturasrocor.com\\\/\",\"name\":\"Pinturas Rocor\",\"description\":\"Fabricaci\u00f3n de Pinturas, productos para pintores y mucho m\u00e1s\",\"potentialAction\":[{\"@type\":\"SearchAction\",\"target\":{\"@type\":\"EntryPoint\",\"urlTemplate\":\"https:\\\/\\\/pinturasrocor.com\\\/?s={search_term_string}\"},\"query-input\":{\"@type\":\"PropertyValueSpecification\",\"valueRequired\":true,\"valueName\":\"search_term_string\"}}],\"inLanguage\":\"fr-FR\"}]}<\/script>\n<!-- \/ Yoast SEO plugin. -->","yoast_head_json":{"title":"Decor Hogar - Pinturas Rocor","description":"Pintura especial para interiores con acabado mate y alta blancura. Ideal para decoraci\u00f3n de paredes y techos, pero no apta para exteriores expuestos a la lluvia.","robots":{"index":"index","follow":"follow","max-snippet":"max-snippet:-1","max-image-preview":"max-image-preview:large","max-video-preview":"max-video-preview:-1"},"canonical":"https:\/\/pinturasrocor.com\/fr\/produit\/decor-maison\/","og_locale":"fr_FR","og_type":"article","og_title":"Decor Hogar - Pinturas Rocor","og_description":"Pintura especial para interiores con acabado mate y alta blancura. Ideal para decoraci\u00f3n de paredes y techos, pero no apta para exteriores expuestos a la lluvia.","og_url":"https:\/\/pinturasrocor.com\/fr\/produit\/decor-maison\/","og_site_name":"Pinturas Rocor","article_modified_time":"2024-07-02T11:20:02+00:00","og_image":[{"width":800,"height":800,"url":"https:\/\/pinturasrocor.com\/wp-content\/uploads\/decor-hogar.png","type":"image\/png"}],"twitter_card":"summary_large_image","twitter_misc":{"Dur\u00e9e de lecture estim\u00e9e":"1 minute"},"schema":{"@context":"https:\/\/schema.org","@graph":[{"@type":"WebPage","@id":"https:\/\/pinturasrocor.com\/producto\/decor-hogar\/","url":"https:\/\/pinturasrocor.com\/producto\/decor-hogar\/","name":"Decor Hogar - Pinturas Rocor","isPartOf":{"@id":"https:\/\/pinturasrocor.com\/#website"},"primaryImageOfPage":{"@id":"https:\/\/pinturasrocor.com\/producto\/decor-hogar\/#primaryimage"},"image":{"@id":"https:\/\/pinturasrocor.com\/producto\/decor-hogar\/#primaryimage"},"thumbnailUrl":"https:\/\/pinturasrocor.com\/wp-content\/uploads\/decor-hogar.png","datePublished":"2024-07-02T11:15:18+00:00","dateModified":"2024-07-02T11:20:02+00:00","description":"Pintura especial para interiores con acabado mate y alta blancura. Ideal para decoraci\u00f3n de paredes y techos, pero no apta para exteriores expuestos a la lluvia.","breadcrumb":{"@id":"https:\/\/pinturasrocor.com\/producto\/decor-hogar\/#breadcrumb"},"inLanguage":"fr-FR","potentialAction":[{"@type":"ReadAction","target":["https:\/\/pinturasrocor.com\/producto\/decor-hogar\/"]}]},{"@type":"ImageObject","inLanguage":"fr-FR","@id":"https:\/\/pinturasrocor.com\/producto\/decor-hogar\/#primaryimage","url":"https:\/\/pinturasrocor.com\/wp-content\/uploads\/decor-hogar.png","contentUrl":"https:\/\/pinturasrocor.com\/wp-content\/uploads\/decor-hogar.png","width":800,"height":800,"caption":"decor hogar"},{"@type":"BreadcrumbList","@id":"https:\/\/pinturasrocor.com\/producto\/decor-hogar\/#breadcrumb","itemListElement":[{"@type":"ListItem","position":1,"name":"Portada","item":"https:\/\/pinturasrocor.com\/"},{"@type":"ListItem","position":2,"name":"Tienda","item":"https:\/\/pinturasrocor.com\/tienda\/"},{"@type":"ListItem","position":3,"name":"Decor Hogar"}]},{"@type":"WebSite","@id":"https:\/\/pinturasrocor.com\/#website","url":"https:\/\/pinturasrocor.com\/","name":"Pinturas Rocor","description":"Fabricaci\u00f3n de Pinturas, productos para pintores y mucho m\u00e1s","potentialAction":[{"@type":"SearchAction","target":{"@type":"EntryPoint","urlTemplate":"https:\/\/pinturasrocor.com\/?s={search_term_string}"},"query-input":{"@type":"PropertyValueSpecification","valueRequired":true,"valueName":"search_term_string"}}],"inLanguage":"fr-FR"}]}},"_links":{"self":[{"href":"https:\/\/pinturasrocor.com\/fr\/wp-json\/wp\/v2\/product\/1490","targetHints":{"allow":["GET"]}}],"collection":[{"href":"https:\/\/pinturasrocor.com\/fr\/wp-json\/wp\/v2\/product"}],"about":[{"href":"https:\/\/pinturasrocor.com\/fr\/wp-json\/wp\/v2\/types\/product"}],"wp:featuredmedia":[{"embeddable":true,"href":"https:\/\/pinturasrocor.com\/fr\/wp-json\/wp\/v2\/media\/1492"}],"wp:attachment":[{"href":"https:\/\/pinturasrocor.com\/fr\/wp-json\/wp\/v2\/media?parent=1490"}],"wp:term":[{"taxonomy":"product_brand","embeddable":true,"href":"https:\/\/pinturasrocor.com\/fr\/wp-json\/wp\/v2\/product_brand?post=1490"},{"taxonomy":"product_cat","embeddable":true,"href":"https:\/\/pinturasrocor.com\/fr\/wp-json\/wp\/v2\/product_cat?post=1490"},{"taxonomy":"product_tag","embeddable":true,"href":"https:\/\/pinturasrocor.com\/fr\/wp-json\/wp\/v2\/product_tag?post=1490"}],"curies":[{"name":"wp","href":"https:\/\/api.w.org\/{rel}","templated":true}]}}