{"id":1483,"date":"2024-07-02T12:49:10","date_gmt":"2024-07-02T10:49:10","guid":{"rendered":"https:\/\/wp.pinturasrocor.com\/?post_type=product&#038;p=1483"},"modified":"2024-07-02T12:54:05","modified_gmt":"2024-07-02T10:54:05","slug":"mate-especial-pladur-yeso-proyectado","status":"publish","type":"product","link":"https:\/\/pinturasrocor.com\/fr\/produit\/mate-special-pladur-pladur-yeso-projete\/","title":{"rendered":"Pladur Special Matt, Pl\u00e2tre projet\u00e9"},"content":{"rendered":"<p>Il s'agit d'une peinture \u00e0 base d'eau dont le pouvoir couvrant et la blancheur sont in\u00e9gal\u00e9s. Les produits utilis\u00e9s pour sa fabrication sont : des r\u00e9sines acryliques pures et des pigments de haute qualit\u00e9.<\/p>\n<h2>Application<\/h2>\n<p>Cette peinture peut \u00eatre utilis\u00e9e pour la d\u00e9coration int\u00e9rieure. Haute r\u00e9sistance au frottement humide.<\/p>\n<p>Il uniformise l'absorption des surfaces trait\u00e9es pr\u00e9sentes dans ce type d'enduit.<\/p>\n<p>Gr\u00e2ce \u00e0 son haut pouvoir couvrant, il permet de r\u00e9duire l'application d'une couche dans le syst\u00e8me de finition.<\/p>\n<h2>Propri\u00e9t\u00e9s<\/h2>\n<p>Il est pr\u00e9par\u00e9 pour la protection des fa\u00e7ades, en donnant une imperm\u00e9abilit\u00e9 impeccable gr\u00e2ce \u00e0 ses produits, le PLADUR SP\u00c9CIAL, ne jaunit pas avec le temps.<\/p>\n<p>Sans azurants optiques.<\/p>\n<h2>Mode d'emploi<\/h2>\n<p>Application au pistolet, au rouleau, au pinceau, etc. Il est conseill\u00e9 de pr\u00e9parer la surface \u00e0 peindre, elle doit \u00eatre bien nettoy\u00e9e et si elle pr\u00e9sente des restes de peinture en mauvais \u00e9tat, il est conseill\u00e9 de la gratter et de la nettoyer avec de l'eau caustique ou d'appliquer une couche de fixateur de chaux en cas de vieille peinture ou de peinture en mauvais \u00e9tat. S'il s'agit de travaux neufs, diluer la peinture en ajoutant 60% d'eau +\/- et pour la deuxi\u00e8me couche entre 25 ou 30% pour assurer son ancrage et sa durabilit\u00e9.<\/p>\n<p>&nbsp;<\/p>\n<p><a class=\"btn-download\" href=\"https:\/\/pinturasrocor.com\/wp-content\/uploads\/FICHA_TECNICA_MATE_especial_pladur.pdf\" target=\"_blank\" rel=\"noopener nofollow\">T\u00e9l\u00e9charger la fiche technique<\/a><\/p>","protected":false},"excerpt":{"rendered":"<p>Il s'agit d'une peinture \u00e0 base d'eau dont le pouvoir couvrant et la blancheur sont in\u00e9gal\u00e9s. Les produits utilis\u00e9s pour sa fabrication sont : des r\u00e9sines acryliques pures et des pigments de haute qualit\u00e9. Application Cette peinture peut \u00eatre utilis\u00e9e pour la d\u00e9coration int\u00e9rieure. Haute r\u00e9sistance au frottement humide. Elle uniformise l'absorption des surfaces trait\u00e9es pr\u00e9sentes dans ce type d'int\u00e9rieur [...].<\/p>","protected":false},"featured_media":1484,"template":"","meta":[],"product_brand":[],"product_cat":[41,32],"product_tag":[],"class_list":{"0":"post-1483","1":"product","2":"type-product","3":"status-publish","4":"has-post-thumbnail","6":"product_cat-pinturas-plasticas","7":"product_cat-pinturas_plasticas_mate_exterior","9":"first","10":"instock","11":"virtual","12":"product-type-simple"},"yoast_head":"<!-- This site is optimized with the Yoast SEO plugin v27.4 - https:\/\/yoast.com\/product\/yoast-seo-wordpress\/ -->\n<title>Mate Especial Pladur, Yeso Proyectado - Pinturas Rocor<\/title>\n<meta name=\"description\" content=\"Pintura acuosa de alta cubrici\u00f3n y blancura para interiores, ideal para superficies de pladur. Resistente al frote h\u00famedo y f\u00e1cil de aplicar.\" \/>\n<meta name=\"robots\" content=\"index, follow, max-snippet:-1, max-image-preview:large, max-video-preview:-1\" \/>\n<link rel=\"canonical\" href=\"https:\/\/pinturasrocor.com\/fr\/produit\/mate-special-pladur-pladur-yeso-projete\/\" \/>\n<meta property=\"og:locale\" content=\"fr_FR\" \/>\n<meta property=\"og:type\" content=\"article\" \/>\n<meta property=\"og:title\" content=\"Mate Especial Pladur, Yeso Proyectado - Pinturas Rocor\" \/>\n<meta property=\"og:description\" content=\"Pintura acuosa de alta cubrici\u00f3n y blancura para interiores, ideal para superficies de pladur. Resistente al frote h\u00famedo y f\u00e1cil de aplicar.\" \/>\n<meta property=\"og:url\" content=\"https:\/\/pinturasrocor.com\/fr\/produit\/mate-special-pladur-pladur-yeso-projete\/\" \/>\n<meta property=\"og:site_name\" content=\"Pinturas Rocor\" \/>\n<meta property=\"article:modified_time\" content=\"2024-07-02T10:54:05+00:00\" \/>\n<meta property=\"og:image\" content=\"https:\/\/pinturasrocor.com\/wp-content\/uploads\/yeso.png\" \/>\n\t<meta property=\"og:image:width\" content=\"800\" \/>\n\t<meta property=\"og:image:height\" content=\"800\" \/>\n\t<meta property=\"og:image:type\" content=\"image\/png\" \/>\n<meta name=\"twitter:card\" content=\"summary_large_image\" \/>\n<meta name=\"twitter:label1\" content=\"Dur\u00e9e de lecture estim\u00e9e\" \/>\n\t<meta name=\"twitter:data1\" content=\"1 minute\" \/>\n<script type=\"application\/ld+json\" class=\"yoast-schema-graph\">{\"@context\":\"https:\\\/\\\/schema.org\",\"@graph\":[{\"@type\":\"WebPage\",\"@id\":\"https:\\\/\\\/pinturasrocor.com\\\/producto\\\/mate-especial-pladur-yeso-proyectado\\\/\",\"url\":\"https:\\\/\\\/pinturasrocor.com\\\/producto\\\/mate-especial-pladur-yeso-proyectado\\\/\",\"name\":\"Mate Especial Pladur, Yeso Proyectado - Pinturas Rocor\",\"isPartOf\":{\"@id\":\"https:\\\/\\\/pinturasrocor.com\\\/#website\"},\"primaryImageOfPage\":{\"@id\":\"https:\\\/\\\/pinturasrocor.com\\\/producto\\\/mate-especial-pladur-yeso-proyectado\\\/#primaryimage\"},\"image\":{\"@id\":\"https:\\\/\\\/pinturasrocor.com\\\/producto\\\/mate-especial-pladur-yeso-proyectado\\\/#primaryimage\"},\"thumbnailUrl\":\"https:\\\/\\\/pinturasrocor.com\\\/wp-content\\\/uploads\\\/yeso.png\",\"datePublished\":\"2024-07-02T10:49:10+00:00\",\"dateModified\":\"2024-07-02T10:54:05+00:00\",\"description\":\"Pintura acuosa de alta cubrici\u00f3n y blancura para interiores, ideal para superficies de pladur. Resistente al frote h\u00famedo y f\u00e1cil de aplicar.\",\"breadcrumb\":{\"@id\":\"https:\\\/\\\/pinturasrocor.com\\\/producto\\\/mate-especial-pladur-yeso-proyectado\\\/#breadcrumb\"},\"inLanguage\":\"fr-FR\",\"potentialAction\":[{\"@type\":\"ReadAction\",\"target\":[\"https:\\\/\\\/pinturasrocor.com\\\/producto\\\/mate-especial-pladur-yeso-proyectado\\\/\"]}]},{\"@type\":\"ImageObject\",\"inLanguage\":\"fr-FR\",\"@id\":\"https:\\\/\\\/pinturasrocor.com\\\/producto\\\/mate-especial-pladur-yeso-proyectado\\\/#primaryimage\",\"url\":\"https:\\\/\\\/pinturasrocor.com\\\/wp-content\\\/uploads\\\/yeso.png\",\"contentUrl\":\"https:\\\/\\\/pinturasrocor.com\\\/wp-content\\\/uploads\\\/yeso.png\",\"width\":800,\"height\":800,\"caption\":\"yeso\"},{\"@type\":\"BreadcrumbList\",\"@id\":\"https:\\\/\\\/pinturasrocor.com\\\/producto\\\/mate-especial-pladur-yeso-proyectado\\\/#breadcrumb\",\"itemListElement\":[{\"@type\":\"ListItem\",\"position\":1,\"name\":\"Portada\",\"item\":\"https:\\\/\\\/pinturasrocor.com\\\/\"},{\"@type\":\"ListItem\",\"position\":2,\"name\":\"Tienda\",\"item\":\"https:\\\/\\\/pinturasrocor.com\\\/tienda\\\/\"},{\"@type\":\"ListItem\",\"position\":3,\"name\":\"Mate Especial Pladur, Yeso Proyectado\"}]},{\"@type\":\"WebSite\",\"@id\":\"https:\\\/\\\/pinturasrocor.com\\\/#website\",\"url\":\"https:\\\/\\\/pinturasrocor.com\\\/\",\"name\":\"Pinturas Rocor\",\"description\":\"Fabricaci\u00f3n de Pinturas, productos para pintores y mucho m\u00e1s\",\"potentialAction\":[{\"@type\":\"SearchAction\",\"target\":{\"@type\":\"EntryPoint\",\"urlTemplate\":\"https:\\\/\\\/pinturasrocor.com\\\/?s={search_term_string}\"},\"query-input\":{\"@type\":\"PropertyValueSpecification\",\"valueRequired\":true,\"valueName\":\"search_term_string\"}}],\"inLanguage\":\"fr-FR\"}]}<\/script>\n<!-- \/ Yoast SEO plugin. -->","yoast_head_json":{"title":"Mate Especial Pladur, Yeso Proyectado - Pinturas Rocor","description":"Pintura acuosa de alta cubrici\u00f3n y blancura para interiores, ideal para superficies de pladur. Resistente al frote h\u00famedo y f\u00e1cil de aplicar.","robots":{"index":"index","follow":"follow","max-snippet":"max-snippet:-1","max-image-preview":"max-image-preview:large","max-video-preview":"max-video-preview:-1"},"canonical":"https:\/\/pinturasrocor.com\/fr\/produit\/mate-special-pladur-pladur-yeso-projete\/","og_locale":"fr_FR","og_type":"article","og_title":"Mate Especial Pladur, Yeso Proyectado - Pinturas Rocor","og_description":"Pintura acuosa de alta cubrici\u00f3n y blancura para interiores, ideal para superficies de pladur. Resistente al frote h\u00famedo y f\u00e1cil de aplicar.","og_url":"https:\/\/pinturasrocor.com\/fr\/produit\/mate-special-pladur-pladur-yeso-projete\/","og_site_name":"Pinturas Rocor","article_modified_time":"2024-07-02T10:54:05+00:00","og_image":[{"width":800,"height":800,"url":"https:\/\/pinturasrocor.com\/wp-content\/uploads\/yeso.png","type":"image\/png"}],"twitter_card":"summary_large_image","twitter_misc":{"Dur\u00e9e de lecture estim\u00e9e":"1 minute"},"schema":{"@context":"https:\/\/schema.org","@graph":[{"@type":"WebPage","@id":"https:\/\/pinturasrocor.com\/producto\/mate-especial-pladur-yeso-proyectado\/","url":"https:\/\/pinturasrocor.com\/producto\/mate-especial-pladur-yeso-proyectado\/","name":"Mate Especial Pladur, Yeso Proyectado - Pinturas Rocor","isPartOf":{"@id":"https:\/\/pinturasrocor.com\/#website"},"primaryImageOfPage":{"@id":"https:\/\/pinturasrocor.com\/producto\/mate-especial-pladur-yeso-proyectado\/#primaryimage"},"image":{"@id":"https:\/\/pinturasrocor.com\/producto\/mate-especial-pladur-yeso-proyectado\/#primaryimage"},"thumbnailUrl":"https:\/\/pinturasrocor.com\/wp-content\/uploads\/yeso.png","datePublished":"2024-07-02T10:49:10+00:00","dateModified":"2024-07-02T10:54:05+00:00","description":"Pintura acuosa de alta cubrici\u00f3n y blancura para interiores, ideal para superficies de pladur. Resistente al frote h\u00famedo y f\u00e1cil de aplicar.","breadcrumb":{"@id":"https:\/\/pinturasrocor.com\/producto\/mate-especial-pladur-yeso-proyectado\/#breadcrumb"},"inLanguage":"fr-FR","potentialAction":[{"@type":"ReadAction","target":["https:\/\/pinturasrocor.com\/producto\/mate-especial-pladur-yeso-proyectado\/"]}]},{"@type":"ImageObject","inLanguage":"fr-FR","@id":"https:\/\/pinturasrocor.com\/producto\/mate-especial-pladur-yeso-proyectado\/#primaryimage","url":"https:\/\/pinturasrocor.com\/wp-content\/uploads\/yeso.png","contentUrl":"https:\/\/pinturasrocor.com\/wp-content\/uploads\/yeso.png","width":800,"height":800,"caption":"yeso"},{"@type":"BreadcrumbList","@id":"https:\/\/pinturasrocor.com\/producto\/mate-especial-pladur-yeso-proyectado\/#breadcrumb","itemListElement":[{"@type":"ListItem","position":1,"name":"Portada","item":"https:\/\/pinturasrocor.com\/"},{"@type":"ListItem","position":2,"name":"Tienda","item":"https:\/\/pinturasrocor.com\/tienda\/"},{"@type":"ListItem","position":3,"name":"Mate Especial Pladur, Yeso Proyectado"}]},{"@type":"WebSite","@id":"https:\/\/pinturasrocor.com\/#website","url":"https:\/\/pinturasrocor.com\/","name":"Pinturas Rocor","description":"Fabricaci\u00f3n de Pinturas, productos para pintores y mucho m\u00e1s","potentialAction":[{"@type":"SearchAction","target":{"@type":"EntryPoint","urlTemplate":"https:\/\/pinturasrocor.com\/?s={search_term_string}"},"query-input":{"@type":"PropertyValueSpecification","valueRequired":true,"valueName":"search_term_string"}}],"inLanguage":"fr-FR"}]}},"_links":{"self":[{"href":"https:\/\/pinturasrocor.com\/fr\/wp-json\/wp\/v2\/product\/1483","targetHints":{"allow":["GET"]}}],"collection":[{"href":"https:\/\/pinturasrocor.com\/fr\/wp-json\/wp\/v2\/product"}],"about":[{"href":"https:\/\/pinturasrocor.com\/fr\/wp-json\/wp\/v2\/types\/product"}],"wp:featuredmedia":[{"embeddable":true,"href":"https:\/\/pinturasrocor.com\/fr\/wp-json\/wp\/v2\/media\/1484"}],"wp:attachment":[{"href":"https:\/\/pinturasrocor.com\/fr\/wp-json\/wp\/v2\/media?parent=1483"}],"wp:term":[{"taxonomy":"product_brand","embeddable":true,"href":"https:\/\/pinturasrocor.com\/fr\/wp-json\/wp\/v2\/product_brand?post=1483"},{"taxonomy":"product_cat","embeddable":true,"href":"https:\/\/pinturasrocor.com\/fr\/wp-json\/wp\/v2\/product_cat?post=1483"},{"taxonomy":"product_tag","embeddable":true,"href":"https:\/\/pinturasrocor.com\/fr\/wp-json\/wp\/v2\/product_tag?post=1483"}],"curies":[{"name":"wp","href":"https:\/\/api.w.org\/{rel}","templated":true}]}}