{"id":1480,"date":"2024-07-02T12:40:43","date_gmt":"2024-07-02T10:40:43","guid":{"rendered":"https:\/\/wp.pinturasrocor.com\/?post_type=product&#038;p=1480"},"modified":"2024-07-02T12:45:11","modified_gmt":"2024-07-02T10:45:11","slug":"mate-moliplas","status":"publish","type":"product","link":"https:\/\/pinturasrocor.com\/fr\/produit\/mate-moliplas\/","title":{"rendered":"Moliplas Mate"},"content":{"rendered":"<p>Peinture \u00e0 base d'eau avec des r\u00e9sines acryliques et des pigments sp\u00e9ciaux pour la blancheur, la lavabilit\u00e9, la r\u00e9sistance et la r\u00e9sistance aux agents atmosph\u00e9riques externes.<\/p>\n<h2>Propri\u00e9t\u00e9s<\/h2>\n<p>Il s'agit d'un produit \u00e0 la finition mate, d'une grande couverture et d'une grande blancheur, qui permet d'appliquer sa formulation \u00e0 l'ext\u00e9rieur.<\/p>\n<h2>Mode d'emploi<\/h2>\n<p>Application au pistolet, au rouleau, au pinceau, etc. Il est conseill\u00e9 de pr\u00e9parer la surface \u00e0 peindre, elle doit \u00eatre bien nettoy\u00e9e et si elle pr\u00e9sente des restes de peinture en mauvais \u00e9tat, il est conseill\u00e9 de la gratter et de la nettoyer avec de l'eau caustique, afin que son adh\u00e9rence soit optimale.<\/p>\n<p>&nbsp;<\/p>\n<p><a class=\"btn-download\" href=\"https:\/\/pinturasrocor.com\/wp-content\/uploads\/FICHA_TECNICA_MATE_MOLIPLAS.pdf\" target=\"_blank\" rel=\"noopener nofollow\">T\u00e9l\u00e9charger la fiche technique<\/a> <a class=\"btn-download\" href=\"https:\/\/pinturasrocor.com\/wp-content\/uploads\/FICHA_SEG_PLASTICO_MATE_MOLIPLAS.pdf\" target=\"_blank\" rel=\"noopener nofollow\">T\u00e9l\u00e9charger la fiche de donn\u00e9es de s\u00e9curit\u00e9<\/a><\/p>","protected":false},"excerpt":{"rendered":"<p>Pintura de base acuosa con resinas acr\u00edlicas y pigmentos especiales para dar blancura, lavabilidad, resistencia y combatir contra los agentes externos atmosf\u00e9ricos Propiedades Es un producto de acabado mate de gran cubrici\u00f3n y blancura, permitiendo su formulaci\u00f3n ser aplicado en el exterior. Modo de Empleo Aplicaci\u00f3n a pistola, rodillo, brocha, etc. Es aconsejable una preparaci\u00f3n [&hellip;]<\/p>","protected":false},"featured_media":1481,"template":"","meta":[],"product_brand":[],"product_cat":[41,32],"product_tag":[],"class_list":{"0":"post-1480","1":"product","2":"type-product","3":"status-publish","4":"has-post-thumbnail","6":"product_cat-pinturas-plasticas","7":"product_cat-pinturas_plasticas_mate_exterior","9":"first","10":"instock","11":"virtual","12":"product-type-simple"},"yoast_head":"<!-- This site is optimized with the Yoast SEO plugin v27.3 - https:\/\/yoast.com\/product\/yoast-seo-wordpress\/ -->\n<title>Mate Moliplas - Pinturas Rocor<\/title>\n<meta name=\"description\" content=\"Pintura acuosa con resinas acr\u00edlicas y pigmentos especiales para alta blancura, lavabilidad y resistencia a agentes atmosf\u00e9ricos.\" \/>\n<meta name=\"robots\" content=\"index, follow, max-snippet:-1, max-image-preview:large, max-video-preview:-1\" \/>\n<link rel=\"canonical\" href=\"https:\/\/pinturasrocor.com\/fr\/produit\/mate-moliplas\/\" \/>\n<meta property=\"og:locale\" content=\"fr_FR\" \/>\n<meta property=\"og:type\" content=\"article\" \/>\n<meta property=\"og:title\" content=\"Mate Moliplas - Pinturas Rocor\" \/>\n<meta property=\"og:description\" content=\"Pintura acuosa con resinas acr\u00edlicas y pigmentos especiales para alta blancura, lavabilidad y resistencia a agentes atmosf\u00e9ricos.\" \/>\n<meta property=\"og:url\" content=\"https:\/\/pinturasrocor.com\/fr\/produit\/mate-moliplas\/\" \/>\n<meta property=\"og:site_name\" content=\"Pinturas Rocor\" \/>\n<meta property=\"article:modified_time\" content=\"2024-07-02T10:45:11+00:00\" \/>\n<meta property=\"og:image\" content=\"https:\/\/pinturasrocor.com\/wp-content\/uploads\/moliplas.png\" \/>\n\t<meta property=\"og:image:width\" content=\"800\" \/>\n\t<meta property=\"og:image:height\" content=\"800\" \/>\n\t<meta property=\"og:image:type\" content=\"image\/png\" \/>\n<meta name=\"twitter:card\" content=\"summary_large_image\" \/>\n<meta name=\"twitter:label1\" content=\"Dur\u00e9e de lecture estim\u00e9e\" \/>\n\t<meta name=\"twitter:data1\" content=\"1 minute\" \/>\n<script type=\"application\/ld+json\" class=\"yoast-schema-graph\">{\"@context\":\"https:\\\/\\\/schema.org\",\"@graph\":[{\"@type\":\"WebPage\",\"@id\":\"https:\\\/\\\/pinturasrocor.com\\\/producto\\\/mate-moliplas\\\/\",\"url\":\"https:\\\/\\\/pinturasrocor.com\\\/producto\\\/mate-moliplas\\\/\",\"name\":\"Mate Moliplas - Pinturas Rocor\",\"isPartOf\":{\"@id\":\"https:\\\/\\\/pinturasrocor.com\\\/#website\"},\"primaryImageOfPage\":{\"@id\":\"https:\\\/\\\/pinturasrocor.com\\\/producto\\\/mate-moliplas\\\/#primaryimage\"},\"image\":{\"@id\":\"https:\\\/\\\/pinturasrocor.com\\\/producto\\\/mate-moliplas\\\/#primaryimage\"},\"thumbnailUrl\":\"https:\\\/\\\/pinturasrocor.com\\\/wp-content\\\/uploads\\\/moliplas.png\",\"datePublished\":\"2024-07-02T10:40:43+00:00\",\"dateModified\":\"2024-07-02T10:45:11+00:00\",\"description\":\"Pintura acuosa con resinas acr\u00edlicas y pigmentos especiales para alta blancura, lavabilidad y resistencia a agentes atmosf\u00e9ricos.\",\"breadcrumb\":{\"@id\":\"https:\\\/\\\/pinturasrocor.com\\\/producto\\\/mate-moliplas\\\/#breadcrumb\"},\"inLanguage\":\"fr-FR\",\"potentialAction\":[{\"@type\":\"ReadAction\",\"target\":[\"https:\\\/\\\/pinturasrocor.com\\\/producto\\\/mate-moliplas\\\/\"]}]},{\"@type\":\"ImageObject\",\"inLanguage\":\"fr-FR\",\"@id\":\"https:\\\/\\\/pinturasrocor.com\\\/producto\\\/mate-moliplas\\\/#primaryimage\",\"url\":\"https:\\\/\\\/pinturasrocor.com\\\/wp-content\\\/uploads\\\/moliplas.png\",\"contentUrl\":\"https:\\\/\\\/pinturasrocor.com\\\/wp-content\\\/uploads\\\/moliplas.png\",\"width\":800,\"height\":800,\"caption\":\"moliplas\"},{\"@type\":\"BreadcrumbList\",\"@id\":\"https:\\\/\\\/pinturasrocor.com\\\/producto\\\/mate-moliplas\\\/#breadcrumb\",\"itemListElement\":[{\"@type\":\"ListItem\",\"position\":1,\"name\":\"Portada\",\"item\":\"https:\\\/\\\/pinturasrocor.com\\\/\"},{\"@type\":\"ListItem\",\"position\":2,\"name\":\"Tienda\",\"item\":\"https:\\\/\\\/pinturasrocor.com\\\/tienda\\\/\"},{\"@type\":\"ListItem\",\"position\":3,\"name\":\"Mate Moliplas\"}]},{\"@type\":\"WebSite\",\"@id\":\"https:\\\/\\\/pinturasrocor.com\\\/#website\",\"url\":\"https:\\\/\\\/pinturasrocor.com\\\/\",\"name\":\"Pinturas Rocor\",\"description\":\"Fabricaci\u00f3n de Pinturas, productos para pintores y mucho m\u00e1s\",\"potentialAction\":[{\"@type\":\"SearchAction\",\"target\":{\"@type\":\"EntryPoint\",\"urlTemplate\":\"https:\\\/\\\/pinturasrocor.com\\\/?s={search_term_string}\"},\"query-input\":{\"@type\":\"PropertyValueSpecification\",\"valueRequired\":true,\"valueName\":\"search_term_string\"}}],\"inLanguage\":\"fr-FR\"}]}<\/script>\n<!-- \/ Yoast SEO plugin. -->","yoast_head_json":{"title":"Mate Moliplas - Pinturas Rocor","description":"Pintura acuosa con resinas acr\u00edlicas y pigmentos especiales para alta blancura, lavabilidad y resistencia a agentes atmosf\u00e9ricos.","robots":{"index":"index","follow":"follow","max-snippet":"max-snippet:-1","max-image-preview":"max-image-preview:large","max-video-preview":"max-video-preview:-1"},"canonical":"https:\/\/pinturasrocor.com\/fr\/produit\/mate-moliplas\/","og_locale":"fr_FR","og_type":"article","og_title":"Mate Moliplas - Pinturas Rocor","og_description":"Pintura acuosa con resinas acr\u00edlicas y pigmentos especiales para alta blancura, lavabilidad y resistencia a agentes atmosf\u00e9ricos.","og_url":"https:\/\/pinturasrocor.com\/fr\/produit\/mate-moliplas\/","og_site_name":"Pinturas Rocor","article_modified_time":"2024-07-02T10:45:11+00:00","og_image":[{"width":800,"height":800,"url":"https:\/\/pinturasrocor.com\/wp-content\/uploads\/moliplas.png","type":"image\/png"}],"twitter_card":"summary_large_image","twitter_misc":{"Dur\u00e9e de lecture estim\u00e9e":"1 minute"},"schema":{"@context":"https:\/\/schema.org","@graph":[{"@type":"WebPage","@id":"https:\/\/pinturasrocor.com\/producto\/mate-moliplas\/","url":"https:\/\/pinturasrocor.com\/producto\/mate-moliplas\/","name":"Mate Moliplas - Pinturas Rocor","isPartOf":{"@id":"https:\/\/pinturasrocor.com\/#website"},"primaryImageOfPage":{"@id":"https:\/\/pinturasrocor.com\/producto\/mate-moliplas\/#primaryimage"},"image":{"@id":"https:\/\/pinturasrocor.com\/producto\/mate-moliplas\/#primaryimage"},"thumbnailUrl":"https:\/\/pinturasrocor.com\/wp-content\/uploads\/moliplas.png","datePublished":"2024-07-02T10:40:43+00:00","dateModified":"2024-07-02T10:45:11+00:00","description":"Pintura acuosa con resinas acr\u00edlicas y pigmentos especiales para alta blancura, lavabilidad y resistencia a agentes atmosf\u00e9ricos.","breadcrumb":{"@id":"https:\/\/pinturasrocor.com\/producto\/mate-moliplas\/#breadcrumb"},"inLanguage":"fr-FR","potentialAction":[{"@type":"ReadAction","target":["https:\/\/pinturasrocor.com\/producto\/mate-moliplas\/"]}]},{"@type":"ImageObject","inLanguage":"fr-FR","@id":"https:\/\/pinturasrocor.com\/producto\/mate-moliplas\/#primaryimage","url":"https:\/\/pinturasrocor.com\/wp-content\/uploads\/moliplas.png","contentUrl":"https:\/\/pinturasrocor.com\/wp-content\/uploads\/moliplas.png","width":800,"height":800,"caption":"moliplas"},{"@type":"BreadcrumbList","@id":"https:\/\/pinturasrocor.com\/producto\/mate-moliplas\/#breadcrumb","itemListElement":[{"@type":"ListItem","position":1,"name":"Portada","item":"https:\/\/pinturasrocor.com\/"},{"@type":"ListItem","position":2,"name":"Tienda","item":"https:\/\/pinturasrocor.com\/tienda\/"},{"@type":"ListItem","position":3,"name":"Mate Moliplas"}]},{"@type":"WebSite","@id":"https:\/\/pinturasrocor.com\/#website","url":"https:\/\/pinturasrocor.com\/","name":"Pinturas Rocor","description":"Fabricaci\u00f3n de Pinturas, productos para pintores y mucho m\u00e1s","potentialAction":[{"@type":"SearchAction","target":{"@type":"EntryPoint","urlTemplate":"https:\/\/pinturasrocor.com\/?s={search_term_string}"},"query-input":{"@type":"PropertyValueSpecification","valueRequired":true,"valueName":"search_term_string"}}],"inLanguage":"fr-FR"}]}},"_links":{"self":[{"href":"https:\/\/pinturasrocor.com\/fr\/wp-json\/wp\/v2\/product\/1480","targetHints":{"allow":["GET"]}}],"collection":[{"href":"https:\/\/pinturasrocor.com\/fr\/wp-json\/wp\/v2\/product"}],"about":[{"href":"https:\/\/pinturasrocor.com\/fr\/wp-json\/wp\/v2\/types\/product"}],"wp:featuredmedia":[{"embeddable":true,"href":"https:\/\/pinturasrocor.com\/fr\/wp-json\/wp\/v2\/media\/1481"}],"wp:attachment":[{"href":"https:\/\/pinturasrocor.com\/fr\/wp-json\/wp\/v2\/media?parent=1480"}],"wp:term":[{"taxonomy":"product_brand","embeddable":true,"href":"https:\/\/pinturasrocor.com\/fr\/wp-json\/wp\/v2\/product_brand?post=1480"},{"taxonomy":"product_cat","embeddable":true,"href":"https:\/\/pinturasrocor.com\/fr\/wp-json\/wp\/v2\/product_cat?post=1480"},{"taxonomy":"product_tag","embeddable":true,"href":"https:\/\/pinturasrocor.com\/fr\/wp-json\/wp\/v2\/product_tag?post=1480"}],"curies":[{"name":"wp","href":"https:\/\/api.w.org\/{rel}","templated":true}]}}