{"id":1477,"date":"2024-07-02T12:31:39","date_gmt":"2024-07-02T10:31:39","guid":{"rendered":"https:\/\/wp.pinturasrocor.com\/?post_type=product&#038;p=1477"},"modified":"2024-07-02T12:39:21","modified_gmt":"2024-07-02T10:39:21","slug":"mate-blanco-rocor","status":"publish","type":"product","link":"https:\/\/pinturasrocor.com\/fr\/produit\/blanc-rouge-mat\/","title":{"rendered":"Matt White Rocor"},"content":{"rendered":"<p>Il s'agit d'une peinture \u00e0 base d'eau dont le pouvoir couvrant et la blancheur sont in\u00e9gal\u00e9s. Les produits utilis\u00e9s pour sa fabrication sont : des r\u00e9sines acryliques styr\u00e9niques pures et des pigments de haute qualit\u00e9.<\/p>\n<h2>Application<\/h2>\n<p>Cette peinture peut \u00eatre utilis\u00e9e pour la d\u00e9coration int\u00e9rieure ainsi que pour l'ext\u00e9rieur et les fa\u00e7ades. Haute r\u00e9sistance au frottement humide.<\/p>\n<h2>Propri\u00e9t\u00e9s<\/h2>\n<p>Il est pr\u00e9par\u00e9 pour la protection des fa\u00e7ades, en donnant une imperm\u00e9abilit\u00e9 impeccable gr\u00e2ce \u00e0 ses produits, le MATE BLANCO ROCOR, ne jaunit pas avec le temps. Sans azurants optiques.<\/p>\n<h2>Mode d'emploi<\/h2>\n<p>Application au pistolet, au rouleau, au pinceau, etc. Il est conseill\u00e9 de pr\u00e9parer la surface \u00e0 peindre, elle doit \u00eatre bien nettoy\u00e9e et si elle pr\u00e9sente des restes de peinture en mauvais \u00e9tat, il est conseill\u00e9 de la gratter et de la nettoyer avec de l'eau caustique ou d'appliquer une couche de fixateur de chaux en cas de vieille peinture ou de peinture en mauvais \u00e9tat. S'il s'agit de travaux neufs, diluer la peinture en ajoutant 60% d'eau +\/- et pour la deuxi\u00e8me couche entre 25 ou 30% pour assurer son ancrage et sa durabilit\u00e9.<\/p>\n<p>&nbsp;<\/p>\n<p><a class=\"btn-download\" href=\"https:\/\/pinturasrocor.com\/wp-content\/uploads\/FICHA_TECNICA_MATE_BLANCO_ROCOR.pdf\" target=\"_blank\" rel=\"noopener nofollow\">T\u00e9l\u00e9charger la fiche technique<\/a> <a class=\"btn-download\" href=\"https:\/\/pinturasrocor.com\/wp-content\/uploads\/FICHA_SEG_PLASTICO_MATE_BL_ROCOR.pdf\" target=\"_blank\" rel=\"noopener nofollow\">T\u00e9l\u00e9charger la fiche de donn\u00e9es de s\u00e9curit\u00e9<\/a><\/p>","protected":false},"excerpt":{"rendered":"<p>Il s'agit d'une peinture \u00e0 base d'eau dont le pouvoir couvrant et la blancheur sont in\u00e9gal\u00e9s. Les produits utilis\u00e9s pour sa fabrication sont : des r\u00e9sines acryliques styr\u00e9niques pures et des pigments de haute qualit\u00e9. Application Cette peinture peut \u00eatre utilis\u00e9e pour la d\u00e9coration int\u00e9rieure ainsi que pour l'ext\u00e9rieur et les fa\u00e7ades. Haute r\u00e9sistance au frottement humide. Propri\u00e9t\u00e9s Elle convient pour [...]<\/p>","protected":false},"featured_media":1478,"template":"","meta":[],"product_brand":[],"product_cat":[41,32],"product_tag":[],"class_list":{"0":"post-1477","1":"product","2":"type-product","3":"status-publish","4":"has-post-thumbnail","6":"product_cat-pinturas-plasticas","7":"product_cat-pinturas_plasticas_mate_exterior","9":"first","10":"instock","11":"virtual","12":"product-type-simple"},"yoast_head":"<!-- This site is optimized with the Yoast SEO plugin v27.4 - https:\/\/yoast.com\/product\/yoast-seo-wordpress\/ -->\n<title>Mate Blanco Rocor - Pinturas Rocor<\/title>\n<meta name=\"description\" content=\"Pintura acuosa de alta cobertura y blancura excepcional. Ideal para interiores, exteriores y fachadas. Resistente al frote h\u00famedo\" \/>\n<meta name=\"robots\" content=\"index, follow, max-snippet:-1, max-image-preview:large, max-video-preview:-1\" \/>\n<link rel=\"canonical\" href=\"https:\/\/pinturasrocor.com\/fr\/produit\/blanc-rouge-mat\/\" \/>\n<meta property=\"og:locale\" content=\"fr_FR\" \/>\n<meta property=\"og:type\" content=\"article\" \/>\n<meta property=\"og:title\" content=\"Mate Blanco Rocor - Pinturas Rocor\" \/>\n<meta property=\"og:description\" content=\"Pintura acuosa de alta cobertura y blancura excepcional. Ideal para interiores, exteriores y fachadas. Resistente al frote h\u00famedo\" \/>\n<meta property=\"og:url\" content=\"https:\/\/pinturasrocor.com\/fr\/produit\/blanc-rouge-mat\/\" \/>\n<meta property=\"og:site_name\" content=\"Pinturas Rocor\" \/>\n<meta property=\"article:modified_time\" content=\"2024-07-02T10:39:21+00:00\" \/>\n<meta property=\"og:image\" content=\"https:\/\/pinturasrocor.com\/wp-content\/uploads\/mate-blanco.png\" \/>\n\t<meta property=\"og:image:width\" content=\"800\" \/>\n\t<meta property=\"og:image:height\" content=\"800\" \/>\n\t<meta property=\"og:image:type\" content=\"image\/png\" \/>\n<meta name=\"twitter:card\" content=\"summary_large_image\" \/>\n<meta name=\"twitter:label1\" content=\"Dur\u00e9e de lecture estim\u00e9e\" \/>\n\t<meta name=\"twitter:data1\" content=\"1 minute\" \/>\n<script type=\"application\/ld+json\" class=\"yoast-schema-graph\">{\"@context\":\"https:\\\/\\\/schema.org\",\"@graph\":[{\"@type\":\"WebPage\",\"@id\":\"https:\\\/\\\/pinturasrocor.com\\\/producto\\\/mate-blanco-rocor\\\/\",\"url\":\"https:\\\/\\\/pinturasrocor.com\\\/producto\\\/mate-blanco-rocor\\\/\",\"name\":\"Mate Blanco Rocor - Pinturas Rocor\",\"isPartOf\":{\"@id\":\"https:\\\/\\\/pinturasrocor.com\\\/#website\"},\"primaryImageOfPage\":{\"@id\":\"https:\\\/\\\/pinturasrocor.com\\\/producto\\\/mate-blanco-rocor\\\/#primaryimage\"},\"image\":{\"@id\":\"https:\\\/\\\/pinturasrocor.com\\\/producto\\\/mate-blanco-rocor\\\/#primaryimage\"},\"thumbnailUrl\":\"https:\\\/\\\/pinturasrocor.com\\\/wp-content\\\/uploads\\\/mate-blanco.png\",\"datePublished\":\"2024-07-02T10:31:39+00:00\",\"dateModified\":\"2024-07-02T10:39:21+00:00\",\"description\":\"Pintura acuosa de alta cobertura y blancura excepcional. Ideal para interiores, exteriores y fachadas. Resistente al frote h\u00famedo\",\"breadcrumb\":{\"@id\":\"https:\\\/\\\/pinturasrocor.com\\\/producto\\\/mate-blanco-rocor\\\/#breadcrumb\"},\"inLanguage\":\"fr-FR\",\"potentialAction\":[{\"@type\":\"ReadAction\",\"target\":[\"https:\\\/\\\/pinturasrocor.com\\\/producto\\\/mate-blanco-rocor\\\/\"]}]},{\"@type\":\"ImageObject\",\"inLanguage\":\"fr-FR\",\"@id\":\"https:\\\/\\\/pinturasrocor.com\\\/producto\\\/mate-blanco-rocor\\\/#primaryimage\",\"url\":\"https:\\\/\\\/pinturasrocor.com\\\/wp-content\\\/uploads\\\/mate-blanco.png\",\"contentUrl\":\"https:\\\/\\\/pinturasrocor.com\\\/wp-content\\\/uploads\\\/mate-blanco.png\",\"width\":800,\"height\":800,\"caption\":\"mate blanco\"},{\"@type\":\"BreadcrumbList\",\"@id\":\"https:\\\/\\\/pinturasrocor.com\\\/producto\\\/mate-blanco-rocor\\\/#breadcrumb\",\"itemListElement\":[{\"@type\":\"ListItem\",\"position\":1,\"name\":\"Portada\",\"item\":\"https:\\\/\\\/pinturasrocor.com\\\/\"},{\"@type\":\"ListItem\",\"position\":2,\"name\":\"Tienda\",\"item\":\"https:\\\/\\\/pinturasrocor.com\\\/tienda\\\/\"},{\"@type\":\"ListItem\",\"position\":3,\"name\":\"Mate Blanco Rocor\"}]},{\"@type\":\"WebSite\",\"@id\":\"https:\\\/\\\/pinturasrocor.com\\\/#website\",\"url\":\"https:\\\/\\\/pinturasrocor.com\\\/\",\"name\":\"Pinturas Rocor\",\"description\":\"Fabricaci\u00f3n de Pinturas, productos para pintores y mucho m\u00e1s\",\"potentialAction\":[{\"@type\":\"SearchAction\",\"target\":{\"@type\":\"EntryPoint\",\"urlTemplate\":\"https:\\\/\\\/pinturasrocor.com\\\/?s={search_term_string}\"},\"query-input\":{\"@type\":\"PropertyValueSpecification\",\"valueRequired\":true,\"valueName\":\"search_term_string\"}}],\"inLanguage\":\"fr-FR\"}]}<\/script>\n<!-- \/ Yoast SEO plugin. -->","yoast_head_json":{"title":"Mate Blanco Rocor - Pinturas Rocor","description":"Pintura acuosa de alta cobertura y blancura excepcional. Ideal para interiores, exteriores y fachadas. Resistente al frote h\u00famedo","robots":{"index":"index","follow":"follow","max-snippet":"max-snippet:-1","max-image-preview":"max-image-preview:large","max-video-preview":"max-video-preview:-1"},"canonical":"https:\/\/pinturasrocor.com\/fr\/produit\/blanc-rouge-mat\/","og_locale":"fr_FR","og_type":"article","og_title":"Mate Blanco Rocor - Pinturas Rocor","og_description":"Pintura acuosa de alta cobertura y blancura excepcional. Ideal para interiores, exteriores y fachadas. Resistente al frote h\u00famedo","og_url":"https:\/\/pinturasrocor.com\/fr\/produit\/blanc-rouge-mat\/","og_site_name":"Pinturas Rocor","article_modified_time":"2024-07-02T10:39:21+00:00","og_image":[{"width":800,"height":800,"url":"https:\/\/pinturasrocor.com\/wp-content\/uploads\/mate-blanco.png","type":"image\/png"}],"twitter_card":"summary_large_image","twitter_misc":{"Dur\u00e9e de lecture estim\u00e9e":"1 minute"},"schema":{"@context":"https:\/\/schema.org","@graph":[{"@type":"WebPage","@id":"https:\/\/pinturasrocor.com\/producto\/mate-blanco-rocor\/","url":"https:\/\/pinturasrocor.com\/producto\/mate-blanco-rocor\/","name":"Mate Blanco Rocor - Pinturas Rocor","isPartOf":{"@id":"https:\/\/pinturasrocor.com\/#website"},"primaryImageOfPage":{"@id":"https:\/\/pinturasrocor.com\/producto\/mate-blanco-rocor\/#primaryimage"},"image":{"@id":"https:\/\/pinturasrocor.com\/producto\/mate-blanco-rocor\/#primaryimage"},"thumbnailUrl":"https:\/\/pinturasrocor.com\/wp-content\/uploads\/mate-blanco.png","datePublished":"2024-07-02T10:31:39+00:00","dateModified":"2024-07-02T10:39:21+00:00","description":"Pintura acuosa de alta cobertura y blancura excepcional. Ideal para interiores, exteriores y fachadas. Resistente al frote h\u00famedo","breadcrumb":{"@id":"https:\/\/pinturasrocor.com\/producto\/mate-blanco-rocor\/#breadcrumb"},"inLanguage":"fr-FR","potentialAction":[{"@type":"ReadAction","target":["https:\/\/pinturasrocor.com\/producto\/mate-blanco-rocor\/"]}]},{"@type":"ImageObject","inLanguage":"fr-FR","@id":"https:\/\/pinturasrocor.com\/producto\/mate-blanco-rocor\/#primaryimage","url":"https:\/\/pinturasrocor.com\/wp-content\/uploads\/mate-blanco.png","contentUrl":"https:\/\/pinturasrocor.com\/wp-content\/uploads\/mate-blanco.png","width":800,"height":800,"caption":"mate blanco"},{"@type":"BreadcrumbList","@id":"https:\/\/pinturasrocor.com\/producto\/mate-blanco-rocor\/#breadcrumb","itemListElement":[{"@type":"ListItem","position":1,"name":"Portada","item":"https:\/\/pinturasrocor.com\/"},{"@type":"ListItem","position":2,"name":"Tienda","item":"https:\/\/pinturasrocor.com\/tienda\/"},{"@type":"ListItem","position":3,"name":"Mate Blanco Rocor"}]},{"@type":"WebSite","@id":"https:\/\/pinturasrocor.com\/#website","url":"https:\/\/pinturasrocor.com\/","name":"Pinturas Rocor","description":"Fabricaci\u00f3n de Pinturas, productos para pintores y mucho m\u00e1s","potentialAction":[{"@type":"SearchAction","target":{"@type":"EntryPoint","urlTemplate":"https:\/\/pinturasrocor.com\/?s={search_term_string}"},"query-input":{"@type":"PropertyValueSpecification","valueRequired":true,"valueName":"search_term_string"}}],"inLanguage":"fr-FR"}]}},"_links":{"self":[{"href":"https:\/\/pinturasrocor.com\/fr\/wp-json\/wp\/v2\/product\/1477","targetHints":{"allow":["GET"]}}],"collection":[{"href":"https:\/\/pinturasrocor.com\/fr\/wp-json\/wp\/v2\/product"}],"about":[{"href":"https:\/\/pinturasrocor.com\/fr\/wp-json\/wp\/v2\/types\/product"}],"wp:featuredmedia":[{"embeddable":true,"href":"https:\/\/pinturasrocor.com\/fr\/wp-json\/wp\/v2\/media\/1478"}],"wp:attachment":[{"href":"https:\/\/pinturasrocor.com\/fr\/wp-json\/wp\/v2\/media?parent=1477"}],"wp:term":[{"taxonomy":"product_brand","embeddable":true,"href":"https:\/\/pinturasrocor.com\/fr\/wp-json\/wp\/v2\/product_brand?post=1477"},{"taxonomy":"product_cat","embeddable":true,"href":"https:\/\/pinturasrocor.com\/fr\/wp-json\/wp\/v2\/product_cat?post=1477"},{"taxonomy":"product_tag","embeddable":true,"href":"https:\/\/pinturasrocor.com\/fr\/wp-json\/wp\/v2\/product_tag?post=1477"}],"curies":[{"name":"wp","href":"https:\/\/api.w.org\/{rel}","templated":true}]}}