{"id":1469,"date":"2024-07-02T10:29:06","date_gmt":"2024-07-02T08:29:06","guid":{"rendered":"https:\/\/wp.pinturasrocor.com\/?post_type=product&#038;p=1469"},"modified":"2024-07-02T12:29:37","modified_gmt":"2024-07-02T10:29:37","slug":"mate-extra-f2","status":"publish","type":"product","link":"https:\/\/pinturasrocor.com\/fr\/produit\/mate-extra-f2\/","title":{"rendered":"Mate Extra F2"},"content":{"rendered":"<p>Il s'agit d'une peinture \u00e0 base d'eau avec un pouvoir couvrant et une blancheur extraordinaires. Les produits utilis\u00e9s pour sa production sont : des copolym\u00e8res styr\u00e8ne-acrylique, des charges et des pigments de haute qualit\u00e9.<\/p>\n<h2>Application<\/h2>\n<p>Cette peinture peut \u00eatre utilis\u00e9e \u00e0 l'int\u00e9rieur comme \u00e0 l'ext\u00e9rieur.<\/p>\n<h2>Propri\u00e9t\u00e9s<\/h2>\n<p>MATE EXTRA F2 est sp\u00e9cialement con\u00e7u pour les int\u00e9rieurs et peut \u00eatre lav\u00e9 autant de fois que n\u00e9cessaire, et pour les ext\u00e9rieurs, une fois pulv\u00e9ris\u00e9, il est garanti imperm\u00e9able.<\/p>\n<h2>Mode d'emploi<\/h2>\n<p>Application au pistolet, au rouleau, au pinceau, etc. En cas de projection \u00e0 l'ext\u00e9rieur, il est conseill\u00e9 que la surface \u00e0 peindre soit en bon \u00e9tat, propre, d\u00e9poussi\u00e9r\u00e9e et d\u00e9graiss\u00e9e. Si la surface \u00e0 peindre pr\u00e9sente des restes de peinture ant\u00e9rieure en mauvais \u00e9tat, elle doit \u00eatre gratt\u00e9e et nettoy\u00e9e \u00e0 l'eau caustique, afin que son adh\u00e9rence soit optimale. Sur des surfaces neuves, propres et s\u00e8ches, exemptes de rouille, de graisse ou de salp\u00eatre. Sur ciment ou b\u00e9ton en diluant directement jusqu'\u00e0 10% pour la premi\u00e8re couche, les couches suivantes seront appliqu\u00e9es avec le produit dilu\u00e9 normalement, sans probl\u00e8me d'\u00e9caillage. Sur pl\u00e2tre, enduit ou bois, il est conseill\u00e9 d'utiliser au pr\u00e9alable un Scellant Synth\u00e9tique.<\/p>\n<p>&nbsp;<\/p>\n<p><a class=\"btn-download\" href=\"https:\/\/pinturasrocor.com\/wp-content\/uploads\/MATE_EXTRA_F2_F.TECNICA.pdf\" target=\"_blank\" rel=\"noopener nofollow\">T\u00e9l\u00e9charger la fiche technique<\/a> <a class=\"btn-download\" href=\"https:\/\/pinturasrocor.com\/wp-content\/uploads\/MATE_EXTRA_F2_F.SEGURIDAD.pdf\" target=\"_blank\" rel=\"noopener nofollow\">T\u00e9l\u00e9charger la fiche de donn\u00e9es de s\u00e9curit\u00e9<\/a><\/p>","protected":false},"excerpt":{"rendered":"<p>Il s'agit d'une peinture \u00e0 base d'eau avec un pouvoir couvrant et une blancheur extraordinaires. Les produits utilis\u00e9s pour sa production sont : des copolym\u00e8res styr\u00e8ne-acrylique, des charges et des pigments de haute qualit\u00e9. Application Cette peinture peut \u00eatre utilis\u00e9e aussi bien \u00e0 l'int\u00e9rieur qu'\u00e0 l'ext\u00e9rieur. Propri\u00e9t\u00e9s MATE EXTRA F2 est particuli\u00e8rement adapt\u00e9e aux int\u00e9rieurs et peut \u00eatre lav\u00e9e aussi souvent que n\u00e9cessaire.<\/p>","protected":false},"featured_media":1470,"template":"","meta":[],"product_brand":[],"product_cat":[41,32],"product_tag":[],"class_list":{"0":"post-1469","1":"product","2":"type-product","3":"status-publish","4":"has-post-thumbnail","6":"product_cat-pinturas-plasticas","7":"product_cat-pinturas_plasticas_mate_exterior","9":"first","10":"instock","11":"virtual","12":"product-type-simple"},"yoast_head":"<!-- This site is optimized with the Yoast SEO plugin v27.3 - https:\/\/yoast.com\/product\/yoast-seo-wordpress\/ -->\n<title>Mate Extra F2 - Pinturas Rocor<\/title>\n<meta name=\"description\" content=\"Pintura base acuosa de alta cobertura y blancura, ideal para interiores y exteriores. Lavable en interiores y garantiza impermeabilidad en exteriores.\" \/>\n<meta name=\"robots\" content=\"index, follow, max-snippet:-1, max-image-preview:large, max-video-preview:-1\" \/>\n<link rel=\"canonical\" href=\"https:\/\/pinturasrocor.com\/fr\/produit\/mate-extra-f2\/\" \/>\n<meta property=\"og:locale\" content=\"fr_FR\" \/>\n<meta property=\"og:type\" content=\"article\" \/>\n<meta property=\"og:title\" content=\"Mate Extra F2 - Pinturas Rocor\" \/>\n<meta property=\"og:description\" content=\"Pintura base acuosa de alta cobertura y blancura, ideal para interiores y exteriores. Lavable en interiores y garantiza impermeabilidad en exteriores.\" \/>\n<meta property=\"og:url\" content=\"https:\/\/pinturasrocor.com\/fr\/produit\/mate-extra-f2\/\" \/>\n<meta property=\"og:site_name\" content=\"Pinturas Rocor\" \/>\n<meta property=\"article:modified_time\" content=\"2024-07-02T10:29:37+00:00\" \/>\n<meta property=\"og:image\" content=\"https:\/\/pinturasrocor.com\/wp-content\/uploads\/matef2.png\" \/>\n\t<meta property=\"og:image:width\" content=\"800\" \/>\n\t<meta property=\"og:image:height\" content=\"800\" \/>\n\t<meta property=\"og:image:type\" content=\"image\/png\" \/>\n<meta name=\"twitter:card\" content=\"summary_large_image\" \/>\n<meta name=\"twitter:label1\" content=\"Dur\u00e9e de lecture estim\u00e9e\" \/>\n\t<meta name=\"twitter:data1\" content=\"1 minute\" \/>\n<script type=\"application\/ld+json\" class=\"yoast-schema-graph\">{\"@context\":\"https:\\\/\\\/schema.org\",\"@graph\":[{\"@type\":\"WebPage\",\"@id\":\"https:\\\/\\\/pinturasrocor.com\\\/producto\\\/mate-extra-f2\\\/\",\"url\":\"https:\\\/\\\/pinturasrocor.com\\\/producto\\\/mate-extra-f2\\\/\",\"name\":\"Mate Extra F2 - Pinturas Rocor\",\"isPartOf\":{\"@id\":\"https:\\\/\\\/pinturasrocor.com\\\/#website\"},\"primaryImageOfPage\":{\"@id\":\"https:\\\/\\\/pinturasrocor.com\\\/producto\\\/mate-extra-f2\\\/#primaryimage\"},\"image\":{\"@id\":\"https:\\\/\\\/pinturasrocor.com\\\/producto\\\/mate-extra-f2\\\/#primaryimage\"},\"thumbnailUrl\":\"https:\\\/\\\/pinturasrocor.com\\\/wp-content\\\/uploads\\\/matef2.png\",\"datePublished\":\"2024-07-02T08:29:06+00:00\",\"dateModified\":\"2024-07-02T10:29:37+00:00\",\"description\":\"Pintura base acuosa de alta cobertura y blancura, ideal para interiores y exteriores. Lavable en interiores y garantiza impermeabilidad en exteriores.\",\"breadcrumb\":{\"@id\":\"https:\\\/\\\/pinturasrocor.com\\\/producto\\\/mate-extra-f2\\\/#breadcrumb\"},\"inLanguage\":\"fr-FR\",\"potentialAction\":[{\"@type\":\"ReadAction\",\"target\":[\"https:\\\/\\\/pinturasrocor.com\\\/producto\\\/mate-extra-f2\\\/\"]}]},{\"@type\":\"ImageObject\",\"inLanguage\":\"fr-FR\",\"@id\":\"https:\\\/\\\/pinturasrocor.com\\\/producto\\\/mate-extra-f2\\\/#primaryimage\",\"url\":\"https:\\\/\\\/pinturasrocor.com\\\/wp-content\\\/uploads\\\/matef2.png\",\"contentUrl\":\"https:\\\/\\\/pinturasrocor.com\\\/wp-content\\\/uploads\\\/matef2.png\",\"width\":800,\"height\":800,\"caption\":\"matef2\"},{\"@type\":\"BreadcrumbList\",\"@id\":\"https:\\\/\\\/pinturasrocor.com\\\/producto\\\/mate-extra-f2\\\/#breadcrumb\",\"itemListElement\":[{\"@type\":\"ListItem\",\"position\":1,\"name\":\"Portada\",\"item\":\"https:\\\/\\\/pinturasrocor.com\\\/\"},{\"@type\":\"ListItem\",\"position\":2,\"name\":\"Tienda\",\"item\":\"https:\\\/\\\/pinturasrocor.com\\\/tienda\\\/\"},{\"@type\":\"ListItem\",\"position\":3,\"name\":\"Mate Extra F2\"}]},{\"@type\":\"WebSite\",\"@id\":\"https:\\\/\\\/pinturasrocor.com\\\/#website\",\"url\":\"https:\\\/\\\/pinturasrocor.com\\\/\",\"name\":\"Pinturas Rocor\",\"description\":\"Fabricaci\u00f3n de Pinturas, productos para pintores y mucho m\u00e1s\",\"potentialAction\":[{\"@type\":\"SearchAction\",\"target\":{\"@type\":\"EntryPoint\",\"urlTemplate\":\"https:\\\/\\\/pinturasrocor.com\\\/?s={search_term_string}\"},\"query-input\":{\"@type\":\"PropertyValueSpecification\",\"valueRequired\":true,\"valueName\":\"search_term_string\"}}],\"inLanguage\":\"fr-FR\"}]}<\/script>\n<!-- \/ Yoast SEO plugin. -->","yoast_head_json":{"title":"Mate Extra F2 - Pinturas Rocor","description":"Pintura base acuosa de alta cobertura y blancura, ideal para interiores y exteriores. Lavable en interiores y garantiza impermeabilidad en exteriores.","robots":{"index":"index","follow":"follow","max-snippet":"max-snippet:-1","max-image-preview":"max-image-preview:large","max-video-preview":"max-video-preview:-1"},"canonical":"https:\/\/pinturasrocor.com\/fr\/produit\/mate-extra-f2\/","og_locale":"fr_FR","og_type":"article","og_title":"Mate Extra F2 - Pinturas Rocor","og_description":"Pintura base acuosa de alta cobertura y blancura, ideal para interiores y exteriores. Lavable en interiores y garantiza impermeabilidad en exteriores.","og_url":"https:\/\/pinturasrocor.com\/fr\/produit\/mate-extra-f2\/","og_site_name":"Pinturas Rocor","article_modified_time":"2024-07-02T10:29:37+00:00","og_image":[{"width":800,"height":800,"url":"https:\/\/pinturasrocor.com\/wp-content\/uploads\/matef2.png","type":"image\/png"}],"twitter_card":"summary_large_image","twitter_misc":{"Dur\u00e9e de lecture estim\u00e9e":"1 minute"},"schema":{"@context":"https:\/\/schema.org","@graph":[{"@type":"WebPage","@id":"https:\/\/pinturasrocor.com\/producto\/mate-extra-f2\/","url":"https:\/\/pinturasrocor.com\/producto\/mate-extra-f2\/","name":"Mate Extra F2 - Pinturas Rocor","isPartOf":{"@id":"https:\/\/pinturasrocor.com\/#website"},"primaryImageOfPage":{"@id":"https:\/\/pinturasrocor.com\/producto\/mate-extra-f2\/#primaryimage"},"image":{"@id":"https:\/\/pinturasrocor.com\/producto\/mate-extra-f2\/#primaryimage"},"thumbnailUrl":"https:\/\/pinturasrocor.com\/wp-content\/uploads\/matef2.png","datePublished":"2024-07-02T08:29:06+00:00","dateModified":"2024-07-02T10:29:37+00:00","description":"Pintura base acuosa de alta cobertura y blancura, ideal para interiores y exteriores. Lavable en interiores y garantiza impermeabilidad en exteriores.","breadcrumb":{"@id":"https:\/\/pinturasrocor.com\/producto\/mate-extra-f2\/#breadcrumb"},"inLanguage":"fr-FR","potentialAction":[{"@type":"ReadAction","target":["https:\/\/pinturasrocor.com\/producto\/mate-extra-f2\/"]}]},{"@type":"ImageObject","inLanguage":"fr-FR","@id":"https:\/\/pinturasrocor.com\/producto\/mate-extra-f2\/#primaryimage","url":"https:\/\/pinturasrocor.com\/wp-content\/uploads\/matef2.png","contentUrl":"https:\/\/pinturasrocor.com\/wp-content\/uploads\/matef2.png","width":800,"height":800,"caption":"matef2"},{"@type":"BreadcrumbList","@id":"https:\/\/pinturasrocor.com\/producto\/mate-extra-f2\/#breadcrumb","itemListElement":[{"@type":"ListItem","position":1,"name":"Portada","item":"https:\/\/pinturasrocor.com\/"},{"@type":"ListItem","position":2,"name":"Tienda","item":"https:\/\/pinturasrocor.com\/tienda\/"},{"@type":"ListItem","position":3,"name":"Mate Extra F2"}]},{"@type":"WebSite","@id":"https:\/\/pinturasrocor.com\/#website","url":"https:\/\/pinturasrocor.com\/","name":"Pinturas Rocor","description":"Fabricaci\u00f3n de Pinturas, productos para pintores y mucho m\u00e1s","potentialAction":[{"@type":"SearchAction","target":{"@type":"EntryPoint","urlTemplate":"https:\/\/pinturasrocor.com\/?s={search_term_string}"},"query-input":{"@type":"PropertyValueSpecification","valueRequired":true,"valueName":"search_term_string"}}],"inLanguage":"fr-FR"}]}},"_links":{"self":[{"href":"https:\/\/pinturasrocor.com\/fr\/wp-json\/wp\/v2\/product\/1469","targetHints":{"allow":["GET"]}}],"collection":[{"href":"https:\/\/pinturasrocor.com\/fr\/wp-json\/wp\/v2\/product"}],"about":[{"href":"https:\/\/pinturasrocor.com\/fr\/wp-json\/wp\/v2\/types\/product"}],"wp:featuredmedia":[{"embeddable":true,"href":"https:\/\/pinturasrocor.com\/fr\/wp-json\/wp\/v2\/media\/1470"}],"wp:attachment":[{"href":"https:\/\/pinturasrocor.com\/fr\/wp-json\/wp\/v2\/media?parent=1469"}],"wp:term":[{"taxonomy":"product_brand","embeddable":true,"href":"https:\/\/pinturasrocor.com\/fr\/wp-json\/wp\/v2\/product_brand?post=1469"},{"taxonomy":"product_cat","embeddable":true,"href":"https:\/\/pinturasrocor.com\/fr\/wp-json\/wp\/v2\/product_cat?post=1469"},{"taxonomy":"product_tag","embeddable":true,"href":"https:\/\/pinturasrocor.com\/fr\/wp-json\/wp\/v2\/product_tag?post=1469"}],"curies":[{"name":"wp","href":"https:\/\/api.w.org\/{rel}","templated":true}]}}