{"id":1436,"date":"2024-07-01T18:59:20","date_gmt":"2024-07-01T16:59:20","guid":{"rendered":"https:\/\/wp.pinturasrocor.com\/?post_type=product&#038;p=1436"},"modified":"2024-07-02T10:18:11","modified_gmt":"2024-07-02T08:18:11","slug":"mate-mediterraneo","status":"publish","type":"product","link":"https:\/\/pinturasrocor.com\/fr\/produit\/mate-mediterraneen\/","title":{"rendered":"Mat\u00e9 m\u00e9diterran\u00e9en"},"content":{"rendered":"<p><span data-mce-type=\"bookmark\" style=\"display: inline-block; width: 0px; overflow: hidden; line-height: 0;\" class=\"mce_SELRES_start\"><\/span>Il s'agit d'une peinture \u00e0 base d'eau dont le pouvoir couvrant et la blancheur sont imbattables. Les produits utilis\u00e9s pour sa fabrication sont : des r\u00e9sines vinyliques acryliques et des pigments de haute qualit\u00e9.<\/p>\n<h2>Application<\/h2>\n<p>Cette peinture peut \u00eatre utilis\u00e9e pour la d\u00e9coration int\u00e9rieure comme pour l'ext\u00e9rieur. Haute r\u00e9sistance au frottement humide.<\/p>\n<h2>Propri\u00e9t\u00e9s<\/h2>\n<p>Il est pr\u00e9par\u00e9 pour la protection des fa\u00e7ades, en donnant une imperm\u00e9abilit\u00e9 impeccable gr\u00e2ce \u00e0 ses produits, le MATE MEDITERRANEO, ne jaunit pas avec le temps. Sans azurants optiques.<\/p>\n<h2>Mode d'emploi<\/h2>\n<p>Application au pistolet, au rouleau, au pinceau, etc. Il est conseill\u00e9 de pr\u00e9parer la surface \u00e0 peindre, elle doit \u00eatre bien nettoy\u00e9e et si elle pr\u00e9sente des restes de peinture en mauvais \u00e9tat, il est conseill\u00e9 de la gratter et de la nettoyer avec de l'eau caustique ou d'appliquer une couche de fixateur de chaux en cas de vieille peinture ou de peinture en mauvais \u00e9tat. S'il s'agit de travaux neufs, diluer la peinture en ajoutant 60% d'eau +\/- et pour la deuxi\u00e8me couche entre 25 ou 30% pour assurer son ancrage et sa durabilit\u00e9.<\/p>\n<p>&nbsp;<\/p>\n<p><a class=\"btn-download\" href=\"https:\/\/pinturasrocor.com\/wp-content\/uploads\/FICHA_TECNICA_MATE_MEDITERRANEO.pdf\" target=\"_blank\" rel=\"noopener nofollow\">T\u00e9l\u00e9charger la fiche technique<\/a> <a class=\"btn-download\" href=\"https:\/\/pinturasrocor.com\/wp-content\/uploads\/FICHA_SEG_MEDITERRANEO.pdf\" target=\"_blank\" rel=\"noopener nofollow\">T\u00e9l\u00e9charger la fiche de donn\u00e9es de s\u00e9curit\u00e9<\/a><\/p>","protected":false},"excerpt":{"rendered":"<p>Il s'agit d'une peinture \u00e0 base d'eau dont le pouvoir couvrant et la blancheur sont imbattables. Les produits utilis\u00e9s pour sa fabrication sont : des r\u00e9sines vinyliques acryliques et des pigments de haute qualit\u00e9. Application Cette peinture peut \u00eatre utilis\u00e9e pour la d\u00e9coration int\u00e9rieure comme pour l'ext\u00e9rieur. Haute r\u00e9sistance au frottement humide. Propri\u00e9t\u00e9s La peinture convient \u00e0 la protection des [...]<\/p>","protected":false},"featured_media":1437,"template":"","meta":[],"product_brand":[],"product_cat":[41,32],"product_tag":[],"class_list":{"0":"post-1436","1":"product","2":"type-product","3":"status-publish","4":"has-post-thumbnail","6":"product_cat-pinturas-plasticas","7":"product_cat-pinturas_plasticas_mate_exterior","9":"first","10":"instock","11":"virtual","12":"product-type-simple"},"yoast_head":"<!-- This site is optimized with the Yoast SEO plugin v27.4 - https:\/\/yoast.com\/product\/yoast-seo-wordpress\/ -->\n<title>Mate Mediterr\u00e1neo - Pinturas Rocor<\/title>\n<meta name=\"description\" content=\"Pintura acuosa de blancura insuperable, ideal para interiores y exteriores. No amarillea y ofrece acabado semi-mate. Pintura acuosa de blancura insuperable, ideal para interiores y exteriores. Ofrece gran impermeabilidad.\" \/>\n<meta name=\"robots\" content=\"index, follow, max-snippet:-1, max-image-preview:large, max-video-preview:-1\" \/>\n<link rel=\"canonical\" href=\"https:\/\/pinturasrocor.com\/fr\/produit\/mate-mediterraneen\/\" \/>\n<meta property=\"og:locale\" content=\"fr_FR\" \/>\n<meta property=\"og:type\" content=\"article\" \/>\n<meta property=\"og:title\" content=\"Mate Mediterr\u00e1neo - Pinturas Rocor\" \/>\n<meta property=\"og:description\" content=\"Pintura acuosa de blancura insuperable, ideal para interiores y exteriores. No amarillea y ofrece acabado semi-mate. Pintura acuosa de blancura insuperable, ideal para interiores y exteriores. Ofrece gran impermeabilidad.\" \/>\n<meta property=\"og:url\" content=\"https:\/\/pinturasrocor.com\/fr\/produit\/mate-mediterraneen\/\" \/>\n<meta property=\"og:site_name\" content=\"Pinturas Rocor\" \/>\n<meta property=\"article:modified_time\" content=\"2024-07-02T08:18:11+00:00\" \/>\n<meta property=\"og:image\" content=\"https:\/\/pinturasrocor.com\/wp-content\/uploads\/mediterraneo.png\" \/>\n\t<meta property=\"og:image:width\" content=\"800\" \/>\n\t<meta property=\"og:image:height\" content=\"800\" \/>\n\t<meta property=\"og:image:type\" content=\"image\/png\" \/>\n<meta name=\"twitter:card\" content=\"summary_large_image\" \/>\n<meta name=\"twitter:label1\" content=\"Dur\u00e9e de lecture estim\u00e9e\" \/>\n\t<meta name=\"twitter:data1\" content=\"2 minutes\" \/>\n<script type=\"application\/ld+json\" class=\"yoast-schema-graph\">{\"@context\":\"https:\\\/\\\/schema.org\",\"@graph\":[{\"@type\":\"WebPage\",\"@id\":\"https:\\\/\\\/pinturasrocor.com\\\/producto\\\/mate-mediterraneo\\\/\",\"url\":\"https:\\\/\\\/pinturasrocor.com\\\/producto\\\/mate-mediterraneo\\\/\",\"name\":\"Mate Mediterr\u00e1neo - Pinturas Rocor\",\"isPartOf\":{\"@id\":\"https:\\\/\\\/pinturasrocor.com\\\/#website\"},\"primaryImageOfPage\":{\"@id\":\"https:\\\/\\\/pinturasrocor.com\\\/producto\\\/mate-mediterraneo\\\/#primaryimage\"},\"image\":{\"@id\":\"https:\\\/\\\/pinturasrocor.com\\\/producto\\\/mate-mediterraneo\\\/#primaryimage\"},\"thumbnailUrl\":\"https:\\\/\\\/pinturasrocor.com\\\/wp-content\\\/uploads\\\/mediterraneo.png\",\"datePublished\":\"2024-07-01T16:59:20+00:00\",\"dateModified\":\"2024-07-02T08:18:11+00:00\",\"description\":\"Pintura acuosa de blancura insuperable, ideal para interiores y exteriores. No amarillea y ofrece acabado semi-mate. Pintura acuosa de blancura insuperable, ideal para interiores y exteriores. Ofrece gran impermeabilidad.\",\"breadcrumb\":{\"@id\":\"https:\\\/\\\/pinturasrocor.com\\\/producto\\\/mate-mediterraneo\\\/#breadcrumb\"},\"inLanguage\":\"fr-FR\",\"potentialAction\":[{\"@type\":\"ReadAction\",\"target\":[\"https:\\\/\\\/pinturasrocor.com\\\/producto\\\/mate-mediterraneo\\\/\"]}]},{\"@type\":\"ImageObject\",\"inLanguage\":\"fr-FR\",\"@id\":\"https:\\\/\\\/pinturasrocor.com\\\/producto\\\/mate-mediterraneo\\\/#primaryimage\",\"url\":\"https:\\\/\\\/pinturasrocor.com\\\/wp-content\\\/uploads\\\/mediterraneo.png\",\"contentUrl\":\"https:\\\/\\\/pinturasrocor.com\\\/wp-content\\\/uploads\\\/mediterraneo.png\",\"width\":800,\"height\":800,\"caption\":\"mediterraneo\"},{\"@type\":\"BreadcrumbList\",\"@id\":\"https:\\\/\\\/pinturasrocor.com\\\/producto\\\/mate-mediterraneo\\\/#breadcrumb\",\"itemListElement\":[{\"@type\":\"ListItem\",\"position\":1,\"name\":\"Portada\",\"item\":\"https:\\\/\\\/pinturasrocor.com\\\/\"},{\"@type\":\"ListItem\",\"position\":2,\"name\":\"Tienda\",\"item\":\"https:\\\/\\\/pinturasrocor.com\\\/tienda\\\/\"},{\"@type\":\"ListItem\",\"position\":3,\"name\":\"Mate Mediterr\u00e1neo\"}]},{\"@type\":\"WebSite\",\"@id\":\"https:\\\/\\\/pinturasrocor.com\\\/#website\",\"url\":\"https:\\\/\\\/pinturasrocor.com\\\/\",\"name\":\"Pinturas Rocor\",\"description\":\"Fabricaci\u00f3n de Pinturas, productos para pintores y mucho m\u00e1s\",\"potentialAction\":[{\"@type\":\"SearchAction\",\"target\":{\"@type\":\"EntryPoint\",\"urlTemplate\":\"https:\\\/\\\/pinturasrocor.com\\\/?s={search_term_string}\"},\"query-input\":{\"@type\":\"PropertyValueSpecification\",\"valueRequired\":true,\"valueName\":\"search_term_string\"}}],\"inLanguage\":\"fr-FR\"}]}<\/script>\n<!-- \/ Yoast SEO plugin. -->","yoast_head_json":{"title":"Mate Mediterr\u00e1neo - Pinturas Rocor","description":"Pintura acuosa de blancura insuperable, ideal para interiores y exteriores. No amarillea y ofrece acabado semi-mate. Pintura acuosa de blancura insuperable, ideal para interiores y exteriores. Ofrece gran impermeabilidad.","robots":{"index":"index","follow":"follow","max-snippet":"max-snippet:-1","max-image-preview":"max-image-preview:large","max-video-preview":"max-video-preview:-1"},"canonical":"https:\/\/pinturasrocor.com\/fr\/produit\/mate-mediterraneen\/","og_locale":"fr_FR","og_type":"article","og_title":"Mate Mediterr\u00e1neo - Pinturas Rocor","og_description":"Pintura acuosa de blancura insuperable, ideal para interiores y exteriores. No amarillea y ofrece acabado semi-mate. Pintura acuosa de blancura insuperable, ideal para interiores y exteriores. Ofrece gran impermeabilidad.","og_url":"https:\/\/pinturasrocor.com\/fr\/produit\/mate-mediterraneen\/","og_site_name":"Pinturas Rocor","article_modified_time":"2024-07-02T08:18:11+00:00","og_image":[{"width":800,"height":800,"url":"https:\/\/pinturasrocor.com\/wp-content\/uploads\/mediterraneo.png","type":"image\/png"}],"twitter_card":"summary_large_image","twitter_misc":{"Dur\u00e9e de lecture estim\u00e9e":"2 minutes"},"schema":{"@context":"https:\/\/schema.org","@graph":[{"@type":"WebPage","@id":"https:\/\/pinturasrocor.com\/producto\/mate-mediterraneo\/","url":"https:\/\/pinturasrocor.com\/producto\/mate-mediterraneo\/","name":"Mate Mediterr\u00e1neo - Pinturas Rocor","isPartOf":{"@id":"https:\/\/pinturasrocor.com\/#website"},"primaryImageOfPage":{"@id":"https:\/\/pinturasrocor.com\/producto\/mate-mediterraneo\/#primaryimage"},"image":{"@id":"https:\/\/pinturasrocor.com\/producto\/mate-mediterraneo\/#primaryimage"},"thumbnailUrl":"https:\/\/pinturasrocor.com\/wp-content\/uploads\/mediterraneo.png","datePublished":"2024-07-01T16:59:20+00:00","dateModified":"2024-07-02T08:18:11+00:00","description":"Pintura acuosa de blancura insuperable, ideal para interiores y exteriores. No amarillea y ofrece acabado semi-mate. Pintura acuosa de blancura insuperable, ideal para interiores y exteriores. Ofrece gran impermeabilidad.","breadcrumb":{"@id":"https:\/\/pinturasrocor.com\/producto\/mate-mediterraneo\/#breadcrumb"},"inLanguage":"fr-FR","potentialAction":[{"@type":"ReadAction","target":["https:\/\/pinturasrocor.com\/producto\/mate-mediterraneo\/"]}]},{"@type":"ImageObject","inLanguage":"fr-FR","@id":"https:\/\/pinturasrocor.com\/producto\/mate-mediterraneo\/#primaryimage","url":"https:\/\/pinturasrocor.com\/wp-content\/uploads\/mediterraneo.png","contentUrl":"https:\/\/pinturasrocor.com\/wp-content\/uploads\/mediterraneo.png","width":800,"height":800,"caption":"mediterraneo"},{"@type":"BreadcrumbList","@id":"https:\/\/pinturasrocor.com\/producto\/mate-mediterraneo\/#breadcrumb","itemListElement":[{"@type":"ListItem","position":1,"name":"Portada","item":"https:\/\/pinturasrocor.com\/"},{"@type":"ListItem","position":2,"name":"Tienda","item":"https:\/\/pinturasrocor.com\/tienda\/"},{"@type":"ListItem","position":3,"name":"Mate Mediterr\u00e1neo"}]},{"@type":"WebSite","@id":"https:\/\/pinturasrocor.com\/#website","url":"https:\/\/pinturasrocor.com\/","name":"Pinturas Rocor","description":"Fabricaci\u00f3n de Pinturas, productos para pintores y mucho m\u00e1s","potentialAction":[{"@type":"SearchAction","target":{"@type":"EntryPoint","urlTemplate":"https:\/\/pinturasrocor.com\/?s={search_term_string}"},"query-input":{"@type":"PropertyValueSpecification","valueRequired":true,"valueName":"search_term_string"}}],"inLanguage":"fr-FR"}]}},"_links":{"self":[{"href":"https:\/\/pinturasrocor.com\/fr\/wp-json\/wp\/v2\/product\/1436","targetHints":{"allow":["GET"]}}],"collection":[{"href":"https:\/\/pinturasrocor.com\/fr\/wp-json\/wp\/v2\/product"}],"about":[{"href":"https:\/\/pinturasrocor.com\/fr\/wp-json\/wp\/v2\/types\/product"}],"wp:featuredmedia":[{"embeddable":true,"href":"https:\/\/pinturasrocor.com\/fr\/wp-json\/wp\/v2\/media\/1437"}],"wp:attachment":[{"href":"https:\/\/pinturasrocor.com\/fr\/wp-json\/wp\/v2\/media?parent=1436"}],"wp:term":[{"taxonomy":"product_brand","embeddable":true,"href":"https:\/\/pinturasrocor.com\/fr\/wp-json\/wp\/v2\/product_brand?post=1436"},{"taxonomy":"product_cat","embeddable":true,"href":"https:\/\/pinturasrocor.com\/fr\/wp-json\/wp\/v2\/product_cat?post=1436"},{"taxonomy":"product_tag","embeddable":true,"href":"https:\/\/pinturasrocor.com\/fr\/wp-json\/wp\/v2\/product_tag?post=1436"}],"curies":[{"name":"wp","href":"https:\/\/api.w.org\/{rel}","templated":true}]}}