{"id":699,"date":"2023-11-09T11:54:57","date_gmt":"2023-11-09T10:54:57","guid":{"rendered":"https:\/\/msdesarrollo.es\/pinturasvero\/?page_id=699"},"modified":"2024-06-27T18:59:03","modified_gmt":"2024-06-27T16:59:03","slug":"accesibilidad","status":"publish","type":"page","link":"https:\/\/pinturasrocor.com\/fr\/accesibilidad\/","title":{"rendered":"D\u00e9claration d'accessibilit\u00e9"},"content":{"rendered":"<style type=\"text\/css\" data-created_by=\"avia_inline_auto\" id=\"style-css-av-11ksdv-0919bf523d3297f2b42b02c867428ad4\">\n.avia-section.av-11ksdv-0919bf523d3297f2b42b02c867428ad4 .av-parallax .av-parallax-inner{\nbackground-repeat:no-repeat;\nbackground-image:url(https:\/\/pinturasrocor.com\/wp-content\/uploads\/2023\/11\/cabecera-nosotros-2.jpg);\nbackground-position:0% 0%;\nbackground-attachment:scroll;\n}\n.avia-section.av-11ksdv-0919bf523d3297f2b42b02c867428ad4 .av-section-color-overlay{\nopacity:0.3;\nbackground-color:#0a0a0a;\n}\n.avia-section.av-11ksdv-0919bf523d3297f2b42b02c867428ad4 .av-extra-border-element .av-extra-border-inner{\nbackground-color:#ffffff;\n}\n<\/style>\n<div id='av_section_1'  class='avia-section av-11ksdv-0919bf523d3297f2b42b02c867428ad4 main_color avia-section-default avia-no-border-styling  avia-builder-el-0  el_before_av_section  avia-builder-el-first  avia-full-stretch av-parallax-section avia-bg-style-parallax av-section-color-overlay-active av-arrow-down-section av-minimum-height av-minimum-height-custom av-height-custom  container_wrap sidebar_right'  data-section-bg-repeat='stretch' data-av_minimum_height_px='350'><div class='av-parallax' data-avia-parallax-ratio='0.3' ><div class='av-parallax-inner main_color avia-full-stretch'><\/div><\/div><div class=\"av-section-color-overlay-wrap\"><div class=\"av-section-color-overlay\"><\/div><div class='container av-section-cont-open' style='height:350px'><main  role=\"main\" itemprop=\"mainContentOfPage\"  class='template-page content  av-content-small alpha units'><div class='post-entry post-entry-type-page post-entry-699'><div class='entry-content-wrapper clearfix'>\n<div  class='flex_column av-z4obf-2c791149ffad1af10f0aeaa0a62f04f8 av_one_full  avia-builder-el-1  avia-builder-el-no-sibling  first flex_column_div'     ><style type=\"text\/css\" data-created_by=\"avia_inline_auto\" id=\"style-css-av-lor2o4fk-24a8a2582bd64eb20852db9b5d0864f0\">\n#top .av-special-heading.av-lor2o4fk-24a8a2582bd64eb20852db9b5d0864f0{\npadding-bottom:40px;\ncolor:#ffffff;\nfont-size:50px;\n}\nbody .av-special-heading.av-lor2o4fk-24a8a2582bd64eb20852db9b5d0864f0 .av-special-heading-tag .heading-char{\nfont-size:25px;\n}\n#top #wrap_all .av-special-heading.av-lor2o4fk-24a8a2582bd64eb20852db9b5d0864f0 .av-special-heading-tag{\nfont-size:50px;\n}\n.av-special-heading.av-lor2o4fk-24a8a2582bd64eb20852db9b5d0864f0 .special-heading-inner-border{\nborder-color:#ffffff;\n}\n.av-special-heading.av-lor2o4fk-24a8a2582bd64eb20852db9b5d0864f0 .av-subheading{\nfont-size:20px;\n}\n\n@media only screen and (min-width: 480px) and (max-width: 767px){ \n#top #wrap_all .av-special-heading.av-lor2o4fk-24a8a2582bd64eb20852db9b5d0864f0 .av-special-heading-tag{\nfont-size:0.8em;\n}\n}\n\n@media only screen and (max-width: 479px){ \n#top #wrap_all .av-special-heading.av-lor2o4fk-24a8a2582bd64eb20852db9b5d0864f0 .av-special-heading-tag{\nfont-size:0.8em;\n}\n}\n<\/style>\n<div  class='av-special-heading av-lor2o4fk-24a8a2582bd64eb20852db9b5d0864f0 av-special-heading-h1 custom-color-heading blockquote modern-quote  avia-builder-el-2  avia-builder-el-no-sibling  av-inherit-size'><h1 class='av-special-heading-tag'  itemprop=\"headline\"  >D\u00e9claration d'accessibilit\u00e9<\/h1><div class='av_custom_color av-subheading av-subheading_below'><p>ACCESSIBILIT\u00c9<\/p>\n<\/div><div class=\"special-heading-border\"><div class=\"special-heading-inner-border\"><\/div><\/div><\/div><\/div>\n\n<\/div><\/div><\/main><!-- close content main element --><\/div><div class='av-extra-border-element border-extra-arrow-down'><div class='av-extra-border-outer'><div class='av-extra-border-inner'><\/div><\/div><\/div><\/div><\/div><div id='cstm_breadcrumbs'  class='avia-section av-sggxv-434419a23030f3acfcbf856efeb30435 main_color avia-section-default avia-no-border-styling  avia-builder-el-3  el_after_av_section  el_before_av_section  avia-bg-style-scroll container_wrap sidebar_right'  ><div class='container av-section-cont-open' ><div class='template-page content  av-content-small alpha units'><div class='post-entry post-entry-type-page post-entry-699'><div class='entry-content-wrapper clearfix'>\n\n\n<\/div><\/div><\/div><!-- close content main div --><\/div><\/div>\n<style type=\"text\/css\" data-created_by=\"avia_inline_auto\" id=\"style-css-av-fw2ob-d62ce5ddc4ce31ab6f6dd40789e9b5a5\">\n.avia-section.av-fw2ob-d62ce5ddc4ce31ab6f6dd40789e9b5a5 .av-extra-border-element .av-extra-border-inner{\nbackground-color:#ffffff;\n}\n<\/style>\n<div id='av_section_3'  class='avia-section av-fw2ob-d62ce5ddc4ce31ab6f6dd40789e9b5a5 main_color avia-section-huge avia-no-border-styling  avia-builder-el-5  el_after_av_section  avia-builder-el-last  avia-bg-style-scroll av-arrow-down-section container_wrap sidebar_right'  ><div class='container av-section-cont-open' ><div class='template-page content  av-content-small alpha units'><div class='post-entry post-entry-type-page post-entry-699'><div class='entry-content-wrapper clearfix'>\n<div  class='flex_column av-alsd7-a6b128c152f281e37c11ef221e3f0c0e av_one_full  avia-builder-el-6  avia-builder-el-no-sibling  first flex_column_div'     ><section  class='av_textblock_section av-lor2n97y-360d68c496c43886192f68a8cdaaea16'   itemscope=\"itemscope\" itemtype=\"https:\/\/schema.org\/CreativeWork\" ><div class='avia_textblock'  itemprop=\"text\" ><p><strong>Peintures Rocor <\/strong>s'engage \u00e0 rendre son site web accessible, conform\u00e9ment \u00e0 la directive sur l'accessibilit\u00e9. <a role=\"link\" href=\"https:\/\/www.boe.es\/buscar\/act.php?id=BOE-A-2018-12699\" target=\"\" rel=\"noopener\">Arr\u00eat\u00e9 royal 1112\/2018, du 7 septembre, sur l'accessibilit\u00e9 des sites web et des applications mobiles du secteur public.<\/a>.<\/p>\n<p><strong>Cette d\u00e9claration d'accessibilit\u00e9 s'applique au site web pinturasrocor.com.<\/strong><\/p>\n<p><strong>\u00a0<\/strong><\/p>\n<h3><strong>\u00c9TAT DE CONFORMIT\u00c9<\/strong><\/h3>\n<p>Ce site web est\u00a0<strong>partiellement<\/strong><strong>\u00a0selon<\/strong>\u00a0avec le RD 1112\/2018 du 7 septembre, en raison des exceptions et de la non-conformit\u00e9 des aspects suivants.<\/p>\n<h3><strong>CONTENU NON ACCESSIBLE<\/strong><\/h3>\n<p>Le contenu ci-dessous n'est pas accessible pour les raisons suivantes :<\/p>\n<ol>\n<li>Non-conformit\u00e9 avec le RD 1112\/2018 :\n<ul>\n<li>Certaines pages web peuvent contenir des erreurs d'\u00e9dition occasionnelles.<\/li>\n<\/ul>\n<\/li>\n<li>Charge disproportionn\u00e9e :\n<ul>\n<li>Sans objet.<\/li>\n<\/ul>\n<\/li>\n<li>Le contenu n'entre pas dans le champ d'application de la l\u00e9gislation applicable :\n<ul>\n<li>Services de cartographie en ligne.<\/li>\n<li>Contenu de tiers non d\u00e9velopp\u00e9 par Pinturas Rocor<\/li>\n<\/ul>\n<\/li>\n<\/ol>\n<h3><strong>PR\u00c9PARATION DE LA PR\u00c9SENTE D\u00c9CLARATION D'ACCESSIBILIT\u00c9<\/strong><\/h3>\n<p>Cette d\u00e9claration a \u00e9t\u00e9 pr\u00e9par\u00e9e le 1er octobre 2023.<\/p>\n<p>La m\u00e9thode utilis\u00e9e pour pr\u00e9parer la d\u00e9claration est une auto-\u00e9valuation r\u00e9alis\u00e9e par l'agence elle-m\u00eame.<\/p>\n<p>Derni\u00e8re r\u00e9vision de la d\u00e9claration : 1er novembre 2023.<\/p>\n<h3><strong>REMARQUES ET COORDONN\u00c9ES<\/strong><\/h3>\n<p>Vous pouvez effectuer\u00a0<strong>communications<\/strong>\u00a0sur les exigences en mati\u00e8re d'accessibilit\u00e9 (article 10.2.a) du RD 1112\/2018), comme, par exemple :<\/p>\n<ul>\n<li>Signalez toute\u00a0<strong>non-conformit\u00e9\u00a0<\/strong>par ce site web.<\/li>\n<li>Transmettre d'autres\u00a0<strong>difficult\u00e9s d'acc\u00e8s\u00a0<\/strong>au contenu.<\/li>\n<li>Formuler toute autre\u00a0<strong>consultation ou suggestion d'am\u00e9lioration\u00a0<\/strong>concernant l'accessibilit\u00e9 du site web.<\/li>\n<\/ul>\n<p><strong>Vous pouvez soumettre votre candidature :<\/strong><\/p>\n<ul>\n<li>Une plainte concernant le respect des exigences du RD 1112\/2018 ou<\/li>\n<li>Une demande d'informations accessibles concernant<br \/>\n- Contenu exclu du champ d'application du RD 1112\/2018 conform\u00e9ment \u00e0 l'article 3, paragraphe 4.<br \/>\n- Contenu qui est exempt\u00e9 des exigences d'accessibilit\u00e9 parce qu'il impose une charge disproportionn\u00e9e.<\/li>\n<\/ul>\n<p>Dans la demande d'informations accessibles, les faits, les raisons et la demande doivent \u00eatre clairement \u00e9nonc\u00e9s afin d'\u00e9tablir que la demande est raisonnable et l\u00e9gitime.<\/p>\n<p>Via le compte e-mail suivant <a href=\"mailto:rocor@pinturasrocor.com\">rocor@pinturasrocor.com<\/a> ou le formulaire de contact disponible \u00e0 l'adresse https:\/\/pinturasrocor.com\/contacto<\/p>\n<p>Les communications, les plaintes et les demandes d'informations accessibles seront re\u00e7ues et trait\u00e9es par Pinturas Rocor.<\/p>\n<h3><strong>PROC\u00c9DURE DE CANDIDATURE<\/strong><\/h3>\n<p>La proc\u00e9dure de plainte pr\u00e9vue \u00e0 l'article 13 du d\u00e9cret royal 1112\/2018 entrera en vigueur le 20 septembre 2020.<\/p>\n<p><em>\u00a0<\/em><\/p>\n<h3><strong>CONTENU FACULTATIF<\/strong><\/h3>\n<p><strong>Ce site web :<\/strong><\/p>\n<ul>\n<li>Il a \u00e9t\u00e9 con\u00e7u pour s'adapter aux normes et r\u00e9glementations actuelles en mati\u00e8re d'accessibilit\u00e9, en respectant les points de contr\u00f4le de la priorit\u00e9 2 (AA) d\u00e9finis dans la sp\u00e9cification WCAG 2.1 (Web Content Accessibility Guidelines).<\/li>\n<li>Conforme aux exigences de la norme UNE-EN 301549:2019, compte tenu des exceptions du d\u00e9cret royal 1112\/2018.<\/li>\n<li>Il est con\u00e7u pour s'afficher correctement sur les ordinateurs de bureau, les tablettes et les appareils mobiles avec une r\u00e9solution minimale de 1280\u00d71024.<\/li>\n<li>Il a \u00e9t\u00e9 con\u00e7u en utilisant HTML5 comme langage de balisage et les feuilles de style CSS 3 pour sa conception.<\/li>\n<li>Il est con\u00e7u pour \u00eatre utilis\u00e9 avec un javascript non intrusif et propose, au cas o\u00f9 votre navigateur ne le prendrait pas en charge, une alternative correspondante non javascript.<\/li>\n<\/ul>\n<p><strong>Taille du texte<\/strong><\/p>\n<p>Des tailles de police relatives ont \u00e9t\u00e9 utilis\u00e9es afin que l'utilisateur puisse choisir une police plus grande dans les options de taille de texte de son navigateur.\u00a0<em><strong>Ctrl+ (en anglais)<\/strong><\/em>\u00a0(contr\u00f4ler plus) pour agrandir,\u00a0<em><strong>Ctrl-<\/strong><\/em>\u00a0(contr\u00f4le moins) pour r\u00e9duire.<\/p>\n<p><strong>Structure de la page<\/strong><\/p>\n<p>Ce portail est con\u00e7u avec un format commun pour toutes les pages afin de faciliter la familiarisation avec le contenu des pages et d'am\u00e9liorer la navigation pour les personnes qui doivent\u00a0<em>Aides techniques<\/em>.<\/p>\n<p>Les pages se composent globalement des domaines suivants :<\/p>\n<ul>\n<li><em><strong>En-t\u00eate<\/strong><\/em>avec menu de navigation et coordonn\u00e9es.<\/li>\n<li><em><strong>Menu de navigation principal<\/strong><\/em>avec les pages principales du site.<\/li>\n<li><em><strong>Domaine de contenu central<\/strong><\/em>qui varie en fonction de la page s\u00e9lectionn\u00e9e dans le menu.<\/li>\n<li><em><strong>Pied<\/strong><\/em>qui comprend les coordonn\u00e9es, tous les liens vers les sites web et les liens vers les m\u00e9dias sociaux.<\/li>\n<\/ul>\n<h3 id=\"destinatarios-de-datos-personales\"><\/h3>\n<\/div><\/section><\/div><\/div><\/div><\/div><!-- close content main div --><\/div><div class='av-extra-border-element border-extra-arrow-down'><div class='av-extra-border-outer'><div class='av-extra-border-inner'><\/div><\/div><\/div><\/div><div id='after_section_3'  class='main_color av_default_container_wrap container_wrap sidebar_right'  ><div class='container av-section-cont-open' ><div class='template-page content  av-content-small alpha units'><div class='post-entry post-entry-type-page post-entry-699'><div class='entry-content-wrapper clearfix'>","protected":false},"excerpt":{"rendered":"","protected":false},"author":1,"featured_media":0,"parent":0,"menu_order":0,"comment_status":"closed","ping_status":"closed","template":"","meta":{"footnotes":""},"class_list":["post-699","page","type-page","status-publish","hentry"],"yoast_head":"<!-- This site is optimized with the Yoast SEO plugin v27.3 - https:\/\/yoast.com\/product\/yoast-seo-wordpress\/ -->\n<title>Declaraci\u00f3n de accesibilidad - Pinturas Rocor<\/title>\n<meta name=\"robots\" content=\"noindex, nofollow\" \/>\n<meta property=\"og:locale\" content=\"fr_FR\" \/>\n<meta property=\"og:type\" content=\"article\" \/>\n<meta property=\"og:title\" content=\"Declaraci\u00f3n de accesibilidad - Pinturas Rocor\" \/>\n<meta property=\"og:url\" content=\"https:\/\/pinturasrocor.com\/fr\/accesibilidad\/\" \/>\n<meta property=\"og:site_name\" content=\"Pinturas Rocor\" \/>\n<meta property=\"article:modified_time\" content=\"2024-06-27T16:59:03+00:00\" \/>\n<meta name=\"twitter:card\" content=\"summary_large_image\" \/>\n<meta name=\"twitter:label1\" content=\"Dur\u00e9e de lecture estim\u00e9e\" \/>\n\t<meta name=\"twitter:data1\" content=\"4 minutes\" \/>\n<script type=\"application\/ld+json\" class=\"yoast-schema-graph\">{\"@context\":\"https:\\\/\\\/schema.org\",\"@graph\":[{\"@type\":\"WebPage\",\"@id\":\"https:\\\/\\\/pinturasrocor.com\\\/accesibilidad\\\/\",\"url\":\"https:\\\/\\\/pinturasrocor.com\\\/accesibilidad\\\/\",\"name\":\"Declaraci\u00f3n de accesibilidad - Pinturas Rocor\",\"isPartOf\":{\"@id\":\"https:\\\/\\\/pinturasrocor.com\\\/#website\"},\"datePublished\":\"2023-11-09T10:54:57+00:00\",\"dateModified\":\"2024-06-27T16:59:03+00:00\",\"breadcrumb\":{\"@id\":\"https:\\\/\\\/pinturasrocor.com\\\/accesibilidad\\\/#breadcrumb\"},\"inLanguage\":\"fr-FR\",\"potentialAction\":[{\"@type\":\"ReadAction\",\"target\":[\"https:\\\/\\\/pinturasrocor.com\\\/accesibilidad\\\/\"]}]},{\"@type\":\"BreadcrumbList\",\"@id\":\"https:\\\/\\\/pinturasrocor.com\\\/accesibilidad\\\/#breadcrumb\",\"itemListElement\":[{\"@type\":\"ListItem\",\"position\":1,\"name\":\"Portada\",\"item\":\"https:\\\/\\\/pinturasrocor.com\\\/\"},{\"@type\":\"ListItem\",\"position\":2,\"name\":\"Declaraci\u00f3n de accesibilidad\"}]},{\"@type\":\"WebSite\",\"@id\":\"https:\\\/\\\/pinturasrocor.com\\\/#website\",\"url\":\"https:\\\/\\\/pinturasrocor.com\\\/\",\"name\":\"Pinturas Rocor\",\"description\":\"Fabricaci\u00f3n de Pinturas, productos para pintores y mucho m\u00e1s\",\"potentialAction\":[{\"@type\":\"SearchAction\",\"target\":{\"@type\":\"EntryPoint\",\"urlTemplate\":\"https:\\\/\\\/pinturasrocor.com\\\/?s={search_term_string}\"},\"query-input\":{\"@type\":\"PropertyValueSpecification\",\"valueRequired\":true,\"valueName\":\"search_term_string\"}}],\"inLanguage\":\"fr-FR\"}]}<\/script>\n<!-- \/ Yoast SEO plugin. -->","yoast_head_json":{"title":"Declaraci\u00f3n de accesibilidad - Pinturas Rocor","robots":{"index":"noindex","follow":"nofollow"},"og_locale":"fr_FR","og_type":"article","og_title":"Declaraci\u00f3n de accesibilidad - Pinturas Rocor","og_url":"https:\/\/pinturasrocor.com\/fr\/accesibilidad\/","og_site_name":"Pinturas Rocor","article_modified_time":"2024-06-27T16:59:03+00:00","twitter_card":"summary_large_image","twitter_misc":{"Dur\u00e9e de lecture estim\u00e9e":"4 minutes"},"schema":{"@context":"https:\/\/schema.org","@graph":[{"@type":"WebPage","@id":"https:\/\/pinturasrocor.com\/accesibilidad\/","url":"https:\/\/pinturasrocor.com\/accesibilidad\/","name":"Declaraci\u00f3n de accesibilidad - Pinturas Rocor","isPartOf":{"@id":"https:\/\/pinturasrocor.com\/#website"},"datePublished":"2023-11-09T10:54:57+00:00","dateModified":"2024-06-27T16:59:03+00:00","breadcrumb":{"@id":"https:\/\/pinturasrocor.com\/accesibilidad\/#breadcrumb"},"inLanguage":"fr-FR","potentialAction":[{"@type":"ReadAction","target":["https:\/\/pinturasrocor.com\/accesibilidad\/"]}]},{"@type":"BreadcrumbList","@id":"https:\/\/pinturasrocor.com\/accesibilidad\/#breadcrumb","itemListElement":[{"@type":"ListItem","position":1,"name":"Portada","item":"https:\/\/pinturasrocor.com\/"},{"@type":"ListItem","position":2,"name":"Declaraci\u00f3n de accesibilidad"}]},{"@type":"WebSite","@id":"https:\/\/pinturasrocor.com\/#website","url":"https:\/\/pinturasrocor.com\/","name":"Pinturas Rocor","description":"Fabricaci\u00f3n de Pinturas, productos para pintores y mucho m\u00e1s","potentialAction":[{"@type":"SearchAction","target":{"@type":"EntryPoint","urlTemplate":"https:\/\/pinturasrocor.com\/?s={search_term_string}"},"query-input":{"@type":"PropertyValueSpecification","valueRequired":true,"valueName":"search_term_string"}}],"inLanguage":"fr-FR"}]}},"_links":{"self":[{"href":"https:\/\/pinturasrocor.com\/fr\/wp-json\/wp\/v2\/pages\/699","targetHints":{"allow":["GET"]}}],"collection":[{"href":"https:\/\/pinturasrocor.com\/fr\/wp-json\/wp\/v2\/pages"}],"about":[{"href":"https:\/\/pinturasrocor.com\/fr\/wp-json\/wp\/v2\/types\/page"}],"author":[{"embeddable":true,"href":"https:\/\/pinturasrocor.com\/fr\/wp-json\/wp\/v2\/users\/1"}],"replies":[{"embeddable":true,"href":"https:\/\/pinturasrocor.com\/fr\/wp-json\/wp\/v2\/comments?post=699"}],"version-history":[{"count":3,"href":"https:\/\/pinturasrocor.com\/fr\/wp-json\/wp\/v2\/pages\/699\/revisions"}],"predecessor-version":[{"id":1070,"href":"https:\/\/pinturasrocor.com\/fr\/wp-json\/wp\/v2\/pages\/699\/revisions\/1070"}],"wp:attachment":[{"href":"https:\/\/pinturasrocor.com\/fr\/wp-json\/wp\/v2\/media?parent=699"}],"curies":[{"name":"wp","href":"https:\/\/api.w.org\/{rel}","templated":true}]}}