{"id":63,"date":"2014-08-29T08:00:40","date_gmt":"2014-08-29T08:00:40","guid":{"rendered":"http:\/\/wp\/?page_id=63"},"modified":"2024-07-15T17:45:43","modified_gmt":"2024-07-15T15:45:43","slug":"sobre-nosotros","status":"publish","type":"page","link":"https:\/\/pinturasrocor.com\/fr\/a-propos-de-nous\/","title":{"rendered":"A propos de nous"},"content":{"rendered":"<style type=\"text\/css\" data-created_by=\"avia_inline_auto\" id=\"style-css-av-g1f33-11733b0de32c83149970db0dafbe8e83\">\n.avia-section.av-g1f33-11733b0de32c83149970db0dafbe8e83 .av-parallax .av-parallax-inner{\nbackground-color:#b02b2c;\nbackground-image:url(https:\/\/pinturasrocor.com\/wp-content\/uploads\/pinturas_rocor_instalaciones_y_equipamiento1.jpg);\nbackground-repeat:no-repeat;\nbackground-position:50% 50%;\nbackground-attachment:scroll;\n}\n.avia-section.av-g1f33-11733b0de32c83149970db0dafbe8e83 .av-section-color-overlay{\nopacity:0.3;\nbackground-color:#0a0a0a;\n}\n<\/style>\n<div id='av_section_1'  class='avia-section av-g1f33-11733b0de32c83149970db0dafbe8e83 main_color avia-section-default avia-no-border-styling  avia-builder-el-0  el_before_av_section  avia-builder-el-first  cabecera overlay avia-full-stretch av-parallax-section avia-bg-style-parallax av-section-color-overlay-active av-minimum-height av-minimum-height-50 av-height-50  container_wrap sidebar_right'  data-section-bg-repeat='stretch' data-av_minimum_height_pc='50' data-av_min_height_opt='50'><div class='av-parallax' data-avia-parallax-ratio='0.3' ><div class='av-parallax-inner main_color avia-full-stretch'><\/div><\/div><div class=\"av-section-color-overlay-wrap\"><div class=\"av-section-color-overlay\"><\/div><div class='container av-section-cont-open' ><main  role=\"main\" itemprop=\"mainContentOfPage\"  class='template-page content  av-content-small alpha units'><div class='post-entry post-entry-type-page post-entry-63'><div class='entry-content-wrapper clearfix'>\n<div  class='flex_column av-qjrb-526b09586263063e8138841934fa80de av_one_half  avia-builder-el-1  avia-builder-el-no-sibling  first flex_column_div'     ><p>\n<style type=\"text\/css\" data-created_by=\"avia_inline_auto\" id=\"style-css-av-1j4uj-5ac8ee96e3092f11b013930456af6305\">\n#top .av-special-heading.av-1j4uj-5ac8ee96e3092f11b013930456af6305{\npadding-bottom:40px;\ncolor:#ffffff;\nfont-size:50px;\n}\nbody .av-special-heading.av-1j4uj-5ac8ee96e3092f11b013930456af6305 .av-special-heading-tag .heading-char{\nfont-size:25px;\n}\n#top #wrap_all .av-special-heading.av-1j4uj-5ac8ee96e3092f11b013930456af6305 .av-special-heading-tag{\nfont-size:50px;\n}\n.av-special-heading.av-1j4uj-5ac8ee96e3092f11b013930456af6305 .special-heading-inner-border{\nborder-color:#ffffff;\n}\n.av-special-heading.av-1j4uj-5ac8ee96e3092f11b013930456af6305 .av-subheading{\nfont-size:20px;\n}\n\n@media only screen and (min-width: 480px) and (max-width: 767px){ \n#top #wrap_all .av-special-heading.av-1j4uj-5ac8ee96e3092f11b013930456af6305 .av-special-heading-tag{\nfont-size:0.8em;\n}\n}\n\n@media only screen and (max-width: 479px){ \n#top #wrap_all .av-special-heading.av-1j4uj-5ac8ee96e3092f11b013930456af6305 .av-special-heading-tag{\nfont-size:0.8em;\n}\n}\n<\/style>\n<div  class='av-special-heading av-1j4uj-5ac8ee96e3092f11b013930456af6305 av-special-heading-h1 custom-color-heading blockquote modern-quote  avia-builder-el-2  el_before_av_buttonrow  avia-builder-el-first  av-inherit-size'><h1 class='av-special-heading-tag'  itemprop=\"headline\"  >A propos de nous<\/h1><div class='av_custom_color av-subheading av-subheading_below'><p>Plus de 30 ans \u00e0 vous aider \u00e0 d\u00e9corer<\/p>\n<\/div><div class=\"special-heading-border\"><div class=\"special-heading-inner-border\"><\/div><\/div><\/div><br \/>\n<div  class='avia-buttonrow-wrap av-lomsfm1s-9c4ad8f244a9f644be1c4de64e6595de avia-buttonrow-left  avia-builder-el-3  el_after_av_heading  avia-builder-el-last'>\n\n<style type=\"text\/css\" data-created_by=\"avia_inline_auto\" id=\"style-css-av-lomsexmb-31b9bb1f42e257fb383e0a10c605c0de\">\n#top #wrap_all .avia-button.av-lomsexmb-31b9bb1f42e257fb383e0a10c605c0de{\nbackground-color:#b02b2c;\nborder-color:#b02b2c;\ncolor:#ffffff;\ntransition:all 0.4s ease-in-out;\nmargin-bottom:5px;\nmargin-right:5px;\n}\n<\/style>\n<a href='#historia'  class='avia-button av-lomsexmb-31b9bb1f42e257fb383e0a10c605c0de avia-icon_select-no avia-size-large'  ><span class='avia_iconbox_title' >Notre histoire<\/span><\/a>\n<\/div><\/p><\/div>\n\n<\/div><\/div><\/main><!-- close content main element --><\/div><\/div><\/div><div id='cstm_breadcrumbs'  class='avia-section av-lon4evks-521bbe6fe4934818b81a933ff46692d1 main_color avia-section-default avia-no-border-styling  avia-builder-el-4  el_after_av_section  el_before_av_section  avia-bg-style-scroll container_wrap sidebar_right'  ><div class='container av-section-cont-open' ><div class='template-page content  av-content-small alpha units'><div class='post-entry post-entry-type-page post-entry-63'><div class='entry-content-wrapper clearfix'>\n\n\n<\/div><\/div><\/div><!-- close content main div --><\/div><\/div>\n<style type=\"text\/css\" data-created_by=\"avia_inline_auto\" id=\"style-css-av-efsmj-a6da4e22b921ce91ae5a3e1ce0440d7e\">\n.avia-section.av-efsmj-a6da4e22b921ce91ae5a3e1ce0440d7e .av-extra-border-element .av-extra-border-inner{\nbackground-color:#ffffff;\n}\n<\/style>\n<div id='historia'  class='avia-section av-efsmj-a6da4e22b921ce91ae5a3e1ce0440d7e main_color avia-section-large avia-no-border-styling  avia-builder-el-6  el_after_av_section  el_before_av_section  avia-bg-style-scroll av-arrow-down-section container_wrap sidebar_right'  ><div class='container av-section-cont-open' ><div class='template-page content  av-content-small alpha units'><div class='post-entry post-entry-type-page post-entry-63'><div class='entry-content-wrapper clearfix'>\n\n<style type=\"text\/css\" data-created_by=\"avia_inline_auto\" id=\"style-css-av-28qon-375011b3af541f069b96980f0049bf4c\">\n#top .hr.hr-invisible.av-28qon-375011b3af541f069b96980f0049bf4c{\nheight:30px;\n}\n<\/style>\n<div  class='hr av-28qon-375011b3af541f069b96980f0049bf4c hr-invisible  avia-builder-el-7  el_before_av_one_half  avia-builder-el-first'><span class='hr-inner'><span class=\"hr-inner-style\"><\/span><\/span><\/div>\n<div  class='flex_column av-e25nj-20cb4de7d1f3423957b9ee2b8dda3993 av_one_half  avia-builder-el-8  el_after_av_hr  el_before_av_one_half  first flex_column_div'     ><style type=\"text\/css\" data-created_by=\"avia_inline_auto\" id=\"style-css-av-dar8f-78258a6e1bbc6048f75b1a8ff61c10cb\">\n.avia-image-container.av-dar8f-78258a6e1bbc6048f75b1a8ff61c10cb img.avia_image{\nbox-shadow:none;\n}\n.avia-image-container.av-dar8f-78258a6e1bbc6048f75b1a8ff61c10cb .av-image-caption-overlay-center{\ncolor:#ffffff;\n}\n<\/style>\n<div  class='avia-image-container av-dar8f-78258a6e1bbc6048f75b1a8ff61c10cb av-styling- avia-align-center  avia-builder-el-9  avia-builder-el-no-sibling  marco left'   itemprop=\"image\" itemscope=\"itemscope\" itemtype=\"https:\/\/schema.org\/ImageObject\" ><div class=\"avia-image-container-inner\"><div class=\"avia-image-overlay-wrap\"><img decoding=\"async\" fetchpriority=\"high\" class='wp-image-2345 avia-img-lazy-loading-not-2345 avia_image' src=\"https:\/\/pinturasrocor.com\/wp-content\/uploads\/pinturas_rocor_fachadas.jpg\" alt='peintures de fa\u00e7ade rocor' title='peintures de fa\u00e7ade rocor'  height=\"900\" width=\"1200\"  itemprop=\"thumbnailUrl\" srcset=\"https:\/\/pinturasrocor.com\/wp-content\/uploads\/pinturas_rocor_fachadas.jpg 1200w, https:\/\/pinturasrocor.com\/wp-content\/uploads\/pinturas_rocor_fachadas-300x225.jpg 300w, https:\/\/pinturasrocor.com\/wp-content\/uploads\/pinturas_rocor_fachadas-1030x773.jpg 1030w, https:\/\/pinturasrocor.com\/wp-content\/uploads\/pinturas_rocor_fachadas-768x576.jpg 768w, https:\/\/pinturasrocor.com\/wp-content\/uploads\/pinturas_rocor_fachadas-705x529.jpg 705w, https:\/\/pinturasrocor.com\/wp-content\/uploads\/pinturas_rocor_fachadas-450x338.jpg 450w, https:\/\/pinturasrocor.com\/wp-content\/uploads\/pinturas_rocor_fachadas-600x450.jpg 600w\" sizes=\"(max-width: 1200px) 100vw, 1200px\" \/><\/div><\/div><\/div><\/div><div  class='flex_column av-d3g47-04caa21e8b2c9c4ec5dcbf00117abde7 av_one_half  avia-builder-el-10  el_after_av_one_half  avia-builder-el-last  flex_column_div'     ><p>\n<style type=\"text\/css\" data-created_by=\"avia_inline_auto\" id=\"style-css-av-c9ymb-91c270a3515a9bc8b368063ba55f872c\">\n#top .av-special-heading.av-c9ymb-91c270a3515a9bc8b368063ba55f872c{\npadding-bottom:10px;\ncolor:#000000;\n}\nbody .av-special-heading.av-c9ymb-91c270a3515a9bc8b368063ba55f872c .av-special-heading-tag .heading-char{\nfont-size:25px;\n}\n.av-special-heading.av-c9ymb-91c270a3515a9bc8b368063ba55f872c .special-heading-inner-border{\nborder-color:#000000;\n}\n.av-special-heading.av-c9ymb-91c270a3515a9bc8b368063ba55f872c .av-subheading{\nfont-size:15px;\ncolor:#b02b2c;\n}\n<\/style>\n<div  class='av-special-heading av-c9ymb-91c270a3515a9bc8b368063ba55f872c av-special-heading-h2 custom-color-heading blockquote modern-quote  avia-builder-el-11  el_before_av_textblock  avia-builder-el-first'><h2 class='av-special-heading-tag'  itemprop=\"headline\"  >A propos de nous<\/h2><div class='av_custom_color av-subheading av-subheading_below'><p>Une vie de fabrication...<\/p>\n<\/div><div class=\"special-heading-border\"><div class=\"special-heading-inner-border\"><\/div><\/div><\/div><br \/>\n<section  class='av_textblock_section av-blr3b-feb024426e0c6206ed37290d63615be2'   itemscope=\"itemscope\" itemtype=\"https:\/\/schema.org\/CreativeWork\" ><div class='avia_textblock'  itemprop=\"text\" ><div class=\"page\" title=\"Page 1\">\n<div class=\"layoutArea\">\n<div class=\"column\">\n<p>PINTURAS ROCOR, fond\u00e9e par Joaqu\u00edn Galiano en 1989. Apr\u00e8s les derni\u00e8res r\u00e9formes r\u00e9alis\u00e9es dans nos installations de La Roda (Albacete), nous disposons de 14 000 m2 de surface au sol et de 4 000 m2 d'usine et d'installations construites, d'un potentiel de production de 52 000 kg de peinture par \u00e9quipe et des machines les plus modernes.<\/p>\n<p>Le plus important, c'est notre \u00e9quipe et notre engagement envers nos clients et notre plan\u00e8te.<\/p>\n<p>Notre entreprise s'est d\u00e9velopp\u00e9e gr\u00e2ce \u00e0 ses fils Alonso, Emilio et Jos\u00e9, qui l'ont modernis\u00e9e pour atteindre son potentiel de production actuel.<\/p>\n<\/div>\n<\/div>\n<\/div>\n<\/div><\/section><br \/>\n\n<style type=\"text\/css\" data-created_by=\"avia_inline_auto\" id=\"style-css-av-9yzz-99d11b9980a4e03c64c7fe1b82bc2a93\">\n#top .hr.hr-invisible.av-9yzz-99d11b9980a4e03c64c7fe1b82bc2a93{\nheight:20px;\n}\n<\/style>\n<div  class='hr av-9yzz-99d11b9980a4e03c64c7fe1b82bc2a93 hr-invisible  avia-builder-el-13  el_after_av_textblock  avia-builder-el-last'><span class='hr-inner'><span class=\"hr-inner-style\"><\/span><\/span><\/div><\/p><\/div>\n\n<\/div><\/div><\/div><!-- close content main div --><\/div><div class='av-extra-border-element border-extra-arrow-down'><div class='av-extra-border-outer'><div class='av-extra-border-inner'><\/div><\/div><\/div><\/div>\n<style type=\"text\/css\" data-created_by=\"avia_inline_auto\" id=\"style-css-av-3se5n-6436214cf39e07cc9e2cec8443a1ac66\">\n.avia-section.av-3se5n-6436214cf39e07cc9e2cec8443a1ac66 .av-extra-border-element .av-extra-border-inner{\nbackground-color:#ffffff;\n}\n<\/style>\n<div id='crecimiento'  class='avia-section av-3se5n-6436214cf39e07cc9e2cec8443a1ac66 main_color avia-section-large avia-no-border-styling  avia-builder-el-14  el_after_av_section  avia-builder-el-last  avia-bg-style-scroll av-arrow-down-section container_wrap sidebar_right'  ><div class='container av-section-cont-open' ><div class='template-page content  av-content-small alpha units'><div class='post-entry post-entry-type-page post-entry-63'><div class='entry-content-wrapper clearfix'>\n<div  class='flex_column av-34dvr-a8e915e955cb3b9087f33859f52abbff av_one_half  avia-builder-el-15  el_before_av_one_half  avia-builder-el-first  first flex_column_div'     ><p>\n<style type=\"text\/css\" data-created_by=\"avia_inline_auto\" id=\"style-css-av-1cqdb-85831c20e311fad1018a75d46525ae73\">\n#top .av-special-heading.av-1cqdb-85831c20e311fad1018a75d46525ae73{\npadding-bottom:10px;\ncolor:#000000;\n}\nbody .av-special-heading.av-1cqdb-85831c20e311fad1018a75d46525ae73 .av-special-heading-tag .heading-char{\nfont-size:25px;\n}\n.av-special-heading.av-1cqdb-85831c20e311fad1018a75d46525ae73 .special-heading-inner-border{\nborder-color:#000000;\n}\n.av-special-heading.av-1cqdb-85831c20e311fad1018a75d46525ae73 .av-subheading{\nfont-size:15px;\ncolor:#b02b2c;\n}\n<\/style>\n<div  class='av-special-heading av-1cqdb-85831c20e311fad1018a75d46525ae73 av-special-heading-h2 custom-color-heading blockquote modern-quote  avia-builder-el-16  el_before_av_textblock  avia-builder-el-first'><h2 class='av-special-heading-tag'  itemprop=\"headline\"  >Notre engagement en faveur de l'excellence et de la croissance<\/h2><div class='av_custom_color av-subheading av-subheading_below'><p>Une \u00e9volution constante...<\/p>\n<\/div><div class=\"special-heading-border\"><div class=\"special-heading-inner-border\"><\/div><\/div><\/div><br \/>\n<section  class='av_textblock_section av-lomsd52v-06527854fb2080f7292eeaf5caa456e7'   itemscope=\"itemscope\" itemtype=\"https:\/\/schema.org\/CreativeWork\" ><div class='avia_textblock'  itemprop=\"text\" ><div class=\"page\" title=\"Page 1\">\n<div class=\"layoutArea\">\n<div class=\"column\">\n<div class=\"page\" title=\"Page 1\">\n<div class=\"layoutArea\">\n<div class=\"column\">\n<p>Chez PINTURAS ROCOR, l'innovation constante et l'am\u00e9lioration de nos installations sont des piliers fondamentaux. Nous misons sur une modernisation continue pour rester \u00e0 l'avant-garde de la technologie et de l'efficacit\u00e9 dans la fabrication de peintures, garantissant ainsi que nos processus sont toujours les plus avanc\u00e9s et les plus efficaces.<\/p>\n<p>La modernisation de nos machines nous permet non seulement de mieux r\u00e9pondre \u00e0 la demande du march\u00e9, mais aussi de nous d\u00e9velopper de mani\u00e8re durable, en nous adaptant \u00e0 l'\u00e9volution des besoins de nos clients et de l'environnement.<\/p>\n<p>Chaque membre de notre \u00e9quipe travaille avec passion et engagement, ce qui se refl\u00e8te dans l'excellence de nos produits et services.<\/p>\n<\/div>\n<\/div>\n<\/div>\n<\/div>\n<\/div>\n<\/div>\n<\/div><\/section><\/p><\/div><div  class='flex_column av-24n8b-4d1fc7e07e7375d1eafed84864c4076e av_one_half  avia-builder-el-18  el_after_av_one_half  el_before_av_hr  marco right flex_column_div'     ><style type=\"text\/css\" data-created_by=\"avia_inline_auto\" id=\"style-css-av-1k6i3-12292ad37491cb67530931891538408d\">\n.avia-image-container.av-1k6i3-12292ad37491cb67530931891538408d img.avia_image{\nbox-shadow:none;\n}\n.avia-image-container.av-1k6i3-12292ad37491cb67530931891538408d .av-image-caption-overlay-center{\ncolor:#ffffff;\n}\n<\/style>\n<div  class='avia-image-container av-1k6i3-12292ad37491cb67530931891538408d av-styling- avia-align-center  avia-builder-el-19  avia-builder-el-no-sibling  marco right'   itemprop=\"image\" itemscope=\"itemscope\" itemtype=\"https:\/\/schema.org\/ImageObject\" ><div class=\"avia-image-container-inner\"><div class=\"avia-image-overlay-wrap\"><img decoding=\"async\" fetchpriority=\"high\" class='wp-image-2356 avia-img-lazy-loading-not-2356 avia_image' src=\"https:\/\/pinturasrocor.com\/wp-content\/uploads\/almacen_rocor-1.jpg\" alt='entrep\u00f4t rocor' title='entrep\u00f4t rocor'  height=\"900\" width=\"1200\"  itemprop=\"thumbnailUrl\" srcset=\"https:\/\/pinturasrocor.com\/wp-content\/uploads\/almacen_rocor-1.jpg 1200w, https:\/\/pinturasrocor.com\/wp-content\/uploads\/almacen_rocor-1-300x225.jpg 300w, https:\/\/pinturasrocor.com\/wp-content\/uploads\/almacen_rocor-1-1030x773.jpg 1030w, https:\/\/pinturasrocor.com\/wp-content\/uploads\/almacen_rocor-1-768x576.jpg 768w, https:\/\/pinturasrocor.com\/wp-content\/uploads\/almacen_rocor-1-705x529.jpg 705w, https:\/\/pinturasrocor.com\/wp-content\/uploads\/almacen_rocor-1-450x338.jpg 450w, https:\/\/pinturasrocor.com\/wp-content\/uploads\/almacen_rocor-1-600x450.jpg 600w\" sizes=\"(max-width: 1200px) 100vw, 1200px\" \/><\/div><\/div><\/div><\/div>\n<style type=\"text\/css\" data-created_by=\"avia_inline_auto\" id=\"style-css-av-uec7-7857f4f54cd5dad761e1330571583dd1\">\n#top .hr.hr-invisible.av-uec7-7857f4f54cd5dad761e1330571583dd1{\nheight:30px;\n}\n<\/style>\n<div  class='hr av-uec7-7857f4f54cd5dad761e1330571583dd1 hr-invisible  avia-builder-el-20  el_after_av_one_half  avia-builder-el-last'><span class='hr-inner'><span class=\"hr-inner-style\"><\/span><\/span><\/div>\n<\/div><\/div><\/div><!-- close content main div --><\/div><div class='av-extra-border-element border-extra-arrow-down'><div class='av-extra-border-outer'><div class='av-extra-border-inner'><\/div><\/div><\/div><\/div><div id='after_section_4'  class='main_color av_default_container_wrap container_wrap sidebar_right'  ><div class='container av-section-cont-open' ><div class='template-page content  av-content-small alpha units'><div class='post-entry post-entry-type-page post-entry-63'><div class='entry-content-wrapper clearfix'>","protected":false},"excerpt":{"rendered":"","protected":false},"author":1,"featured_media":0,"parent":0,"menu_order":0,"comment_status":"open","ping_status":"open","template":"","meta":{"footnotes":""},"class_list":["post-63","page","type-page","status-publish","hentry"],"yoast_head":"<!-- This site is optimized with the Yoast SEO plugin v27.3 - https:\/\/yoast.com\/product\/yoast-seo-wordpress\/ -->\n<title>Sobre Nosotros - Pinturas Rocor<\/title>\n<meta name=\"description\" content=\"Descubre la historia y valores de PINTURAS ROCOR. Innovaci\u00f3n, calidad y sostenibilidad en la fabricaci\u00f3n de pinturas desde 1989.\" \/>\n<meta name=\"robots\" content=\"index, follow, max-snippet:-1, max-image-preview:large, max-video-preview:-1\" \/>\n<link rel=\"canonical\" href=\"https:\/\/pinturasrocor.com\/fr\/a-propos-de-nous\/\" \/>\n<meta property=\"og:locale\" content=\"fr_FR\" \/>\n<meta property=\"og:type\" content=\"article\" \/>\n<meta property=\"og:title\" content=\"Sobre Nosotros - Pinturas Rocor\" \/>\n<meta property=\"og:description\" content=\"Descubre la historia y valores de PINTURAS ROCOR. Innovaci\u00f3n, calidad y sostenibilidad en la fabricaci\u00f3n de pinturas desde 1989.\" \/>\n<meta property=\"og:url\" content=\"https:\/\/pinturasrocor.com\/fr\/a-propos-de-nous\/\" \/>\n<meta property=\"og:site_name\" content=\"Pinturas Rocor\" \/>\n<meta property=\"article:modified_time\" content=\"2024-07-15T15:45:43+00:00\" \/>\n<meta name=\"twitter:card\" content=\"summary_large_image\" \/>\n<meta name=\"twitter:label1\" content=\"Dur\u00e9e de lecture estim\u00e9e\" \/>\n\t<meta name=\"twitter:data1\" content=\"2 minutes\" \/>\n<script type=\"application\/ld+json\" class=\"yoast-schema-graph\">{\"@context\":\"https:\\\/\\\/schema.org\",\"@graph\":[{\"@type\":\"WebPage\",\"@id\":\"https:\\\/\\\/pinturasrocor.com\\\/sobre-nosotros\\\/\",\"url\":\"https:\\\/\\\/pinturasrocor.com\\\/sobre-nosotros\\\/\",\"name\":\"Sobre Nosotros - Pinturas Rocor\",\"isPartOf\":{\"@id\":\"https:\\\/\\\/pinturasrocor.com\\\/#website\"},\"datePublished\":\"2014-08-29T08:00:40+00:00\",\"dateModified\":\"2024-07-15T15:45:43+00:00\",\"description\":\"Descubre la historia y valores de PINTURAS ROCOR. Innovaci\u00f3n, calidad y sostenibilidad en la fabricaci\u00f3n de pinturas desde 1989.\",\"breadcrumb\":{\"@id\":\"https:\\\/\\\/pinturasrocor.com\\\/sobre-nosotros\\\/#breadcrumb\"},\"inLanguage\":\"fr-FR\",\"potentialAction\":[{\"@type\":\"ReadAction\",\"target\":[\"https:\\\/\\\/pinturasrocor.com\\\/sobre-nosotros\\\/\"]}]},{\"@type\":\"BreadcrumbList\",\"@id\":\"https:\\\/\\\/pinturasrocor.com\\\/sobre-nosotros\\\/#breadcrumb\",\"itemListElement\":[{\"@type\":\"ListItem\",\"position\":1,\"name\":\"Portada\",\"item\":\"https:\\\/\\\/pinturasrocor.com\\\/\"},{\"@type\":\"ListItem\",\"position\":2,\"name\":\"Sobre Nosotros\"}]},{\"@type\":\"WebSite\",\"@id\":\"https:\\\/\\\/pinturasrocor.com\\\/#website\",\"url\":\"https:\\\/\\\/pinturasrocor.com\\\/\",\"name\":\"Pinturas Rocor\",\"description\":\"Fabricaci\u00f3n de Pinturas, productos para pintores y mucho m\u00e1s\",\"potentialAction\":[{\"@type\":\"SearchAction\",\"target\":{\"@type\":\"EntryPoint\",\"urlTemplate\":\"https:\\\/\\\/pinturasrocor.com\\\/?s={search_term_string}\"},\"query-input\":{\"@type\":\"PropertyValueSpecification\",\"valueRequired\":true,\"valueName\":\"search_term_string\"}}],\"inLanguage\":\"fr-FR\"}]}<\/script>\n<!-- \/ Yoast SEO plugin. -->","yoast_head_json":{"title":"Sobre Nosotros - Pinturas Rocor","description":"Descubre la historia y valores de PINTURAS ROCOR. Innovaci\u00f3n, calidad y sostenibilidad en la fabricaci\u00f3n de pinturas desde 1989.","robots":{"index":"index","follow":"follow","max-snippet":"max-snippet:-1","max-image-preview":"max-image-preview:large","max-video-preview":"max-video-preview:-1"},"canonical":"https:\/\/pinturasrocor.com\/fr\/a-propos-de-nous\/","og_locale":"fr_FR","og_type":"article","og_title":"Sobre Nosotros - Pinturas Rocor","og_description":"Descubre la historia y valores de PINTURAS ROCOR. Innovaci\u00f3n, calidad y sostenibilidad en la fabricaci\u00f3n de pinturas desde 1989.","og_url":"https:\/\/pinturasrocor.com\/fr\/a-propos-de-nous\/","og_site_name":"Pinturas Rocor","article_modified_time":"2024-07-15T15:45:43+00:00","twitter_card":"summary_large_image","twitter_misc":{"Dur\u00e9e de lecture estim\u00e9e":"2 minutes"},"schema":{"@context":"https:\/\/schema.org","@graph":[{"@type":"WebPage","@id":"https:\/\/pinturasrocor.com\/sobre-nosotros\/","url":"https:\/\/pinturasrocor.com\/sobre-nosotros\/","name":"Sobre Nosotros - Pinturas Rocor","isPartOf":{"@id":"https:\/\/pinturasrocor.com\/#website"},"datePublished":"2014-08-29T08:00:40+00:00","dateModified":"2024-07-15T15:45:43+00:00","description":"Descubre la historia y valores de PINTURAS ROCOR. Innovaci\u00f3n, calidad y sostenibilidad en la fabricaci\u00f3n de pinturas desde 1989.","breadcrumb":{"@id":"https:\/\/pinturasrocor.com\/sobre-nosotros\/#breadcrumb"},"inLanguage":"fr-FR","potentialAction":[{"@type":"ReadAction","target":["https:\/\/pinturasrocor.com\/sobre-nosotros\/"]}]},{"@type":"BreadcrumbList","@id":"https:\/\/pinturasrocor.com\/sobre-nosotros\/#breadcrumb","itemListElement":[{"@type":"ListItem","position":1,"name":"Portada","item":"https:\/\/pinturasrocor.com\/"},{"@type":"ListItem","position":2,"name":"Sobre Nosotros"}]},{"@type":"WebSite","@id":"https:\/\/pinturasrocor.com\/#website","url":"https:\/\/pinturasrocor.com\/","name":"Pinturas Rocor","description":"Fabricaci\u00f3n de Pinturas, productos para pintores y mucho m\u00e1s","potentialAction":[{"@type":"SearchAction","target":{"@type":"EntryPoint","urlTemplate":"https:\/\/pinturasrocor.com\/?s={search_term_string}"},"query-input":{"@type":"PropertyValueSpecification","valueRequired":true,"valueName":"search_term_string"}}],"inLanguage":"fr-FR"}]}},"_links":{"self":[{"href":"https:\/\/pinturasrocor.com\/fr\/wp-json\/wp\/v2\/pages\/63","targetHints":{"allow":["GET"]}}],"collection":[{"href":"https:\/\/pinturasrocor.com\/fr\/wp-json\/wp\/v2\/pages"}],"about":[{"href":"https:\/\/pinturasrocor.com\/fr\/wp-json\/wp\/v2\/types\/page"}],"author":[{"embeddable":true,"href":"https:\/\/pinturasrocor.com\/fr\/wp-json\/wp\/v2\/users\/1"}],"replies":[{"embeddable":true,"href":"https:\/\/pinturasrocor.com\/fr\/wp-json\/wp\/v2\/comments?post=63"}],"version-history":[{"count":61,"href":"https:\/\/pinturasrocor.com\/fr\/wp-json\/wp\/v2\/pages\/63\/revisions"}],"predecessor-version":[{"id":2360,"href":"https:\/\/pinturasrocor.com\/fr\/wp-json\/wp\/v2\/pages\/63\/revisions\/2360"}],"wp:attachment":[{"href":"https:\/\/pinturasrocor.com\/fr\/wp-json\/wp\/v2\/media?parent=63"}],"curies":[{"name":"wp","href":"https:\/\/api.w.org\/{rel}","templated":true}]}}