{"id":2125,"date":"2024-07-08T16:17:56","date_gmt":"2024-07-08T14:17:56","guid":{"rendered":"https:\/\/wp.pinturasrocor.com\/?page_id=2125"},"modified":"2024-07-15T19:00:48","modified_gmt":"2024-07-15T17:00:48","slug":"carta-de-colores","status":"publish","type":"page","link":"https:\/\/pinturasrocor.com\/fr\/carta-de-colores\/","title":{"rendered":"Tableau des couleurs"},"content":{"rendered":"<style type=\"text\/css\" data-created_by=\"avia_inline_auto\" id=\"style-css-av-7lmtwv-9f445ffbc3c530f260c2242234adb1b3\">\n.avia-section.av-7lmtwv-9f445ffbc3c530f260c2242234adb1b3 .av-parallax .av-parallax-inner{\nbackground-repeat:no-repeat;\nbackground-image:url(https:\/\/pinturasrocor.com\/wp-content\/uploads\/carta_de_colores.jpg);\nbackground-position:50% 50%;\nbackground-attachment:scroll;\n}\n.avia-section.av-7lmtwv-9f445ffbc3c530f260c2242234adb1b3 .av-section-color-overlay{\nopacity:0.4;\nbackground-color:#0a0a0a;\n}\n.avia-section.av-7lmtwv-9f445ffbc3c530f260c2242234adb1b3 .av-extra-border-element .av-extra-border-inner{\nbackground-color:#ffffff;\n}\n<\/style>\n<div id='cstm_slider_page'  class='avia-section av-7lmtwv-9f445ffbc3c530f260c2242234adb1b3 main_color avia-section-default avia-no-border-styling  avia-builder-el-0  el_before_av_section  avia-builder-el-first  avia-full-stretch av-parallax-section avia-bg-style-parallax av-section-color-overlay-active av-arrow-down-section av-minimum-height av-minimum-height-50 av-height-50  container_wrap sidebar_right'  data-section-bg-repeat='stretch' data-av_minimum_height_pc='50' data-av_min_height_opt='50'><div class='av-parallax' data-avia-parallax-ratio='0.3' ><div class='av-parallax-inner main_color avia-full-stretch'><\/div><\/div><div class=\"av-section-color-overlay-wrap\"><div class=\"av-section-color-overlay\"><\/div><div class='container av-section-cont-open' ><main  role=\"main\" itemprop=\"mainContentOfPage\"  class='template-page content  av-content-small alpha units'><div class='post-entry post-entry-type-page post-entry-2125'><div class='entry-content-wrapper clearfix'>\n<div  id=\"cstm_slider_page_content\"  class='flex_column av-7s4dz-9ce375cef6701b55a83abd99a49af624 av_one_half  avia-builder-el-1  avia-builder-el-no-sibling  first flex_column_div'     ><style type=\"text\/css\" data-created_by=\"avia_inline_auto\" id=\"style-css-av-7daxm7-75fd641a882608936d177e40d5ef5331\">\n#top .av-special-heading.av-7daxm7-75fd641a882608936d177e40d5ef5331{\npadding-bottom:40px;\ncolor:#ffffff;\nfont-size:50px;\n}\nbody .av-special-heading.av-7daxm7-75fd641a882608936d177e40d5ef5331 .av-special-heading-tag .heading-char{\nfont-size:25px;\n}\n#top #wrap_all .av-special-heading.av-7daxm7-75fd641a882608936d177e40d5ef5331 .av-special-heading-tag{\nfont-size:50px;\n}\n.av-special-heading.av-7daxm7-75fd641a882608936d177e40d5ef5331 .special-heading-inner-border{\nborder-color:#ffffff;\n}\n.av-special-heading.av-7daxm7-75fd641a882608936d177e40d5ef5331 .av-subheading{\nfont-size:20px;\n}\n\n@media only screen and (min-width: 480px) and (max-width: 767px){ \n#top #wrap_all .av-special-heading.av-7daxm7-75fd641a882608936d177e40d5ef5331 .av-special-heading-tag{\nfont-size:0.8em;\n}\n}\n\n@media only screen and (max-width: 479px){ \n#top #wrap_all .av-special-heading.av-7daxm7-75fd641a882608936d177e40d5ef5331 .av-special-heading-tag{\nfont-size:0.8em;\n}\n}\n<\/style>\n<div  class='av-special-heading av-7daxm7-75fd641a882608936d177e40d5ef5331 av-special-heading-h1 custom-color-heading blockquote modern-quote  avia-builder-el-2  avia-builder-el-no-sibling  av-inherit-size'><h1 class='av-special-heading-tag'  itemprop=\"headline\"  >Tableau des couleurs<\/h1><div class='av_custom_color av-subheading av-subheading_below'><p>Choisissez celui qui r\u00e9pond le mieux \u00e0 vos besoins<\/p>\n<\/div><div class=\"special-heading-border\"><div class=\"special-heading-inner-border\"><\/div><\/div><\/div><\/div>\n\n<\/div><\/div><\/main><!-- close content main element --><\/div><div class='av-extra-border-element border-extra-arrow-down'><div class='av-extra-border-outer'><div class='av-extra-border-inner'><\/div><\/div><\/div><\/div><\/div><div id='cstm_breadcrumbs'  class='avia-section av-1yex87-7c22b18b3345eb838ee43187db6d1b4f main_color avia-section-default avia-no-border-styling  avia-builder-el-3  el_after_av_section  el_before_av_hr  avia-bg-style-scroll container_wrap sidebar_right'  ><div class='container av-section-cont-open' ><div class='template-page content  av-content-small alpha units'><div class='post-entry post-entry-type-page post-entry-2125'><div class='entry-content-wrapper clearfix'>\n\n<\/div><\/div><\/div><!-- close content main div --><\/div><\/div><div id='after_section_2'  class='main_color av_default_container_wrap container_wrap sidebar_right'  ><div class='container av-section-cont-open' ><div class='template-page content  av-content-small alpha units'><div class='post-entry post-entry-type-page post-entry-2125'><div class='entry-content-wrapper clearfix'>\n<div  class='hr av-31634d-16e4bdb46cc4bb13abfcaa39b95c08be hr-default  avia-builder-el-5  el_after_av_section  el_before_av_one_full  avia-builder-el-first'><span class='hr-inner'><span class=\"hr-inner-style\"><\/span><\/span><\/div>\n<div  class='flex_column av-3j2dkd-3b867d13403c3b4de8ac2317e0b49ce5 av_one_full  avia-builder-el-6  el_after_av_hr  el_before_av_hr  first flex_column_div'     ><section  class='av_textblock_section av-lyd2pt3h-96a264258e1b60879695abd7f71b9839'   itemscope=\"itemscope\" itemtype=\"https:\/\/schema.org\/CreativeWork\" ><div class='avia_textblock'  itemprop=\"text\" ><h2 style=\"text-align: center;\">Les couleurs sont approximatives et sujettes \u00e0 de possibles variations dues aux diff\u00e9rences de m\u00e9thodes de fabrication et de pigments.<\/h2>\n<\/div><\/section><\/div>\n<div  class='hr av-9ijvx-79d96d47efbb15b457123cb7c61a0521 hr-default  avia-builder-el-8  el_after_av_one_full  el_before_av_section  avia-builder-el-last'><span class='hr-inner'><span class=\"hr-inner-style\"><\/span><\/span><\/div>\n<\/div><\/div><\/div><!-- close content main div --><\/div><\/div><div id='av_section_3'  class='avia-section av-647eoi-18e744f90d4d7cdd50610247e7afc8b0 main_color avia-section-default avia-no-border-styling  avia-builder-el-9  el_after_av_hr  avia-builder-el-last  avia-bg-style-scroll container_wrap sidebar_right'  ><div class='container av-section-cont-open' ><div class='template-page content  av-content-small alpha units'><div class='post-entry post-entry-type-page post-entry-2125'><div class='entry-content-wrapper clearfix'>\n<div  class='flex_column av-436edp-f5a83d2bfbf4ff89457d133cfd7b9232 av_one_fourth  avia-builder-el-10  el_before_av_one_fourth  avia-builder-el-first  first flex_column_div'     ><section  class='av_textblock_section av-lyd402ao-fecab1fe797fb67663158f3152f5c5bd'   itemscope=\"itemscope\" itemtype=\"https:\/\/schema.org\/CreativeWork\" ><div class='avia_textblock'  itemprop=\"text\" ><h3 style=\"text-align: center;\"><a href=\"https:\/\/pinturasrocor.com\/fr\/categorie-produit\/revestimiento-liso\/\"><img decoding=\"async\" class=\"alignnone wp-image-2143 size-full lazyload\" title=\"rev\u00eatements color\u00e9s2\" data-src=\"https:\/\/pinturasrocor.com\/wp-content\/uploads\/revestimientos_colores2.png\" alt=\"rev\u00eatements color\u00e9s2\" width=\"400\" height=\"200\" data-srcset=\"https:\/\/pinturasrocor.com\/wp-content\/uploads\/revestimientos_colores2.png 400w, https:\/\/pinturasrocor.com\/wp-content\/uploads\/revestimientos_colores2-300x150.png 300w\" data-sizes=\"(max-width: 400px) 100vw, 400px\" src=\"data:image\/svg+xml;base64,PHN2ZyB3aWR0aD0iMSIgaGVpZ2h0PSIxIiB4bWxucz0iaHR0cDovL3d3dy53My5vcmcvMjAwMC9zdmciPjwvc3ZnPg==\" style=\"--smush-placeholder-width: 400px; --smush-placeholder-aspect-ratio: 400\/200;\" \/><\/a><\/h3>\n<h3 style=\"text-align: center;\"><\/h3>\n<h3 style=\"text-align: center;\"><a href=\"https:\/\/pinturasrocor.com\/fr\/categorie-produit\/revestimiento-liso\/\">Rev\u00eatement lisse<\/a><\/h3>\n<\/div><\/section><br \/>\n<section  class='av_textblock_section av-2ob4gd-f3804ce8a6c4fb2d49e1ded1c848da1c'   itemscope=\"itemscope\" itemtype=\"https:\/\/schema.org\/CreativeWork\" ><div class='avia_textblock'  itemprop=\"text\" ><p style=\"text-align: center;\">Il s'agit d'un rev\u00eatement lisse et totalement imperm\u00e9able gr\u00e2ce \u00e0 ses r\u00e9sines sp\u00e9ciales \u00e0 base d'eau qui, avec ses silices carbonat\u00e9es et ses pigments color\u00e9s, font de cette pr\u00e9paration une peinture sp\u00e9ciale pour la d\u00e9coration et la restauration des fa\u00e7ades.<\/p>\n<\/div><\/section><\/p><\/div><div  class='flex_column av-l1e6o2-2cd55723b0d2578af548c95db948df09 av_one_fourth  avia-builder-el-13  el_after_av_one_fourth  el_before_av_one_fourth  flex_column_div'     ><section  class='av_textblock_section av-lycvt0kl-9d65fbb9a61c7fdd93e3ff160dcfeee5'   itemscope=\"itemscope\" itemtype=\"https:\/\/schema.org\/CreativeWork\" ><div class='avia_textblock'  itemprop=\"text\" ><h3 style=\"text-align: center;\"><a href=\"https:\/\/pinturasrocor.com\/fr\/categorie-produit\/linea-deportiva-colores\/\"><img decoding=\"async\" class=\"alignnone wp-image-2148 size-full lazyload\" title=\"couleurs des lignes sportives\" data-src=\"https:\/\/pinturasrocor.com\/wp-content\/uploads\/linea_deportiva_colores.png\" alt=\"couleurs des lignes sportives\" width=\"400\" height=\"200\" data-srcset=\"https:\/\/pinturasrocor.com\/wp-content\/uploads\/linea_deportiva_colores.png 400w, https:\/\/pinturasrocor.com\/wp-content\/uploads\/linea_deportiva_colores-300x150.png 300w\" data-sizes=\"(max-width: 400px) 100vw, 400px\" src=\"data:image\/svg+xml;base64,PHN2ZyB3aWR0aD0iMSIgaGVpZ2h0PSIxIiB4bWxucz0iaHR0cDovL3d3dy53My5vcmcvMjAwMC9zdmciPjwvc3ZnPg==\" style=\"--smush-placeholder-width: 400px; --smush-placeholder-aspect-ratio: 400\/200;\" \/><\/a><\/h3>\n<h3 style=\"text-align: center;\"><\/h3>\n<h3 style=\"text-align: center;\"><a href=\"https:\/\/pinturasrocor.com\/fr\/categorie-produit\/linea-deportiva-colores\/\">Ligne Sport<\/a><\/h3>\n<\/div><\/section><br \/>\n<section  class='av_textblock_section av-lycvue6q-3cd933bbae12d813770e5a1248b15112'   itemscope=\"itemscope\" itemtype=\"https:\/\/schema.org\/CreativeWork\" ><div class='avia_textblock'  itemprop=\"text\" ><p style=\"text-align: center;\">Notre ligne Sports propose des peintures r\u00e9sistantes de haute qualit\u00e9, con\u00e7ues sp\u00e9cialement pour les installations sportives. Avec des formulations \u00e0 base d'eau et des pigments naturels, nos peintures pour les courts de tennis et les piscines garantissent la durabilit\u00e9, la protection et une finition esth\u00e9tique.<\/p>\n<\/div><\/section><\/p><\/div><div  class='flex_column av-jad0uq-78ab063c24ab6bf1703d596a9a389b31 av_one_fourth  avia-builder-el-16  el_after_av_one_fourth  el_before_av_one_fourth  flex_column_div'     ><section  class='av_textblock_section av-lycvvhz5-0b624af9e8d41028d914c16668dd47ac'   itemscope=\"itemscope\" itemtype=\"https:\/\/schema.org\/CreativeWork\" ><div class='avia_textblock'  itemprop=\"text\" ><h3 style=\"text-align: center;\"><a href=\"https:\/\/pinturasrocor.com\/fr\/categorie-produit\/pintura-impermeabilizante\/\"><img decoding=\"async\" class=\"alignnone wp-image-2151 size-full lazyload\" title=\"couleurs d&#039;\u00e9tanch\u00e9it\u00e9\" data-src=\"https:\/\/pinturasrocor.com\/wp-content\/uploads\/impermeabilizantes-colores.png\" alt=\"couleurs d&#039;\u00e9tanch\u00e9it\u00e9\" width=\"400\" height=\"200\" data-srcset=\"https:\/\/pinturasrocor.com\/wp-content\/uploads\/impermeabilizantes-colores.png 400w, https:\/\/pinturasrocor.com\/wp-content\/uploads\/impermeabilizantes-colores-300x150.png 300w\" data-sizes=\"(max-width: 400px) 100vw, 400px\" src=\"data:image\/svg+xml;base64,PHN2ZyB3aWR0aD0iMSIgaGVpZ2h0PSIxIiB4bWxucz0iaHR0cDovL3d3dy53My5vcmcvMjAwMC9zdmciPjwvc3ZnPg==\" style=\"--smush-placeholder-width: 400px; --smush-placeholder-aspect-ratio: 400\/200;\" \/><\/a><\/h3>\n<h3 style=\"text-align: center;\"><\/h3>\n<h3 style=\"text-align: center;\"><\/h3>\n<h3 style=\"text-align: center;\"><a href=\"https:\/\/pinturasrocor.com\/fr\/categorie-produit\/pintura-impermeabilizante\/\">Peinture d'imperm\u00e9abilisation<\/a><\/h3>\n<\/div><\/section><br \/>\n<section  class='av_textblock_section av-lycvvn11-c5342bf60cdddc8a0ba578ea667a6657'   itemscope=\"itemscope\" itemtype=\"https:\/\/schema.org\/CreativeWork\" ><div class='avia_textblock'  itemprop=\"text\" ><p style=\"text-align: center;\">Nos peintures imperm\u00e9abilisantes offrent une solution \u00e9lastique et durable pour prot\u00e9ger vos surfaces contre les infiltrations d'eau et de vapeur. Exemptes d'asphaltes et de solvants, ces peintures garantissent une excellente adh\u00e9rence, une r\u00e9sistance \u00e0 la traction et aux agents atmosph\u00e9riques, et sont id\u00e9ales pour supporter les contractions et les dilatations du support, ainsi que pour r\u00e9sister \u00e0 l'alcalinit\u00e9 et \u00e0 l'eau.<\/p>\n<\/div><\/section><\/p><\/div><div  class='flex_column av-2u0fo2-dca6ef25e86e27a8f94f2f22fbcf86c9 av_one_fourth  avia-builder-el-19  el_after_av_one_fourth  avia-builder-el-last  flex_column_div'     ><section  class='av_textblock_section av-lycup9xn-297e25f8920099293ff4a82014500ac1'   itemscope=\"itemscope\" itemtype=\"https:\/\/schema.org\/CreativeWork\" ><div class='avia_textblock'  itemprop=\"text\" ><h3 style=\"text-align: center;\"><a href=\"https:\/\/pinturasrocor.com\/fr\/categorie-produit\/monocapa\/\"><img decoding=\"async\" class=\"alignnone wp-image-2152 size-full lazyload\" title=\"couleurs monocouches\" data-src=\"https:\/\/pinturasrocor.com\/wp-content\/uploads\/monocapa_colores.png\" alt=\"couleurs monocouches\" width=\"400\" height=\"200\" data-srcset=\"https:\/\/pinturasrocor.com\/wp-content\/uploads\/monocapa_colores.png 400w, https:\/\/pinturasrocor.com\/wp-content\/uploads\/monocapa_colores-300x150.png 300w\" data-sizes=\"(max-width: 400px) 100vw, 400px\" src=\"data:image\/svg+xml;base64,PHN2ZyB3aWR0aD0iMSIgaGVpZ2h0PSIxIiB4bWxucz0iaHR0cDovL3d3dy53My5vcmcvMjAwMC9zdmciPjwvc3ZnPg==\" style=\"--smush-placeholder-width: 400px; --smush-placeholder-aspect-ratio: 400\/200;\" \/><\/a><\/h3>\n<h3 style=\"text-align: center;\"><\/h3>\n<h3 style=\"text-align: center;\"><a href=\"https:\/\/pinturasrocor.com\/fr\/categorie-produit\/monocapa\/\">Monocouche<\/a><\/h3>\n<\/div><\/section><br \/>\n<section  class='av_textblock_section av-lycuq0z8-646c23329071a86ab94e6d3037b5f6fd'   itemscope=\"itemscope\" itemtype=\"https:\/\/schema.org\/CreativeWork\" ><div class='avia_textblock'  itemprop=\"text\" ><p>Peinture sp\u00e9cialement d\u00e9velopp\u00e9e pour la d\u00e9coration d'int\u00e9rieur de haut niveau. Elle est facile \u00e0 appliquer et ses caract\u00e9ristiques sp\u00e9ciales de tr\u00e8s faible odeur, permettent l'occupation imm\u00e9diate des pi\u00e8ces peintes avec ce produit.<\/p>\n<\/div><\/section><\/p><\/div><\/div><\/div><\/div><!-- close content main div --><\/div><\/div><div id='after_section_3'  class='main_color av_default_container_wrap container_wrap sidebar_right'  ><div class='container av-section-cont-open' ><div class='template-page content  av-content-small alpha units'><div class='post-entry post-entry-type-page post-entry-2125'><div class='entry-content-wrapper clearfix'>","protected":false},"excerpt":{"rendered":"","protected":false},"author":1,"featured_media":0,"parent":0,"menu_order":0,"comment_status":"open","ping_status":"closed","template":"","meta":{"footnotes":""},"class_list":["post-2125","page","type-page","status-publish","hentry"],"yoast_head":"<!-- This site is optimized with the Yoast SEO plugin v27.4 - https:\/\/yoast.com\/product\/yoast-seo-wordpress\/ -->\n<title>Productos - Calidad y Experiencia con Pinturas Rocor<\/title>\n<meta name=\"description\" content=\"Descubre Pinturas Rocor, especialistas en pinturas decorativas y otros productos para hogares y negocios desde 1989\" \/>\n<meta name=\"robots\" content=\"index, follow, max-snippet:-1, max-image-preview:large, max-video-preview:-1\" \/>\n<link rel=\"canonical\" href=\"https:\/\/pinturasrocor.com\/fr\/carta-de-colores\/\" \/>\n<meta property=\"og:locale\" content=\"fr_FR\" \/>\n<meta property=\"og:type\" content=\"article\" \/>\n<meta property=\"og:title\" content=\"Productos - Calidad y Experiencia con Pinturas Rocor\" \/>\n<meta property=\"og:description\" content=\"Descubre Pinturas Rocor, especialistas en pinturas decorativas y otros productos para hogares y negocios desde 1989\" \/>\n<meta property=\"og:url\" content=\"https:\/\/pinturasrocor.com\/fr\/carta-de-colores\/\" \/>\n<meta property=\"og:site_name\" content=\"Pinturas Rocor\" \/>\n<meta property=\"article:modified_time\" content=\"2024-07-15T17:00:48+00:00\" \/>\n<meta property=\"og:image\" content=\"https:\/\/pinturasrocor.com\/wp-content\/uploads\/revestimientos_colores2.png\" \/>\n<meta name=\"twitter:card\" content=\"summary_large_image\" \/>\n<meta name=\"twitter:label1\" content=\"Dur\u00e9e de lecture estim\u00e9e\" \/>\n\t<meta name=\"twitter:data1\" content=\"2 minutes\" \/>\n<script type=\"application\/ld+json\" class=\"yoast-schema-graph\">{\"@context\":\"https:\\\/\\\/schema.org\",\"@graph\":[{\"@type\":\"WebPage\",\"@id\":\"https:\\\/\\\/pinturasrocor.com\\\/carta-de-colores\\\/\",\"url\":\"https:\\\/\\\/pinturasrocor.com\\\/carta-de-colores\\\/\",\"name\":\"Productos - Calidad y Experiencia con Pinturas Rocor\",\"isPartOf\":{\"@id\":\"https:\\\/\\\/pinturasrocor.com\\\/#website\"},\"primaryImageOfPage\":{\"@id\":\"https:\\\/\\\/pinturasrocor.com\\\/carta-de-colores\\\/#primaryimage\"},\"image\":{\"@id\":\"https:\\\/\\\/pinturasrocor.com\\\/carta-de-colores\\\/#primaryimage\"},\"thumbnailUrl\":\"https:\\\/\\\/pinturasrocor.com\\\/wp-content\\\/uploads\\\/revestimientos_colores2.png\",\"datePublished\":\"2024-07-08T14:17:56+00:00\",\"dateModified\":\"2024-07-15T17:00:48+00:00\",\"description\":\"Descubre Pinturas Rocor, especialistas en pinturas decorativas y otros productos para hogares y negocios desde 1989\",\"breadcrumb\":{\"@id\":\"https:\\\/\\\/pinturasrocor.com\\\/carta-de-colores\\\/#breadcrumb\"},\"inLanguage\":\"fr-FR\",\"potentialAction\":[{\"@type\":\"ReadAction\",\"target\":[\"https:\\\/\\\/pinturasrocor.com\\\/carta-de-colores\\\/\"]}]},{\"@type\":\"ImageObject\",\"inLanguage\":\"fr-FR\",\"@id\":\"https:\\\/\\\/pinturasrocor.com\\\/carta-de-colores\\\/#primaryimage\",\"url\":\"https:\\\/\\\/pinturasrocor.com\\\/wp-content\\\/uploads\\\/revestimientos_colores2.png\",\"contentUrl\":\"https:\\\/\\\/pinturasrocor.com\\\/wp-content\\\/uploads\\\/revestimientos_colores2.png\"},{\"@type\":\"BreadcrumbList\",\"@id\":\"https:\\\/\\\/pinturasrocor.com\\\/carta-de-colores\\\/#breadcrumb\",\"itemListElement\":[{\"@type\":\"ListItem\",\"position\":1,\"name\":\"Portada\",\"item\":\"https:\\\/\\\/pinturasrocor.com\\\/\"},{\"@type\":\"ListItem\",\"position\":2,\"name\":\"Carta de Colores\"}]},{\"@type\":\"WebSite\",\"@id\":\"https:\\\/\\\/pinturasrocor.com\\\/#website\",\"url\":\"https:\\\/\\\/pinturasrocor.com\\\/\",\"name\":\"Pinturas Rocor\",\"description\":\"Fabricaci\u00f3n de Pinturas, productos para pintores y mucho m\u00e1s\",\"potentialAction\":[{\"@type\":\"SearchAction\",\"target\":{\"@type\":\"EntryPoint\",\"urlTemplate\":\"https:\\\/\\\/pinturasrocor.com\\\/?s={search_term_string}\"},\"query-input\":{\"@type\":\"PropertyValueSpecification\",\"valueRequired\":true,\"valueName\":\"search_term_string\"}}],\"inLanguage\":\"fr-FR\"}]}<\/script>\n<!-- \/ Yoast SEO plugin. -->","yoast_head_json":{"title":"Productos - Calidad y Experiencia con Pinturas Rocor","description":"Descubre Pinturas Rocor, especialistas en pinturas decorativas y otros productos para hogares y negocios desde 1989","robots":{"index":"index","follow":"follow","max-snippet":"max-snippet:-1","max-image-preview":"max-image-preview:large","max-video-preview":"max-video-preview:-1"},"canonical":"https:\/\/pinturasrocor.com\/fr\/carta-de-colores\/","og_locale":"fr_FR","og_type":"article","og_title":"Productos - Calidad y Experiencia con Pinturas Rocor","og_description":"Descubre Pinturas Rocor, especialistas en pinturas decorativas y otros productos para hogares y negocios desde 1989","og_url":"https:\/\/pinturasrocor.com\/fr\/carta-de-colores\/","og_site_name":"Pinturas Rocor","article_modified_time":"2024-07-15T17:00:48+00:00","og_image":[{"url":"https:\/\/pinturasrocor.com\/wp-content\/uploads\/revestimientos_colores2.png","type":"","width":"","height":""}],"twitter_card":"summary_large_image","twitter_misc":{"Dur\u00e9e de lecture estim\u00e9e":"2 minutes"},"schema":{"@context":"https:\/\/schema.org","@graph":[{"@type":"WebPage","@id":"https:\/\/pinturasrocor.com\/carta-de-colores\/","url":"https:\/\/pinturasrocor.com\/carta-de-colores\/","name":"Productos - Calidad y Experiencia con Pinturas Rocor","isPartOf":{"@id":"https:\/\/pinturasrocor.com\/#website"},"primaryImageOfPage":{"@id":"https:\/\/pinturasrocor.com\/carta-de-colores\/#primaryimage"},"image":{"@id":"https:\/\/pinturasrocor.com\/carta-de-colores\/#primaryimage"},"thumbnailUrl":"https:\/\/pinturasrocor.com\/wp-content\/uploads\/revestimientos_colores2.png","datePublished":"2024-07-08T14:17:56+00:00","dateModified":"2024-07-15T17:00:48+00:00","description":"Descubre Pinturas Rocor, especialistas en pinturas decorativas y otros productos para hogares y negocios desde 1989","breadcrumb":{"@id":"https:\/\/pinturasrocor.com\/carta-de-colores\/#breadcrumb"},"inLanguage":"fr-FR","potentialAction":[{"@type":"ReadAction","target":["https:\/\/pinturasrocor.com\/carta-de-colores\/"]}]},{"@type":"ImageObject","inLanguage":"fr-FR","@id":"https:\/\/pinturasrocor.com\/carta-de-colores\/#primaryimage","url":"https:\/\/pinturasrocor.com\/wp-content\/uploads\/revestimientos_colores2.png","contentUrl":"https:\/\/pinturasrocor.com\/wp-content\/uploads\/revestimientos_colores2.png"},{"@type":"BreadcrumbList","@id":"https:\/\/pinturasrocor.com\/carta-de-colores\/#breadcrumb","itemListElement":[{"@type":"ListItem","position":1,"name":"Portada","item":"https:\/\/pinturasrocor.com\/"},{"@type":"ListItem","position":2,"name":"Carta de Colores"}]},{"@type":"WebSite","@id":"https:\/\/pinturasrocor.com\/#website","url":"https:\/\/pinturasrocor.com\/","name":"Pinturas Rocor","description":"Fabricaci\u00f3n de Pinturas, productos para pintores y mucho m\u00e1s","potentialAction":[{"@type":"SearchAction","target":{"@type":"EntryPoint","urlTemplate":"https:\/\/pinturasrocor.com\/?s={search_term_string}"},"query-input":{"@type":"PropertyValueSpecification","valueRequired":true,"valueName":"search_term_string"}}],"inLanguage":"fr-FR"}]}},"_links":{"self":[{"href":"https:\/\/pinturasrocor.com\/fr\/wp-json\/wp\/v2\/pages\/2125","targetHints":{"allow":["GET"]}}],"collection":[{"href":"https:\/\/pinturasrocor.com\/fr\/wp-json\/wp\/v2\/pages"}],"about":[{"href":"https:\/\/pinturasrocor.com\/fr\/wp-json\/wp\/v2\/types\/page"}],"author":[{"embeddable":true,"href":"https:\/\/pinturasrocor.com\/fr\/wp-json\/wp\/v2\/users\/1"}],"replies":[{"embeddable":true,"href":"https:\/\/pinturasrocor.com\/fr\/wp-json\/wp\/v2\/comments?post=2125"}],"version-history":[{"count":23,"href":"https:\/\/pinturasrocor.com\/fr\/wp-json\/wp\/v2\/pages\/2125\/revisions"}],"predecessor-version":[{"id":2366,"href":"https:\/\/pinturasrocor.com\/fr\/wp-json\/wp\/v2\/pages\/2125\/revisions\/2366"}],"wp:attachment":[{"href":"https:\/\/pinturasrocor.com\/fr\/wp-json\/wp\/v2\/media?parent=2125"}],"curies":[{"name":"wp","href":"https:\/\/api.w.org\/{rel}","templated":true}]}}