{"id":1637,"date":"2024-07-03T16:29:44","date_gmt":"2024-07-03T14:29:44","guid":{"rendered":"https:\/\/wp.pinturasrocor.com\/?page_id=1637"},"modified":"2024-07-16T16:51:55","modified_gmt":"2024-07-16T14:51:55","slug":"recomendaciones-generales","status":"publish","type":"page","link":"https:\/\/pinturasrocor.com\/fr\/recommandations\/recommandations-generales\/","title":{"rendered":"Recommandations g\u00e9n\u00e9rales"},"content":{"rendered":"<style type=\"text\/css\" data-created_by=\"avia_inline_auto\" id=\"style-css-av-g1f33-3a0b6815859a066cc42f668b9c155d76\">\n.avia-section.av-g1f33-3a0b6815859a066cc42f668b9c155d76 .av-parallax .av-parallax-inner{\nbackground-color:#b02b2c;\nbackground-image:url(https:\/\/pinturasrocor.com\/wp-content\/uploads\/2023\/11\/cabecera-nosotros-2.jpg);\nbackground-repeat:no-repeat;\nbackground-position:50% 50%;\nbackground-attachment:scroll;\n}\n.avia-section.av-g1f33-3a0b6815859a066cc42f668b9c155d76 .av-section-color-overlay{\nopacity:0.3;\nbackground-color:#0a0a0a;\n}\n<\/style>\n<div id='av_section_1'  class='avia-section av-g1f33-3a0b6815859a066cc42f668b9c155d76 main_color avia-section-default avia-no-border-styling  avia-builder-el-0  el_before_av_section  avia-builder-el-first  cabecera overlay avia-full-stretch av-parallax-section avia-bg-style-parallax av-section-color-overlay-active av-minimum-height av-minimum-height-50 av-height-50  container_wrap sidebar_right'  data-section-bg-repeat='stretch' data-av_minimum_height_pc='50' data-av_min_height_opt='50'><div class='av-parallax' data-avia-parallax-ratio='0.3' ><div class='av-parallax-inner main_color avia-full-stretch'><\/div><\/div><div class=\"av-section-color-overlay-wrap\"><div class=\"av-section-color-overlay\"><\/div><div class='container av-section-cont-open' ><main  role=\"main\" itemprop=\"mainContentOfPage\"  class='template-page content  av-content-small alpha units'><div class='post-entry post-entry-type-page post-entry-1637'><div class='entry-content-wrapper clearfix'>\n<div  class='flex_column av-qjrb-526b09586263063e8138841934fa80de av_one_half  avia-builder-el-1  avia-builder-el-no-sibling  first flex_column_div'     ><style type=\"text\/css\" data-created_by=\"avia_inline_auto\" id=\"style-css-av-1j4uj-f2fa3f6da7124d68db0551716fa3eba4\">\n#top .av-special-heading.av-1j4uj-f2fa3f6da7124d68db0551716fa3eba4{\npadding-bottom:40px;\ncolor:#ffffff;\nfont-size:50px;\n}\nbody .av-special-heading.av-1j4uj-f2fa3f6da7124d68db0551716fa3eba4 .av-special-heading-tag .heading-char{\nfont-size:25px;\n}\n#top #wrap_all .av-special-heading.av-1j4uj-f2fa3f6da7124d68db0551716fa3eba4 .av-special-heading-tag{\nfont-size:50px;\n}\n.av-special-heading.av-1j4uj-f2fa3f6da7124d68db0551716fa3eba4 .special-heading-inner-border{\nborder-color:#ffffff;\n}\n.av-special-heading.av-1j4uj-f2fa3f6da7124d68db0551716fa3eba4 .av-subheading{\nfont-size:20px;\n}\n\n@media only screen and (min-width: 480px) and (max-width: 767px){ \n#top #wrap_all .av-special-heading.av-1j4uj-f2fa3f6da7124d68db0551716fa3eba4 .av-special-heading-tag{\nfont-size:0.8em;\n}\n}\n\n@media only screen and (max-width: 479px){ \n#top #wrap_all .av-special-heading.av-1j4uj-f2fa3f6da7124d68db0551716fa3eba4 .av-special-heading-tag{\nfont-size:0.8em;\n}\n}\n<\/style>\n<div  class='av-special-heading av-1j4uj-f2fa3f6da7124d68db0551716fa3eba4 av-special-heading-h1 custom-color-heading blockquote modern-quote  avia-builder-el-2  avia-builder-el-no-sibling  av-inherit-size'><h1 class='av-special-heading-tag'  itemprop=\"headline\"  >Recommandations g\u00e9n\u00e9rales<\/h1><div class=\"special-heading-border\"><div class=\"special-heading-inner-border\"><\/div><\/div><\/div><\/div>\n\n<\/div><\/div><\/main><!-- close content main element --><\/div><\/div><\/div><div id='cstm_breadcrumbs'  class='avia-section av-lon4evks-521bbe6fe4934818b81a933ff46692d1 main_color avia-section-default avia-no-border-styling  avia-builder-el-3  el_after_av_section  el_before_av_section  avia-bg-style-scroll container_wrap sidebar_right'  ><div class='container av-section-cont-open' ><div class='template-page content  av-content-small alpha units'><div class='post-entry post-entry-type-page post-entry-1637'><div class='entry-content-wrapper clearfix'>\n\n\n<\/div><\/div><\/div><!-- close content main div --><\/div><\/div>\n<style type=\"text\/css\" data-created_by=\"avia_inline_auto\" id=\"style-css-av-efsmj-a6da4e22b921ce91ae5a3e1ce0440d7e\">\n.avia-section.av-efsmj-a6da4e22b921ce91ae5a3e1ce0440d7e .av-extra-border-element .av-extra-border-inner{\nbackground-color:#ffffff;\n}\n<\/style>\n<div id='historia'  class='avia-section av-efsmj-a6da4e22b921ce91ae5a3e1ce0440d7e main_color avia-section-large avia-no-border-styling  avia-builder-el-5  el_after_av_section  el_before_av_section  avia-bg-style-scroll av-arrow-down-section container_wrap sidebar_right'  ><div class='container av-section-cont-open' ><div class='template-page content  av-content-small alpha units'><div class='post-entry post-entry-type-page post-entry-1637'><div class='entry-content-wrapper clearfix'>\n\n<style type=\"text\/css\" data-created_by=\"avia_inline_auto\" id=\"style-css-av-28qon-375011b3af541f069b96980f0049bf4c\">\n#top .hr.hr-invisible.av-28qon-375011b3af541f069b96980f0049bf4c{\nheight:30px;\n}\n<\/style>\n<div  class='hr av-28qon-375011b3af541f069b96980f0049bf4c hr-invisible  avia-builder-el-6  el_before_av_one_half  avia-builder-el-first'><span class='hr-inner'><span class=\"hr-inner-style\"><\/span><\/span><\/div>\n<div  class='flex_column av-d3g47-aebc4f6bc86998ad211e2e128cfa1ad7 av_one_half  avia-builder-el-7  el_after_av_hr  el_before_av_one_half  first flex_column_div'     ><p>\n<style type=\"text\/css\" data-created_by=\"avia_inline_auto\" id=\"style-css-av-c9ymb-572c338558f2da4d07a63bbab46f6200\">\n#top .av-special-heading.av-c9ymb-572c338558f2da4d07a63bbab46f6200{\npadding-bottom:10px;\ncolor:#000000;\n}\nbody .av-special-heading.av-c9ymb-572c338558f2da4d07a63bbab46f6200 .av-special-heading-tag .heading-char{\nfont-size:25px;\n}\n.av-special-heading.av-c9ymb-572c338558f2da4d07a63bbab46f6200 .special-heading-inner-border{\nborder-color:#000000;\n}\n.av-special-heading.av-c9ymb-572c338558f2da4d07a63bbab46f6200 .av-subheading{\nfont-size:15px;\ncolor:#b02b2c;\n}\n<\/style>\n<div  class='av-special-heading av-c9ymb-572c338558f2da4d07a63bbab46f6200 av-special-heading-h2 custom-color-heading blockquote modern-quote  avia-builder-el-8  el_before_av_textblock  avia-builder-el-first'><h2 class='av-special-heading-tag'  itemprop=\"headline\"  >Conditions environnementales<\/h2><div class=\"special-heading-border\"><div class=\"special-heading-inner-border\"><\/div><\/div><\/div><br \/>\n<section  class='av_textblock_section av-blr3b-feb024426e0c6206ed37290d63615be2'   itemscope=\"itemscope\" itemtype=\"https:\/\/schema.org\/CreativeWork\" ><div class='avia_textblock'  itemprop=\"text\" ><div class=\"page\" title=\"Page 1\">\n<div class=\"layoutArea\">\n<div class=\"column\">\n<ul>\n<li><strong>Temp\u00e9rature :<\/strong> La temp\u00e9rature ambiante pour l'application des peintures se situe entre 15 et 30 degr\u00e9s Celsius, et il ne faut pas peindre si elle est inf\u00e9rieure \u00e0 5\u00ba ou sup\u00e9rieure \u00e0 40\u00ba. Il est pr\u00e9f\u00e9rable de peindre pendant la journ\u00e9e. S'il fait trop chaud, la peinture peut s\u00e9cher trop rapidement. S'il fait trop froid, la formation de l'humidit\u00e9 relative peut \u00eatre entrav\u00e9e.<\/li>\n<li><strong>Humidit\u00e9 relative.<\/strong> En cas de conditions d'humidit\u00e9 extr\u00eame (sup\u00e9rieure \u00e0 80-85%), l'adh\u00e9rence du substrat sera perdue. Ne pas peindre \u00e0 l'ext\u00e9rieur lorsqu'il pleut.<\/li>\n<li><strong>Le vent :<\/strong> Un vent excessif peut entra\u00eener des pertes de peinture et des difficult\u00e9s \u00e0 obtenir des surfaces homog\u00e8nes.<\/li>\n<\/ul>\n<\/div>\n<\/div>\n<\/div>\n<\/div><\/section><\/p><\/div><div  class='flex_column av-2onrbp-7880adad5c30416de2458bb83f69163f av_one_half  avia-builder-el-10  el_after_av_one_half  avia-builder-el-last  flex_column_div'     ><p>\n<style type=\"text\/css\" data-created_by=\"avia_inline_auto\" id=\"style-css-av-ly6znsn9-a1921c7e008831801c1ae5967902950e\">\n#top .av-special-heading.av-ly6znsn9-a1921c7e008831801c1ae5967902950e{\npadding-bottom:10px;\ncolor:#000000;\n}\nbody .av-special-heading.av-ly6znsn9-a1921c7e008831801c1ae5967902950e .av-special-heading-tag .heading-char{\nfont-size:25px;\n}\n.av-special-heading.av-ly6znsn9-a1921c7e008831801c1ae5967902950e .special-heading-inner-border{\nborder-color:#000000;\n}\n.av-special-heading.av-ly6znsn9-a1921c7e008831801c1ae5967902950e .av-subheading{\nfont-size:15px;\ncolor:#b02b2c;\n}\n<\/style>\n<div  class='av-special-heading av-ly6znsn9-a1921c7e008831801c1ae5967902950e av-special-heading-h2 custom-color-heading blockquote modern-quote  avia-builder-el-11  el_before_av_textblock  avia-builder-el-first'><h2 class='av-special-heading-tag'  itemprop=\"headline\"  >Soutien<\/h2><div class=\"special-heading-border\"><div class=\"special-heading-inner-border\"><\/div><\/div><\/div><br \/>\n<section  class='av_textblock_section av-ly6zp7o2-36d4037876ed0bb5b70f3aac1d130ffd'   itemscope=\"itemscope\" itemtype=\"https:\/\/schema.org\/CreativeWork\" ><div class='avia_textblock'  itemprop=\"text\" ><div class=\"page\" title=\"Page 1\">\n<div class=\"layoutArea\">\n<div class=\"column\">\n<ul>\n<li>Il est indispensable de nettoyer, balayer et\/ou d\u00e9graisser le support. Un traitement m\u00e9canique est \u00e9galement recommand\u00e9 en fonction du type de support :\n<ul>\n<li>sablage<\/li>\n<li>grenaillage de pr\u00e9contrainte<\/li>\n<li>pon\u00e7age<\/li>\n<li>fraisage<\/li>\n<li>etc...<\/li>\n<\/ul>\n<\/li>\n<\/ul>\n<\/div>\n<\/div>\n<\/div>\n<\/div><\/section><\/p><\/div>\n\n<\/div><\/div><\/div><!-- close content main div --><\/div><div class='av-extra-border-element border-extra-arrow-down'><div class='av-extra-border-outer'><div class='av-extra-border-inner'><\/div><\/div><\/div><\/div>\n<style type=\"text\/css\" data-created_by=\"avia_inline_auto\" id=\"style-css-av-3se5n-3187824f52705e666b08cff492659bfb\">\n.avia-section.av-3se5n-3187824f52705e666b08cff492659bfb{\nbackground-color:rgba(255,232,232,0.7);\nbackground-image:unset;\n}\n.avia-section.av-3se5n-3187824f52705e666b08cff492659bfb .av-extra-border-element .av-extra-border-inner{\nbackground-color:rgba(255,232,232,0.7);\n}\n<\/style>\n<div id='crecimiento'  class='avia-section av-3se5n-3187824f52705e666b08cff492659bfb main_color avia-section-large avia-no-border-styling  avia-builder-el-13  el_after_av_section  el_before_av_section  avia-bg-style-scroll av-arrow-down-section container_wrap sidebar_right'  ><div class='container av-section-cont-open' ><div class='template-page content  av-content-small alpha units'><div class='post-entry post-entry-type-page post-entry-1637'><div class='entry-content-wrapper clearfix'>\n<div  class='flex_column av-34dvr-a8e915e955cb3b9087f33859f52abbff av_three_fifth  avia-builder-el-14  el_before_av_two_fifth  avia-builder-el-first  first flex_column_div'     ><p>\n<style type=\"text\/css\" data-created_by=\"avia_inline_auto\" id=\"style-css-av-1cqdb-4cb7bddb4bd467e6be40bb14031a2383\">\n#top .av-special-heading.av-1cqdb-4cb7bddb4bd467e6be40bb14031a2383{\npadding-bottom:10px;\ncolor:#000000;\n}\nbody .av-special-heading.av-1cqdb-4cb7bddb4bd467e6be40bb14031a2383 .av-special-heading-tag .heading-char{\nfont-size:25px;\n}\n.av-special-heading.av-1cqdb-4cb7bddb4bd467e6be40bb14031a2383 .special-heading-inner-border{\nborder-color:#000000;\n}\n.av-special-heading.av-1cqdb-4cb7bddb4bd467e6be40bb14031a2383 .av-subheading{\nfont-size:15px;\ncolor:#b02b2c;\n}\n<\/style>\n<div  class='av-special-heading av-1cqdb-4cb7bddb4bd467e6be40bb14031a2383 av-special-heading-h2 custom-color-heading blockquote modern-quote  avia-builder-el-15  el_before_av_textblock  avia-builder-el-first'><h2 class='av-special-heading-tag'  itemprop=\"headline\"  >Types d'applications<\/h2><div class=\"special-heading-border\"><div class=\"special-heading-inner-border\"><\/div><\/div><\/div><br \/>\n<section  class='av_textblock_section av-lomsd52v-06527854fb2080f7292eeaf5caa456e7'   itemscope=\"itemscope\" itemtype=\"https:\/\/schema.org\/CreativeWork\" ><div class='avia_textblock'  itemprop=\"text\" ><div class=\"page\" title=\"Page 1\">\n<div class=\"layoutArea\">\n<div class=\"column\">\n<div class=\"page\" title=\"Page 1\">\n<div class=\"layoutArea\">\n<div class=\"column\">\n<ul>\n<li>Selon le mode d'application de la peinture, il faut la pr\u00e9parer.\n<ul>\n<li>Brosse.<\/li>\n<li>Rouleau.<\/li>\n<li>\u00c9quipement. A\u00e9rographie ou air moins.<\/li>\n<\/ul>\n<\/li>\n<\/ul>\n<\/div>\n<\/div>\n<\/div>\n<\/div>\n<\/div>\n<\/div>\n<\/div><\/section><br \/>\n<div  class='hr av-1i4cn-adc196294937ce150e0d288cda369e7e hr-default  avia-builder-el-17  el_after_av_textblock  el_before_av_textblock'><span class='hr-inner'><span class=\"hr-inner-style\"><\/span><\/span><\/div><br \/>\n<section  class='av_textblock_section av-ly711d0y-39dc193e82d21253460c45708702e6cc'   itemscope=\"itemscope\" itemtype=\"https:\/\/schema.org\/CreativeWork\" ><div class='avia_textblock'  itemprop=\"text\" ><div class=\"page\" title=\"Page 1\">\n<div class=\"layoutArea\">\n<div class=\"column\">\n<div class=\"page\" title=\"Page 1\">\n<div class=\"layoutArea\">\n<div class=\"column\">\n<p>Le type de diluant (\u00e0 base d'eau ou de solvant), la dur\u00e9e de vie en pot du m\u00e9lange (dans les syst\u00e8mes \u00e0 deux composants) et les temps de s\u00e9chage et de recouvrement doivent \u00e9galement \u00eatre pris en compte. Il faut toujours se r\u00e9f\u00e9rer aux fiches techniques des peintures.<\/p>\n<\/div>\n<\/div>\n<\/div>\n<\/div>\n<\/div>\n<\/div>\n<\/div><\/section><\/p><\/div><div  class='flex_column av-24n8b-0a176b29a3aaeef9ab99b94d9fd98e6f av_two_fifth  avia-builder-el-19  el_after_av_three_fifth  avia-builder-el-last  flex_column_div'     ><style type=\"text\/css\" data-created_by=\"avia_inline_auto\" id=\"style-css-av-1k6i3-f1b888457101be50bfb5af71ffdbd86e\">\n.avia-image-container.av-1k6i3-f1b888457101be50bfb5af71ffdbd86e img.avia_image{\nbox-shadow:none;\n}\n.avia-image-container.av-1k6i3-f1b888457101be50bfb5af71ffdbd86e .av-image-caption-overlay-center{\ncolor:#ffffff;\n}\n<\/style>\n<div  class='avia-image-container av-1k6i3-f1b888457101be50bfb5af71ffdbd86e av-styling- avia-align-center  avia-builder-el-20  avia-builder-el-no-sibling'   itemprop=\"image\" itemscope=\"itemscope\" itemtype=\"https:\/\/schema.org\/ImageObject\" ><div class=\"avia-image-container-inner\"><div class=\"avia-image-overlay-wrap\"><img decoding=\"async\" fetchpriority=\"high\" class='wp-image-1698 avia-img-lazy-loading-not-1698 avia_image' src=\"https:\/\/pinturasrocor.com\/wp-content\/uploads\/rodillo-pintura-02.png\" alt='rouleau de peinture 02' title='rouleau de peinture 02'  height=\"525\" width=\"700\"  itemprop=\"thumbnailUrl\" srcset=\"https:\/\/pinturasrocor.com\/wp-content\/uploads\/rodillo-pintura-02.png 700w, https:\/\/pinturasrocor.com\/wp-content\/uploads\/rodillo-pintura-02-300x225.png 300w, https:\/\/pinturasrocor.com\/wp-content\/uploads\/rodillo-pintura-02-450x338.png 450w, https:\/\/pinturasrocor.com\/wp-content\/uploads\/rodillo-pintura-02-600x450.png 600w\" sizes=\"(max-width: 700px) 100vw, 700px\" \/><\/div><\/div><\/div><\/div>\n\n<\/div><\/div><\/div><!-- close content main div --><\/div><div class='av-extra-border-element border-extra-arrow-down'><div class='av-extra-border-outer'><div class='av-extra-border-inner'><\/div><\/div><\/div><\/div>\n<style type=\"text\/css\" data-created_by=\"avia_inline_auto\" id=\"style-css-av-7tculx-95816f728f85602cf4d7a32fc1132ce5\">\n.avia-section.av-7tculx-95816f728f85602cf4d7a32fc1132ce5 .av-extra-border-element .av-extra-border-inner{\nbackground-color:#ffffff;\n}\n<\/style>\n<div id='crecimiento'  class='avia-section av-7tculx-95816f728f85602cf4d7a32fc1132ce5 main_color avia-section-no-padding avia-no-border-styling  avia-builder-el-21  el_after_av_section  avia-builder-el-last  avia-bg-style-scroll av-arrow-down-section container_wrap sidebar_right'  ><div class='container av-section-cont-open' ><div class='template-page content  av-content-small alpha units'><div class='post-entry post-entry-type-page post-entry-1637'><div class='entry-content-wrapper clearfix'>\n\n<style type=\"text\/css\" data-created_by=\"avia_inline_auto\" id=\"style-css-av-lyiu4wyn-6af7ccb16b59f35bc9ec0639ece3385f\">\n#top .hr.hr-invisible.av-lyiu4wyn-6af7ccb16b59f35bc9ec0639ece3385f{\nheight:15px;\n}\n<\/style>\n<div  class='hr av-lyiu4wyn-6af7ccb16b59f35bc9ec0639ece3385f hr-invisible  avia-builder-el-22  el_before_av_heading  avia-builder-el-first'><span class='hr-inner'><span class=\"hr-inner-style\"><\/span><\/span><\/div>\n\n<style type=\"text\/css\" data-created_by=\"avia_inline_auto\" id=\"style-css-av-ly70xurr-e8c5dcd0e0f7d2879591f739662eee6b\">\n#top .av-special-heading.av-ly70xurr-e8c5dcd0e0f7d2879591f739662eee6b{\npadding-bottom:10px;\ncolor:#000000;\n}\nbody .av-special-heading.av-ly70xurr-e8c5dcd0e0f7d2879591f739662eee6b .av-special-heading-tag .heading-char{\nfont-size:25px;\n}\n.av-special-heading.av-ly70xurr-e8c5dcd0e0f7d2879591f739662eee6b .special-heading-inner-border{\nborder-color:#000000;\n}\n.av-special-heading.av-ly70xurr-e8c5dcd0e0f7d2879591f739662eee6b .av-subheading{\nfont-size:15px;\ncolor:#b02b2c;\n}\n<\/style>\n<div  class='av-special-heading av-ly70xurr-e8c5dcd0e0f7d2879591f739662eee6b av-special-heading-h2 custom-color-heading blockquote modern-quote  avia-builder-el-23  el_after_av_hr  el_before_av_textblock'><h2 class='av-special-heading-tag'  itemprop=\"headline\"  >S\u00e9curit\u00e9<\/h2><div class=\"special-heading-border\"><div class=\"special-heading-inner-border\"><\/div><\/div><\/div>\n<section  class='av_textblock_section av-ly70y21l-c10dc3062d9a22b423434a147a54cf9c'   itemscope=\"itemscope\" itemtype=\"https:\/\/schema.org\/CreativeWork\" ><div class='avia_textblock'  itemprop=\"text\" ><div class=\"page\" title=\"Page 1\">\n<div class=\"layoutArea\">\n<div class=\"column\">\n<div class=\"page\" title=\"Page 1\">\n<div class=\"layoutArea\">\n<div class=\"column\">\n<p>Demandez toujours la fiche de donn\u00e9es de s\u00e9curit\u00e9 afin de garantir une protection ad\u00e9quate des personnes et de l'environnement.<\/p>\n<\/div>\n<\/div>\n<\/div>\n<\/div>\n<\/div>\n<\/div>\n<\/div><\/section>\n\n<style type=\"text\/css\" data-created_by=\"avia_inline_auto\" id=\"style-css-av-ly717tj0-96906bf3c713abbbd005542a29bb4662\">\n#top .hr.hr-invisible.av-ly717tj0-96906bf3c713abbbd005542a29bb4662{\nheight:30px;\n}\n<\/style>\n<div  class='hr av-ly717tj0-96906bf3c713abbbd005542a29bb4662 hr-invisible  avia-builder-el-25  el_after_av_textblock  avia-builder-el-last'><span class='hr-inner'><span class=\"hr-inner-style\"><\/span><\/span><\/div>\n<\/div><\/div><\/div><!-- close content main div --><\/div><div class='av-extra-border-element border-extra-arrow-down'><div class='av-extra-border-outer'><div class='av-extra-border-inner'><\/div><\/div><\/div><\/div><div id='after_section_5'  class='main_color av_default_container_wrap container_wrap sidebar_right'  ><div class='container av-section-cont-open' ><div class='template-page content  av-content-small alpha units'><div class='post-entry post-entry-type-page post-entry-1637'><div class='entry-content-wrapper clearfix'>","protected":false},"excerpt":{"rendered":"","protected":false},"author":1,"featured_media":0,"parent":1641,"menu_order":0,"comment_status":"open","ping_status":"open","template":"","meta":{"footnotes":""},"class_list":["post-1637","page","type-page","status-publish","hentry"],"yoast_head":"<!-- This site is optimized with the Yoast SEO plugin v27.4 - https:\/\/yoast.com\/product\/yoast-seo-wordpress\/ -->\n<title>Recomendaciones Generales - Pinturas Rocor<\/title>\n<meta name=\"description\" content=\"Descubre Pinturas Rocor desde 1989, evolucionando en pinturas y decoraci\u00f3n integral para hogar y negocio. Inf\u00f3rmate en nuestra web\" \/>\n<meta name=\"robots\" content=\"index, follow, max-snippet:-1, max-image-preview:large, max-video-preview:-1\" \/>\n<link rel=\"canonical\" href=\"https:\/\/pinturasrocor.com\/fr\/recommandations\/recommandations-generales\/\" \/>\n<meta property=\"og:locale\" content=\"fr_FR\" \/>\n<meta property=\"og:type\" content=\"article\" \/>\n<meta property=\"og:title\" content=\"Recomendaciones Generales - Pinturas Rocor\" \/>\n<meta property=\"og:description\" content=\"Descubre Pinturas Rocor desde 1989, evolucionando en pinturas y decoraci\u00f3n integral para hogar y negocio. Inf\u00f3rmate en nuestra web\" \/>\n<meta property=\"og:url\" content=\"https:\/\/pinturasrocor.com\/fr\/recommandations\/recommandations-generales\/\" \/>\n<meta property=\"og:site_name\" content=\"Pinturas Rocor\" \/>\n<meta property=\"article:modified_time\" content=\"2024-07-16T14:51:55+00:00\" \/>\n<meta name=\"twitter:card\" content=\"summary_large_image\" \/>\n<meta name=\"twitter:label1\" content=\"Dur\u00e9e de lecture estim\u00e9e\" \/>\n\t<meta name=\"twitter:data1\" content=\"2 minutes\" \/>\n<script type=\"application\/ld+json\" class=\"yoast-schema-graph\">{\"@context\":\"https:\\\/\\\/schema.org\",\"@graph\":[{\"@type\":\"WebPage\",\"@id\":\"https:\\\/\\\/pinturasrocor.com\\\/recomendaciones\\\/recomendaciones-generales\\\/\",\"url\":\"https:\\\/\\\/pinturasrocor.com\\\/recomendaciones\\\/recomendaciones-generales\\\/\",\"name\":\"Recomendaciones Generales - Pinturas Rocor\",\"isPartOf\":{\"@id\":\"https:\\\/\\\/pinturasrocor.com\\\/#website\"},\"datePublished\":\"2024-07-03T14:29:44+00:00\",\"dateModified\":\"2024-07-16T14:51:55+00:00\",\"description\":\"Descubre Pinturas Rocor desde 1989, evolucionando en pinturas y decoraci\u00f3n integral para hogar y negocio. Inf\u00f3rmate en nuestra web\",\"breadcrumb\":{\"@id\":\"https:\\\/\\\/pinturasrocor.com\\\/recomendaciones\\\/recomendaciones-generales\\\/#breadcrumb\"},\"inLanguage\":\"fr-FR\",\"potentialAction\":[{\"@type\":\"ReadAction\",\"target\":[\"https:\\\/\\\/pinturasrocor.com\\\/recomendaciones\\\/recomendaciones-generales\\\/\"]}]},{\"@type\":\"BreadcrumbList\",\"@id\":\"https:\\\/\\\/pinturasrocor.com\\\/recomendaciones\\\/recomendaciones-generales\\\/#breadcrumb\",\"itemListElement\":[{\"@type\":\"ListItem\",\"position\":1,\"name\":\"Portada\",\"item\":\"https:\\\/\\\/pinturasrocor.com\\\/\"},{\"@type\":\"ListItem\",\"position\":2,\"name\":\"Recomendaciones\",\"item\":\"https:\\\/\\\/pinturasrocor.com\\\/recomendaciones\\\/\"},{\"@type\":\"ListItem\",\"position\":3,\"name\":\"Recomendaciones Generales\"}]},{\"@type\":\"WebSite\",\"@id\":\"https:\\\/\\\/pinturasrocor.com\\\/#website\",\"url\":\"https:\\\/\\\/pinturasrocor.com\\\/\",\"name\":\"Pinturas Rocor\",\"description\":\"Fabricaci\u00f3n de Pinturas, productos para pintores y mucho m\u00e1s\",\"potentialAction\":[{\"@type\":\"SearchAction\",\"target\":{\"@type\":\"EntryPoint\",\"urlTemplate\":\"https:\\\/\\\/pinturasrocor.com\\\/?s={search_term_string}\"},\"query-input\":{\"@type\":\"PropertyValueSpecification\",\"valueRequired\":true,\"valueName\":\"search_term_string\"}}],\"inLanguage\":\"fr-FR\"}]}<\/script>\n<!-- \/ Yoast SEO plugin. -->","yoast_head_json":{"title":"Recomendaciones Generales - Pinturas Rocor","description":"Descubre Pinturas Rocor desde 1989, evolucionando en pinturas y decoraci\u00f3n integral para hogar y negocio. Inf\u00f3rmate en nuestra web","robots":{"index":"index","follow":"follow","max-snippet":"max-snippet:-1","max-image-preview":"max-image-preview:large","max-video-preview":"max-video-preview:-1"},"canonical":"https:\/\/pinturasrocor.com\/fr\/recommandations\/recommandations-generales\/","og_locale":"fr_FR","og_type":"article","og_title":"Recomendaciones Generales - Pinturas Rocor","og_description":"Descubre Pinturas Rocor desde 1989, evolucionando en pinturas y decoraci\u00f3n integral para hogar y negocio. Inf\u00f3rmate en nuestra web","og_url":"https:\/\/pinturasrocor.com\/fr\/recommandations\/recommandations-generales\/","og_site_name":"Pinturas Rocor","article_modified_time":"2024-07-16T14:51:55+00:00","twitter_card":"summary_large_image","twitter_misc":{"Dur\u00e9e de lecture estim\u00e9e":"2 minutes"},"schema":{"@context":"https:\/\/schema.org","@graph":[{"@type":"WebPage","@id":"https:\/\/pinturasrocor.com\/recomendaciones\/recomendaciones-generales\/","url":"https:\/\/pinturasrocor.com\/recomendaciones\/recomendaciones-generales\/","name":"Recomendaciones Generales - Pinturas Rocor","isPartOf":{"@id":"https:\/\/pinturasrocor.com\/#website"},"datePublished":"2024-07-03T14:29:44+00:00","dateModified":"2024-07-16T14:51:55+00:00","description":"Descubre Pinturas Rocor desde 1989, evolucionando en pinturas y decoraci\u00f3n integral para hogar y negocio. Inf\u00f3rmate en nuestra web","breadcrumb":{"@id":"https:\/\/pinturasrocor.com\/recomendaciones\/recomendaciones-generales\/#breadcrumb"},"inLanguage":"fr-FR","potentialAction":[{"@type":"ReadAction","target":["https:\/\/pinturasrocor.com\/recomendaciones\/recomendaciones-generales\/"]}]},{"@type":"BreadcrumbList","@id":"https:\/\/pinturasrocor.com\/recomendaciones\/recomendaciones-generales\/#breadcrumb","itemListElement":[{"@type":"ListItem","position":1,"name":"Portada","item":"https:\/\/pinturasrocor.com\/"},{"@type":"ListItem","position":2,"name":"Recomendaciones","item":"https:\/\/pinturasrocor.com\/recomendaciones\/"},{"@type":"ListItem","position":3,"name":"Recomendaciones Generales"}]},{"@type":"WebSite","@id":"https:\/\/pinturasrocor.com\/#website","url":"https:\/\/pinturasrocor.com\/","name":"Pinturas Rocor","description":"Fabricaci\u00f3n de Pinturas, productos para pintores y mucho m\u00e1s","potentialAction":[{"@type":"SearchAction","target":{"@type":"EntryPoint","urlTemplate":"https:\/\/pinturasrocor.com\/?s={search_term_string}"},"query-input":{"@type":"PropertyValueSpecification","valueRequired":true,"valueName":"search_term_string"}}],"inLanguage":"fr-FR"}]}},"_links":{"self":[{"href":"https:\/\/pinturasrocor.com\/fr\/wp-json\/wp\/v2\/pages\/1637","targetHints":{"allow":["GET"]}}],"collection":[{"href":"https:\/\/pinturasrocor.com\/fr\/wp-json\/wp\/v2\/pages"}],"about":[{"href":"https:\/\/pinturasrocor.com\/fr\/wp-json\/wp\/v2\/types\/page"}],"author":[{"embeddable":true,"href":"https:\/\/pinturasrocor.com\/fr\/wp-json\/wp\/v2\/users\/1"}],"replies":[{"embeddable":true,"href":"https:\/\/pinturasrocor.com\/fr\/wp-json\/wp\/v2\/comments?post=1637"}],"version-history":[{"count":33,"href":"https:\/\/pinturasrocor.com\/fr\/wp-json\/wp\/v2\/pages\/1637\/revisions"}],"predecessor-version":[{"id":2379,"href":"https:\/\/pinturasrocor.com\/fr\/wp-json\/wp\/v2\/pages\/1637\/revisions\/2379"}],"up":[{"embeddable":true,"href":"https:\/\/pinturasrocor.com\/fr\/wp-json\/wp\/v2\/pages\/1641"}],"wp:attachment":[{"href":"https:\/\/pinturasrocor.com\/fr\/wp-json\/wp\/v2\/media?parent=1637"}],"curies":[{"name":"wp","href":"https:\/\/api.w.org\/{rel}","templated":true}]}}