{"id":1621,"date":"2024-07-03T12:34:36","date_gmt":"2024-07-03T10:34:36","guid":{"rendered":"https:\/\/wp.pinturasrocor.com\/?post_type=product&#038;p=1621"},"modified":"2024-07-03T12:40:42","modified_gmt":"2024-07-03T10:40:42","slug":"sombreado-de-invernaderos","status":"publish","type":"product","link":"https:\/\/pinturasrocor.com\/en\/product\/greenhouse-shading\/","title":{"rendered":"Greenhouse Shading"},"content":{"rendered":"<p>Greenhouse shading reduces radiation and internal temperatures, especially effective with limited ventilation. The static method, such as whitewashing with Blanco de Espa\u00f1a, regulates shading according to the density applied. It requires touch-up after rainfall and is removed with a bleach and water solution. Benefits include cooler temperatures and disease prevention in tomatoes, but may affect initial yields of sensitive crops such as tomatoes. Ideal for summer lettuce, increasing yields and quality.<\/p>\n<p>&nbsp;<\/p>\n<p><a class=\"btn-download\" href=\"https:\/\/pinturasrocor.com\/wp-content\/uploads\/FTSOMBREAD.pdf\" target=\"_blank\" rel=\"noopener nofollow\">Download Technical Data Sheet<\/a><\/p>","protected":false},"excerpt":{"rendered":"<p>El sombreado de invernaderos reduce la radiaci\u00f3n y las temperaturas internas, especialmente efectivo con ventilaci\u00f3n limitada. El m\u00e9todo est\u00e1tico, como el encalado con Blanco de Espa\u00f1a, regula el sombreado seg\u00fan la densidad aplicada. Requiere retoques tras lluvias y se elimina con soluci\u00f3n de agua y lavandina. Beneficios incluyen temperaturas m\u00e1s frescas y prevenci\u00f3n de enfermedades [&hellip;]<\/p>","protected":false},"featured_media":1623,"template":"","meta":[],"product_brand":[],"product_cat":[50],"product_tag":[],"class_list":{"0":"post-1621","1":"product","2":"type-product","3":"status-publish","4":"has-post-thumbnail","6":"product_cat-sombreado-de-invernaderos","8":"first","9":"instock","10":"virtual","11":"product-type-simple"},"yoast_head":"<!-- This site is optimized with the Yoast SEO plugin v27.4 - https:\/\/yoast.com\/product\/yoast-seo-wordpress\/ -->\n<title>Sombreado de Invernaderos - Pinturas Rocor<\/title>\n<meta name=\"description\" content=\"Los colorantes universales del Sistema Tintom\u00e9trico Decoraci\u00f3n son libres de VOC y APE, sin formaldeh\u00eddo ni sus donantes. Incorporan la tecnolog\u00eda SmartTint \u2122 para dispensaci\u00f3n precisa y sin obstrucciones.\" \/>\n<meta name=\"robots\" content=\"index, follow, max-snippet:-1, max-image-preview:large, max-video-preview:-1\" \/>\n<link rel=\"canonical\" href=\"https:\/\/pinturasrocor.com\/en\/product\/greenhouse-shading\/\" \/>\n<meta property=\"og:locale\" content=\"en_US\" \/>\n<meta property=\"og:type\" content=\"article\" \/>\n<meta property=\"og:title\" content=\"Sombreado de Invernaderos - Pinturas Rocor\" \/>\n<meta property=\"og:description\" content=\"Los colorantes universales del Sistema Tintom\u00e9trico Decoraci\u00f3n son libres de VOC y APE, sin formaldeh\u00eddo ni sus donantes. Incorporan la tecnolog\u00eda SmartTint \u2122 para dispensaci\u00f3n precisa y sin obstrucciones.\" \/>\n<meta property=\"og:url\" content=\"https:\/\/pinturasrocor.com\/en\/product\/greenhouse-shading\/\" \/>\n<meta property=\"og:site_name\" content=\"Pinturas Rocor\" \/>\n<meta property=\"article:modified_time\" content=\"2024-07-03T10:40:42+00:00\" \/>\n<meta property=\"og:image\" content=\"https:\/\/pinturasrocor.com\/wp-content\/uploads\/sombreado_invernaderos.png\" \/>\n\t<meta property=\"og:image:width\" content=\"800\" \/>\n\t<meta property=\"og:image:height\" content=\"800\" \/>\n\t<meta property=\"og:image:type\" content=\"image\/png\" \/>\n<meta name=\"twitter:card\" content=\"summary_large_image\" \/>\n<meta name=\"twitter:label1\" content=\"Est. reading time\" \/>\n\t<meta name=\"twitter:data1\" content=\"1 minute\" \/>\n<script type=\"application\/ld+json\" class=\"yoast-schema-graph\">{\"@context\":\"https:\\\/\\\/schema.org\",\"@graph\":[{\"@type\":\"WebPage\",\"@id\":\"https:\\\/\\\/pinturasrocor.com\\\/producto\\\/sombreado-de-invernaderos\\\/\",\"url\":\"https:\\\/\\\/pinturasrocor.com\\\/producto\\\/sombreado-de-invernaderos\\\/\",\"name\":\"Sombreado de Invernaderos - Pinturas Rocor\",\"isPartOf\":{\"@id\":\"https:\\\/\\\/pinturasrocor.com\\\/#website\"},\"primaryImageOfPage\":{\"@id\":\"https:\\\/\\\/pinturasrocor.com\\\/producto\\\/sombreado-de-invernaderos\\\/#primaryimage\"},\"image\":{\"@id\":\"https:\\\/\\\/pinturasrocor.com\\\/producto\\\/sombreado-de-invernaderos\\\/#primaryimage\"},\"thumbnailUrl\":\"https:\\\/\\\/pinturasrocor.com\\\/wp-content\\\/uploads\\\/sombreado_invernaderos.png\",\"datePublished\":\"2024-07-03T10:34:36+00:00\",\"dateModified\":\"2024-07-03T10:40:42+00:00\",\"description\":\"Los colorantes universales del Sistema Tintom\u00e9trico Decoraci\u00f3n son libres de VOC y APE, sin formaldeh\u00eddo ni sus donantes. Incorporan la tecnolog\u00eda SmartTint \u2122 para dispensaci\u00f3n precisa y sin obstrucciones.\",\"breadcrumb\":{\"@id\":\"https:\\\/\\\/pinturasrocor.com\\\/producto\\\/sombreado-de-invernaderos\\\/#breadcrumb\"},\"inLanguage\":\"en-US\",\"potentialAction\":[{\"@type\":\"ReadAction\",\"target\":[\"https:\\\/\\\/pinturasrocor.com\\\/producto\\\/sombreado-de-invernaderos\\\/\"]}]},{\"@type\":\"ImageObject\",\"inLanguage\":\"en-US\",\"@id\":\"https:\\\/\\\/pinturasrocor.com\\\/producto\\\/sombreado-de-invernaderos\\\/#primaryimage\",\"url\":\"https:\\\/\\\/pinturasrocor.com\\\/wp-content\\\/uploads\\\/sombreado_invernaderos.png\",\"contentUrl\":\"https:\\\/\\\/pinturasrocor.com\\\/wp-content\\\/uploads\\\/sombreado_invernaderos.png\",\"width\":800,\"height\":800,\"caption\":\"sombreado invernaderos\"},{\"@type\":\"BreadcrumbList\",\"@id\":\"https:\\\/\\\/pinturasrocor.com\\\/producto\\\/sombreado-de-invernaderos\\\/#breadcrumb\",\"itemListElement\":[{\"@type\":\"ListItem\",\"position\":1,\"name\":\"Portada\",\"item\":\"https:\\\/\\\/pinturasrocor.com\\\/\"},{\"@type\":\"ListItem\",\"position\":2,\"name\":\"Tienda\",\"item\":\"https:\\\/\\\/pinturasrocor.com\\\/tienda\\\/\"},{\"@type\":\"ListItem\",\"position\":3,\"name\":\"Sombreado de Invernaderos\"}]},{\"@type\":\"WebSite\",\"@id\":\"https:\\\/\\\/pinturasrocor.com\\\/#website\",\"url\":\"https:\\\/\\\/pinturasrocor.com\\\/\",\"name\":\"Pinturas Rocor\",\"description\":\"Fabricaci\u00f3n de Pinturas, productos para pintores y mucho m\u00e1s\",\"potentialAction\":[{\"@type\":\"SearchAction\",\"target\":{\"@type\":\"EntryPoint\",\"urlTemplate\":\"https:\\\/\\\/pinturasrocor.com\\\/?s={search_term_string}\"},\"query-input\":{\"@type\":\"PropertyValueSpecification\",\"valueRequired\":true,\"valueName\":\"search_term_string\"}}],\"inLanguage\":\"en-US\"}]}<\/script>\n<!-- \/ Yoast SEO plugin. -->","yoast_head_json":{"title":"Sombreado de Invernaderos - Pinturas Rocor","description":"Los colorantes universales del Sistema Tintom\u00e9trico Decoraci\u00f3n son libres de VOC y APE, sin formaldeh\u00eddo ni sus donantes. Incorporan la tecnolog\u00eda SmartTint \u2122 para dispensaci\u00f3n precisa y sin obstrucciones.","robots":{"index":"index","follow":"follow","max-snippet":"max-snippet:-1","max-image-preview":"max-image-preview:large","max-video-preview":"max-video-preview:-1"},"canonical":"https:\/\/pinturasrocor.com\/en\/product\/greenhouse-shading\/","og_locale":"en_US","og_type":"article","og_title":"Sombreado de Invernaderos - Pinturas Rocor","og_description":"Los colorantes universales del Sistema Tintom\u00e9trico Decoraci\u00f3n son libres de VOC y APE, sin formaldeh\u00eddo ni sus donantes. Incorporan la tecnolog\u00eda SmartTint \u2122 para dispensaci\u00f3n precisa y sin obstrucciones.","og_url":"https:\/\/pinturasrocor.com\/en\/product\/greenhouse-shading\/","og_site_name":"Pinturas Rocor","article_modified_time":"2024-07-03T10:40:42+00:00","og_image":[{"width":800,"height":800,"url":"https:\/\/pinturasrocor.com\/wp-content\/uploads\/sombreado_invernaderos.png","type":"image\/png"}],"twitter_card":"summary_large_image","twitter_misc":{"Est. reading time":"1 minute"},"schema":{"@context":"https:\/\/schema.org","@graph":[{"@type":"WebPage","@id":"https:\/\/pinturasrocor.com\/producto\/sombreado-de-invernaderos\/","url":"https:\/\/pinturasrocor.com\/producto\/sombreado-de-invernaderos\/","name":"Sombreado de Invernaderos - Pinturas Rocor","isPartOf":{"@id":"https:\/\/pinturasrocor.com\/#website"},"primaryImageOfPage":{"@id":"https:\/\/pinturasrocor.com\/producto\/sombreado-de-invernaderos\/#primaryimage"},"image":{"@id":"https:\/\/pinturasrocor.com\/producto\/sombreado-de-invernaderos\/#primaryimage"},"thumbnailUrl":"https:\/\/pinturasrocor.com\/wp-content\/uploads\/sombreado_invernaderos.png","datePublished":"2024-07-03T10:34:36+00:00","dateModified":"2024-07-03T10:40:42+00:00","description":"Los colorantes universales del Sistema Tintom\u00e9trico Decoraci\u00f3n son libres de VOC y APE, sin formaldeh\u00eddo ni sus donantes. Incorporan la tecnolog\u00eda SmartTint \u2122 para dispensaci\u00f3n precisa y sin obstrucciones.","breadcrumb":{"@id":"https:\/\/pinturasrocor.com\/producto\/sombreado-de-invernaderos\/#breadcrumb"},"inLanguage":"en-US","potentialAction":[{"@type":"ReadAction","target":["https:\/\/pinturasrocor.com\/producto\/sombreado-de-invernaderos\/"]}]},{"@type":"ImageObject","inLanguage":"en-US","@id":"https:\/\/pinturasrocor.com\/producto\/sombreado-de-invernaderos\/#primaryimage","url":"https:\/\/pinturasrocor.com\/wp-content\/uploads\/sombreado_invernaderos.png","contentUrl":"https:\/\/pinturasrocor.com\/wp-content\/uploads\/sombreado_invernaderos.png","width":800,"height":800,"caption":"sombreado invernaderos"},{"@type":"BreadcrumbList","@id":"https:\/\/pinturasrocor.com\/producto\/sombreado-de-invernaderos\/#breadcrumb","itemListElement":[{"@type":"ListItem","position":1,"name":"Portada","item":"https:\/\/pinturasrocor.com\/"},{"@type":"ListItem","position":2,"name":"Tienda","item":"https:\/\/pinturasrocor.com\/tienda\/"},{"@type":"ListItem","position":3,"name":"Sombreado de Invernaderos"}]},{"@type":"WebSite","@id":"https:\/\/pinturasrocor.com\/#website","url":"https:\/\/pinturasrocor.com\/","name":"Pinturas Rocor","description":"Fabricaci\u00f3n de Pinturas, productos para pintores y mucho m\u00e1s","potentialAction":[{"@type":"SearchAction","target":{"@type":"EntryPoint","urlTemplate":"https:\/\/pinturasrocor.com\/?s={search_term_string}"},"query-input":{"@type":"PropertyValueSpecification","valueRequired":true,"valueName":"search_term_string"}}],"inLanguage":"en-US"}]}},"_links":{"self":[{"href":"https:\/\/pinturasrocor.com\/en\/wp-json\/wp\/v2\/product\/1621","targetHints":{"allow":["GET"]}}],"collection":[{"href":"https:\/\/pinturasrocor.com\/en\/wp-json\/wp\/v2\/product"}],"about":[{"href":"https:\/\/pinturasrocor.com\/en\/wp-json\/wp\/v2\/types\/product"}],"wp:featuredmedia":[{"embeddable":true,"href":"https:\/\/pinturasrocor.com\/en\/wp-json\/wp\/v2\/media\/1623"}],"wp:attachment":[{"href":"https:\/\/pinturasrocor.com\/en\/wp-json\/wp\/v2\/media?parent=1621"}],"wp:term":[{"taxonomy":"product_brand","embeddable":true,"href":"https:\/\/pinturasrocor.com\/en\/wp-json\/wp\/v2\/product_brand?post=1621"},{"taxonomy":"product_cat","embeddable":true,"href":"https:\/\/pinturasrocor.com\/en\/wp-json\/wp\/v2\/product_cat?post=1621"},{"taxonomy":"product_tag","embeddable":true,"href":"https:\/\/pinturasrocor.com\/en\/wp-json\/wp\/v2\/product_tag?post=1621"}],"curies":[{"name":"wp","href":"https:\/\/api.w.org\/{rel}","templated":true}]}}