{"id":1607,"date":"2024-07-03T12:19:35","date_gmt":"2024-07-03T10:19:35","guid":{"rendered":"https:\/\/wp.pinturasrocor.com\/?post_type=product&#038;p=1607"},"modified":"2024-07-03T12:25:28","modified_gmt":"2024-07-03T10:25:28","slug":"tintes-al-agua","status":"publish","type":"product","link":"https:\/\/pinturasrocor.com\/en\/product\/tintes-al-agua\/","title":{"rendered":"Water-based dyes"},"content":{"rendered":"<p>Highly concentrated coloring product, formulated with high quality pigments, characterized by the beauty and intensity of its tones.<\/p>\n<h2>Instructions for use<\/h2>\n<ul>\n<li>\u00a0Add slowly, to the undiluted water-based paint, the concentrate in a proportion not greater than 5 % of dye per liter of paint, stirring with a spatula or mechanically, until the desired color is achieved.<\/li>\n<li>White water-based paints can be colored exclusively in light tones or pastels.<\/li>\n<li>An excessive amount of stain alters the adhesion, outdoor resistance, washing and drying properties of the paints.<\/li>\n<li>Colors tend to vary (intensify) whether you see them in liquid (fresh) paint or applied (dry) paint. Test and see how the color looks in dry and applied paint. A color applied on a large surface gives the impression of greater intensity.<\/li>\n<li>Finally dilute the paint according to the paint instructions.<\/li>\n<\/ul>\n<h2>Advantages<\/h2>\n<ul>\n<li>High coloring power<\/li>\n<li>Easy to mix.<\/li>\n<li>The colors can be mixed with each other.<\/li>\n<\/ul>\n<p>&nbsp;<\/p>\n<p>&nbsp;<\/p>\n<p><a class=\"btn-download\" href=\"https:\/\/pinturasrocor.com\/wp-content\/uploads\/FICHA_TECNICA_TINTE_AL_AGUA.pdf\" target=\"_blank\" rel=\"noopener nofollow\">Download Technical Data Sheet<\/a> <a class=\"btn-download\" href=\"https:\/\/pinturasrocor.com\/wp-content\/uploads\/FICHA_SEG._TINTES_AL_AGUA.pdf\" target=\"_blank\" rel=\"noopener nofollow\">Download Safety Data Sheet<\/a><\/p>","protected":false},"excerpt":{"rendered":"<p>Producto colorante altamente concentrado, formulado con pigmentos de alta calidad, caracterizado por la belleza e intensidad de sus tonos. Modo de Empleo \u00a0A\u00f1adir lentamente, a la pintura al agua sin diluir, el concentrado en una proporci\u00f3n no mayor de 5 % de tinte por cada litro de pintura, agitando con esp\u00e1tula o mec\u00e1nicamente, hasta lograr [&hellip;]<\/p>","protected":false},"featured_media":1614,"template":"","meta":[],"product_brand":[],"product_cat":[49],"product_tag":[],"class_list":{"0":"post-1607","1":"product","2":"type-product","3":"status-publish","4":"has-post-thumbnail","6":"product_cat-tintes","8":"first","9":"instock","10":"virtual","11":"product-type-simple"},"yoast_head":"<!-- This site is optimized with the Yoast SEO plugin v27.3 - https:\/\/yoast.com\/product\/yoast-seo-wordpress\/ -->\n<title>Tintes al Agua - Pinturas Rocor<\/title>\n<meta name=\"description\" content=\"Producto colorante altamente concentrado para pinturas al agua. A\u00f1\u00e1delo lentamente para lograr tonos intensos y pasteles. F\u00e1cil de mezclar y compatible con otros colores.\" \/>\n<meta name=\"robots\" content=\"index, follow, max-snippet:-1, max-image-preview:large, max-video-preview:-1\" \/>\n<link rel=\"canonical\" href=\"https:\/\/pinturasrocor.com\/en\/product\/tintes-al-agua\/\" \/>\n<meta property=\"og:locale\" content=\"en_US\" \/>\n<meta property=\"og:type\" content=\"article\" \/>\n<meta property=\"og:title\" content=\"Tintes al Agua - Pinturas Rocor\" \/>\n<meta property=\"og:description\" content=\"Producto colorante altamente concentrado para pinturas al agua. A\u00f1\u00e1delo lentamente para lograr tonos intensos y pasteles. F\u00e1cil de mezclar y compatible con otros colores.\" \/>\n<meta property=\"og:url\" content=\"https:\/\/pinturasrocor.com\/en\/product\/tintes-al-agua\/\" \/>\n<meta property=\"og:site_name\" content=\"Pinturas Rocor\" \/>\n<meta property=\"article:modified_time\" content=\"2024-07-03T10:25:28+00:00\" \/>\n<meta property=\"og:image\" content=\"https:\/\/pinturasrocor.com\/wp-content\/uploads\/tintess.png\" \/>\n\t<meta property=\"og:image:width\" content=\"800\" \/>\n\t<meta property=\"og:image:height\" content=\"800\" \/>\n\t<meta property=\"og:image:type\" content=\"image\/png\" \/>\n<meta name=\"twitter:card\" content=\"summary_large_image\" \/>\n<meta name=\"twitter:label1\" content=\"Est. reading time\" \/>\n\t<meta name=\"twitter:data1\" content=\"1 minute\" \/>\n<script type=\"application\/ld+json\" class=\"yoast-schema-graph\">{\"@context\":\"https:\\\/\\\/schema.org\",\"@graph\":[{\"@type\":\"WebPage\",\"@id\":\"https:\\\/\\\/pinturasrocor.com\\\/producto\\\/tintes-al-agua\\\/\",\"url\":\"https:\\\/\\\/pinturasrocor.com\\\/producto\\\/tintes-al-agua\\\/\",\"name\":\"Tintes al Agua - Pinturas Rocor\",\"isPartOf\":{\"@id\":\"https:\\\/\\\/pinturasrocor.com\\\/#website\"},\"primaryImageOfPage\":{\"@id\":\"https:\\\/\\\/pinturasrocor.com\\\/producto\\\/tintes-al-agua\\\/#primaryimage\"},\"image\":{\"@id\":\"https:\\\/\\\/pinturasrocor.com\\\/producto\\\/tintes-al-agua\\\/#primaryimage\"},\"thumbnailUrl\":\"https:\\\/\\\/pinturasrocor.com\\\/wp-content\\\/uploads\\\/tintess.png\",\"datePublished\":\"2024-07-03T10:19:35+00:00\",\"dateModified\":\"2024-07-03T10:25:28+00:00\",\"description\":\"Producto colorante altamente concentrado para pinturas al agua. A\u00f1\u00e1delo lentamente para lograr tonos intensos y pasteles. F\u00e1cil de mezclar y compatible con otros colores.\",\"breadcrumb\":{\"@id\":\"https:\\\/\\\/pinturasrocor.com\\\/producto\\\/tintes-al-agua\\\/#breadcrumb\"},\"inLanguage\":\"en-US\",\"potentialAction\":[{\"@type\":\"ReadAction\",\"target\":[\"https:\\\/\\\/pinturasrocor.com\\\/producto\\\/tintes-al-agua\\\/\"]}]},{\"@type\":\"ImageObject\",\"inLanguage\":\"en-US\",\"@id\":\"https:\\\/\\\/pinturasrocor.com\\\/producto\\\/tintes-al-agua\\\/#primaryimage\",\"url\":\"https:\\\/\\\/pinturasrocor.com\\\/wp-content\\\/uploads\\\/tintess.png\",\"contentUrl\":\"https:\\\/\\\/pinturasrocor.com\\\/wp-content\\\/uploads\\\/tintess.png\",\"width\":800,\"height\":800,\"caption\":\"tintes\"},{\"@type\":\"BreadcrumbList\",\"@id\":\"https:\\\/\\\/pinturasrocor.com\\\/producto\\\/tintes-al-agua\\\/#breadcrumb\",\"itemListElement\":[{\"@type\":\"ListItem\",\"position\":1,\"name\":\"Portada\",\"item\":\"https:\\\/\\\/pinturasrocor.com\\\/\"},{\"@type\":\"ListItem\",\"position\":2,\"name\":\"Tienda\",\"item\":\"https:\\\/\\\/pinturasrocor.com\\\/tienda\\\/\"},{\"@type\":\"ListItem\",\"position\":3,\"name\":\"Tintes al Agua\"}]},{\"@type\":\"WebSite\",\"@id\":\"https:\\\/\\\/pinturasrocor.com\\\/#website\",\"url\":\"https:\\\/\\\/pinturasrocor.com\\\/\",\"name\":\"Pinturas Rocor\",\"description\":\"Fabricaci\u00f3n de Pinturas, productos para pintores y mucho m\u00e1s\",\"potentialAction\":[{\"@type\":\"SearchAction\",\"target\":{\"@type\":\"EntryPoint\",\"urlTemplate\":\"https:\\\/\\\/pinturasrocor.com\\\/?s={search_term_string}\"},\"query-input\":{\"@type\":\"PropertyValueSpecification\",\"valueRequired\":true,\"valueName\":\"search_term_string\"}}],\"inLanguage\":\"en-US\"}]}<\/script>\n<!-- \/ Yoast SEO plugin. -->","yoast_head_json":{"title":"Tintes al Agua - Pinturas Rocor","description":"Producto colorante altamente concentrado para pinturas al agua. A\u00f1\u00e1delo lentamente para lograr tonos intensos y pasteles. F\u00e1cil de mezclar y compatible con otros colores.","robots":{"index":"index","follow":"follow","max-snippet":"max-snippet:-1","max-image-preview":"max-image-preview:large","max-video-preview":"max-video-preview:-1"},"canonical":"https:\/\/pinturasrocor.com\/en\/product\/tintes-al-agua\/","og_locale":"en_US","og_type":"article","og_title":"Tintes al Agua - Pinturas Rocor","og_description":"Producto colorante altamente concentrado para pinturas al agua. A\u00f1\u00e1delo lentamente para lograr tonos intensos y pasteles. F\u00e1cil de mezclar y compatible con otros colores.","og_url":"https:\/\/pinturasrocor.com\/en\/product\/tintes-al-agua\/","og_site_name":"Pinturas Rocor","article_modified_time":"2024-07-03T10:25:28+00:00","og_image":[{"width":800,"height":800,"url":"https:\/\/pinturasrocor.com\/wp-content\/uploads\/tintess.png","type":"image\/png"}],"twitter_card":"summary_large_image","twitter_misc":{"Est. reading time":"1 minute"},"schema":{"@context":"https:\/\/schema.org","@graph":[{"@type":"WebPage","@id":"https:\/\/pinturasrocor.com\/producto\/tintes-al-agua\/","url":"https:\/\/pinturasrocor.com\/producto\/tintes-al-agua\/","name":"Tintes al Agua - Pinturas Rocor","isPartOf":{"@id":"https:\/\/pinturasrocor.com\/#website"},"primaryImageOfPage":{"@id":"https:\/\/pinturasrocor.com\/producto\/tintes-al-agua\/#primaryimage"},"image":{"@id":"https:\/\/pinturasrocor.com\/producto\/tintes-al-agua\/#primaryimage"},"thumbnailUrl":"https:\/\/pinturasrocor.com\/wp-content\/uploads\/tintess.png","datePublished":"2024-07-03T10:19:35+00:00","dateModified":"2024-07-03T10:25:28+00:00","description":"Producto colorante altamente concentrado para pinturas al agua. A\u00f1\u00e1delo lentamente para lograr tonos intensos y pasteles. F\u00e1cil de mezclar y compatible con otros colores.","breadcrumb":{"@id":"https:\/\/pinturasrocor.com\/producto\/tintes-al-agua\/#breadcrumb"},"inLanguage":"en-US","potentialAction":[{"@type":"ReadAction","target":["https:\/\/pinturasrocor.com\/producto\/tintes-al-agua\/"]}]},{"@type":"ImageObject","inLanguage":"en-US","@id":"https:\/\/pinturasrocor.com\/producto\/tintes-al-agua\/#primaryimage","url":"https:\/\/pinturasrocor.com\/wp-content\/uploads\/tintess.png","contentUrl":"https:\/\/pinturasrocor.com\/wp-content\/uploads\/tintess.png","width":800,"height":800,"caption":"tintes"},{"@type":"BreadcrumbList","@id":"https:\/\/pinturasrocor.com\/producto\/tintes-al-agua\/#breadcrumb","itemListElement":[{"@type":"ListItem","position":1,"name":"Portada","item":"https:\/\/pinturasrocor.com\/"},{"@type":"ListItem","position":2,"name":"Tienda","item":"https:\/\/pinturasrocor.com\/tienda\/"},{"@type":"ListItem","position":3,"name":"Tintes al Agua"}]},{"@type":"WebSite","@id":"https:\/\/pinturasrocor.com\/#website","url":"https:\/\/pinturasrocor.com\/","name":"Pinturas Rocor","description":"Fabricaci\u00f3n de Pinturas, productos para pintores y mucho m\u00e1s","potentialAction":[{"@type":"SearchAction","target":{"@type":"EntryPoint","urlTemplate":"https:\/\/pinturasrocor.com\/?s={search_term_string}"},"query-input":{"@type":"PropertyValueSpecification","valueRequired":true,"valueName":"search_term_string"}}],"inLanguage":"en-US"}]}},"_links":{"self":[{"href":"https:\/\/pinturasrocor.com\/en\/wp-json\/wp\/v2\/product\/1607","targetHints":{"allow":["GET"]}}],"collection":[{"href":"https:\/\/pinturasrocor.com\/en\/wp-json\/wp\/v2\/product"}],"about":[{"href":"https:\/\/pinturasrocor.com\/en\/wp-json\/wp\/v2\/types\/product"}],"wp:featuredmedia":[{"embeddable":true,"href":"https:\/\/pinturasrocor.com\/en\/wp-json\/wp\/v2\/media\/1614"}],"wp:attachment":[{"href":"https:\/\/pinturasrocor.com\/en\/wp-json\/wp\/v2\/media?parent=1607"}],"wp:term":[{"taxonomy":"product_brand","embeddable":true,"href":"https:\/\/pinturasrocor.com\/en\/wp-json\/wp\/v2\/product_brand?post=1607"},{"taxonomy":"product_cat","embeddable":true,"href":"https:\/\/pinturasrocor.com\/en\/wp-json\/wp\/v2\/product_cat?post=1607"},{"taxonomy":"product_tag","embeddable":true,"href":"https:\/\/pinturasrocor.com\/en\/wp-json\/wp\/v2\/product_tag?post=1607"}],"curies":[{"name":"wp","href":"https:\/\/api.w.org\/{rel}","templated":true}]}}