{"id":1598,"date":"2024-07-03T11:59:36","date_gmt":"2024-07-03T09:59:36","guid":{"rendered":"https:\/\/wp.pinturasrocor.com\/?post_type=product&#038;p=1598"},"modified":"2024-07-03T12:06:21","modified_gmt":"2024-07-03T10:06:21","slug":"masilla-de-renovacion","status":"publish","type":"product","link":"https:\/\/pinturasrocor.com\/en\/product\/renovation-mastic\/","title":{"rendered":"Renovation Putty"},"content":{"rendered":"<p>Paste for smoothing or restoring rough or stippled surfaces, with or without plastic finish, in interiors. It is applied directly on the surface without the use of strippers or sanding beforehand, or as a finishing paste on surfaces treated with the repairing plaster. It requires a short drying time between coats, which allows finishing the treated surfaces quickly and easily. The final result is a very fine surface and very easy to sand, which allows to easily go over areas with minor defects, thus achieving an excellent white and smooth finish.<\/p>\n<h2>Support Preparation<\/h2>\n<p>The substrate must be clean, well adhered, dry and free of dust, grease or wax. If necessary, remove dust and clean the surface to be treated. In case of very absorbent substrates, a primer that regulates the absorption of the surface must be used beforehand. The metallic parts must be protected with an anticorrosive primer.<\/p>\n<h2>Advantages<\/h2>\n<p>- Removes stipple without sandpaper and without strippers.<br \/>\n- High adhesion and easy sanding.<br \/>\n- It is applied in a thin layer, being so simple that it is ideal even for non-professionals.<br \/>\n- It can be applied after several days of mixing.<br \/>\n- Drying time between coats 1 or 2 hours. Saves time and labor costs<\/p>\n<p>&nbsp;<\/p>\n<p>&nbsp;<\/p>\n<p><a class=\"btn-download\" href=\"https:\/\/pinturasrocor.com\/wp-content\/uploads\/FICHA_TECNICA_RENOVACION.pdf\" target=\"_blank\" rel=\"noopener nofollow\">Download Technical Data Sheet<\/a> <a class=\"btn-download\" href=\"https:\/\/pinturasrocor.com\/wp-content\/uploads\/FICHA_SEG._RENOVACION.pdf\" target=\"_blank\" rel=\"noopener nofollow\">Download Safety Data Sheet<\/a><\/p>","protected":false},"excerpt":{"rendered":"<p>Paste for smoothing or restoring rough or stippled surfaces, with or without plastic finish, in interiors. It is applied directly on the facing without using strippers or sanding it previously, or as a finishing paste on surfaces treated with repairing plaster. It requires a short drying time between coats, which allows for [...]<\/p>","protected":false},"featured_media":1602,"template":"","meta":[],"product_brand":[],"product_cat":[48],"product_tag":[],"class_list":{"0":"post-1598","1":"product","2":"type-product","3":"status-publish","4":"has-post-thumbnail","6":"product_cat-masillas","8":"first","9":"instock","10":"virtual","11":"product-type-simple"},"yoast_head":"<!-- This site is optimized with the Yoast SEO plugin v27.3 - https:\/\/yoast.com\/product\/yoast-seo-wordpress\/ -->\n<title>Masilla de Renovaci\u00f3n - Pinturas Rocor<\/title>\n<meta name=\"description\" content=\"Pasta para alisar y rehabilitar superficies con gotel\u00e9 en interiores. Elimina el gotel\u00e9 sin lijar previamente. Ideal para acabados lisos y blancos\" \/>\n<meta name=\"robots\" content=\"index, follow, max-snippet:-1, max-image-preview:large, max-video-preview:-1\" \/>\n<link rel=\"canonical\" href=\"https:\/\/pinturasrocor.com\/en\/product\/renovation-mastic\/\" \/>\n<meta property=\"og:locale\" content=\"en_US\" \/>\n<meta property=\"og:type\" content=\"article\" \/>\n<meta property=\"og:title\" content=\"Masilla de Renovaci\u00f3n - Pinturas Rocor\" \/>\n<meta property=\"og:description\" content=\"Pasta para alisar y rehabilitar superficies con gotel\u00e9 en interiores. Elimina el gotel\u00e9 sin lijar previamente. Ideal para acabados lisos y blancos\" \/>\n<meta property=\"og:url\" content=\"https:\/\/pinturasrocor.com\/en\/product\/renovation-mastic\/\" \/>\n<meta property=\"og:site_name\" content=\"Pinturas Rocor\" \/>\n<meta property=\"article:modified_time\" content=\"2024-07-03T10:06:21+00:00\" \/>\n<meta property=\"og:image\" content=\"https:\/\/pinturasrocor.com\/wp-content\/uploads\/masillas.png\" \/>\n\t<meta property=\"og:image:width\" content=\"800\" \/>\n\t<meta property=\"og:image:height\" content=\"800\" \/>\n\t<meta property=\"og:image:type\" content=\"image\/png\" \/>\n<meta name=\"twitter:card\" content=\"summary_large_image\" \/>\n<meta name=\"twitter:label1\" content=\"Est. reading time\" \/>\n\t<meta name=\"twitter:data1\" content=\"2 minutes\" \/>\n<script type=\"application\/ld+json\" class=\"yoast-schema-graph\">{\"@context\":\"https:\\\/\\\/schema.org\",\"@graph\":[{\"@type\":\"WebPage\",\"@id\":\"https:\\\/\\\/pinturasrocor.com\\\/producto\\\/masilla-de-renovacion\\\/\",\"url\":\"https:\\\/\\\/pinturasrocor.com\\\/producto\\\/masilla-de-renovacion\\\/\",\"name\":\"Masilla de Renovaci\u00f3n - Pinturas Rocor\",\"isPartOf\":{\"@id\":\"https:\\\/\\\/pinturasrocor.com\\\/#website\"},\"primaryImageOfPage\":{\"@id\":\"https:\\\/\\\/pinturasrocor.com\\\/producto\\\/masilla-de-renovacion\\\/#primaryimage\"},\"image\":{\"@id\":\"https:\\\/\\\/pinturasrocor.com\\\/producto\\\/masilla-de-renovacion\\\/#primaryimage\"},\"thumbnailUrl\":\"https:\\\/\\\/pinturasrocor.com\\\/wp-content\\\/uploads\\\/masillas.png\",\"datePublished\":\"2024-07-03T09:59:36+00:00\",\"dateModified\":\"2024-07-03T10:06:21+00:00\",\"description\":\"Pasta para alisar y rehabilitar superficies con gotel\u00e9 en interiores. Elimina el gotel\u00e9 sin lijar previamente. Ideal para acabados lisos y blancos\",\"breadcrumb\":{\"@id\":\"https:\\\/\\\/pinturasrocor.com\\\/producto\\\/masilla-de-renovacion\\\/#breadcrumb\"},\"inLanguage\":\"en-US\",\"potentialAction\":[{\"@type\":\"ReadAction\",\"target\":[\"https:\\\/\\\/pinturasrocor.com\\\/producto\\\/masilla-de-renovacion\\\/\"]}]},{\"@type\":\"ImageObject\",\"inLanguage\":\"en-US\",\"@id\":\"https:\\\/\\\/pinturasrocor.com\\\/producto\\\/masilla-de-renovacion\\\/#primaryimage\",\"url\":\"https:\\\/\\\/pinturasrocor.com\\\/wp-content\\\/uploads\\\/masillas.png\",\"contentUrl\":\"https:\\\/\\\/pinturasrocor.com\\\/wp-content\\\/uploads\\\/masillas.png\",\"width\":800,\"height\":800,\"caption\":\"masillas\"},{\"@type\":\"BreadcrumbList\",\"@id\":\"https:\\\/\\\/pinturasrocor.com\\\/producto\\\/masilla-de-renovacion\\\/#breadcrumb\",\"itemListElement\":[{\"@type\":\"ListItem\",\"position\":1,\"name\":\"Portada\",\"item\":\"https:\\\/\\\/pinturasrocor.com\\\/\"},{\"@type\":\"ListItem\",\"position\":2,\"name\":\"Tienda\",\"item\":\"https:\\\/\\\/pinturasrocor.com\\\/tienda\\\/\"},{\"@type\":\"ListItem\",\"position\":3,\"name\":\"Masilla de Renovaci\u00f3n\"}]},{\"@type\":\"WebSite\",\"@id\":\"https:\\\/\\\/pinturasrocor.com\\\/#website\",\"url\":\"https:\\\/\\\/pinturasrocor.com\\\/\",\"name\":\"Pinturas Rocor\",\"description\":\"Fabricaci\u00f3n de Pinturas, productos para pintores y mucho m\u00e1s\",\"potentialAction\":[{\"@type\":\"SearchAction\",\"target\":{\"@type\":\"EntryPoint\",\"urlTemplate\":\"https:\\\/\\\/pinturasrocor.com\\\/?s={search_term_string}\"},\"query-input\":{\"@type\":\"PropertyValueSpecification\",\"valueRequired\":true,\"valueName\":\"search_term_string\"}}],\"inLanguage\":\"en-US\"}]}<\/script>\n<!-- \/ Yoast SEO plugin. -->","yoast_head_json":{"title":"Masilla de Renovaci\u00f3n - Pinturas Rocor","description":"Pasta para alisar y rehabilitar superficies con gotel\u00e9 en interiores. Elimina el gotel\u00e9 sin lijar previamente. Ideal para acabados lisos y blancos","robots":{"index":"index","follow":"follow","max-snippet":"max-snippet:-1","max-image-preview":"max-image-preview:large","max-video-preview":"max-video-preview:-1"},"canonical":"https:\/\/pinturasrocor.com\/en\/product\/renovation-mastic\/","og_locale":"en_US","og_type":"article","og_title":"Masilla de Renovaci\u00f3n - Pinturas Rocor","og_description":"Pasta para alisar y rehabilitar superficies con gotel\u00e9 en interiores. Elimina el gotel\u00e9 sin lijar previamente. Ideal para acabados lisos y blancos","og_url":"https:\/\/pinturasrocor.com\/en\/product\/renovation-mastic\/","og_site_name":"Pinturas Rocor","article_modified_time":"2024-07-03T10:06:21+00:00","og_image":[{"width":800,"height":800,"url":"https:\/\/pinturasrocor.com\/wp-content\/uploads\/masillas.png","type":"image\/png"}],"twitter_card":"summary_large_image","twitter_misc":{"Est. reading time":"2 minutes"},"schema":{"@context":"https:\/\/schema.org","@graph":[{"@type":"WebPage","@id":"https:\/\/pinturasrocor.com\/producto\/masilla-de-renovacion\/","url":"https:\/\/pinturasrocor.com\/producto\/masilla-de-renovacion\/","name":"Masilla de Renovaci\u00f3n - Pinturas Rocor","isPartOf":{"@id":"https:\/\/pinturasrocor.com\/#website"},"primaryImageOfPage":{"@id":"https:\/\/pinturasrocor.com\/producto\/masilla-de-renovacion\/#primaryimage"},"image":{"@id":"https:\/\/pinturasrocor.com\/producto\/masilla-de-renovacion\/#primaryimage"},"thumbnailUrl":"https:\/\/pinturasrocor.com\/wp-content\/uploads\/masillas.png","datePublished":"2024-07-03T09:59:36+00:00","dateModified":"2024-07-03T10:06:21+00:00","description":"Pasta para alisar y rehabilitar superficies con gotel\u00e9 en interiores. Elimina el gotel\u00e9 sin lijar previamente. Ideal para acabados lisos y blancos","breadcrumb":{"@id":"https:\/\/pinturasrocor.com\/producto\/masilla-de-renovacion\/#breadcrumb"},"inLanguage":"en-US","potentialAction":[{"@type":"ReadAction","target":["https:\/\/pinturasrocor.com\/producto\/masilla-de-renovacion\/"]}]},{"@type":"ImageObject","inLanguage":"en-US","@id":"https:\/\/pinturasrocor.com\/producto\/masilla-de-renovacion\/#primaryimage","url":"https:\/\/pinturasrocor.com\/wp-content\/uploads\/masillas.png","contentUrl":"https:\/\/pinturasrocor.com\/wp-content\/uploads\/masillas.png","width":800,"height":800,"caption":"masillas"},{"@type":"BreadcrumbList","@id":"https:\/\/pinturasrocor.com\/producto\/masilla-de-renovacion\/#breadcrumb","itemListElement":[{"@type":"ListItem","position":1,"name":"Portada","item":"https:\/\/pinturasrocor.com\/"},{"@type":"ListItem","position":2,"name":"Tienda","item":"https:\/\/pinturasrocor.com\/tienda\/"},{"@type":"ListItem","position":3,"name":"Masilla de Renovaci\u00f3n"}]},{"@type":"WebSite","@id":"https:\/\/pinturasrocor.com\/#website","url":"https:\/\/pinturasrocor.com\/","name":"Pinturas Rocor","description":"Fabricaci\u00f3n de Pinturas, productos para pintores y mucho m\u00e1s","potentialAction":[{"@type":"SearchAction","target":{"@type":"EntryPoint","urlTemplate":"https:\/\/pinturasrocor.com\/?s={search_term_string}"},"query-input":{"@type":"PropertyValueSpecification","valueRequired":true,"valueName":"search_term_string"}}],"inLanguage":"en-US"}]}},"_links":{"self":[{"href":"https:\/\/pinturasrocor.com\/en\/wp-json\/wp\/v2\/product\/1598","targetHints":{"allow":["GET"]}}],"collection":[{"href":"https:\/\/pinturasrocor.com\/en\/wp-json\/wp\/v2\/product"}],"about":[{"href":"https:\/\/pinturasrocor.com\/en\/wp-json\/wp\/v2\/types\/product"}],"wp:featuredmedia":[{"embeddable":true,"href":"https:\/\/pinturasrocor.com\/en\/wp-json\/wp\/v2\/media\/1602"}],"wp:attachment":[{"href":"https:\/\/pinturasrocor.com\/en\/wp-json\/wp\/v2\/media?parent=1598"}],"wp:term":[{"taxonomy":"product_brand","embeddable":true,"href":"https:\/\/pinturasrocor.com\/en\/wp-json\/wp\/v2\/product_brand?post=1598"},{"taxonomy":"product_cat","embeddable":true,"href":"https:\/\/pinturasrocor.com\/en\/wp-json\/wp\/v2\/product_cat?post=1598"},{"taxonomy":"product_tag","embeddable":true,"href":"https:\/\/pinturasrocor.com\/en\/wp-json\/wp\/v2\/product_tag?post=1598"}],"curies":[{"name":"wp","href":"https:\/\/api.w.org\/{rel}","templated":true}]}}