{"id":1579,"date":"2024-07-03T10:32:21","date_gmt":"2024-07-03T08:32:21","guid":{"rendered":"https:\/\/wp.pinturasrocor.com\/?post_type=product&#038;p=1579"},"modified":"2024-07-03T10:39:59","modified_gmt":"2024-07-03T08:39:59","slug":"deportenis","status":"publish","type":"product","link":"https:\/\/pinturasrocor.com\/en\/product\/deportenis\/","title":{"rendered":"Deportenis"},"content":{"rendered":"<p>Water-based paint specially developed for sports facilities, formulated with styrenated resins, pigments, carbonates and high quality products for the most favorable result.<\/p>\n<h2>Application<\/h2>\n<p>Product specially manufactured for cement, concrete, etc. floors. It acts giving cohesion and reinforcing the resistance of the pavement. It is resistant to rubbing, alkalis and shocks. Impermeable to water. This product is special for sports facilities, the colors are solid to light and weathering.<\/p>\n<h2>Instructions for use<\/h2>\n<p>For new surfaces let the base coat dry between 25 and 30 days before painting. They must be porous surfaces for a better anchorage of the paint. Clean them of dust, grease, old or badly adhered paint. For the first coat dilute the product between 20 or 25 % of water and for the second coat between 5 or 10%.<\/p>\n<p>It can be painted with brush, roller or air gun, etc.<\/p>\n<p>&nbsp;<\/p>\n<p><a class=\"btn-download\" href=\"https:\/\/pinturasrocor.com\/wp-content\/uploads\/FICHA_TECNICA_DEPORTENIS.pdf\" target=\"_blank\" rel=\"noopener nofollow\">Download Technical Data Sheet<\/a> <a class=\"btn-download\" href=\"https:\/\/pinturasrocor.com\/wp-content\/uploads\/FICHA_SEG._DEPORTENIS.pdf\" target=\"_blank\" rel=\"noopener nofollow\">Download Safety Data Sheet<\/a><\/p>","protected":false},"excerpt":{"rendered":"<p>Water-based paint specially developed for sports facilities, formulated with styrenated resins, pigments, carbonates and high quality products for the most favorable result. Application Product specially manufactured for cement, concrete, etc. floors. It acts giving cohesion and reinforcing the resistance of the pavement. It is resistant to scrubbing, alkalis and [...]<\/p>","protected":false},"featured_media":1581,"template":"","meta":[],"product_brand":[],"product_cat":[46],"product_tag":[],"class_list":{"0":"post-1579","1":"product","2":"type-product","3":"status-publish","4":"has-post-thumbnail","6":"product_cat-linea-deportiva","8":"first","9":"instock","10":"virtual","11":"product-type-simple"},"yoast_head":"<!-- This site is optimized with the Yoast SEO plugin v27.4 - https:\/\/yoast.com\/product\/yoast-seo-wordpress\/ -->\n<title>Deportenis - Pinturas Rocor<\/title>\n<meta name=\"description\" content=\"Pintura acuosa para instalaciones deportivas, resistente al frote y choques. Ideal para suelos de cemento y hormig\u00f3n. F\u00e1cil aplicaci\u00f3n.\" \/>\n<meta name=\"robots\" content=\"index, follow, max-snippet:-1, max-image-preview:large, max-video-preview:-1\" \/>\n<link rel=\"canonical\" href=\"https:\/\/pinturasrocor.com\/en\/product\/deportenis\/\" \/>\n<meta property=\"og:locale\" content=\"en_US\" \/>\n<meta property=\"og:type\" content=\"article\" \/>\n<meta property=\"og:title\" content=\"Deportenis - Pinturas Rocor\" \/>\n<meta property=\"og:description\" content=\"Pintura acuosa para instalaciones deportivas, resistente al frote y choques. Ideal para suelos de cemento y hormig\u00f3n. F\u00e1cil aplicaci\u00f3n.\" \/>\n<meta property=\"og:url\" content=\"https:\/\/pinturasrocor.com\/en\/product\/deportenis\/\" \/>\n<meta property=\"og:site_name\" content=\"Pinturas Rocor\" \/>\n<meta property=\"article:modified_time\" content=\"2024-07-03T08:39:59+00:00\" \/>\n<meta property=\"og:image\" content=\"https:\/\/pinturasrocor.com\/wp-content\/uploads\/deportenis.png\" \/>\n\t<meta property=\"og:image:width\" content=\"800\" \/>\n\t<meta property=\"og:image:height\" content=\"800\" \/>\n\t<meta property=\"og:image:type\" content=\"image\/png\" \/>\n<meta name=\"twitter:card\" content=\"summary_large_image\" \/>\n<meta name=\"twitter:label1\" content=\"Est. reading time\" \/>\n\t<meta name=\"twitter:data1\" content=\"1 minute\" \/>\n<script type=\"application\/ld+json\" class=\"yoast-schema-graph\">{\"@context\":\"https:\\\/\\\/schema.org\",\"@graph\":[{\"@type\":\"WebPage\",\"@id\":\"https:\\\/\\\/pinturasrocor.com\\\/producto\\\/deportenis\\\/\",\"url\":\"https:\\\/\\\/pinturasrocor.com\\\/producto\\\/deportenis\\\/\",\"name\":\"Deportenis - Pinturas Rocor\",\"isPartOf\":{\"@id\":\"https:\\\/\\\/pinturasrocor.com\\\/#website\"},\"primaryImageOfPage\":{\"@id\":\"https:\\\/\\\/pinturasrocor.com\\\/producto\\\/deportenis\\\/#primaryimage\"},\"image\":{\"@id\":\"https:\\\/\\\/pinturasrocor.com\\\/producto\\\/deportenis\\\/#primaryimage\"},\"thumbnailUrl\":\"https:\\\/\\\/pinturasrocor.com\\\/wp-content\\\/uploads\\\/deportenis.png\",\"datePublished\":\"2024-07-03T08:32:21+00:00\",\"dateModified\":\"2024-07-03T08:39:59+00:00\",\"description\":\"Pintura acuosa para instalaciones deportivas, resistente al frote y choques. Ideal para suelos de cemento y hormig\u00f3n. F\u00e1cil aplicaci\u00f3n.\",\"breadcrumb\":{\"@id\":\"https:\\\/\\\/pinturasrocor.com\\\/producto\\\/deportenis\\\/#breadcrumb\"},\"inLanguage\":\"en-US\",\"potentialAction\":[{\"@type\":\"ReadAction\",\"target\":[\"https:\\\/\\\/pinturasrocor.com\\\/producto\\\/deportenis\\\/\"]}]},{\"@type\":\"ImageObject\",\"inLanguage\":\"en-US\",\"@id\":\"https:\\\/\\\/pinturasrocor.com\\\/producto\\\/deportenis\\\/#primaryimage\",\"url\":\"https:\\\/\\\/pinturasrocor.com\\\/wp-content\\\/uploads\\\/deportenis.png\",\"contentUrl\":\"https:\\\/\\\/pinturasrocor.com\\\/wp-content\\\/uploads\\\/deportenis.png\",\"width\":800,\"height\":800,\"caption\":\"deportenis\"},{\"@type\":\"BreadcrumbList\",\"@id\":\"https:\\\/\\\/pinturasrocor.com\\\/producto\\\/deportenis\\\/#breadcrumb\",\"itemListElement\":[{\"@type\":\"ListItem\",\"position\":1,\"name\":\"Portada\",\"item\":\"https:\\\/\\\/pinturasrocor.com\\\/\"},{\"@type\":\"ListItem\",\"position\":2,\"name\":\"Tienda\",\"item\":\"https:\\\/\\\/pinturasrocor.com\\\/tienda\\\/\"},{\"@type\":\"ListItem\",\"position\":3,\"name\":\"Deportenis\"}]},{\"@type\":\"WebSite\",\"@id\":\"https:\\\/\\\/pinturasrocor.com\\\/#website\",\"url\":\"https:\\\/\\\/pinturasrocor.com\\\/\",\"name\":\"Pinturas Rocor\",\"description\":\"Fabricaci\u00f3n de Pinturas, productos para pintores y mucho m\u00e1s\",\"potentialAction\":[{\"@type\":\"SearchAction\",\"target\":{\"@type\":\"EntryPoint\",\"urlTemplate\":\"https:\\\/\\\/pinturasrocor.com\\\/?s={search_term_string}\"},\"query-input\":{\"@type\":\"PropertyValueSpecification\",\"valueRequired\":true,\"valueName\":\"search_term_string\"}}],\"inLanguage\":\"en-US\"}]}<\/script>\n<!-- \/ Yoast SEO plugin. -->","yoast_head_json":{"title":"Deportenis - Pinturas Rocor","description":"Pintura acuosa para instalaciones deportivas, resistente al frote y choques. Ideal para suelos de cemento y hormig\u00f3n. F\u00e1cil aplicaci\u00f3n.","robots":{"index":"index","follow":"follow","max-snippet":"max-snippet:-1","max-image-preview":"max-image-preview:large","max-video-preview":"max-video-preview:-1"},"canonical":"https:\/\/pinturasrocor.com\/en\/product\/deportenis\/","og_locale":"en_US","og_type":"article","og_title":"Deportenis - Pinturas Rocor","og_description":"Pintura acuosa para instalaciones deportivas, resistente al frote y choques. Ideal para suelos de cemento y hormig\u00f3n. F\u00e1cil aplicaci\u00f3n.","og_url":"https:\/\/pinturasrocor.com\/en\/product\/deportenis\/","og_site_name":"Pinturas Rocor","article_modified_time":"2024-07-03T08:39:59+00:00","og_image":[{"width":800,"height":800,"url":"https:\/\/pinturasrocor.com\/wp-content\/uploads\/deportenis.png","type":"image\/png"}],"twitter_card":"summary_large_image","twitter_misc":{"Est. reading time":"1 minute"},"schema":{"@context":"https:\/\/schema.org","@graph":[{"@type":"WebPage","@id":"https:\/\/pinturasrocor.com\/producto\/deportenis\/","url":"https:\/\/pinturasrocor.com\/producto\/deportenis\/","name":"Deportenis - Pinturas Rocor","isPartOf":{"@id":"https:\/\/pinturasrocor.com\/#website"},"primaryImageOfPage":{"@id":"https:\/\/pinturasrocor.com\/producto\/deportenis\/#primaryimage"},"image":{"@id":"https:\/\/pinturasrocor.com\/producto\/deportenis\/#primaryimage"},"thumbnailUrl":"https:\/\/pinturasrocor.com\/wp-content\/uploads\/deportenis.png","datePublished":"2024-07-03T08:32:21+00:00","dateModified":"2024-07-03T08:39:59+00:00","description":"Pintura acuosa para instalaciones deportivas, resistente al frote y choques. Ideal para suelos de cemento y hormig\u00f3n. F\u00e1cil aplicaci\u00f3n.","breadcrumb":{"@id":"https:\/\/pinturasrocor.com\/producto\/deportenis\/#breadcrumb"},"inLanguage":"en-US","potentialAction":[{"@type":"ReadAction","target":["https:\/\/pinturasrocor.com\/producto\/deportenis\/"]}]},{"@type":"ImageObject","inLanguage":"en-US","@id":"https:\/\/pinturasrocor.com\/producto\/deportenis\/#primaryimage","url":"https:\/\/pinturasrocor.com\/wp-content\/uploads\/deportenis.png","contentUrl":"https:\/\/pinturasrocor.com\/wp-content\/uploads\/deportenis.png","width":800,"height":800,"caption":"deportenis"},{"@type":"BreadcrumbList","@id":"https:\/\/pinturasrocor.com\/producto\/deportenis\/#breadcrumb","itemListElement":[{"@type":"ListItem","position":1,"name":"Portada","item":"https:\/\/pinturasrocor.com\/"},{"@type":"ListItem","position":2,"name":"Tienda","item":"https:\/\/pinturasrocor.com\/tienda\/"},{"@type":"ListItem","position":3,"name":"Deportenis"}]},{"@type":"WebSite","@id":"https:\/\/pinturasrocor.com\/#website","url":"https:\/\/pinturasrocor.com\/","name":"Pinturas Rocor","description":"Fabricaci\u00f3n de Pinturas, productos para pintores y mucho m\u00e1s","potentialAction":[{"@type":"SearchAction","target":{"@type":"EntryPoint","urlTemplate":"https:\/\/pinturasrocor.com\/?s={search_term_string}"},"query-input":{"@type":"PropertyValueSpecification","valueRequired":true,"valueName":"search_term_string"}}],"inLanguage":"en-US"}]}},"_links":{"self":[{"href":"https:\/\/pinturasrocor.com\/en\/wp-json\/wp\/v2\/product\/1579","targetHints":{"allow":["GET"]}}],"collection":[{"href":"https:\/\/pinturasrocor.com\/en\/wp-json\/wp\/v2\/product"}],"about":[{"href":"https:\/\/pinturasrocor.com\/en\/wp-json\/wp\/v2\/types\/product"}],"wp:featuredmedia":[{"embeddable":true,"href":"https:\/\/pinturasrocor.com\/en\/wp-json\/wp\/v2\/media\/1581"}],"wp:attachment":[{"href":"https:\/\/pinturasrocor.com\/en\/wp-json\/wp\/v2\/media?parent=1579"}],"wp:term":[{"taxonomy":"product_brand","embeddable":true,"href":"https:\/\/pinturasrocor.com\/en\/wp-json\/wp\/v2\/product_brand?post=1579"},{"taxonomy":"product_cat","embeddable":true,"href":"https:\/\/pinturasrocor.com\/en\/wp-json\/wp\/v2\/product_cat?post=1579"},{"taxonomy":"product_tag","embeddable":true,"href":"https:\/\/pinturasrocor.com\/en\/wp-json\/wp\/v2\/product_tag?post=1579"}],"curies":[{"name":"wp","href":"https:\/\/api.w.org\/{rel}","templated":true}]}}