{"id":1572,"date":"2024-07-03T10:02:14","date_gmt":"2024-07-03T08:02:14","guid":{"rendered":"https:\/\/wp.pinturasrocor.com\/?post_type=product&#038;p=1572"},"modified":"2024-07-03T10:29:15","modified_gmt":"2024-07-03T08:29:15","slug":"monocapa","status":"publish","type":"product","link":"https:\/\/pinturasrocor.com\/en\/product\/monolayer\/","title":{"rendered":"Monolayer"},"content":{"rendered":"<p>It is a water-based paint with a coverage and set of colors suitable for interior decoration. The products used for its elaboration are: pure acrylic resins and high quality pigments.<\/p>\n<h2>Application<\/h2>\n<p>This paint can be used for interior decoration as well as for exterior. High resistance against wet rubbing.<\/p>\n<h2>Properties<\/h2>\n<p>It is prepared for interior decoration, leaving a pleasant finish. Thanks to its products, the MATE MONOCAPA is resistant to wet rubbing.<\/p>\n<h2>Instructions for use<\/h2>\n<p>Spray, roller, brush, etc. application. It is advisable to prepare the surface to be painted, it must be well cleaned and if it has traces of paint in bad condition, it is convenient to scrape and clean with caustic water or apply a coat of lime fixer in case there is old paint or in bad condition. If it is for new work dilute the paint adding a 60% of water +\/- and for the second coat between 25 or 30% to assure its anchorage and durability.<\/p>\n<p>&nbsp;<\/p>\n<p><a class=\"btn-download\" href=\"https:\/\/pinturasrocor.com\/wp-content\/uploads\/FICHA_TECNICA_MONOCAPA.pdf\" target=\"_blank\" rel=\"noopener nofollow\">Download Technical Data Sheet<\/a><\/p>","protected":false},"excerpt":{"rendered":"<p>Es una pintura de base acuosa con una cubrici\u00f3n y conjunto de colores apropiados para decoraci\u00f3n de interiores. Los productos utilizados para su elaboraci\u00f3n son: resinas acr\u00edlicas puras y pigmentos de gran calidad. Aplicaci\u00f3n Esta pintura puede utilizarse tanto para un interior de decoraci\u00f3n, como para un exterior. Gran resistencia contra el frote h\u00famedo. Propiedades [&hellip;]<\/p>","protected":false},"featured_media":1574,"template":"","meta":[],"product_brand":[],"product_cat":[45],"product_tag":[],"class_list":{"0":"post-1572","1":"product","2":"type-product","3":"status-publish","4":"has-post-thumbnail","6":"product_cat-linea-decoracion","8":"first","9":"instock","10":"virtual","11":"product-type-simple"},"yoast_head":"<!-- This site is optimized with the Yoast SEO plugin v27.3 - https:\/\/yoast.com\/product\/yoast-seo-wordpress\/ -->\n<title>Monocapa - Pinturas Rocor<\/title>\n<meta name=\"description\" content=\"Pintura base acuosa, cubrici\u00f3n y colores para interiores. Resinas acr\u00edlicas puras y pigmentos de calidad. Apta para interior y exterior.\" \/>\n<meta name=\"robots\" content=\"index, follow, max-snippet:-1, max-image-preview:large, max-video-preview:-1\" \/>\n<link rel=\"canonical\" href=\"https:\/\/pinturasrocor.com\/en\/product\/monolayer\/\" \/>\n<meta property=\"og:locale\" content=\"en_US\" \/>\n<meta property=\"og:type\" content=\"article\" \/>\n<meta property=\"og:title\" content=\"Monocapa - Pinturas Rocor\" \/>\n<meta property=\"og:description\" content=\"Pintura base acuosa, cubrici\u00f3n y colores para interiores. Resinas acr\u00edlicas puras y pigmentos de calidad. Apta para interior y exterior.\" \/>\n<meta property=\"og:url\" content=\"https:\/\/pinturasrocor.com\/en\/product\/monolayer\/\" \/>\n<meta property=\"og:site_name\" content=\"Pinturas Rocor\" \/>\n<meta property=\"article:modified_time\" content=\"2024-07-03T08:29:15+00:00\" \/>\n<meta property=\"og:image\" content=\"https:\/\/pinturasrocor.com\/wp-content\/uploads\/monocapa.png\" \/>\n\t<meta property=\"og:image:width\" content=\"800\" \/>\n\t<meta property=\"og:image:height\" content=\"800\" \/>\n\t<meta property=\"og:image:type\" content=\"image\/png\" \/>\n<meta name=\"twitter:card\" content=\"summary_large_image\" \/>\n<meta name=\"twitter:label1\" content=\"Est. reading time\" \/>\n\t<meta name=\"twitter:data1\" content=\"1 minute\" \/>\n<script type=\"application\/ld+json\" class=\"yoast-schema-graph\">{\"@context\":\"https:\\\/\\\/schema.org\",\"@graph\":[{\"@type\":\"WebPage\",\"@id\":\"https:\\\/\\\/pinturasrocor.com\\\/producto\\\/monocapa\\\/\",\"url\":\"https:\\\/\\\/pinturasrocor.com\\\/producto\\\/monocapa\\\/\",\"name\":\"Monocapa - Pinturas Rocor\",\"isPartOf\":{\"@id\":\"https:\\\/\\\/pinturasrocor.com\\\/#website\"},\"primaryImageOfPage\":{\"@id\":\"https:\\\/\\\/pinturasrocor.com\\\/producto\\\/monocapa\\\/#primaryimage\"},\"image\":{\"@id\":\"https:\\\/\\\/pinturasrocor.com\\\/producto\\\/monocapa\\\/#primaryimage\"},\"thumbnailUrl\":\"https:\\\/\\\/pinturasrocor.com\\\/wp-content\\\/uploads\\\/monocapa.png\",\"datePublished\":\"2024-07-03T08:02:14+00:00\",\"dateModified\":\"2024-07-03T08:29:15+00:00\",\"description\":\"Pintura base acuosa, cubrici\u00f3n y colores para interiores. Resinas acr\u00edlicas puras y pigmentos de calidad. Apta para interior y exterior.\",\"breadcrumb\":{\"@id\":\"https:\\\/\\\/pinturasrocor.com\\\/producto\\\/monocapa\\\/#breadcrumb\"},\"inLanguage\":\"en-US\",\"potentialAction\":[{\"@type\":\"ReadAction\",\"target\":[\"https:\\\/\\\/pinturasrocor.com\\\/producto\\\/monocapa\\\/\"]}]},{\"@type\":\"ImageObject\",\"inLanguage\":\"en-US\",\"@id\":\"https:\\\/\\\/pinturasrocor.com\\\/producto\\\/monocapa\\\/#primaryimage\",\"url\":\"https:\\\/\\\/pinturasrocor.com\\\/wp-content\\\/uploads\\\/monocapa.png\",\"contentUrl\":\"https:\\\/\\\/pinturasrocor.com\\\/wp-content\\\/uploads\\\/monocapa.png\",\"width\":800,\"height\":800,\"caption\":\"monocapa\"},{\"@type\":\"BreadcrumbList\",\"@id\":\"https:\\\/\\\/pinturasrocor.com\\\/producto\\\/monocapa\\\/#breadcrumb\",\"itemListElement\":[{\"@type\":\"ListItem\",\"position\":1,\"name\":\"Portada\",\"item\":\"https:\\\/\\\/pinturasrocor.com\\\/\"},{\"@type\":\"ListItem\",\"position\":2,\"name\":\"Tienda\",\"item\":\"https:\\\/\\\/pinturasrocor.com\\\/tienda\\\/\"},{\"@type\":\"ListItem\",\"position\":3,\"name\":\"Monocapa\"}]},{\"@type\":\"WebSite\",\"@id\":\"https:\\\/\\\/pinturasrocor.com\\\/#website\",\"url\":\"https:\\\/\\\/pinturasrocor.com\\\/\",\"name\":\"Pinturas Rocor\",\"description\":\"Fabricaci\u00f3n de Pinturas, productos para pintores y mucho m\u00e1s\",\"potentialAction\":[{\"@type\":\"SearchAction\",\"target\":{\"@type\":\"EntryPoint\",\"urlTemplate\":\"https:\\\/\\\/pinturasrocor.com\\\/?s={search_term_string}\"},\"query-input\":{\"@type\":\"PropertyValueSpecification\",\"valueRequired\":true,\"valueName\":\"search_term_string\"}}],\"inLanguage\":\"en-US\"}]}<\/script>\n<!-- \/ Yoast SEO plugin. -->","yoast_head_json":{"title":"Monocapa - Pinturas Rocor","description":"Pintura base acuosa, cubrici\u00f3n y colores para interiores. Resinas acr\u00edlicas puras y pigmentos de calidad. Apta para interior y exterior.","robots":{"index":"index","follow":"follow","max-snippet":"max-snippet:-1","max-image-preview":"max-image-preview:large","max-video-preview":"max-video-preview:-1"},"canonical":"https:\/\/pinturasrocor.com\/en\/product\/monolayer\/","og_locale":"en_US","og_type":"article","og_title":"Monocapa - Pinturas Rocor","og_description":"Pintura base acuosa, cubrici\u00f3n y colores para interiores. Resinas acr\u00edlicas puras y pigmentos de calidad. Apta para interior y exterior.","og_url":"https:\/\/pinturasrocor.com\/en\/product\/monolayer\/","og_site_name":"Pinturas Rocor","article_modified_time":"2024-07-03T08:29:15+00:00","og_image":[{"width":800,"height":800,"url":"https:\/\/pinturasrocor.com\/wp-content\/uploads\/monocapa.png","type":"image\/png"}],"twitter_card":"summary_large_image","twitter_misc":{"Est. reading time":"1 minute"},"schema":{"@context":"https:\/\/schema.org","@graph":[{"@type":"WebPage","@id":"https:\/\/pinturasrocor.com\/producto\/monocapa\/","url":"https:\/\/pinturasrocor.com\/producto\/monocapa\/","name":"Monocapa - Pinturas Rocor","isPartOf":{"@id":"https:\/\/pinturasrocor.com\/#website"},"primaryImageOfPage":{"@id":"https:\/\/pinturasrocor.com\/producto\/monocapa\/#primaryimage"},"image":{"@id":"https:\/\/pinturasrocor.com\/producto\/monocapa\/#primaryimage"},"thumbnailUrl":"https:\/\/pinturasrocor.com\/wp-content\/uploads\/monocapa.png","datePublished":"2024-07-03T08:02:14+00:00","dateModified":"2024-07-03T08:29:15+00:00","description":"Pintura base acuosa, cubrici\u00f3n y colores para interiores. Resinas acr\u00edlicas puras y pigmentos de calidad. Apta para interior y exterior.","breadcrumb":{"@id":"https:\/\/pinturasrocor.com\/producto\/monocapa\/#breadcrumb"},"inLanguage":"en-US","potentialAction":[{"@type":"ReadAction","target":["https:\/\/pinturasrocor.com\/producto\/monocapa\/"]}]},{"@type":"ImageObject","inLanguage":"en-US","@id":"https:\/\/pinturasrocor.com\/producto\/monocapa\/#primaryimage","url":"https:\/\/pinturasrocor.com\/wp-content\/uploads\/monocapa.png","contentUrl":"https:\/\/pinturasrocor.com\/wp-content\/uploads\/monocapa.png","width":800,"height":800,"caption":"monocapa"},{"@type":"BreadcrumbList","@id":"https:\/\/pinturasrocor.com\/producto\/monocapa\/#breadcrumb","itemListElement":[{"@type":"ListItem","position":1,"name":"Portada","item":"https:\/\/pinturasrocor.com\/"},{"@type":"ListItem","position":2,"name":"Tienda","item":"https:\/\/pinturasrocor.com\/tienda\/"},{"@type":"ListItem","position":3,"name":"Monocapa"}]},{"@type":"WebSite","@id":"https:\/\/pinturasrocor.com\/#website","url":"https:\/\/pinturasrocor.com\/","name":"Pinturas Rocor","description":"Fabricaci\u00f3n de Pinturas, productos para pintores y mucho m\u00e1s","potentialAction":[{"@type":"SearchAction","target":{"@type":"EntryPoint","urlTemplate":"https:\/\/pinturasrocor.com\/?s={search_term_string}"},"query-input":{"@type":"PropertyValueSpecification","valueRequired":true,"valueName":"search_term_string"}}],"inLanguage":"en-US"}]}},"_links":{"self":[{"href":"https:\/\/pinturasrocor.com\/en\/wp-json\/wp\/v2\/product\/1572","targetHints":{"allow":["GET"]}}],"collection":[{"href":"https:\/\/pinturasrocor.com\/en\/wp-json\/wp\/v2\/product"}],"about":[{"href":"https:\/\/pinturasrocor.com\/en\/wp-json\/wp\/v2\/types\/product"}],"wp:featuredmedia":[{"embeddable":true,"href":"https:\/\/pinturasrocor.com\/en\/wp-json\/wp\/v2\/media\/1574"}],"wp:attachment":[{"href":"https:\/\/pinturasrocor.com\/en\/wp-json\/wp\/v2\/media?parent=1572"}],"wp:term":[{"taxonomy":"product_brand","embeddable":true,"href":"https:\/\/pinturasrocor.com\/en\/wp-json\/wp\/v2\/product_brand?post=1572"},{"taxonomy":"product_cat","embeddable":true,"href":"https:\/\/pinturasrocor.com\/en\/wp-json\/wp\/v2\/product_cat?post=1572"},{"taxonomy":"product_tag","embeddable":true,"href":"https:\/\/pinturasrocor.com\/en\/wp-json\/wp\/v2\/product_tag?post=1572"}],"curies":[{"name":"wp","href":"https:\/\/api.w.org\/{rel}","templated":true}]}}