{"id":1566,"date":"2024-07-03T09:38:52","date_gmt":"2024-07-03T07:38:52","guid":{"rendered":"https:\/\/wp.pinturasrocor.com\/?post_type=product&#038;p=1566"},"modified":"2024-07-03T09:44:08","modified_gmt":"2024-07-03T07:44:08","slug":"rocoelastic","status":"publish","type":"product","link":"https:\/\/pinturasrocor.com\/en\/product\/rocoelastic\/","title":{"rendered":"Rocoelastic"},"content":{"rendered":"<p>It is a product composed of styrene-acrylic copolymers, free of plasticizers and solvents, so that once dry, it has a very good film formation and excellent binding properties.<\/p>\n<h2>Application<\/h2>\n<p>ROCOELASTIK can be used on any type of surface, such as:<br \/>\nconcrete, concrete block, fiber cement, brick, wood, tile, etc.<\/p>\n<h2>Properties<\/h2>\n<p>ROCOELASTIK is prepared for the projection of facades, ceilings, roofs and terraces, remaining perfectly waterproof once dry. With the course of time, it would lose the aspect of its original color, being able to be painted with any plastic paint or to repeat its application.<\/p>\n<h2>Instructions for use<\/h2>\n<p>It can be used with roller, brush, spray gun or yana. If used with a roller, a coat of about 1 Lt\/m2 should be applied in one direction. Once dry, a second coat can be applied perpendicular to the first one. It is advisable for the first coat to dilute the product between 10 or 15% with water for its perfect anchorage and penetration of the product in the base to be waterproofed.<\/p>\n<p>&nbsp;<\/p>\n<p><a class=\"btn-download\" href=\"https:\/\/pinturasrocor.com\/wp-content\/uploads\/FICHA_TECNICA_ROCOELASTIK.pdf\" target=\"_blank\" rel=\"noopener nofollow\">Download Technical Data Sheet<\/a> <a class=\"btn-download\" href=\"https:\/\/pinturasrocor.com\/wp-content\/uploads\/FICHA_SEG._IMPERMEABILIZANTE.pdf\" target=\"_blank\" rel=\"noopener nofollow\">Download Safety Data Sheet<\/a><\/p>","protected":false},"excerpt":{"rendered":"<p>Es un producto compuesto a base de copol\u00edmeros de estireno-acr\u00edlico, libre de plastificantes y disolventes, para que una vez seco, tenga una muy buena formaci\u00f3n de film y excelentes propiedades ligantes. Aplicaci\u00f3n El ROCOELASTIK puede utilizarse en cualquier tipo de superficie, como: hormig\u00f3n, montero, fibrocemento, ladrillo, madera, teja, etc. Propiedades El ROCOELASTIK est\u00e1 preparado para [&hellip;]<\/p>","protected":false},"featured_media":1567,"template":"","meta":[],"product_brand":[],"product_cat":[44],"product_tag":[],"class_list":{"0":"post-1566","1":"product","2":"type-product","3":"status-publish","4":"has-post-thumbnail","6":"product_cat-impermeabilizantes","8":"first","9":"instock","10":"virtual","11":"product-type-simple"},"yoast_head":"<!-- This site is optimized with the Yoast SEO plugin v27.3 - https:\/\/yoast.com\/product\/yoast-seo-wordpress\/ -->\n<title>Rocoelastic - Pinturas Rocor<\/title>\n<meta name=\"description\" content=\"ROCOELASTIK es un impermeabilizante flexible de estireno-acr\u00edlico, ideal para m\u00faltiples superficies como hormig\u00f3n, madera y teja.\" \/>\n<meta name=\"robots\" content=\"index, follow, max-snippet:-1, max-image-preview:large, max-video-preview:-1\" \/>\n<link rel=\"canonical\" href=\"https:\/\/pinturasrocor.com\/en\/product\/rocoelastic\/\" \/>\n<meta property=\"og:locale\" content=\"en_US\" \/>\n<meta property=\"og:type\" content=\"article\" \/>\n<meta property=\"og:title\" content=\"Rocoelastic - Pinturas Rocor\" \/>\n<meta property=\"og:description\" content=\"ROCOELASTIK es un impermeabilizante flexible de estireno-acr\u00edlico, ideal para m\u00faltiples superficies como hormig\u00f3n, madera y teja.\" \/>\n<meta property=\"og:url\" content=\"https:\/\/pinturasrocor.com\/en\/product\/rocoelastic\/\" \/>\n<meta property=\"og:site_name\" content=\"Pinturas Rocor\" \/>\n<meta property=\"article:modified_time\" content=\"2024-07-03T07:44:08+00:00\" \/>\n<meta property=\"og:image\" content=\"https:\/\/pinturasrocor.com\/wp-content\/uploads\/rocoelastic.png\" \/>\n\t<meta property=\"og:image:width\" content=\"800\" \/>\n\t<meta property=\"og:image:height\" content=\"800\" \/>\n\t<meta property=\"og:image:type\" content=\"image\/png\" \/>\n<meta name=\"twitter:card\" content=\"summary_large_image\" \/>\n<meta name=\"twitter:label1\" content=\"Est. reading time\" \/>\n\t<meta name=\"twitter:data1\" content=\"1 minute\" \/>\n<script type=\"application\/ld+json\" class=\"yoast-schema-graph\">{\"@context\":\"https:\\\/\\\/schema.org\",\"@graph\":[{\"@type\":\"WebPage\",\"@id\":\"https:\\\/\\\/pinturasrocor.com\\\/producto\\\/rocoelastic\\\/\",\"url\":\"https:\\\/\\\/pinturasrocor.com\\\/producto\\\/rocoelastic\\\/\",\"name\":\"Rocoelastic - Pinturas Rocor\",\"isPartOf\":{\"@id\":\"https:\\\/\\\/pinturasrocor.com\\\/#website\"},\"primaryImageOfPage\":{\"@id\":\"https:\\\/\\\/pinturasrocor.com\\\/producto\\\/rocoelastic\\\/#primaryimage\"},\"image\":{\"@id\":\"https:\\\/\\\/pinturasrocor.com\\\/producto\\\/rocoelastic\\\/#primaryimage\"},\"thumbnailUrl\":\"https:\\\/\\\/pinturasrocor.com\\\/wp-content\\\/uploads\\\/rocoelastic.png\",\"datePublished\":\"2024-07-03T07:38:52+00:00\",\"dateModified\":\"2024-07-03T07:44:08+00:00\",\"description\":\"ROCOELASTIK es un impermeabilizante flexible de estireno-acr\u00edlico, ideal para m\u00faltiples superficies como hormig\u00f3n, madera y teja.\",\"breadcrumb\":{\"@id\":\"https:\\\/\\\/pinturasrocor.com\\\/producto\\\/rocoelastic\\\/#breadcrumb\"},\"inLanguage\":\"en-US\",\"potentialAction\":[{\"@type\":\"ReadAction\",\"target\":[\"https:\\\/\\\/pinturasrocor.com\\\/producto\\\/rocoelastic\\\/\"]}]},{\"@type\":\"ImageObject\",\"inLanguage\":\"en-US\",\"@id\":\"https:\\\/\\\/pinturasrocor.com\\\/producto\\\/rocoelastic\\\/#primaryimage\",\"url\":\"https:\\\/\\\/pinturasrocor.com\\\/wp-content\\\/uploads\\\/rocoelastic.png\",\"contentUrl\":\"https:\\\/\\\/pinturasrocor.com\\\/wp-content\\\/uploads\\\/rocoelastic.png\",\"width\":800,\"height\":800,\"caption\":\"rocoelastic\"},{\"@type\":\"BreadcrumbList\",\"@id\":\"https:\\\/\\\/pinturasrocor.com\\\/producto\\\/rocoelastic\\\/#breadcrumb\",\"itemListElement\":[{\"@type\":\"ListItem\",\"position\":1,\"name\":\"Portada\",\"item\":\"https:\\\/\\\/pinturasrocor.com\\\/\"},{\"@type\":\"ListItem\",\"position\":2,\"name\":\"Tienda\",\"item\":\"https:\\\/\\\/pinturasrocor.com\\\/tienda\\\/\"},{\"@type\":\"ListItem\",\"position\":3,\"name\":\"Rocoelastic\"}]},{\"@type\":\"WebSite\",\"@id\":\"https:\\\/\\\/pinturasrocor.com\\\/#website\",\"url\":\"https:\\\/\\\/pinturasrocor.com\\\/\",\"name\":\"Pinturas Rocor\",\"description\":\"Fabricaci\u00f3n de Pinturas, productos para pintores y mucho m\u00e1s\",\"potentialAction\":[{\"@type\":\"SearchAction\",\"target\":{\"@type\":\"EntryPoint\",\"urlTemplate\":\"https:\\\/\\\/pinturasrocor.com\\\/?s={search_term_string}\"},\"query-input\":{\"@type\":\"PropertyValueSpecification\",\"valueRequired\":true,\"valueName\":\"search_term_string\"}}],\"inLanguage\":\"en-US\"}]}<\/script>\n<!-- \/ Yoast SEO plugin. -->","yoast_head_json":{"title":"Rocoelastic - Pinturas Rocor","description":"ROCOELASTIK es un impermeabilizante flexible de estireno-acr\u00edlico, ideal para m\u00faltiples superficies como hormig\u00f3n, madera y teja.","robots":{"index":"index","follow":"follow","max-snippet":"max-snippet:-1","max-image-preview":"max-image-preview:large","max-video-preview":"max-video-preview:-1"},"canonical":"https:\/\/pinturasrocor.com\/en\/product\/rocoelastic\/","og_locale":"en_US","og_type":"article","og_title":"Rocoelastic - Pinturas Rocor","og_description":"ROCOELASTIK es un impermeabilizante flexible de estireno-acr\u00edlico, ideal para m\u00faltiples superficies como hormig\u00f3n, madera y teja.","og_url":"https:\/\/pinturasrocor.com\/en\/product\/rocoelastic\/","og_site_name":"Pinturas Rocor","article_modified_time":"2024-07-03T07:44:08+00:00","og_image":[{"width":800,"height":800,"url":"https:\/\/pinturasrocor.com\/wp-content\/uploads\/rocoelastic.png","type":"image\/png"}],"twitter_card":"summary_large_image","twitter_misc":{"Est. reading time":"1 minute"},"schema":{"@context":"https:\/\/schema.org","@graph":[{"@type":"WebPage","@id":"https:\/\/pinturasrocor.com\/producto\/rocoelastic\/","url":"https:\/\/pinturasrocor.com\/producto\/rocoelastic\/","name":"Rocoelastic - Pinturas Rocor","isPartOf":{"@id":"https:\/\/pinturasrocor.com\/#website"},"primaryImageOfPage":{"@id":"https:\/\/pinturasrocor.com\/producto\/rocoelastic\/#primaryimage"},"image":{"@id":"https:\/\/pinturasrocor.com\/producto\/rocoelastic\/#primaryimage"},"thumbnailUrl":"https:\/\/pinturasrocor.com\/wp-content\/uploads\/rocoelastic.png","datePublished":"2024-07-03T07:38:52+00:00","dateModified":"2024-07-03T07:44:08+00:00","description":"ROCOELASTIK es un impermeabilizante flexible de estireno-acr\u00edlico, ideal para m\u00faltiples superficies como hormig\u00f3n, madera y teja.","breadcrumb":{"@id":"https:\/\/pinturasrocor.com\/producto\/rocoelastic\/#breadcrumb"},"inLanguage":"en-US","potentialAction":[{"@type":"ReadAction","target":["https:\/\/pinturasrocor.com\/producto\/rocoelastic\/"]}]},{"@type":"ImageObject","inLanguage":"en-US","@id":"https:\/\/pinturasrocor.com\/producto\/rocoelastic\/#primaryimage","url":"https:\/\/pinturasrocor.com\/wp-content\/uploads\/rocoelastic.png","contentUrl":"https:\/\/pinturasrocor.com\/wp-content\/uploads\/rocoelastic.png","width":800,"height":800,"caption":"rocoelastic"},{"@type":"BreadcrumbList","@id":"https:\/\/pinturasrocor.com\/producto\/rocoelastic\/#breadcrumb","itemListElement":[{"@type":"ListItem","position":1,"name":"Portada","item":"https:\/\/pinturasrocor.com\/"},{"@type":"ListItem","position":2,"name":"Tienda","item":"https:\/\/pinturasrocor.com\/tienda\/"},{"@type":"ListItem","position":3,"name":"Rocoelastic"}]},{"@type":"WebSite","@id":"https:\/\/pinturasrocor.com\/#website","url":"https:\/\/pinturasrocor.com\/","name":"Pinturas Rocor","description":"Fabricaci\u00f3n de Pinturas, productos para pintores y mucho m\u00e1s","potentialAction":[{"@type":"SearchAction","target":{"@type":"EntryPoint","urlTemplate":"https:\/\/pinturasrocor.com\/?s={search_term_string}"},"query-input":{"@type":"PropertyValueSpecification","valueRequired":true,"valueName":"search_term_string"}}],"inLanguage":"en-US"}]}},"_links":{"self":[{"href":"https:\/\/pinturasrocor.com\/en\/wp-json\/wp\/v2\/product\/1566","targetHints":{"allow":["GET"]}}],"collection":[{"href":"https:\/\/pinturasrocor.com\/en\/wp-json\/wp\/v2\/product"}],"about":[{"href":"https:\/\/pinturasrocor.com\/en\/wp-json\/wp\/v2\/types\/product"}],"wp:featuredmedia":[{"embeddable":true,"href":"https:\/\/pinturasrocor.com\/en\/wp-json\/wp\/v2\/media\/1567"}],"wp:attachment":[{"href":"https:\/\/pinturasrocor.com\/en\/wp-json\/wp\/v2\/media?parent=1566"}],"wp:term":[{"taxonomy":"product_brand","embeddable":true,"href":"https:\/\/pinturasrocor.com\/en\/wp-json\/wp\/v2\/product_brand?post=1566"},{"taxonomy":"product_cat","embeddable":true,"href":"https:\/\/pinturasrocor.com\/en\/wp-json\/wp\/v2\/product_cat?post=1566"},{"taxonomy":"product_tag","embeddable":true,"href":"https:\/\/pinturasrocor.com\/en\/wp-json\/wp\/v2\/product_tag?post=1566"}],"curies":[{"name":"wp","href":"https:\/\/api.w.org\/{rel}","templated":true}]}}