{"id":1539,"date":"2024-07-02T18:54:31","date_gmt":"2024-07-02T16:54:31","guid":{"rendered":"https:\/\/wp.pinturasrocor.com\/?post_type=product&#038;p=1539"},"modified":"2024-07-02T18:59:44","modified_gmt":"2024-07-02T16:59:44","slug":"pintura-silicato","status":"publish","type":"product","link":"https:\/\/pinturasrocor.com\/en\/product\/pintura-silicato\/","title":{"rendered":"Silicate Paint"},"content":{"rendered":"<p>The application of silicate paints in the rehabilitation of facades, especially on plasters, is used as the most appropriate protection. The degradation of exterior plasters is mainly due to the destructive effect of soluble salts. Combustion gases and industrial emissions combine with rainwater to form acids. These acids react with the mineral binders of the<br \/>\nbuilding materials by forming soluble salts. These, when crystallized and<br \/>\nhydrate, significantly increase their volume and exert a pressure that destroys<br \/>\nthe building materials. In the continuous exposure to the exterior, the plasters are losing mineral binder, the Silicate paints are resistant to acids and its crystalline hardness is similar to that of rock crystal, the treatment exerts a water-repellent effect that prevents the passage of rainwater. Other advantages are that its heat expansion behavior is the same as that of the mineral support, thus avoiding cracks and spalling.<\/p>\n<h2>Application<\/h2>\n<p>By brush or roller. For airless spray gun adjust the viscosity.<\/p>\n<h2>Performance<\/h2>\n<p>As a guideline, a yield of 8 - 10 m2\/Kg is calculated. Stir the contents of the container well before use.<\/p>\n<p>&nbsp;<\/p>\n<p><a class=\"btn-download\" href=\"https:\/\/pinturasrocor.com\/wp-content\/uploads\/FICHA_TECNICA_REVESTIMIENTO_SILICATO.pdf\" target=\"_blank\" rel=\"noopener nofollow\">Download Technical Data Sheet<\/a> <a class=\"btn-download\" href=\"https:\/\/pinturasrocor.com\/wp-content\/uploads\/FICHA_SEG_REVESTIMIENTOS_SILICATO.pdf\" target=\"_blank\" rel=\"noopener nofollow\">Download Safety Data Sheet<\/a><\/p>","protected":false},"excerpt":{"rendered":"<p>La aplicaci\u00f3n de pinturas al silicato en la rehabilitaci\u00f3n de fachadas, especialmente sobre revoques, se utiliza como protecci\u00f3n m\u00e1s adecuada. La degradaci\u00f3n de los revoques en exterior es principalmente debido al efecto destructor que ejercen las sales solubles. Los gases de combusti\u00f3n y las emisiones industriales se combinan con el agua de lluvia y forman [&hellip;]<\/p>","protected":false},"featured_media":1540,"template":"","meta":[],"product_brand":[],"product_cat":[42],"product_tag":[],"class_list":{"0":"post-1539","1":"product","2":"type-product","3":"status-publish","4":"has-post-thumbnail","6":"product_cat-revestimientos-de-fachada","8":"first","9":"instock","10":"virtual","11":"product-type-simple"},"yoast_head":"<!-- This site is optimized with the Yoast SEO plugin v27.3 - https:\/\/yoast.com\/product\/yoast-seo-wordpress\/ -->\n<title>Pintura Silicato - Pinturas Rocor<\/title>\n<meta name=\"description\" content=\"Pintura al silicato para fachadas, resistente a sales y \u00e1cidos. Evita grietas y desconchados. Aplicaci\u00f3n f\u00e1cil y gran durabilidad.\" \/>\n<meta name=\"robots\" content=\"index, follow, max-snippet:-1, max-image-preview:large, max-video-preview:-1\" \/>\n<link rel=\"canonical\" href=\"https:\/\/pinturasrocor.com\/en\/product\/pintura-silicato\/\" \/>\n<meta property=\"og:locale\" content=\"en_US\" \/>\n<meta property=\"og:type\" content=\"article\" \/>\n<meta property=\"og:title\" content=\"Pintura Silicato - Pinturas Rocor\" \/>\n<meta property=\"og:description\" content=\"Pintura al silicato para fachadas, resistente a sales y \u00e1cidos. Evita grietas y desconchados. Aplicaci\u00f3n f\u00e1cil y gran durabilidad.\" \/>\n<meta property=\"og:url\" content=\"https:\/\/pinturasrocor.com\/en\/product\/pintura-silicato\/\" \/>\n<meta property=\"og:site_name\" content=\"Pinturas Rocor\" \/>\n<meta property=\"article:modified_time\" content=\"2024-07-02T16:59:44+00:00\" \/>\n<meta property=\"og:image\" content=\"https:\/\/pinturasrocor.com\/wp-content\/uploads\/silicato.png\" \/>\n\t<meta property=\"og:image:width\" content=\"800\" \/>\n\t<meta property=\"og:image:height\" content=\"800\" \/>\n\t<meta property=\"og:image:type\" content=\"image\/png\" \/>\n<meta name=\"twitter:card\" content=\"summary_large_image\" \/>\n<meta name=\"twitter:label1\" content=\"Est. reading time\" \/>\n\t<meta name=\"twitter:data1\" content=\"1 minute\" \/>\n<script type=\"application\/ld+json\" class=\"yoast-schema-graph\">{\"@context\":\"https:\\\/\\\/schema.org\",\"@graph\":[{\"@type\":\"WebPage\",\"@id\":\"https:\\\/\\\/pinturasrocor.com\\\/producto\\\/pintura-silicato\\\/\",\"url\":\"https:\\\/\\\/pinturasrocor.com\\\/producto\\\/pintura-silicato\\\/\",\"name\":\"Pintura Silicato - Pinturas Rocor\",\"isPartOf\":{\"@id\":\"https:\\\/\\\/pinturasrocor.com\\\/#website\"},\"primaryImageOfPage\":{\"@id\":\"https:\\\/\\\/pinturasrocor.com\\\/producto\\\/pintura-silicato\\\/#primaryimage\"},\"image\":{\"@id\":\"https:\\\/\\\/pinturasrocor.com\\\/producto\\\/pintura-silicato\\\/#primaryimage\"},\"thumbnailUrl\":\"https:\\\/\\\/pinturasrocor.com\\\/wp-content\\\/uploads\\\/silicato.png\",\"datePublished\":\"2024-07-02T16:54:31+00:00\",\"dateModified\":\"2024-07-02T16:59:44+00:00\",\"description\":\"Pintura al silicato para fachadas, resistente a sales y \u00e1cidos. Evita grietas y desconchados. Aplicaci\u00f3n f\u00e1cil y gran durabilidad.\",\"breadcrumb\":{\"@id\":\"https:\\\/\\\/pinturasrocor.com\\\/producto\\\/pintura-silicato\\\/#breadcrumb\"},\"inLanguage\":\"en-US\",\"potentialAction\":[{\"@type\":\"ReadAction\",\"target\":[\"https:\\\/\\\/pinturasrocor.com\\\/producto\\\/pintura-silicato\\\/\"]}]},{\"@type\":\"ImageObject\",\"inLanguage\":\"en-US\",\"@id\":\"https:\\\/\\\/pinturasrocor.com\\\/producto\\\/pintura-silicato\\\/#primaryimage\",\"url\":\"https:\\\/\\\/pinturasrocor.com\\\/wp-content\\\/uploads\\\/silicato.png\",\"contentUrl\":\"https:\\\/\\\/pinturasrocor.com\\\/wp-content\\\/uploads\\\/silicato.png\",\"width\":800,\"height\":800,\"caption\":\"silicato\"},{\"@type\":\"BreadcrumbList\",\"@id\":\"https:\\\/\\\/pinturasrocor.com\\\/producto\\\/pintura-silicato\\\/#breadcrumb\",\"itemListElement\":[{\"@type\":\"ListItem\",\"position\":1,\"name\":\"Portada\",\"item\":\"https:\\\/\\\/pinturasrocor.com\\\/\"},{\"@type\":\"ListItem\",\"position\":2,\"name\":\"Tienda\",\"item\":\"https:\\\/\\\/pinturasrocor.com\\\/tienda\\\/\"},{\"@type\":\"ListItem\",\"position\":3,\"name\":\"Pintura Silicato\"}]},{\"@type\":\"WebSite\",\"@id\":\"https:\\\/\\\/pinturasrocor.com\\\/#website\",\"url\":\"https:\\\/\\\/pinturasrocor.com\\\/\",\"name\":\"Pinturas Rocor\",\"description\":\"Fabricaci\u00f3n de Pinturas, productos para pintores y mucho m\u00e1s\",\"potentialAction\":[{\"@type\":\"SearchAction\",\"target\":{\"@type\":\"EntryPoint\",\"urlTemplate\":\"https:\\\/\\\/pinturasrocor.com\\\/?s={search_term_string}\"},\"query-input\":{\"@type\":\"PropertyValueSpecification\",\"valueRequired\":true,\"valueName\":\"search_term_string\"}}],\"inLanguage\":\"en-US\"}]}<\/script>\n<!-- \/ Yoast SEO plugin. -->","yoast_head_json":{"title":"Pintura Silicato - Pinturas Rocor","description":"Pintura al silicato para fachadas, resistente a sales y \u00e1cidos. Evita grietas y desconchados. Aplicaci\u00f3n f\u00e1cil y gran durabilidad.","robots":{"index":"index","follow":"follow","max-snippet":"max-snippet:-1","max-image-preview":"max-image-preview:large","max-video-preview":"max-video-preview:-1"},"canonical":"https:\/\/pinturasrocor.com\/en\/product\/pintura-silicato\/","og_locale":"en_US","og_type":"article","og_title":"Pintura Silicato - Pinturas Rocor","og_description":"Pintura al silicato para fachadas, resistente a sales y \u00e1cidos. Evita grietas y desconchados. Aplicaci\u00f3n f\u00e1cil y gran durabilidad.","og_url":"https:\/\/pinturasrocor.com\/en\/product\/pintura-silicato\/","og_site_name":"Pinturas Rocor","article_modified_time":"2024-07-02T16:59:44+00:00","og_image":[{"width":800,"height":800,"url":"https:\/\/pinturasrocor.com\/wp-content\/uploads\/silicato.png","type":"image\/png"}],"twitter_card":"summary_large_image","twitter_misc":{"Est. reading time":"1 minute"},"schema":{"@context":"https:\/\/schema.org","@graph":[{"@type":"WebPage","@id":"https:\/\/pinturasrocor.com\/producto\/pintura-silicato\/","url":"https:\/\/pinturasrocor.com\/producto\/pintura-silicato\/","name":"Pintura Silicato - Pinturas Rocor","isPartOf":{"@id":"https:\/\/pinturasrocor.com\/#website"},"primaryImageOfPage":{"@id":"https:\/\/pinturasrocor.com\/producto\/pintura-silicato\/#primaryimage"},"image":{"@id":"https:\/\/pinturasrocor.com\/producto\/pintura-silicato\/#primaryimage"},"thumbnailUrl":"https:\/\/pinturasrocor.com\/wp-content\/uploads\/silicato.png","datePublished":"2024-07-02T16:54:31+00:00","dateModified":"2024-07-02T16:59:44+00:00","description":"Pintura al silicato para fachadas, resistente a sales y \u00e1cidos. Evita grietas y desconchados. Aplicaci\u00f3n f\u00e1cil y gran durabilidad.","breadcrumb":{"@id":"https:\/\/pinturasrocor.com\/producto\/pintura-silicato\/#breadcrumb"},"inLanguage":"en-US","potentialAction":[{"@type":"ReadAction","target":["https:\/\/pinturasrocor.com\/producto\/pintura-silicato\/"]}]},{"@type":"ImageObject","inLanguage":"en-US","@id":"https:\/\/pinturasrocor.com\/producto\/pintura-silicato\/#primaryimage","url":"https:\/\/pinturasrocor.com\/wp-content\/uploads\/silicato.png","contentUrl":"https:\/\/pinturasrocor.com\/wp-content\/uploads\/silicato.png","width":800,"height":800,"caption":"silicato"},{"@type":"BreadcrumbList","@id":"https:\/\/pinturasrocor.com\/producto\/pintura-silicato\/#breadcrumb","itemListElement":[{"@type":"ListItem","position":1,"name":"Portada","item":"https:\/\/pinturasrocor.com\/"},{"@type":"ListItem","position":2,"name":"Tienda","item":"https:\/\/pinturasrocor.com\/tienda\/"},{"@type":"ListItem","position":3,"name":"Pintura Silicato"}]},{"@type":"WebSite","@id":"https:\/\/pinturasrocor.com\/#website","url":"https:\/\/pinturasrocor.com\/","name":"Pinturas Rocor","description":"Fabricaci\u00f3n de Pinturas, productos para pintores y mucho m\u00e1s","potentialAction":[{"@type":"SearchAction","target":{"@type":"EntryPoint","urlTemplate":"https:\/\/pinturasrocor.com\/?s={search_term_string}"},"query-input":{"@type":"PropertyValueSpecification","valueRequired":true,"valueName":"search_term_string"}}],"inLanguage":"en-US"}]}},"_links":{"self":[{"href":"https:\/\/pinturasrocor.com\/en\/wp-json\/wp\/v2\/product\/1539","targetHints":{"allow":["GET"]}}],"collection":[{"href":"https:\/\/pinturasrocor.com\/en\/wp-json\/wp\/v2\/product"}],"about":[{"href":"https:\/\/pinturasrocor.com\/en\/wp-json\/wp\/v2\/types\/product"}],"wp:featuredmedia":[{"embeddable":true,"href":"https:\/\/pinturasrocor.com\/en\/wp-json\/wp\/v2\/media\/1540"}],"wp:attachment":[{"href":"https:\/\/pinturasrocor.com\/en\/wp-json\/wp\/v2\/media?parent=1539"}],"wp:term":[{"taxonomy":"product_brand","embeddable":true,"href":"https:\/\/pinturasrocor.com\/en\/wp-json\/wp\/v2\/product_brand?post=1539"},{"taxonomy":"product_cat","embeddable":true,"href":"https:\/\/pinturasrocor.com\/en\/wp-json\/wp\/v2\/product_cat?post=1539"},{"taxonomy":"product_tag","embeddable":true,"href":"https:\/\/pinturasrocor.com\/en\/wp-json\/wp\/v2\/product_tag?post=1539"}],"curies":[{"name":"wp","href":"https:\/\/api.w.org\/{rel}","templated":true}]}}