{"id":1531,"date":"2024-07-02T18:19:57","date_gmt":"2024-07-02T16:19:57","guid":{"rendered":"https:\/\/wp.pinturasrocor.com\/?post_type=product&#038;p=1531"},"modified":"2024-07-02T18:33:53","modified_gmt":"2024-07-02T16:33:53","slug":"revestimiento-elastico-elastomero","status":"publish","type":"product","link":"https:\/\/pinturasrocor.com\/en\/product\/elastomeric-elastic-coating\/","title":{"rendered":"Elastic Coating (Elastomer)"},"content":{"rendered":"<h2>Properties<\/h2>\n<p>Impermeability to rainwater. Elastic, it does not crack or crack with the conditions and dilatations of the support by the changes of temperature, cracks and fissures. Good adhesion to the most common construction materials. Resistant to the effects of weathering. Breathable and anti-greening product.<\/p>\n<h2>Utilities<\/h2>\n<p>It is indicated for the waterproofing and protection of surfaces, such as facades, party walls and \"knives\", and all those mortar layers where fine cracks appear, with little movement of contraction or expansion with climatic changes.<\/p>\n<h2>Application<\/h2>\n<p>- Homogenize the contents of the container.<br \/>\n- Application by brush, roller or spray.<br \/>\n- The surfaces to be painted must be clean, dry and free of dust and grease.<br \/>\n- Apply a first coat to 30% water, as an anchor bridge.<br \/>\n- Subsequently, two coats diluted with 15% of water are applied.<br \/>\n- Do not paint in rainy weather or temperatures below 5\u00ba or above 40\u00ba.<\/p>\n<p>&nbsp;<\/p>\n<p><a class=\"btn-download\" href=\"https:\/\/pinturasrocor.com\/wp-content\/uploads\/FICHA_TECNICA-REVEST._ELASTICO.pdf\" target=\"_blank\" rel=\"noopener nofollow\">Download Technical Data Sheet<\/a> <a class=\"btn-download\" href=\"https:\/\/pinturasrocor.com\/wp-content\/uploads\/FICHA_SEG_SEMIELASTICO.pdf\" target=\"_blank\" rel=\"noopener nofollow\">Download Safety Data Sheet<\/a><\/p>","protected":false},"excerpt":{"rendered":"<p>Properties Impermeability to rainwater. Elastic, it does not crack or crack with the conditions and dilatations of the support by temperature changes, cracking and cracking. Good adhesion to the most common construction materials. Resistant to the effects of weathering. Breathable and anti-greening product. Uses It is indicated for waterproofing [...].<\/p>","protected":false},"featured_media":1534,"template":"","meta":[],"product_brand":[],"product_cat":[42],"product_tag":[],"class_list":{"0":"post-1531","1":"product","2":"type-product","3":"status-publish","4":"has-post-thumbnail","6":"product_cat-revestimientos-de-fachada","8":"first","9":"instock","10":"virtual","11":"product-type-simple"},"yoast_head":"<!-- This site is optimized with the Yoast SEO plugin v27.3 - https:\/\/yoast.com\/product\/yoast-seo-wordpress\/ -->\n<title>Revestimiento El\u00e1stico (Elast\u00f3mero) - Pinturas Rocor<\/title>\n<meta name=\"description\" content=\"Pintura Los Molinos, ideal para exteriores, con excelente cubrici\u00f3n y blancura. Resistente a la intemperie, impermeable y el\u00e1stica. Transpirable y anti-verdin.\" \/>\n<meta name=\"robots\" content=\"index, follow, max-snippet:-1, max-image-preview:large, max-video-preview:-1\" \/>\n<link rel=\"canonical\" href=\"https:\/\/pinturasrocor.com\/en\/product\/elastomeric-elastic-coating\/\" \/>\n<meta property=\"og:locale\" content=\"en_US\" \/>\n<meta property=\"og:type\" content=\"article\" \/>\n<meta property=\"og:title\" content=\"Revestimiento El\u00e1stico (Elast\u00f3mero) - Pinturas Rocor\" \/>\n<meta property=\"og:description\" content=\"Pintura Los Molinos, ideal para exteriores, con excelente cubrici\u00f3n y blancura. Resistente a la intemperie, impermeable y el\u00e1stica. Transpirable y anti-verdin.\" \/>\n<meta property=\"og:url\" content=\"https:\/\/pinturasrocor.com\/en\/product\/elastomeric-elastic-coating\/\" \/>\n<meta property=\"og:site_name\" content=\"Pinturas Rocor\" \/>\n<meta property=\"article:modified_time\" content=\"2024-07-02T16:33:53+00:00\" \/>\n<meta property=\"og:image\" content=\"https:\/\/pinturasrocor.com\/wp-content\/uploads\/elastico.png\" \/>\n\t<meta property=\"og:image:width\" content=\"800\" \/>\n\t<meta property=\"og:image:height\" content=\"800\" \/>\n\t<meta property=\"og:image:type\" content=\"image\/png\" \/>\n<meta name=\"twitter:card\" content=\"summary_large_image\" \/>\n<meta name=\"twitter:label1\" content=\"Est. reading time\" \/>\n\t<meta name=\"twitter:data1\" content=\"1 minute\" \/>\n<script type=\"application\/ld+json\" class=\"yoast-schema-graph\">{\"@context\":\"https:\\\/\\\/schema.org\",\"@graph\":[{\"@type\":\"WebPage\",\"@id\":\"https:\\\/\\\/pinturasrocor.com\\\/producto\\\/revestimiento-elastico-elastomero\\\/\",\"url\":\"https:\\\/\\\/pinturasrocor.com\\\/producto\\\/revestimiento-elastico-elastomero\\\/\",\"name\":\"Revestimiento El\u00e1stico (Elast\u00f3mero) - Pinturas Rocor\",\"isPartOf\":{\"@id\":\"https:\\\/\\\/pinturasrocor.com\\\/#website\"},\"primaryImageOfPage\":{\"@id\":\"https:\\\/\\\/pinturasrocor.com\\\/producto\\\/revestimiento-elastico-elastomero\\\/#primaryimage\"},\"image\":{\"@id\":\"https:\\\/\\\/pinturasrocor.com\\\/producto\\\/revestimiento-elastico-elastomero\\\/#primaryimage\"},\"thumbnailUrl\":\"https:\\\/\\\/pinturasrocor.com\\\/wp-content\\\/uploads\\\/elastico.png\",\"datePublished\":\"2024-07-02T16:19:57+00:00\",\"dateModified\":\"2024-07-02T16:33:53+00:00\",\"description\":\"Pintura Los Molinos, ideal para exteriores, con excelente cubrici\u00f3n y blancura. Resistente a la intemperie, impermeable y el\u00e1stica. Transpirable y anti-verdin.\",\"breadcrumb\":{\"@id\":\"https:\\\/\\\/pinturasrocor.com\\\/producto\\\/revestimiento-elastico-elastomero\\\/#breadcrumb\"},\"inLanguage\":\"en-US\",\"potentialAction\":[{\"@type\":\"ReadAction\",\"target\":[\"https:\\\/\\\/pinturasrocor.com\\\/producto\\\/revestimiento-elastico-elastomero\\\/\"]}]},{\"@type\":\"ImageObject\",\"inLanguage\":\"en-US\",\"@id\":\"https:\\\/\\\/pinturasrocor.com\\\/producto\\\/revestimiento-elastico-elastomero\\\/#primaryimage\",\"url\":\"https:\\\/\\\/pinturasrocor.com\\\/wp-content\\\/uploads\\\/elastico.png\",\"contentUrl\":\"https:\\\/\\\/pinturasrocor.com\\\/wp-content\\\/uploads\\\/elastico.png\",\"width\":800,\"height\":800,\"caption\":\"elastico\"},{\"@type\":\"BreadcrumbList\",\"@id\":\"https:\\\/\\\/pinturasrocor.com\\\/producto\\\/revestimiento-elastico-elastomero\\\/#breadcrumb\",\"itemListElement\":[{\"@type\":\"ListItem\",\"position\":1,\"name\":\"Portada\",\"item\":\"https:\\\/\\\/pinturasrocor.com\\\/\"},{\"@type\":\"ListItem\",\"position\":2,\"name\":\"Tienda\",\"item\":\"https:\\\/\\\/pinturasrocor.com\\\/tienda\\\/\"},{\"@type\":\"ListItem\",\"position\":3,\"name\":\"Revestimiento El\u00e1stico (Elast\u00f3mero)\"}]},{\"@type\":\"WebSite\",\"@id\":\"https:\\\/\\\/pinturasrocor.com\\\/#website\",\"url\":\"https:\\\/\\\/pinturasrocor.com\\\/\",\"name\":\"Pinturas Rocor\",\"description\":\"Fabricaci\u00f3n de Pinturas, productos para pintores y mucho m\u00e1s\",\"potentialAction\":[{\"@type\":\"SearchAction\",\"target\":{\"@type\":\"EntryPoint\",\"urlTemplate\":\"https:\\\/\\\/pinturasrocor.com\\\/?s={search_term_string}\"},\"query-input\":{\"@type\":\"PropertyValueSpecification\",\"valueRequired\":true,\"valueName\":\"search_term_string\"}}],\"inLanguage\":\"en-US\"}]}<\/script>\n<!-- \/ Yoast SEO plugin. -->","yoast_head_json":{"title":"Revestimiento El\u00e1stico (Elast\u00f3mero) - Pinturas Rocor","description":"Pintura Los Molinos, ideal para exteriores, con excelente cubrici\u00f3n y blancura. Resistente a la intemperie, impermeable y el\u00e1stica. Transpirable y anti-verdin.","robots":{"index":"index","follow":"follow","max-snippet":"max-snippet:-1","max-image-preview":"max-image-preview:large","max-video-preview":"max-video-preview:-1"},"canonical":"https:\/\/pinturasrocor.com\/en\/product\/elastomeric-elastic-coating\/","og_locale":"en_US","og_type":"article","og_title":"Revestimiento El\u00e1stico (Elast\u00f3mero) - Pinturas Rocor","og_description":"Pintura Los Molinos, ideal para exteriores, con excelente cubrici\u00f3n y blancura. Resistente a la intemperie, impermeable y el\u00e1stica. Transpirable y anti-verdin.","og_url":"https:\/\/pinturasrocor.com\/en\/product\/elastomeric-elastic-coating\/","og_site_name":"Pinturas Rocor","article_modified_time":"2024-07-02T16:33:53+00:00","og_image":[{"width":800,"height":800,"url":"https:\/\/pinturasrocor.com\/wp-content\/uploads\/elastico.png","type":"image\/png"}],"twitter_card":"summary_large_image","twitter_misc":{"Est. reading time":"1 minute"},"schema":{"@context":"https:\/\/schema.org","@graph":[{"@type":"WebPage","@id":"https:\/\/pinturasrocor.com\/producto\/revestimiento-elastico-elastomero\/","url":"https:\/\/pinturasrocor.com\/producto\/revestimiento-elastico-elastomero\/","name":"Revestimiento El\u00e1stico (Elast\u00f3mero) - Pinturas Rocor","isPartOf":{"@id":"https:\/\/pinturasrocor.com\/#website"},"primaryImageOfPage":{"@id":"https:\/\/pinturasrocor.com\/producto\/revestimiento-elastico-elastomero\/#primaryimage"},"image":{"@id":"https:\/\/pinturasrocor.com\/producto\/revestimiento-elastico-elastomero\/#primaryimage"},"thumbnailUrl":"https:\/\/pinturasrocor.com\/wp-content\/uploads\/elastico.png","datePublished":"2024-07-02T16:19:57+00:00","dateModified":"2024-07-02T16:33:53+00:00","description":"Pintura Los Molinos, ideal para exteriores, con excelente cubrici\u00f3n y blancura. Resistente a la intemperie, impermeable y el\u00e1stica. Transpirable y anti-verdin.","breadcrumb":{"@id":"https:\/\/pinturasrocor.com\/producto\/revestimiento-elastico-elastomero\/#breadcrumb"},"inLanguage":"en-US","potentialAction":[{"@type":"ReadAction","target":["https:\/\/pinturasrocor.com\/producto\/revestimiento-elastico-elastomero\/"]}]},{"@type":"ImageObject","inLanguage":"en-US","@id":"https:\/\/pinturasrocor.com\/producto\/revestimiento-elastico-elastomero\/#primaryimage","url":"https:\/\/pinturasrocor.com\/wp-content\/uploads\/elastico.png","contentUrl":"https:\/\/pinturasrocor.com\/wp-content\/uploads\/elastico.png","width":800,"height":800,"caption":"elastico"},{"@type":"BreadcrumbList","@id":"https:\/\/pinturasrocor.com\/producto\/revestimiento-elastico-elastomero\/#breadcrumb","itemListElement":[{"@type":"ListItem","position":1,"name":"Portada","item":"https:\/\/pinturasrocor.com\/"},{"@type":"ListItem","position":2,"name":"Tienda","item":"https:\/\/pinturasrocor.com\/tienda\/"},{"@type":"ListItem","position":3,"name":"Revestimiento El\u00e1stico (Elast\u00f3mero)"}]},{"@type":"WebSite","@id":"https:\/\/pinturasrocor.com\/#website","url":"https:\/\/pinturasrocor.com\/","name":"Pinturas Rocor","description":"Fabricaci\u00f3n de Pinturas, productos para pintores y mucho m\u00e1s","potentialAction":[{"@type":"SearchAction","target":{"@type":"EntryPoint","urlTemplate":"https:\/\/pinturasrocor.com\/?s={search_term_string}"},"query-input":{"@type":"PropertyValueSpecification","valueRequired":true,"valueName":"search_term_string"}}],"inLanguage":"en-US"}]}},"_links":{"self":[{"href":"https:\/\/pinturasrocor.com\/en\/wp-json\/wp\/v2\/product\/1531","targetHints":{"allow":["GET"]}}],"collection":[{"href":"https:\/\/pinturasrocor.com\/en\/wp-json\/wp\/v2\/product"}],"about":[{"href":"https:\/\/pinturasrocor.com\/en\/wp-json\/wp\/v2\/types\/product"}],"wp:featuredmedia":[{"embeddable":true,"href":"https:\/\/pinturasrocor.com\/en\/wp-json\/wp\/v2\/media\/1534"}],"wp:attachment":[{"href":"https:\/\/pinturasrocor.com\/en\/wp-json\/wp\/v2\/media?parent=1531"}],"wp:term":[{"taxonomy":"product_brand","embeddable":true,"href":"https:\/\/pinturasrocor.com\/en\/wp-json\/wp\/v2\/product_brand?post=1531"},{"taxonomy":"product_cat","embeddable":true,"href":"https:\/\/pinturasrocor.com\/en\/wp-json\/wp\/v2\/product_cat?post=1531"},{"taxonomy":"product_tag","embeddable":true,"href":"https:\/\/pinturasrocor.com\/en\/wp-json\/wp\/v2\/product_tag?post=1531"}],"curies":[{"name":"wp","href":"https:\/\/api.w.org\/{rel}","templated":true}]}}