{"id":1527,"date":"2024-07-02T18:09:38","date_gmt":"2024-07-02T16:09:38","guid":{"rendered":"https:\/\/wp.pinturasrocor.com\/?post_type=product&#038;p=1527"},"modified":"2024-07-02T18:18:45","modified_gmt":"2024-07-02T16:18:45","slug":"rocotex-los-molinos","status":"publish","type":"product","link":"https:\/\/pinturasrocor.com\/en\/product\/rocotex-los-molinos\/","title":{"rendered":"Rocotex Los Molinos"},"content":{"rendered":"<p>It is a water-based paint with very good coverage and whiteness. It is made of styrenated acrylic dispersions free of plasticizers and solvents.<\/p>\n<h2>Application<\/h2>\n<p>The smooth coating Los Molinos is appropriate for the application of exteriors, patios, facades, remaining an excellent impermeability and whiteness.<\/p>\n<h2>Instructions for use<\/h2>\n<p>By means of spray gun, roller, brush, etc. If it is projected outdoors, it is advisable to eliminate the remains of old or bad paint, such as: dust, saltpeter, grease, etc. It is also recommended to give an application of acrylic fixative to assure the subjection of the possible remains previously mentioned. In plaster, plaster, cement or wood it is preferable to give a coat of synthetic sealer or fixer.<\/p>\n<p>&nbsp;<\/p>\n<p><a class=\"btn-download\" href=\"https:\/\/pinturasrocor.com\/wp-content\/uploads\/MOLINOS_F.TECNICA.pdf\" target=\"_blank\" rel=\"noopener nofollow\">Download Technical Data Sheet<\/a><\/p>","protected":false},"excerpt":{"rendered":"<p>Es una pintura en base acuosa de cubrici\u00f3n y blancura muy buena. Su elaboraci\u00f3n est\u00e1 formada por dispersiones acrilico estirenadas libres de plastificantes y disolventes. Aplicaci\u00f3n El Revestimiento liso Los Molinos es el apropiado para la aplicaci\u00f3n de exteriores, patios, fachadas, quedando una impermeabilidad y blancura excelente. Modo de Empleo Por medio de pistola, rodillo, [&hellip;]<\/p>","protected":false},"featured_media":1529,"template":"","meta":[],"product_brand":[],"product_cat":[42],"product_tag":[],"class_list":{"0":"post-1527","1":"product","2":"type-product","3":"status-publish","4":"has-post-thumbnail","6":"product_cat-revestimientos-de-fachada","8":"first","9":"instock","10":"virtual","11":"product-type-simple"},"yoast_head":"<!-- This site is optimized with the Yoast SEO plugin v27.3 - https:\/\/yoast.com\/product\/yoast-seo-wordpress\/ -->\n<title>Rocotex Los Molinos - Pinturas Rocor<\/title>\n<meta name=\"description\" content=\"Pintura acuosa Rocotex Sancho, ideal para exteriores, patios y fachadas. Ofrece excelente cubrici\u00f3n, blancura e impermeabilidad. Sin plastificantes ni disolventes.Pintura acuosa Los Molinos con excelente cubrici\u00f3n y blancura. Ideal para exteriores, patios y fachadas, ofrece gran impermeabilidad. Sin plastificantes ni disolventes.\" \/>\n<meta name=\"robots\" content=\"index, follow, max-snippet:-1, max-image-preview:large, max-video-preview:-1\" \/>\n<link rel=\"canonical\" href=\"https:\/\/pinturasrocor.com\/en\/product\/rocotex-los-molinos\/\" \/>\n<meta property=\"og:locale\" content=\"en_US\" \/>\n<meta property=\"og:type\" content=\"article\" \/>\n<meta property=\"og:title\" content=\"Rocotex Los Molinos - Pinturas Rocor\" \/>\n<meta property=\"og:description\" content=\"Pintura acuosa Rocotex Sancho, ideal para exteriores, patios y fachadas. Ofrece excelente cubrici\u00f3n, blancura e impermeabilidad. Sin plastificantes ni disolventes.Pintura acuosa Los Molinos con excelente cubrici\u00f3n y blancura. Ideal para exteriores, patios y fachadas, ofrece gran impermeabilidad. Sin plastificantes ni disolventes.\" \/>\n<meta property=\"og:url\" content=\"https:\/\/pinturasrocor.com\/en\/product\/rocotex-los-molinos\/\" \/>\n<meta property=\"og:site_name\" content=\"Pinturas Rocor\" \/>\n<meta property=\"article:modified_time\" content=\"2024-07-02T16:18:45+00:00\" \/>\n<meta property=\"og:image\" content=\"https:\/\/pinturasrocor.com\/wp-content\/uploads\/molinos.png\" \/>\n\t<meta property=\"og:image:width\" content=\"800\" \/>\n\t<meta property=\"og:image:height\" content=\"800\" \/>\n\t<meta property=\"og:image:type\" content=\"image\/png\" \/>\n<meta name=\"twitter:card\" content=\"summary_large_image\" \/>\n<meta name=\"twitter:label1\" content=\"Est. reading time\" \/>\n\t<meta name=\"twitter:data1\" content=\"1 minute\" \/>\n<script type=\"application\/ld+json\" class=\"yoast-schema-graph\">{\"@context\":\"https:\\\/\\\/schema.org\",\"@graph\":[{\"@type\":\"WebPage\",\"@id\":\"https:\\\/\\\/pinturasrocor.com\\\/producto\\\/rocotex-los-molinos\\\/\",\"url\":\"https:\\\/\\\/pinturasrocor.com\\\/producto\\\/rocotex-los-molinos\\\/\",\"name\":\"Rocotex Los Molinos - Pinturas Rocor\",\"isPartOf\":{\"@id\":\"https:\\\/\\\/pinturasrocor.com\\\/#website\"},\"primaryImageOfPage\":{\"@id\":\"https:\\\/\\\/pinturasrocor.com\\\/producto\\\/rocotex-los-molinos\\\/#primaryimage\"},\"image\":{\"@id\":\"https:\\\/\\\/pinturasrocor.com\\\/producto\\\/rocotex-los-molinos\\\/#primaryimage\"},\"thumbnailUrl\":\"https:\\\/\\\/pinturasrocor.com\\\/wp-content\\\/uploads\\\/molinos.png\",\"datePublished\":\"2024-07-02T16:09:38+00:00\",\"dateModified\":\"2024-07-02T16:18:45+00:00\",\"description\":\"Pintura acuosa Rocotex Sancho, ideal para exteriores, patios y fachadas. Ofrece excelente cubrici\u00f3n, blancura e impermeabilidad. Sin plastificantes ni disolventes.Pintura acuosa Los Molinos con excelente cubrici\u00f3n y blancura. Ideal para exteriores, patios y fachadas, ofrece gran impermeabilidad. Sin plastificantes ni disolventes.\",\"breadcrumb\":{\"@id\":\"https:\\\/\\\/pinturasrocor.com\\\/producto\\\/rocotex-los-molinos\\\/#breadcrumb\"},\"inLanguage\":\"en-US\",\"potentialAction\":[{\"@type\":\"ReadAction\",\"target\":[\"https:\\\/\\\/pinturasrocor.com\\\/producto\\\/rocotex-los-molinos\\\/\"]}]},{\"@type\":\"ImageObject\",\"inLanguage\":\"en-US\",\"@id\":\"https:\\\/\\\/pinturasrocor.com\\\/producto\\\/rocotex-los-molinos\\\/#primaryimage\",\"url\":\"https:\\\/\\\/pinturasrocor.com\\\/wp-content\\\/uploads\\\/molinos.png\",\"contentUrl\":\"https:\\\/\\\/pinturasrocor.com\\\/wp-content\\\/uploads\\\/molinos.png\",\"width\":800,\"height\":800,\"caption\":\"molinos\"},{\"@type\":\"BreadcrumbList\",\"@id\":\"https:\\\/\\\/pinturasrocor.com\\\/producto\\\/rocotex-los-molinos\\\/#breadcrumb\",\"itemListElement\":[{\"@type\":\"ListItem\",\"position\":1,\"name\":\"Portada\",\"item\":\"https:\\\/\\\/pinturasrocor.com\\\/\"},{\"@type\":\"ListItem\",\"position\":2,\"name\":\"Tienda\",\"item\":\"https:\\\/\\\/pinturasrocor.com\\\/tienda\\\/\"},{\"@type\":\"ListItem\",\"position\":3,\"name\":\"Rocotex Los Molinos\"}]},{\"@type\":\"WebSite\",\"@id\":\"https:\\\/\\\/pinturasrocor.com\\\/#website\",\"url\":\"https:\\\/\\\/pinturasrocor.com\\\/\",\"name\":\"Pinturas Rocor\",\"description\":\"Fabricaci\u00f3n de Pinturas, productos para pintores y mucho m\u00e1s\",\"potentialAction\":[{\"@type\":\"SearchAction\",\"target\":{\"@type\":\"EntryPoint\",\"urlTemplate\":\"https:\\\/\\\/pinturasrocor.com\\\/?s={search_term_string}\"},\"query-input\":{\"@type\":\"PropertyValueSpecification\",\"valueRequired\":true,\"valueName\":\"search_term_string\"}}],\"inLanguage\":\"en-US\"}]}<\/script>\n<!-- \/ Yoast SEO plugin. -->","yoast_head_json":{"title":"Rocotex Los Molinos - Pinturas Rocor","description":"Pintura acuosa Rocotex Sancho, ideal para exteriores, patios y fachadas. Ofrece excelente cubrici\u00f3n, blancura e impermeabilidad. Sin plastificantes ni disolventes.Pintura acuosa Los Molinos con excelente cubrici\u00f3n y blancura. Ideal para exteriores, patios y fachadas, ofrece gran impermeabilidad. Sin plastificantes ni disolventes.","robots":{"index":"index","follow":"follow","max-snippet":"max-snippet:-1","max-image-preview":"max-image-preview:large","max-video-preview":"max-video-preview:-1"},"canonical":"https:\/\/pinturasrocor.com\/en\/product\/rocotex-los-molinos\/","og_locale":"en_US","og_type":"article","og_title":"Rocotex Los Molinos - Pinturas Rocor","og_description":"Pintura acuosa Rocotex Sancho, ideal para exteriores, patios y fachadas. Ofrece excelente cubrici\u00f3n, blancura e impermeabilidad. Sin plastificantes ni disolventes.Pintura acuosa Los Molinos con excelente cubrici\u00f3n y blancura. Ideal para exteriores, patios y fachadas, ofrece gran impermeabilidad. Sin plastificantes ni disolventes.","og_url":"https:\/\/pinturasrocor.com\/en\/product\/rocotex-los-molinos\/","og_site_name":"Pinturas Rocor","article_modified_time":"2024-07-02T16:18:45+00:00","og_image":[{"width":800,"height":800,"url":"https:\/\/pinturasrocor.com\/wp-content\/uploads\/molinos.png","type":"image\/png"}],"twitter_card":"summary_large_image","twitter_misc":{"Est. reading time":"1 minute"},"schema":{"@context":"https:\/\/schema.org","@graph":[{"@type":"WebPage","@id":"https:\/\/pinturasrocor.com\/producto\/rocotex-los-molinos\/","url":"https:\/\/pinturasrocor.com\/producto\/rocotex-los-molinos\/","name":"Rocotex Los Molinos - Pinturas Rocor","isPartOf":{"@id":"https:\/\/pinturasrocor.com\/#website"},"primaryImageOfPage":{"@id":"https:\/\/pinturasrocor.com\/producto\/rocotex-los-molinos\/#primaryimage"},"image":{"@id":"https:\/\/pinturasrocor.com\/producto\/rocotex-los-molinos\/#primaryimage"},"thumbnailUrl":"https:\/\/pinturasrocor.com\/wp-content\/uploads\/molinos.png","datePublished":"2024-07-02T16:09:38+00:00","dateModified":"2024-07-02T16:18:45+00:00","description":"Pintura acuosa Rocotex Sancho, ideal para exteriores, patios y fachadas. Ofrece excelente cubrici\u00f3n, blancura e impermeabilidad. Sin plastificantes ni disolventes.Pintura acuosa Los Molinos con excelente cubrici\u00f3n y blancura. Ideal para exteriores, patios y fachadas, ofrece gran impermeabilidad. Sin plastificantes ni disolventes.","breadcrumb":{"@id":"https:\/\/pinturasrocor.com\/producto\/rocotex-los-molinos\/#breadcrumb"},"inLanguage":"en-US","potentialAction":[{"@type":"ReadAction","target":["https:\/\/pinturasrocor.com\/producto\/rocotex-los-molinos\/"]}]},{"@type":"ImageObject","inLanguage":"en-US","@id":"https:\/\/pinturasrocor.com\/producto\/rocotex-los-molinos\/#primaryimage","url":"https:\/\/pinturasrocor.com\/wp-content\/uploads\/molinos.png","contentUrl":"https:\/\/pinturasrocor.com\/wp-content\/uploads\/molinos.png","width":800,"height":800,"caption":"molinos"},{"@type":"BreadcrumbList","@id":"https:\/\/pinturasrocor.com\/producto\/rocotex-los-molinos\/#breadcrumb","itemListElement":[{"@type":"ListItem","position":1,"name":"Portada","item":"https:\/\/pinturasrocor.com\/"},{"@type":"ListItem","position":2,"name":"Tienda","item":"https:\/\/pinturasrocor.com\/tienda\/"},{"@type":"ListItem","position":3,"name":"Rocotex Los Molinos"}]},{"@type":"WebSite","@id":"https:\/\/pinturasrocor.com\/#website","url":"https:\/\/pinturasrocor.com\/","name":"Pinturas Rocor","description":"Fabricaci\u00f3n de Pinturas, productos para pintores y mucho m\u00e1s","potentialAction":[{"@type":"SearchAction","target":{"@type":"EntryPoint","urlTemplate":"https:\/\/pinturasrocor.com\/?s={search_term_string}"},"query-input":{"@type":"PropertyValueSpecification","valueRequired":true,"valueName":"search_term_string"}}],"inLanguage":"en-US"}]}},"_links":{"self":[{"href":"https:\/\/pinturasrocor.com\/en\/wp-json\/wp\/v2\/product\/1527","targetHints":{"allow":["GET"]}}],"collection":[{"href":"https:\/\/pinturasrocor.com\/en\/wp-json\/wp\/v2\/product"}],"about":[{"href":"https:\/\/pinturasrocor.com\/en\/wp-json\/wp\/v2\/types\/product"}],"wp:featuredmedia":[{"embeddable":true,"href":"https:\/\/pinturasrocor.com\/en\/wp-json\/wp\/v2\/media\/1529"}],"wp:attachment":[{"href":"https:\/\/pinturasrocor.com\/en\/wp-json\/wp\/v2\/media?parent=1527"}],"wp:term":[{"taxonomy":"product_brand","embeddable":true,"href":"https:\/\/pinturasrocor.com\/en\/wp-json\/wp\/v2\/product_brand?post=1527"},{"taxonomy":"product_cat","embeddable":true,"href":"https:\/\/pinturasrocor.com\/en\/wp-json\/wp\/v2\/product_cat?post=1527"},{"taxonomy":"product_tag","embeddable":true,"href":"https:\/\/pinturasrocor.com\/en\/wp-json\/wp\/v2\/product_tag?post=1527"}],"curies":[{"name":"wp","href":"https:\/\/api.w.org\/{rel}","templated":true}]}}