{"id":1521,"date":"2024-07-02T17:47:45","date_gmt":"2024-07-02T15:47:45","guid":{"rendered":"https:\/\/wp.pinturasrocor.com\/?post_type=product&#038;p=1521"},"modified":"2024-07-02T18:00:53","modified_gmt":"2024-07-02T16:00:53","slug":"rocotex-don-quijote","status":"publish","type":"product","link":"https:\/\/pinturasrocor.com\/en\/product\/rocotex-don-quijote\/","title":{"rendered":"Rocotex Don Quixote"},"content":{"rendered":"<p>It is a water-based paint with very good coverage and whiteness. It is made of styrenated acrylic dispersions free of plasticizers and solvents.<\/p>\n<h2>Application<\/h2>\n<p>The Revestimiento Don Quijote is appropriate for application on exteriors, patios, facades, leaving an excellent waterproofing and whiteness. Due to its formulation, it allows the interior humidity to escape, but the exterior humidity does not penetrate (breathable product).<\/p>\n<h2>Instructions for use<\/h2>\n<p>Application by means of spray, roller, brush, etc. If it is projected on the exterior, it is advisable to eliminate the remains of old paint in bad condition, as well as dust, saltpeter, grease, etc. Also it is recommended to give an application of acrylic fixative to assure the subjection of the possible remains previously mentioned. In plaster, plaster or wood it is preferable to give a coat of synthetic sealer.<\/p>\n<p>&nbsp;<\/p>\n<p><a class=\"btn-download\" href=\"https:\/\/pinturasrocor.com\/wp-content\/uploads\/FICHA_TECNICA_QUIJOTE.pdf\" target=\"_blank\" rel=\"noopener nofollow\">Download Technical Data Sheet<\/a> <a class=\"btn-download\" href=\"https:\/\/pinturasrocor.com\/wp-content\/uploads\/QUIJOTE_FICHA_SEG.pdf\" target=\"_blank\" rel=\"noopener nofollow\">Download Safety Data Sheet<\/a><\/p>","protected":false},"excerpt":{"rendered":"<p>Es una pintura de base acuosa de cubrici\u00f3n y blancura muy buena. Su elaboraci\u00f3n est\u00e1 formada por dispersiones acr\u00edlico estirenadas libres de plastificantes y disolventes. Aplicaci\u00f3n El Revestimiento Don Quijote es el apropiado para aplicarse en exteriores, patios, fachadas, quedando una impermeabilidad y blancura excelente. Por su formulaci\u00f3n permite que la humedad interior salga para [&hellip;]<\/p>","protected":false},"featured_media":1522,"template":"","meta":[],"product_brand":[],"product_cat":[42],"product_tag":[],"class_list":{"0":"post-1521","1":"product","2":"type-product","3":"status-publish","4":"has-post-thumbnail","6":"product_cat-revestimientos-de-fachada","8":"first","9":"instock","10":"virtual","11":"product-type-simple"},"yoast_head":"<!-- This site is optimized with the Yoast SEO plugin v27.4 - https:\/\/yoast.com\/product\/yoast-seo-wordpress\/ -->\n<title>Rocotex Don Quijote - Pinturas Rocor<\/title>\n<meta name=\"description\" content=\"Pintura acuosa con excelente cubrici\u00f3n y blancura, formulada sin plastificantes ni disolventes. Ideal para exteriores, patios y fachadas.\" \/>\n<meta name=\"robots\" content=\"index, follow, max-snippet:-1, max-image-preview:large, max-video-preview:-1\" \/>\n<link rel=\"canonical\" href=\"https:\/\/pinturasrocor.com\/en\/product\/rocotex-don-quijote\/\" \/>\n<meta property=\"og:locale\" content=\"en_US\" \/>\n<meta property=\"og:type\" content=\"article\" \/>\n<meta property=\"og:title\" content=\"Rocotex Don Quijote - Pinturas Rocor\" \/>\n<meta property=\"og:description\" content=\"Pintura acuosa con excelente cubrici\u00f3n y blancura, formulada sin plastificantes ni disolventes. Ideal para exteriores, patios y fachadas.\" \/>\n<meta property=\"og:url\" content=\"https:\/\/pinturasrocor.com\/en\/product\/rocotex-don-quijote\/\" \/>\n<meta property=\"og:site_name\" content=\"Pinturas Rocor\" \/>\n<meta property=\"article:modified_time\" content=\"2024-07-02T16:00:53+00:00\" \/>\n<meta property=\"og:image\" content=\"https:\/\/pinturasrocor.com\/wp-content\/uploads\/quijote.png\" \/>\n\t<meta property=\"og:image:width\" content=\"800\" \/>\n\t<meta property=\"og:image:height\" content=\"800\" \/>\n\t<meta property=\"og:image:type\" content=\"image\/png\" \/>\n<meta name=\"twitter:card\" content=\"summary_large_image\" \/>\n<meta name=\"twitter:label1\" content=\"Est. reading time\" \/>\n\t<meta name=\"twitter:data1\" content=\"1 minute\" \/>\n<script type=\"application\/ld+json\" class=\"yoast-schema-graph\">{\"@context\":\"https:\\\/\\\/schema.org\",\"@graph\":[{\"@type\":\"WebPage\",\"@id\":\"https:\\\/\\\/pinturasrocor.com\\\/producto\\\/rocotex-don-quijote\\\/\",\"url\":\"https:\\\/\\\/pinturasrocor.com\\\/producto\\\/rocotex-don-quijote\\\/\",\"name\":\"Rocotex Don Quijote - Pinturas Rocor\",\"isPartOf\":{\"@id\":\"https:\\\/\\\/pinturasrocor.com\\\/#website\"},\"primaryImageOfPage\":{\"@id\":\"https:\\\/\\\/pinturasrocor.com\\\/producto\\\/rocotex-don-quijote\\\/#primaryimage\"},\"image\":{\"@id\":\"https:\\\/\\\/pinturasrocor.com\\\/producto\\\/rocotex-don-quijote\\\/#primaryimage\"},\"thumbnailUrl\":\"https:\\\/\\\/pinturasrocor.com\\\/wp-content\\\/uploads\\\/quijote.png\",\"datePublished\":\"2024-07-02T15:47:45+00:00\",\"dateModified\":\"2024-07-02T16:00:53+00:00\",\"description\":\"Pintura acuosa con excelente cubrici\u00f3n y blancura, formulada sin plastificantes ni disolventes. Ideal para exteriores, patios y fachadas.\",\"breadcrumb\":{\"@id\":\"https:\\\/\\\/pinturasrocor.com\\\/producto\\\/rocotex-don-quijote\\\/#breadcrumb\"},\"inLanguage\":\"en-US\",\"potentialAction\":[{\"@type\":\"ReadAction\",\"target\":[\"https:\\\/\\\/pinturasrocor.com\\\/producto\\\/rocotex-don-quijote\\\/\"]}]},{\"@type\":\"ImageObject\",\"inLanguage\":\"en-US\",\"@id\":\"https:\\\/\\\/pinturasrocor.com\\\/producto\\\/rocotex-don-quijote\\\/#primaryimage\",\"url\":\"https:\\\/\\\/pinturasrocor.com\\\/wp-content\\\/uploads\\\/quijote.png\",\"contentUrl\":\"https:\\\/\\\/pinturasrocor.com\\\/wp-content\\\/uploads\\\/quijote.png\",\"width\":800,\"height\":800,\"caption\":\"quijote\"},{\"@type\":\"BreadcrumbList\",\"@id\":\"https:\\\/\\\/pinturasrocor.com\\\/producto\\\/rocotex-don-quijote\\\/#breadcrumb\",\"itemListElement\":[{\"@type\":\"ListItem\",\"position\":1,\"name\":\"Portada\",\"item\":\"https:\\\/\\\/pinturasrocor.com\\\/\"},{\"@type\":\"ListItem\",\"position\":2,\"name\":\"Tienda\",\"item\":\"https:\\\/\\\/pinturasrocor.com\\\/tienda\\\/\"},{\"@type\":\"ListItem\",\"position\":3,\"name\":\"Rocotex Don Quijote\"}]},{\"@type\":\"WebSite\",\"@id\":\"https:\\\/\\\/pinturasrocor.com\\\/#website\",\"url\":\"https:\\\/\\\/pinturasrocor.com\\\/\",\"name\":\"Pinturas Rocor\",\"description\":\"Fabricaci\u00f3n de Pinturas, productos para pintores y mucho m\u00e1s\",\"potentialAction\":[{\"@type\":\"SearchAction\",\"target\":{\"@type\":\"EntryPoint\",\"urlTemplate\":\"https:\\\/\\\/pinturasrocor.com\\\/?s={search_term_string}\"},\"query-input\":{\"@type\":\"PropertyValueSpecification\",\"valueRequired\":true,\"valueName\":\"search_term_string\"}}],\"inLanguage\":\"en-US\"}]}<\/script>\n<!-- \/ Yoast SEO plugin. -->","yoast_head_json":{"title":"Rocotex Don Quijote - Pinturas Rocor","description":"Pintura acuosa con excelente cubrici\u00f3n y blancura, formulada sin plastificantes ni disolventes. Ideal para exteriores, patios y fachadas.","robots":{"index":"index","follow":"follow","max-snippet":"max-snippet:-1","max-image-preview":"max-image-preview:large","max-video-preview":"max-video-preview:-1"},"canonical":"https:\/\/pinturasrocor.com\/en\/product\/rocotex-don-quijote\/","og_locale":"en_US","og_type":"article","og_title":"Rocotex Don Quijote - Pinturas Rocor","og_description":"Pintura acuosa con excelente cubrici\u00f3n y blancura, formulada sin plastificantes ni disolventes. Ideal para exteriores, patios y fachadas.","og_url":"https:\/\/pinturasrocor.com\/en\/product\/rocotex-don-quijote\/","og_site_name":"Pinturas Rocor","article_modified_time":"2024-07-02T16:00:53+00:00","og_image":[{"width":800,"height":800,"url":"https:\/\/pinturasrocor.com\/wp-content\/uploads\/quijote.png","type":"image\/png"}],"twitter_card":"summary_large_image","twitter_misc":{"Est. reading time":"1 minute"},"schema":{"@context":"https:\/\/schema.org","@graph":[{"@type":"WebPage","@id":"https:\/\/pinturasrocor.com\/producto\/rocotex-don-quijote\/","url":"https:\/\/pinturasrocor.com\/producto\/rocotex-don-quijote\/","name":"Rocotex Don Quijote - Pinturas Rocor","isPartOf":{"@id":"https:\/\/pinturasrocor.com\/#website"},"primaryImageOfPage":{"@id":"https:\/\/pinturasrocor.com\/producto\/rocotex-don-quijote\/#primaryimage"},"image":{"@id":"https:\/\/pinturasrocor.com\/producto\/rocotex-don-quijote\/#primaryimage"},"thumbnailUrl":"https:\/\/pinturasrocor.com\/wp-content\/uploads\/quijote.png","datePublished":"2024-07-02T15:47:45+00:00","dateModified":"2024-07-02T16:00:53+00:00","description":"Pintura acuosa con excelente cubrici\u00f3n y blancura, formulada sin plastificantes ni disolventes. Ideal para exteriores, patios y fachadas.","breadcrumb":{"@id":"https:\/\/pinturasrocor.com\/producto\/rocotex-don-quijote\/#breadcrumb"},"inLanguage":"en-US","potentialAction":[{"@type":"ReadAction","target":["https:\/\/pinturasrocor.com\/producto\/rocotex-don-quijote\/"]}]},{"@type":"ImageObject","inLanguage":"en-US","@id":"https:\/\/pinturasrocor.com\/producto\/rocotex-don-quijote\/#primaryimage","url":"https:\/\/pinturasrocor.com\/wp-content\/uploads\/quijote.png","contentUrl":"https:\/\/pinturasrocor.com\/wp-content\/uploads\/quijote.png","width":800,"height":800,"caption":"quijote"},{"@type":"BreadcrumbList","@id":"https:\/\/pinturasrocor.com\/producto\/rocotex-don-quijote\/#breadcrumb","itemListElement":[{"@type":"ListItem","position":1,"name":"Portada","item":"https:\/\/pinturasrocor.com\/"},{"@type":"ListItem","position":2,"name":"Tienda","item":"https:\/\/pinturasrocor.com\/tienda\/"},{"@type":"ListItem","position":3,"name":"Rocotex Don Quijote"}]},{"@type":"WebSite","@id":"https:\/\/pinturasrocor.com\/#website","url":"https:\/\/pinturasrocor.com\/","name":"Pinturas Rocor","description":"Fabricaci\u00f3n de Pinturas, productos para pintores y mucho m\u00e1s","potentialAction":[{"@type":"SearchAction","target":{"@type":"EntryPoint","urlTemplate":"https:\/\/pinturasrocor.com\/?s={search_term_string}"},"query-input":{"@type":"PropertyValueSpecification","valueRequired":true,"valueName":"search_term_string"}}],"inLanguage":"en-US"}]}},"_links":{"self":[{"href":"https:\/\/pinturasrocor.com\/en\/wp-json\/wp\/v2\/product\/1521","targetHints":{"allow":["GET"]}}],"collection":[{"href":"https:\/\/pinturasrocor.com\/en\/wp-json\/wp\/v2\/product"}],"about":[{"href":"https:\/\/pinturasrocor.com\/en\/wp-json\/wp\/v2\/types\/product"}],"wp:featuredmedia":[{"embeddable":true,"href":"https:\/\/pinturasrocor.com\/en\/wp-json\/wp\/v2\/media\/1522"}],"wp:attachment":[{"href":"https:\/\/pinturasrocor.com\/en\/wp-json\/wp\/v2\/media?parent=1521"}],"wp:term":[{"taxonomy":"product_brand","embeddable":true,"href":"https:\/\/pinturasrocor.com\/en\/wp-json\/wp\/v2\/product_brand?post=1521"},{"taxonomy":"product_cat","embeddable":true,"href":"https:\/\/pinturasrocor.com\/en\/wp-json\/wp\/v2\/product_cat?post=1521"},{"taxonomy":"product_tag","embeddable":true,"href":"https:\/\/pinturasrocor.com\/en\/wp-json\/wp\/v2\/product_tag?post=1521"}],"curies":[{"name":"wp","href":"https:\/\/api.w.org\/{rel}","templated":true}]}}